{"id":852,"date":"2013-07-01T21:09:00","date_gmt":"2013-07-01T21:09:00","guid":{"rendered":"https:\/\/bertolinidirect.com\/?page_id=852"},"modified":"2024-05-16T20:34:54","modified_gmt":"2024-05-16T20:34:54","slug":"new-education-initiative","status":"publish","type":"page","link":"https:\/\/bertolinidirect.com\/it\/press\/new-education-initiative","title":{"rendered":"Bertolini ha annunciato una nuova iniziativa di educazione dei consumatori sulla qualit\u00e0 e sulle sedie da chiesa"},"content":{"rendered":"<p><strong>Chino, California, 31 luglio 2013<\/strong><\/p>\n\n\n\n<p>&quot;Ci vuole solo un minuto online per scoprire che il mercato delle sedie da chiesa \u00e8 esploso con opzioni a basso costo per il consumatore&quot;, ha affermato Ray Wheeler, Direttore delle vendite globali di Bertolini. \u201cComprendiamo la tendenza soprattutto alla luce dei vincoli finanziari che molte chiese hanno sperimentato durante l\u2019ultima recessione. Vogliamo per\u00f2 che le chiese siano consapevoli delle insidie legate all\u2019acquisto di sedie a basso costo\u201d.<\/p>\n\n\n\n<p>I video e gli studi stampati realizzati per le chiese da Bertolini discutono dei pericoli della formaldeide e del costo della bassa qualit\u00e0. I materiali di educazione al consumo di Bertolini sono gratuiti e verificabili.<\/p>\n\n\n\n<p>Il mercato delle sedie da chiesa oggi \u00e8 invaso da sedie di importazione di bassa qualit\u00e0 vendute via Internet da fabbriche asiatiche scarsamente regolamentate. Le pi\u00f9 apprezzate tra le sedie low cost arrivano smontate. Il consumatore deve installare i dorsi prima dell&#039;uso.<\/p>\n\n\n\n<p>Basandosi sul feedback non richiesto dei consumatori, Bertolini ha documentato che la vita utile di queste sedie a basso costo \u00e8 inferiore a quattro anni. Nelle immagini inviate dai consumatori che hanno acquistato online sedie di importazione a basso costo, il tessuto del rivestimento sembra essersi letteralmente disintegrato dal sedile della sedia, esponendo cos\u00ec la schiuma grezza.<\/p>\n\n\n\n<p>&quot;La vita utile di un prodotto \u00e8 un fattore critico da includere nel calcolo del costo reale di acquisto di una sedia&quot;, ha affermato il dott. Wheeler. \u201cNon significa nulla risparmiare dai cinque ai quindici dollari per sedia se queste sedie devono essere sostituite ogni tre o quattro anni\u201d.<\/p>\n\n\n\n<p>Bertolini ascolta il feedback dei consumatori, ma la base del loro materiale didattico deriva in realt\u00e0 dai rigorosi test sui prodotti. Bertolini ha stabilito una propria serie di standard di test che chiamano test Bertolini Internal Standards and Compliance (BISC). Gli standard di test BISC superano di gran lunga gli standard minimi volontari della Business and Institutional Furniture Manufacturer&#039;s Association (BIFMA) per ambienti e prodotti sicuri, sani e sostenibili.<\/p>\n\n\n\n<p>Bertolini sottopone le sedie della concorrenza agli stessi test BISC che utilizza per il proprio prodotto. Le sedie importate testate da Bertolini non superano i test BISC.<\/p>\n\n\n\n<p>Qualsiasi comunit\u00e0 che stia valutando l&#039;acquisto di sedie da chiesa dovrebbe farsi un favore permettendo al team di Bertolini di istruirli sulle sedie prima dell&#039;acquisto.<\/p>\n\n\n\n<p>Bertolini \u00e8 leader nel design nell&#039;uso del design di sedie ergonomicamente corretto e nella sua tecnologia di progettazione di sedili Flex fit per le chiese. Le loro sedie sono leggere e resistenti. La loro esperienza nella produzione di sedute impilabili di qualit\u00e0 e l&#039;impegno per un servizio clienti di qualit\u00e0 superiore conquistano l&#039;apprezzamento delle congregazioni di tutto il mondo.<\/p>","protected":false},"excerpt":{"rendered":"<p>Chino, CA\u2014July 31, 2013 \u201cIt only takes a minute online to discover that the market for church chairs has exploded with low-cost options for the consumer,\u201d said Ray Wheeler, Director of Global Sales at Bertolini. \u201cWe understand the trend especially in light of the financial constraints many churches experienced in the last recession. However, we [&hellip;]<\/p>\n","protected":false},"author":1,"featured_media":0,"parent":762,"menu_order":0,"comment_status":"closed","ping_status":"closed","template":"content-page.php","meta":{"_acf_changed":false,"footnotes":""},"class_list":["post-852","page","type-page","status-publish","hentry"],"acf":[],"yoast_head":"<!-- This site is optimized with the Yoast SEO Premium plugin v24.2 (Yoast SEO v27.4) - https:\/\/yoast.com\/product\/yoast-seo-premium-wordpress\/ -->\n<title>Bertolini Announced a New Consumer Education Initiative<\/title>\n<meta name=\"description\" content=\"Chino, CA\u2014July 31, 2013 \u201cIt only takes a minute online to discover that the market for church chairs has exploded with low-cost options for the consumer,\u201d\" \/>\n<meta name=\"robots\" content=\"index, follow, max-snippet:-1, max-image-preview:large, max-video-preview:-1\" \/>\n<link rel=\"canonical\" href=\"https:\/\/bertolinidirect.com\/it\/press\/new-education-initiative\/\" \/>\n<meta property=\"og:locale\" content=\"it_IT\" \/>\n<meta property=\"og:type\" content=\"article\" \/>\n<meta property=\"og:title\" content=\"Bertolini Announced a New Consumer Education Initiative on Quality and Church Chairs\" \/>\n<meta property=\"og:description\" content=\"Chino, CA\u2014July 31, 2013 \u201cIt only takes a minute online to discover that the market for church chairs has exploded with low-cost options for the consumer,\u201d\" \/>\n<meta property=\"og:url\" content=\"https:\/\/bertolinidirect.com\/it\/press\/new-education-initiative\/\" \/>\n<meta property=\"og:site_name\" content=\"Bertolini Direct\" \/>\n<meta property=\"article:modified_time\" content=\"2024-05-16T20:34:54+00:00\" \/>\n<meta name=\"twitter:card\" content=\"summary_large_image\" \/>\n<script type=\"application\/ld+json\" class=\"yoast-schema-graph\">{\"@context\":\"https:\\\/\\\/schema.org\",\"@graph\":[{\"@type\":\"WebPage\",\"@id\":\"https:\\\/\\\/bertolinidirect.com\\\/it\\\/press\\\/new-education-initiative\",\"url\":\"https:\\\/\\\/bertolinidirect.com\\\/it\\\/press\\\/new-education-initiative\",\"name\":\"Bertolini Announced a New Consumer Education Initiative\",\"isPartOf\":{\"@id\":\"https:\\\/\\\/bertolinidirect.com\\\/it\\\/#website\"},\"datePublished\":\"2013-07-01T21:09:00+00:00\",\"dateModified\":\"2024-05-16T20:34:54+00:00\",\"description\":\"Chino, CA\u2014July 31, 2013 \u201cIt only takes a minute online to discover that the market for church chairs has exploded with low-cost options for the consumer,\u201d\",\"breadcrumb\":{\"@id\":\"https:\\\/\\\/bertolinidirect.com\\\/it\\\/press\\\/new-education-initiative#breadcrumb\"},\"inLanguage\":\"it-IT\",\"potentialAction\":[{\"@type\":\"ReadAction\",\"target\":[\"https:\\\/\\\/bertolinidirect.com\\\/it\\\/press\\\/new-education-initiative\"]}]},{\"@type\":\"BreadcrumbList\",\"@id\":\"https:\\\/\\\/bertolinidirect.com\\\/it\\\/press\\\/new-education-initiative#breadcrumb\",\"itemListElement\":[{\"@type\":\"ListItem\",\"position\":1,\"name\":\"Home\",\"item\":\"https:\\\/\\\/bertolinidirect.com\\\/\"},{\"@type\":\"ListItem\",\"position\":2,\"name\":\"Press &amp; News\",\"item\":\"https:\\\/\\\/bertolinidirect.com\\\/press\"},{\"@type\":\"ListItem\",\"position\":3,\"name\":\"Bertolini Announced a New Consumer Education Initiative on Quality and Church Chairs\"}]},{\"@type\":\"WebSite\",\"@id\":\"https:\\\/\\\/bertolinidirect.com\\\/it\\\/#website\",\"url\":\"https:\\\/\\\/bertolinidirect.com\\\/it\\\/\",\"name\":\"Bertolini\",\"description\":\"\",\"potentialAction\":[{\"@type\":\"SearchAction\",\"target\":{\"@type\":\"EntryPoint\",\"urlTemplate\":\"https:\\\/\\\/bertolinidirect.com\\\/it\\\/?s={search_term_string}\"},\"query-input\":{\"@type\":\"PropertyValueSpecification\",\"valueRequired\":true,\"valueName\":\"search_term_string\"}}],\"inLanguage\":\"it-IT\"}]}<\/script>\n<!-- \/ Yoast SEO Premium plugin. -->","yoast_head_json":{"title":"Bertolini ha annunciato una nuova iniziativa di educazione al consumo","description":"Chino, California, 31 luglio 2013 &quot;Ci vuole solo un minuto online per scoprire che il mercato delle sedie da chiesa \u00e8 esploso con opzioni a basso costo per il consumatore,&quot;","robots":{"index":"index","follow":"follow","max-snippet":"max-snippet:-1","max-image-preview":"max-image-preview:large","max-video-preview":"max-video-preview:-1"},"canonical":"https:\/\/bertolinidirect.com\/it\/press\/new-education-initiative\/","og_locale":"it_IT","og_type":"article","og_title":"Bertolini Announced a New Consumer Education Initiative on Quality and Church Chairs","og_description":"Chino, CA\u2014July 31, 2013 \u201cIt only takes a minute online to discover that the market for church chairs has exploded with low-cost options for the consumer,\u201d","og_url":"https:\/\/bertolinidirect.com\/it\/press\/new-education-initiative\/","og_site_name":"Bertolini Direct","article_modified_time":"2024-05-16T20:34:54+00:00","twitter_card":"summary_large_image","schema":{"@context":"https:\/\/schema.org","@graph":[{"@type":"WebPage","@id":"https:\/\/bertolinidirect.com\/it\/press\/new-education-initiative","url":"https:\/\/bertolinidirect.com\/it\/press\/new-education-initiative","name":"Bertolini ha annunciato una nuova iniziativa di educazione al consumo","isPartOf":{"@id":"https:\/\/bertolinidirect.com\/it\/#website"},"datePublished":"2013-07-01T21:09:00+00:00","dateModified":"2024-05-16T20:34:54+00:00","description":"Chino, California, 31 luglio 2013 &quot;Ci vuole solo un minuto online per scoprire che il mercato delle sedie da chiesa \u00e8 esploso con opzioni a basso costo per il consumatore,&quot;","breadcrumb":{"@id":"https:\/\/bertolinidirect.com\/it\/press\/new-education-initiative#breadcrumb"},"inLanguage":"it-IT","potentialAction":[{"@type":"ReadAction","target":["https:\/\/bertolinidirect.com\/it\/press\/new-education-initiative"]}]},{"@type":"BreadcrumbList","@id":"https:\/\/bertolinidirect.com\/it\/press\/new-education-initiative#breadcrumb","itemListElement":[{"@type":"ListItem","position":1,"name":"Home","item":"https:\/\/bertolinidirect.com\/"},{"@type":"ListItem","position":2,"name":"Press &amp; News","item":"https:\/\/bertolinidirect.com\/press"},{"@type":"ListItem","position":3,"name":"Bertolini Announced a New Consumer Education Initiative on Quality and Church Chairs"}]},{"@type":"WebSite","@id":"https:\/\/bertolinidirect.com\/it\/#website","url":"https:\/\/bertolinidirect.com\/it\/","name":"Bertolini","description":"","potentialAction":[{"@type":"SearchAction","target":{"@type":"EntryPoint","urlTemplate":"https:\/\/bertolinidirect.com\/it\/?s={search_term_string}"},"query-input":{"@type":"PropertyValueSpecification","valueRequired":true,"valueName":"search_term_string"}}],"inLanguage":"it-IT"}]}},"_links":{"self":[{"href":"https:\/\/bertolinidirect.com\/it\/wp-json\/wp\/v2\/pages\/852","targetHints":{"allow":["GET"]}}],"collection":[{"href":"https:\/\/bertolinidirect.com\/it\/wp-json\/wp\/v2\/pages"}],"about":[{"href":"https:\/\/bertolinidirect.com\/it\/wp-json\/wp\/v2\/types\/page"}],"author":[{"embeddable":true,"href":"https:\/\/bertolinidirect.com\/it\/wp-json\/wp\/v2\/users\/1"}],"replies":[{"embeddable":true,"href":"https:\/\/bertolinidirect.com\/it\/wp-json\/wp\/v2\/comments?post=852"}],"version-history":[{"count":1,"href":"https:\/\/bertolinidirect.com\/it\/wp-json\/wp\/v2\/pages\/852\/revisions"}],"predecessor-version":[{"id":853,"href":"https:\/\/bertolinidirect.com\/it\/wp-json\/wp\/v2\/pages\/852\/revisions\/853"}],"up":[{"embeddable":true,"href":"https:\/\/bertolinidirect.com\/it\/wp-json\/wp\/v2\/pages\/762"}],"wp:attachment":[{"href":"https:\/\/bertolinidirect.com\/it\/wp-json\/wp\/v2\/media?parent=852"}],"curies":[{"name":"parola chiave","href":"https:\/\/api.w.org\/{rel}","templated":true}]}}