{"id":847,"date":"2013-06-24T21:05:00","date_gmt":"2013-06-24T21:05:00","guid":{"rendered":"https:\/\/bertolinidirect.com\/?page_id=847"},"modified":"2025-10-03T21:25:59","modified_gmt":"2025-10-03T21:25:59","slug":"60-year-anniversary","status":"publish","type":"page","link":"https:\/\/bertolinidirect.com\/it\/press\/60-year-anniversary","title":{"rendered":"La famiglia Bertolini festeggia il 60\u00b0 anniversario della costruzione di sedie impilabili"},"content":{"rendered":"<p><strong>Chino, California, 24 giugno 2013<\/strong><\/p>\n\n\n\n<p>Celebrando 60 anni di esperienza, la motivazione della famiglia Bertolini \u00e8 quella di continuare a fornire le migliori sedie impilabili di alta qualit\u00e0 con eleganza, comfort e durata.<\/p>\n\n\n\n<p>Bertolini \u00e8 un produttore leader di sedie da chiesa che offre sedie su misura realizzate negli Stati Uniti, a Lawrenceburg, nel Tennessee. Credono fermamente che sia importante produrre prodotti di alta qualit\u00e0 che siano anche durevoli. Sono anche motivati dal desiderio di avvantaggiare i clienti locali, essendo proprio nel quartiere. In questo modo possono spedire pi\u00f9 velocemente senza dover limitare le scelte e garantire che ci sia solo 110% soddisfazione per le sedie ricevute e dare la certezza che il cliente non dovr\u00e0 mai preoccuparsi delle proprie sedie, mai. Bertolini sosterr\u00e0 i propri prodotti nei decenni a venire proprio come ha fatto nei decenni passati. Questa \u00e8 l&#039;aspettativa quando le sedie sono \u201cCustom Built by Bertolini\u201d. Questa \u00e8 la differenza Bertolini.<\/p>\n\n\n\n<p>Nel 1953, Charles Bertolini Sr. apr\u00ec una struttura di 5.000 piedi quadrati a East Los Angeles, in California. \u00c8 stato ispirato a soddisfare le esigenze di posti a sedere negli uffici della California meridionale. Il duro lavoro e la dedizione hanno iniziato a dare i loro frutti sia nelle piccole che nelle grandi aziende. Ha guadagnato clienti come McDonald&#039;s, Burger King, Taco Bell, Denny&#039;s Restaurants e persino il posto pi\u00f9 felice della Terra: Disneyland. Negli anni &#039;80 l&#039;esigenza di posti a sedere si \u00e8 spostata nelle chiese. Era un privilegio e un buon posto per servire il regno. Oggi Bertolini serve chiese a livello nazionale e all&#039;estero.<\/p>\n\n\n\n<p>Ora, con 60 anni di esperienza, questa azienda a conduzione familiare fornisce al pubblico posti a sedere di alta qualit\u00e0. Recentemente la famiglia Bertolini ha annunciato l&#039;arrivo del membro della quarta generazione. Forti valori familiari ed etica del lavoro sono la spinta all&#039;impegno di fornire ai propri clienti il miglior servizio possibile e di migliorarlo ogni giorno. Sono determinati a mantenere il crescente ruolo di leadership di Bertolini nel settore offrendo le sedie impilabili pi\u00f9 eleganti, comode e durevoli oggi disponibili. Jim Bertolini afferma con forza: &quot;Io sto dietro ogni sedia&quot;, e con questo spirito continuano a crescere e a soddisfare con successo le esigenze di seduta dei loro clienti.<\/p>","protected":false},"excerpt":{"rendered":"<p>Chino, CA\u2014June 24, 2013 Celebrating 60 years of experience, the Bertolini family\u2019s motivation is to continue to deliver the best high-quality stackable chairs with elegance, comfort and durability. Bertolini is a leading church chair manufacturer offering custom built USA made chairs, in Lawrenceburg, Tennessee. They strongly believe that it\u2019s important to produce high-quality products that [&hellip;]<\/p>\n","protected":false},"author":1,"featured_media":0,"parent":762,"menu_order":0,"comment_status":"closed","ping_status":"closed","template":"content-page.php","meta":{"_acf_changed":false,"footnotes":""},"class_list":["post-847","page","type-page","status-publish","hentry"],"acf":[],"yoast_head":"<!-- This site is optimized with the Yoast SEO Premium plugin v24.2 (Yoast SEO v27.1.1) - https:\/\/yoast.com\/product\/yoast-seo-premium-wordpress\/ -->\n<title>Bertolini Family Celebrates Their 60 Year Anniversary<\/title>\n<meta name=\"description\" content=\"Chino, CA\u2014June 24, 2013 Celebrating 60 years of experience, the Bertolini family\u2019s motivation is to continue to deliver the best high-quality stackable\" \/>\n<meta name=\"robots\" content=\"index, follow, max-snippet:-1, max-image-preview:large, max-video-preview:-1\" \/>\n<link rel=\"canonical\" href=\"https:\/\/bertolinidirect.com\/it\/press\/60-year-anniversary\/\" \/>\n<meta property=\"og:locale\" content=\"it_IT\" \/>\n<meta property=\"og:type\" content=\"article\" \/>\n<meta property=\"og:title\" content=\"Bertolini Family Celebrates Their 60 Year Anniversary of Building Stackable Chairs\" \/>\n<meta property=\"og:description\" content=\"Chino, CA\u2014June 24, 2013 Celebrating 60 years of experience, the Bertolini family\u2019s motivation is to continue to deliver the best high-quality stackable\" \/>\n<meta property=\"og:url\" content=\"https:\/\/bertolinidirect.com\/it\/press\/60-year-anniversary\/\" \/>\n<meta property=\"og:site_name\" content=\"Bertolini Direct\" \/>\n<meta property=\"article:modified_time\" content=\"2025-10-03T21:25:59+00:00\" \/>\n<meta name=\"twitter:card\" content=\"summary_large_image\" \/>\n<script type=\"application\/ld+json\" class=\"yoast-schema-graph\">{\"@context\":\"https:\/\/schema.org\",\"@graph\":[{\"@type\":\"WebPage\",\"@id\":\"https:\/\/bertolinidirect.com\/it\/press\/60-year-anniversary\",\"url\":\"https:\/\/bertolinidirect.com\/it\/press\/60-year-anniversary\",\"name\":\"Bertolini Family Celebrates Their 60 Year Anniversary\",\"isPartOf\":{\"@id\":\"https:\/\/bertolinidirect.com\/it\/#website\"},\"datePublished\":\"2013-06-24T21:05:00+00:00\",\"dateModified\":\"2025-10-03T21:25:59+00:00\",\"description\":\"Chino, CA\u2014June 24, 2013 Celebrating 60 years of experience, the Bertolini family\u2019s motivation is to continue to deliver the best high-quality stackable\",\"breadcrumb\":{\"@id\":\"https:\/\/bertolinidirect.com\/it\/press\/60-year-anniversary#breadcrumb\"},\"inLanguage\":\"it-IT\",\"potentialAction\":[{\"@type\":\"ReadAction\",\"target\":[\"https:\/\/bertolinidirect.com\/it\/press\/60-year-anniversary\"]}]},{\"@type\":\"BreadcrumbList\",\"@id\":\"https:\/\/bertolinidirect.com\/it\/press\/60-year-anniversary#breadcrumb\",\"itemListElement\":[{\"@type\":\"ListItem\",\"position\":1,\"name\":\"Home\",\"item\":\"https:\/\/bertolinidirect.com\/\"},{\"@type\":\"ListItem\",\"position\":2,\"name\":\"Press &amp; News\",\"item\":\"https:\/\/bertolinidirect.com\/press\"},{\"@type\":\"ListItem\",\"position\":3,\"name\":\"Bertolini Family Celebrates Their 60 Year Anniversary of Building Stackable Chairs\"}]},{\"@type\":\"WebSite\",\"@id\":\"https:\/\/bertolinidirect.com\/it\/#website\",\"url\":\"https:\/\/bertolinidirect.com\/it\/\",\"name\":\"Bertolini\",\"description\":\"\",\"potentialAction\":[{\"@type\":\"SearchAction\",\"target\":{\"@type\":\"EntryPoint\",\"urlTemplate\":\"https:\/\/bertolinidirect.com\/it\/?s={search_term_string}\"},\"query-input\":{\"@type\":\"PropertyValueSpecification\",\"valueRequired\":true,\"valueName\":\"search_term_string\"}}],\"inLanguage\":\"it-IT\"}]}<\/script>\n<!-- \/ Yoast SEO Premium plugin. -->","yoast_head_json":{"title":"La Famiglia Bertolini festeggia i 60 anni","description":"Chino, CA\u201424 giugno 2013 Celebrando 60 anni di esperienza, la motivazione della famiglia Bertolini \u00e8 quella di continuare a fornire i migliori prodotti impilabili di alta qualit\u00e0","robots":{"index":"index","follow":"follow","max-snippet":"max-snippet:-1","max-image-preview":"max-image-preview:large","max-video-preview":"max-video-preview:-1"},"canonical":"https:\/\/bertolinidirect.com\/it\/press\/60-year-anniversary\/","og_locale":"it_IT","og_type":"article","og_title":"Bertolini Family Celebrates Their 60 Year Anniversary of Building Stackable Chairs","og_description":"Chino, CA\u2014June 24, 2013 Celebrating 60 years of experience, the Bertolini family\u2019s motivation is to continue to deliver the best high-quality stackable","og_url":"https:\/\/bertolinidirect.com\/it\/press\/60-year-anniversary\/","og_site_name":"Bertolini Direct","article_modified_time":"2025-10-03T21:25:59+00:00","twitter_card":"summary_large_image","schema":{"@context":"https:\/\/schema.org","@graph":[{"@type":"WebPage","@id":"https:\/\/bertolinidirect.com\/it\/press\/60-year-anniversary","url":"https:\/\/bertolinidirect.com\/it\/press\/60-year-anniversary","name":"La Famiglia Bertolini festeggia i 60 anni","isPartOf":{"@id":"https:\/\/bertolinidirect.com\/it\/#website"},"datePublished":"2013-06-24T21:05:00+00:00","dateModified":"2025-10-03T21:25:59+00:00","description":"Chino, CA\u201424 giugno 2013 Celebrando 60 anni di esperienza, la motivazione della famiglia Bertolini \u00e8 quella di continuare a fornire i migliori prodotti impilabili di alta qualit\u00e0","breadcrumb":{"@id":"https:\/\/bertolinidirect.com\/it\/press\/60-year-anniversary#breadcrumb"},"inLanguage":"it-IT","potentialAction":[{"@type":"ReadAction","target":["https:\/\/bertolinidirect.com\/it\/press\/60-year-anniversary"]}]},{"@type":"BreadcrumbList","@id":"https:\/\/bertolinidirect.com\/it\/press\/60-year-anniversary#breadcrumb","itemListElement":[{"@type":"ListItem","position":1,"name":"Home","item":"https:\/\/bertolinidirect.com\/"},{"@type":"ListItem","position":2,"name":"Press &amp; News","item":"https:\/\/bertolinidirect.com\/press"},{"@type":"ListItem","position":3,"name":"Bertolini Family Celebrates Their 60 Year Anniversary of Building Stackable Chairs"}]},{"@type":"WebSite","@id":"https:\/\/bertolinidirect.com\/it\/#website","url":"https:\/\/bertolinidirect.com\/it\/","name":"Bertolini","description":"","potentialAction":[{"@type":"SearchAction","target":{"@type":"EntryPoint","urlTemplate":"https:\/\/bertolinidirect.com\/it\/?s={search_term_string}"},"query-input":{"@type":"PropertyValueSpecification","valueRequired":true,"valueName":"search_term_string"}}],"inLanguage":"it-IT"}]}},"_links":{"self":[{"href":"https:\/\/bertolinidirect.com\/it\/wp-json\/wp\/v2\/pages\/847","targetHints":{"allow":["GET"]}}],"collection":[{"href":"https:\/\/bertolinidirect.com\/it\/wp-json\/wp\/v2\/pages"}],"about":[{"href":"https:\/\/bertolinidirect.com\/it\/wp-json\/wp\/v2\/types\/page"}],"author":[{"embeddable":true,"href":"https:\/\/bertolinidirect.com\/it\/wp-json\/wp\/v2\/users\/1"}],"replies":[{"embeddable":true,"href":"https:\/\/bertolinidirect.com\/it\/wp-json\/wp\/v2\/comments?post=847"}],"version-history":[{"count":1,"href":"https:\/\/bertolinidirect.com\/it\/wp-json\/wp\/v2\/pages\/847\/revisions"}],"predecessor-version":[{"id":848,"href":"https:\/\/bertolinidirect.com\/it\/wp-json\/wp\/v2\/pages\/847\/revisions\/848"}],"up":[{"embeddable":true,"href":"https:\/\/bertolinidirect.com\/it\/wp-json\/wp\/v2\/pages\/762"}],"wp:attachment":[{"href":"https:\/\/bertolinidirect.com\/it\/wp-json\/wp\/v2\/media?parent=847"}],"curies":[{"name":"parola chiave","href":"https:\/\/api.w.org\/{rel}","templated":true}]}}