{"id":753,"date":"2024-04-19T18:33:50","date_gmt":"2024-04-19T18:33:50","guid":{"rendered":"https:\/\/bertolinidirect.com\/?page_id=753"},"modified":"2026-01-29T15:29:31","modified_gmt":"2026-01-29T15:29:31","slug":"faqs","status":"publish","type":"page","link":"https:\/\/bertolinidirect.com\/it\/faqs","title":{"rendered":"Domande frequenti"},"content":{"rendered":"<h2 class=\"wp-block-heading\" id=\"h-general-questions\">Domande generali<\/h2>\n\n\n\n<div class=\"wp-block-bertolini-accordion mityinc-block\"><h3 class=\"header\">Dove vengono prodotte le sedie Bertolini?<\/h3><div class=\"body\">\n<p>Bertolini ha sede a Orem, nello Utah, negli Stati Uniti, e produce sedie per chiese su misura negli Stati Uniti e all&#039;estero. Bertolini <a href=\"\/it\/prodotto\/chairs\/impressions-chair\/\" target=\"_blank\" rel=\"noreferrer noopener\"><strong>Sedie per impressioni<\/strong><\/a> sono progettati e realizzati nello Utah, negli Stati Uniti. Bertolini <a href=\"\/it\/prodotto\/chairs\/essentials-church-chair\/\" target=\"_blank\" rel=\"noreferrer noopener\"><strong>Sedie Essentials V2<\/strong><\/a> sono progettati negli Stati Uniti e prodotti in Asia.<\/p>\n<\/div><\/div>\n\n\n\n<div class=\"wp-block-bertolini-accordion mityinc-block\"><h3 class=\"header\">E se il tempo fosse un fattore enorme?<\/h3><div class=\"body\">\n<p>La sedia Bertolini Impressions \u00e8 prodotta negli Stati Uniti, il che significa consegne pi\u00f9 rapide rispetto ai modelli importati. Teniamo inoltre a magazzino numerose sedie Essentials V2, della serie HD e delle sedie pieghevoli Brisa, per quando i clienti hanno bisogno di soluzioni di seduta rapide.<\/p>\n<\/div><\/div>\n\n\n\n<div class=\"wp-block-bertolini-accordion mityinc-block\"><h3 class=\"header\">Come scelgo la sedia pi\u00f9 comoda?<\/h3><div class=\"body\">\n<p>Il modo migliore per ottenere la sedia da chiesa pi\u00f9 comoda \u00e8 procurarsi diversi campioni di sedie e confrontarli di persona, fianco a fianco. Tutte le sedie realizzate da Bertolini sono progettate pensando al comfort. Ogni componente, dalla schiuma al telaio, \u00e8 stato progettato per offrire un comfort superiore. Le sedie Bertolini sono garantite per mantenere il loro elevato livello di comfort per tutta la vita della sedia.<\/p>\n<\/div><\/div>\n\n\n\n<div class=\"wp-block-bertolini-accordion mityinc-block\"><h3 class=\"header\">Cosa succede se abbiamo un deposito limitato nella mia chiesa?<\/h3><div class=\"body\">\n<p>Se avete poco spazio a disposizione, le sedie Bertolini sono perfette per la vostra chiesa. Costruiamo tutte le nostre sedie in modo che siano leggere, impilabili e facili da montare, spostare e riporre. Le sedie sono realizzate con robusti telai in acciaio. A differenza dei prodotti della concorrenza, le sedie Bertolini sono dotate di pulsanti di impilamento di alta qualit\u00e0 all&#039;interno delle gambe, per rendere l&#039;impilamento pi\u00f9 semplice ed efficiente.<\/p>\n<\/div><\/div>\n\n\n\n<div class=\"wp-block-bertolini-accordion mityinc-block\"><h3 class=\"header\">Cosa succede se ho bisogno di nuove sedie, ma ho un budget limitato?<\/h3><div class=\"body\">\n<p>Noi di Bertolini vogliamo semplificare la vita ai nostri clienti, aiutandoli a trovare i prodotti di cui hanno bisogno. Collaboriamo con voi per trovare soluzioni adatte al vostro budget. Offriamo un&#039;ampia gamma di soluzioni di seduta per tutte le fasce di prezzo, dalla sedia personalizzabile Impressions Church Chair alla conveniente Essentials V2, fino alle sedie impilabili HD ultracompatte.<\/p>\n\n\n\n<p>Molte chiese trovano conveniente acquistare le sedie in blocchi. Vogliamo che tu possa acquistare le sedie al tuo ritmo e non sentirti sotto pressione da parte nostra. Bertolini offre anche un <a href=\"https:\/\/bertolinidirect.com\/it\/blog\/how-to-host-a-fundraiser\/\">guida gratuita per la raccolta fondi<\/a> che ha aiutato molte chiese a raccogliere fondi per l&#039;acquisto di nuove sedie.<\/p>\n<\/div><\/div>\n\n\n\n<div class=\"wp-block-bertolini-accordion mityinc-block\"><h3 class=\"header\">Quanto sono versatili le sedie da chiesa Bertolini?<\/h3><div class=\"body\">\n<p>Bertolini si impegna a realizzare sedie versatili, adatte a una variet\u00e0 di ambienti e situazioni. Le nostre sedie sono leggere e progettate per essere impilate o ripiegate in modo efficiente (a seconda del modello), in modo da poter essere facilmente spostate e riposte in spazi ridotti. Tuttavia, possono anche essere agganciate in file e sostituire i banchi delle chiese come soluzione di seduta permanente.<\/p>\n<\/div><\/div>\n\n\n\n<div class=\"wp-block-bertolini-accordion mityinc-block\"><h3 class=\"header\">Cosa posso aspettarmi durante il processo di acquisto una volta effettuato l&#039;ordine delle sedie Bertolini?<\/h3><div class=\"body\">\n<ol class=\"wp-block-list\">\n<li>Riceverai una ricevuta via email.<\/li>\n\n\n\n<li>Una volta che tutte le sedie sono state prodotte, effettuiamo un rigoroso controllo di qualit\u00e0.<\/li>\n\n\n\n<li>Quando l&#039;ordine sar\u00e0 pronto, riceverai le informazioni sulla consegna, tra cui i dati di contatto del corriere, il numero di tracciamento e la finestra di consegna prevista.<\/li>\n\n\n\n<li>Il corriere ti contatter\u00e0 entro e non oltre 24 ore prima della consegna per fissare un appuntamento.<\/li>\n\n\n\n<li>Una volta arrivate le sedie, voi (e i vostri aiutanti) le scaricherete dal camion (a meno che non siano stati presi altri accordi).<\/li>\n<\/ol>\n<\/div><\/div>\n\n\n\n<p><\/p>\n\n\n\n<h2 class=\"wp-block-heading\" id=\"h-frame-construction\">Costruzione del telaio<\/h2>\n\n\n\n<div class=\"wp-block-bertolini-accordion mityinc-block\"><h3 class=\"header\">Che cos&#039;\u00e8 un sedile FormFlex\u2122 e quali sedie lo prevedono?<\/h3><div class=\"body\">\n<p>La nostra base brevettata FormFlex \u00e8 una base in plastica stampata che fornisce una base confortevole alla seduta della sedia. La maggior parte delle sedie da chiesa ha una base in compensato sotto il cuscino in schiuma, che pu\u00f2 iniziare a risultare rigida e scomoda dopo poco tempo. La seduta FormFlex \u00e8 stata progettata specificamente per migliorare il comfort durante lunghi periodi di seduta. Questa base offre la giusta flessibilit\u00e0 per evitare che chi la usa tocchi il fondo e sprofondi attraverso il cuscino nella base rigida della sedia. Questo fornisce un supporto superiore e un comfort imbattibile. La seduta FormFlex \u00e8 disponibile in <a href=\"\/it\/prodotto\/chairs\/impressions-chair\/\">Sedie per impressioni<\/a>.<\/p>\n<\/div><\/div>\n\n\n\n<div class=\"wp-block-bertolini-accordion mityinc-block\"><h3 class=\"header\">Quanto \u00e8 valido il sedile FormFlex\u2122 rispetto ai sedili realizzati da altri produttori di sedie per chiese?<\/h3><div class=\"body\">\n<p>Disponibile sulla sedia Impressions, la base brevettata FormFlex offre maggiore comfort e durata rispetto ad altre sedie per chiese. Questa base si flette quando ci si siede, creando ogni volta una vestibilit\u00e0 personalizzata. Inoltre, la base FormFlex \u00e8 realizzata in plastica stampata, pi\u00f9 leggera rispetto alle sedie con base in compensato. La base \u00e8 sormontata da un cuscino in schiuma di alta qualit\u00e0, ultra-confortevole, che durer\u00e0 oltre 25 anni.<\/p>\n<\/div><\/div>\n\n\n\n<div class=\"wp-block-bertolini-accordion mityinc-block\"><h3 class=\"header\">Come funziona la verniciatura a polvere e perch\u00e9 \u00e8 una caratteristica importante da ricercare nelle sedie?<\/h3><div class=\"body\">\n<p>Le sedie realizzate con telaio in acciaio verniciato a polvere sono tra le pi\u00f9 resistenti, ecologiche e durevoli. Tutte le sedie imbottite Bertolini presentano finiture verniciate a polvere. Il processo di verniciatura a polvere inizia con il lavaggio acido del telaio per rimuovere tutti gli oli e i residui di saldatura. Il telaio viene quindi posizionato su un telaio e inviato a una macchina che magnetizza il metallo e spruzza la vernice. Successivamente, il telaio viene cotto per indurire la polvere e ottenere una finitura dura. Questo processo viene eseguito nello stabilimento di produzione Bertolini per garantire la massima qualit\u00e0 durante l&#039;intero processo. Ci\u00f2 significa che il colore del telaio durer\u00e0 pi\u00f9 a lungo senza sbiadire o screpolarsi.<\/p>\n<\/div><\/div>\n\n\n\n<div class=\"wp-block-bertolini-accordion mityinc-block\"><h3 class=\"header\">Le finiture verniciate a polvere sono ecologiche?<\/h3><div class=\"body\">\n<p>S\u00ec, il nostro metodo di verniciatura a polvere ha emissioni zero e non contribuisce all&#039;inquinamento atmosferico. Non utilizziamo finiture galvaniche a causa dell&#039;inquinamento atmosferico tossico generato dalla placcatura. Utilizziamo invece sistemi di verniciatura a polvere autonomi. Il nostro sistema di verniciatura a polvere all&#039;avanguardia ed ecologico garantisce che le vostre sedie abbiano finiture di altissima qualit\u00e0 con un impatto ambientale pari a zero.<\/p>\n<\/div><\/div>\n\n\n\n<div class=\"wp-block-bertolini-accordion mityinc-block\"><h3 class=\"header\">A cosa serve la barra di torsione?<\/h3><div class=\"body\">\n<p>Su tutte le sedie Bertolini Church Chairs, noterete la barra di torsione saldata sul retro del telaio, appena sotto lo schienale. Questa barra in acciaio rinforza i nostri telai calibro 16 aggiungendo stabilit\u00e0, assorbendo gli urti e impedendo alla sedia di torcersi o oscillare. Questa barra protegge anche i giunti saldati della sedia durante l&#039;impilamento e lo svuotamento. L&#039;aggiunta di una barra di torsione, combinata con una saldatura di qualit\u00e0 superiore, rende il telaio estremamente resistente.<\/p>\n<\/div><\/div>\n\n\n\n<div class=\"wp-block-bertolini-accordion mityinc-block\"><h3 class=\"header\">Cos&#039;\u00e8 la piegatura a mandrino e qual \u00e8 il vantaggio di avere questa caratteristica nelle sedie da chiesa?<\/h3><div class=\"body\">\n<p>L&#039;acciaio utilizzato per produrre le sedie da chiesa Bertolini \u00e8 piegato a mandrino, il che si traduce in una struttura pi\u00f9 attraente, sicura e resistente. Molti produttori di sedie da chiesa costruiscono i loro telai utilizzando la piegatura a schiacciamento, una tecnica che indebolisce il telaio e lascia una rientranza poco attraente. Al contrario, la piegatura a mandrino inserisce un inserto (un mandrino) nel tubo quando viene eseguita la piega per evitare il collasso. Anche se questo potrebbe non essere cos\u00ec veloce o facile come la piegatura a schiacciamento, si traduce in una piegatura superiore che mantiene la piena integrit\u00e0 del tubo d&#039;acciaio. Questo \u00e8 l&#039;esatto motivo per cui la NASCAR impone che questo tipo di curvatura venga utilizzato per i tubi nelle gabbie di sicurezza di tutte le auto da corsa.<\/p>\n<\/div><\/div>\n\n\n\n<div class=\"wp-block-bertolini-accordion mityinc-block\"><h3 class=\"header\">Perch\u00e9 \u00e8 importante avere l&#039;acciaio laminato a freddo per le sedie da chiesa?<\/h3><div class=\"body\">\n<p>Iniziamo il nostro processo di produzione di sedie utilizzando tubi in acciaio laminato a freddo 1010 di alta qualit\u00e0, saldati con precisione. L&#039;acciaio laminato a freddo \u00e8 pi\u00f9 resistente e ha una finitura pi\u00f9 liscia rispetto all&#039;acciaio laminato a caldo. L&#039;acciaio laminato a freddo \u00e8 essenzialmente sottoposto all&#039;intero processo di laminazione a caldo, pi\u00f9 un processo di laminazione a freddo. Questo conferisce all&#039;acciaio laminato a freddo maggiore resistenza e una superficie di qualit\u00e0 superiore. L&#039;acciaio laminato a freddo \u00e8 ideale per i mobili perch\u00e9, oltre a offrire una superficie liscia e senza intoppi, offre anche la superficie ottimale per l&#039;adesione della verniciatura a polvere.<\/p>\n<\/div><\/div>\n\n\n\n<p><\/p>\n\n\n\n<h2 class=\"wp-block-heading\" id=\"h-ratings-amp-tests\">Valutazioni e test<\/h2>\n\n\n\n<div class=\"wp-block-bertolini-accordion mityinc-block\"><h3 class=\"header\">Che tipo di test di controllo qualit\u00e0 effettua Bertolini sulle sedie?<\/h3><div class=\"body\">\n<p>Se hai bisogno di sedie durevoli in grado di sopportare un uso intensivo e un peso elevato, hai bisogno delle Sedie Bertolini. Prima che qualsiasi ordine del cliente venga confezionato per la spedizione, tutte le sedie devono superare un rigoroso controllo di qualit\u00e0 conforme alla norma ISO 9000. I nostri ispettori misurano 8 punti di ispezione su tutte le nostre sedie da chiesa. Le sedie che non soddisfano gli standard vengono rifiutate e sostituite prima che l&#039;ordine venga spedito.<\/p>\n<\/div><\/div>\n\n\n\n<div class=\"wp-block-bertolini-accordion mityinc-block\"><h3 class=\"header\">Che cos&#039;\u00e8 la prova di carico statico focalizzata e perch\u00e9 \u00e8 importante?<\/h3><div class=\"body\">\n<p>Durante il test di carico statico, 800 libbre di peso concentrato vengono posizionate al centro della base del sedile. Durante i test, tutti i sedili delle sedie Bertolini hanno resistito senza problemi al carico concentrato. Eseguiamo periodicamente questi test per garantire la qualit\u00e0 e la durata delle sedie. Questo ti dar\u00e0 la tranquillit\u00e0 di sapere che \u00e8 sicuro per la tua congregazione utilizzare queste sedie negli anni a venire.<\/p>\n<\/div><\/div>\n\n\n\n<div class=\"wp-block-bertolini-accordion mityinc-block\"><h3 class=\"header\">Che cos&#039;\u00e8 un test di carico statico del telaio e perch\u00e9 \u00e8 importante?<\/h3><div class=\"body\">\n<p>Durante il primo test di carico del telaio, 500 libbre di cemento vengono posizionate sulle gambe anteriori di una sedia Bertolini standard. Quindi, il telaio della sedia viene sottoposto a un secondo test di carico del telaio in cui vengono posizionati 1.000 libbre di cemento sul telaio. Tutti i telai delle sedie Bertolini non mostrano fatica durante questi test, dimostrando che la sedia pu\u00f2 sostenere fino a 1.000 libbre di peso. Ci\u00f2 significa che la tua congregazione sar\u00e0 sempre al sicuro quando si siede o impila queste sedie. Ripetiamo frequentemente questo e altri test di durabilit\u00e0 su tutte le sedie Bertolini per garantire la resistenza dei prodotti.<\/p>\n<\/div><\/div>\n\n\n\n<div class=\"wp-block-bertolini-accordion mityinc-block\"><h3 class=\"header\">Perch\u00e9 \u00e8 importante acquistare solo sedie che possono superare un test sulle emissioni?<\/h3><div class=\"body\">\n<p>Una sedia da chiesa di bassa qualit\u00e0 pu\u00f2 emettere alti livelli di formaldeide e altre tossine presenti nell&#039;aria. Le sedie Bertolini soddisfano tutti i requisiti GSA sulle emissioni, i pi\u00f9 severi del settore. Anche la sedia Impressions \u00e8 <a href=\"https:\/\/www.ul.com\/services\/ul-greenguard-certification\">Certificato Greenguard<\/a>, il che significa che ha superato rigorosi test sulle emissioni chimiche e che non contribuir\u00e0 all&#039;inquinamento atmosferico o alla scarsa qualit\u00e0 dell&#039;aria interna.<\/p>\n<\/div><\/div>\n\n\n\n<p><\/p>\n\n\n\n<h2 class=\"wp-block-heading\" id=\"h-upholstery-amp-fabric\">Tappezzeria e tessuto<\/h2>\n\n\n\n<div class=\"wp-block-bertolini-accordion mityinc-block\"><h3 class=\"header\">Che tipo di tessuto viene utilizzato per le sedie da chiesa Bertolini?<\/h3><div class=\"body\">\n<p>Bertolini utilizza tessuti commerciali di alta qualit\u00e0 per tutte le sedie della chiesa. Le fabbriche da cui acquistiamo i tessuti applicano alcune delle pi\u00f9 rigorose procedure di controllo qualit\u00e0 attualmente in uso. Il tessuto che utilizziamo \u00e8 sottoposto a doppio test di abrasione per garantirne la durata.<\/p>\n\n\n\n<p>Le attivit\u00e0 commerciali ad alto volume, come gli hotel, sono esigenti con le sedie e utilizzano tessuti testati per resistere a un numero di sfregamenti compreso tra 15.000 e 30.000 doppi sfregamenti. I tessuti standard utilizzati per le sedie da chiesa Bertolini sono testati per resistere a un numero di sfregamenti compreso tra 50.000 e 250.000 doppi sfregamenti senza mostrare segni di usura. Questi tessuti sono inoltre testati per la resistenza del colore alla luce.<\/p>\n\n\n\n<p>La sedia Impressions \u00e8 disponibile in oltre 600 tessuti, tutti selezionati per estetica, comfort e durata. La sedia Essentials Church \u00e8 realizzata in un resistente tessuto in poliolefina 100% nel colore Fossil (grigio\/nero).<\/p>\n<\/div><\/div>\n\n\n\n<div class=\"wp-block-bertolini-accordion mityinc-block\"><h3 class=\"header\">Cosa rende cos\u00ec speciale la schiuma utilizzata nelle sedie Bertolini?<\/h3><div class=\"body\">\n<p>I sedili in schiuma Bertolini durano pi\u00f9 a lungo di qualsiasi altro modello disponibile sul mercato e offrono comfort per molti anni. Le sedie per chiesa Bertolini sono realizzate in schiuma altamente resistente. La sedia Impressions, prodotta negli Stati Uniti, ha una seduta in schiuma extra morbida, stampata su misura, che offre un comfort duraturo. La schiuma \u00e8 priva di TDI, il che riduce le emissioni di COV e favorisce una sana qualit\u00e0 dell&#039;aria. La seduta in schiuma Impressions \u00e8 montata su una base in plastica stampata, che segue i contorni del corpo per un&#039;esperienza di seduta ultra confortevole. Le sedie Essentials V2 sono dotate di un cuscino in schiuma alto 10 cm, che garantisce una seduta confortevole.<\/p>\n<\/div><\/div>\n\n\n\n<p><\/p>\n\n\n\n<h2 class=\"wp-block-heading\" id=\"h-international-orders\">Ordini internazionali<\/h2>\n\n\n\n<div class=\"wp-block-bertolini-accordion mityinc-block\"><h3 class=\"header\">Bertolini spedisce all&#039;estero?<\/h3><div class=\"body\">\n<p>S\u00cc! Bertolini pu\u00f2 spedire praticamente a qualsiasi indirizzo nel mondo. Tuttavia, abbiamo istruzioni e requisiti specifici per completare una vendita internazionale.<\/p>\n<\/div><\/div>\n\n\n\n<div class=\"wp-block-bertolini-accordion mityinc-block\"><h3 class=\"header\">Come fa Bertolini a spedire i prodotti a livello internazionale?<\/h3><div class=\"body\">\n<p>Tutte le spedizioni internazionali di Bertolini vengono inviate tramite container. Il cliente \u00e8 responsabile dell&#039;organizzazione del servizio di spedizione. Potremmo suggerire servizi di spedizione che riteniamo affidabili.<\/p>\n<\/div><\/div>\n\n\n\n<div class=\"wp-block-bertolini-accordion mityinc-block\"><h3 class=\"header\">Cosa classifica il mio ordine come internazionale?<\/h3><div class=\"body\">\n<p>Tutti gli ordini provenienti da una localit\u00e0 al di fuori dei 50 stati degli Stati Uniti sono classificati come ordini internazionali e tali ordini sono soggetti alle politiche sugli ordini internazionali.<\/p>\n<\/div><\/div>\n\n\n\n<div class=\"wp-block-bertolini-accordion mityinc-block\"><h3 class=\"header\">Che valuta \u00e8 accettata da Bertolini?<\/h3><div class=\"body\">\n<p>Tutti i prezzi sono indicati in dollari USA e questa \u00e8 l&#039;unica valuta che accettiamo.<\/p>\n<\/div><\/div>\n\n\n\n<p><\/p>\n\n\n\n<h2 class=\"wp-block-heading\" id=\"h-warranty\">Garanzia<\/h2>\n\n\n\n<div class=\"wp-block-bertolini-accordion mityinc-block\"><h3 class=\"header\">Quanto durano le sedie da chiesa Bertolini?<\/h3><div class=\"body\">\n<p>Le sedie Bertolini garantiscono oltre 20 anni di utilizzo. Le sedie Bertolini sono progettate per resistere a qualsiasi usura che pu\u00f2 verificarsi in anni di utilizzo intenso e rimanere perfettamente funzionali senza richiedere alcuna manutenzione. Le sedie Bertolini Impressions sono dotate di una garanzia di 25 anni su schiuma e telaio, mentre le Essentials V2, pi\u00f9 economiche, hanno una garanzia di 5 anni. Le garanzie sul rivestimento variano in base al tessuto selezionato e alla garanzia del produttore del tessuto. Offriamo sedili e schienali sostituibili per prolungare ulteriormente la durata dei nostri prodotti.<\/p>\n<\/div><\/div>\n\n\n\n<div class=\"wp-block-bertolini-accordion mityinc-block\"><h3 class=\"header\">Bertolini offre una garanzia su ogni sedia?<\/h3><div class=\"body\">\n<p>S\u00ec! Bertolini offre una garanzia completa e senza problemi su ogni sedia e possiamo farlo perch\u00e9 sappiamo che i nostri prodotti sono i migliori. I periodi di garanzia variano in base al modello e ai componenti della sedia. La sedia Bertolini Impressions \u00e8 coperta da una garanzia di 25 anni, mentre la sedia Essentials, pi\u00f9 economica, \u00e8 coperta da una garanzia di 5 anni. Diamo priorit\u00e0 a un rapporto a lungo termine con i nostri clienti, quindi ci impegniamo a garantire che ricevano le migliori sedie per chiesa che qualsiasi azienda possa produrre. Per i dettagli sulla garanzia, visita: <a href=\"https:\/\/bertolinidirect.com\/it\/warranty\/\">bertolinidirect.com\/warranty<\/a>.<\/p>\n<\/div><\/div>","protected":false},"excerpt":{"rendered":"<p>Domande generali Costruzione del telaio Valutazioni e test Tappezzeria e tessuto Ordini internazionali Garanzia<\/p>","protected":false},"author":1,"featured_media":0,"parent":0,"menu_order":0,"comment_status":"closed","ping_status":"closed","template":"faqs.php","meta":{"_acf_changed":false,"footnotes":""},"class_list":["post-753","page","type-page","status-publish","hentry"],"acf":[],"yoast_head":"<!-- This site is optimized with the Yoast SEO Premium plugin v24.2 (Yoast SEO v27.1.1) - https:\/\/yoast.com\/product\/yoast-seo-premium-wordpress\/ -->\n<title>Frequently Asked Questions | Bertolini<\/title>\n<meta name=\"description\" content=\"Questions about the manufacturing process of your church chairs, shipping, buying international and more? Our Frequently Asked Questions has the answers.\" \/>\n<meta name=\"robots\" content=\"index, follow, max-snippet:-1, max-image-preview:large, max-video-preview:-1\" \/>\n<link rel=\"canonical\" href=\"https:\/\/bertolinidirect.com\/it\/faqs\/\" \/>\n<meta property=\"og:locale\" content=\"it_IT\" \/>\n<meta property=\"og:type\" content=\"article\" \/>\n<meta property=\"og:title\" content=\"Frequently Asked Questions\" \/>\n<meta property=\"og:description\" content=\"Questions about the manufacturing process of your church chairs, shipping, buying international and more? Our Frequently Asked Questions has the answers.\" \/>\n<meta property=\"og:url\" content=\"https:\/\/bertolinidirect.com\/it\/faqs\/\" \/>\n<meta property=\"og:site_name\" content=\"Bertolini Direct\" \/>\n<meta property=\"article:modified_time\" content=\"2026-01-29T15:29:31+00:00\" \/>\n<meta name=\"twitter:card\" content=\"summary_large_image\" \/>\n<script type=\"application\/ld+json\" class=\"yoast-schema-graph\">{\"@context\":\"https:\/\/schema.org\",\"@graph\":[{\"@type\":\"WebPage\",\"@id\":\"https:\/\/bertolinidirect.com\/it\/faqs\",\"url\":\"https:\/\/bertolinidirect.com\/it\/faqs\",\"name\":\"Frequently Asked Questions | Bertolini\",\"isPartOf\":{\"@id\":\"https:\/\/bertolinidirect.com\/it\/#website\"},\"datePublished\":\"2024-04-19T18:33:50+00:00\",\"dateModified\":\"2026-01-29T15:29:31+00:00\",\"description\":\"Questions about the manufacturing process of your church chairs, shipping, buying international and more? Our Frequently Asked Questions has the answers.\",\"breadcrumb\":{\"@id\":\"https:\/\/bertolinidirect.com\/it\/faqs#breadcrumb\"},\"inLanguage\":\"it-IT\",\"potentialAction\":[{\"@type\":\"ReadAction\",\"target\":[\"https:\/\/bertolinidirect.com\/it\/faqs\"]}]},{\"@type\":\"BreadcrumbList\",\"@id\":\"https:\/\/bertolinidirect.com\/it\/faqs#breadcrumb\",\"itemListElement\":[{\"@type\":\"ListItem\",\"position\":1,\"name\":\"Home\",\"item\":\"https:\/\/bertolinidirect.com\/\"},{\"@type\":\"ListItem\",\"position\":2,\"name\":\"Frequently Asked Questions\"}]},{\"@type\":\"WebSite\",\"@id\":\"https:\/\/bertolinidirect.com\/it\/#website\",\"url\":\"https:\/\/bertolinidirect.com\/it\/\",\"name\":\"Bertolini\",\"description\":\"\",\"potentialAction\":[{\"@type\":\"SearchAction\",\"target\":{\"@type\":\"EntryPoint\",\"urlTemplate\":\"https:\/\/bertolinidirect.com\/it\/?s={search_term_string}\"},\"query-input\":{\"@type\":\"PropertyValueSpecification\",\"valueRequired\":true,\"valueName\":\"search_term_string\"}}],\"inLanguage\":\"it-IT\"}]}<\/script>\n<!-- \/ Yoast SEO Premium plugin. -->","yoast_head_json":{"title":"Domande frequenti | Bertolini","description":"Domande sul processo di produzione delle sedie da chiesa, sulla spedizione, sugli acquisti internazionali e altro ancora? Le nostre domande frequenti hanno le risposte.","robots":{"index":"index","follow":"follow","max-snippet":"max-snippet:-1","max-image-preview":"max-image-preview:large","max-video-preview":"max-video-preview:-1"},"canonical":"https:\/\/bertolinidirect.com\/it\/faqs\/","og_locale":"it_IT","og_type":"article","og_title":"Frequently Asked Questions","og_description":"Questions about the manufacturing process of your church chairs, shipping, buying international and more? Our Frequently Asked Questions has the answers.","og_url":"https:\/\/bertolinidirect.com\/it\/faqs\/","og_site_name":"Bertolini Direct","article_modified_time":"2026-01-29T15:29:31+00:00","twitter_card":"summary_large_image","schema":{"@context":"https:\/\/schema.org","@graph":[{"@type":"WebPage","@id":"https:\/\/bertolinidirect.com\/it\/faqs","url":"https:\/\/bertolinidirect.com\/it\/faqs","name":"Domande frequenti | Bertolini","isPartOf":{"@id":"https:\/\/bertolinidirect.com\/it\/#website"},"datePublished":"2024-04-19T18:33:50+00:00","dateModified":"2026-01-29T15:29:31+00:00","description":"Domande sul processo di produzione delle sedie da chiesa, sulla spedizione, sugli acquisti internazionali e altro ancora? Le nostre domande frequenti hanno le risposte.","breadcrumb":{"@id":"https:\/\/bertolinidirect.com\/it\/faqs#breadcrumb"},"inLanguage":"it-IT","potentialAction":[{"@type":"ReadAction","target":["https:\/\/bertolinidirect.com\/it\/faqs"]}]},{"@type":"BreadcrumbList","@id":"https:\/\/bertolinidirect.com\/it\/faqs#breadcrumb","itemListElement":[{"@type":"ListItem","position":1,"name":"Home","item":"https:\/\/bertolinidirect.com\/"},{"@type":"ListItem","position":2,"name":"Frequently Asked Questions"}]},{"@type":"WebSite","@id":"https:\/\/bertolinidirect.com\/it\/#website","url":"https:\/\/bertolinidirect.com\/it\/","name":"Bertolini","description":"","potentialAction":[{"@type":"SearchAction","target":{"@type":"EntryPoint","urlTemplate":"https:\/\/bertolinidirect.com\/it\/?s={search_term_string}"},"query-input":{"@type":"PropertyValueSpecification","valueRequired":true,"valueName":"search_term_string"}}],"inLanguage":"it-IT"}]}},"_links":{"self":[{"href":"https:\/\/bertolinidirect.com\/it\/wp-json\/wp\/v2\/pages\/753","targetHints":{"allow":["GET"]}}],"collection":[{"href":"https:\/\/bertolinidirect.com\/it\/wp-json\/wp\/v2\/pages"}],"about":[{"href":"https:\/\/bertolinidirect.com\/it\/wp-json\/wp\/v2\/types\/page"}],"author":[{"embeddable":true,"href":"https:\/\/bertolinidirect.com\/it\/wp-json\/wp\/v2\/users\/1"}],"replies":[{"embeddable":true,"href":"https:\/\/bertolinidirect.com\/it\/wp-json\/wp\/v2\/comments?post=753"}],"version-history":[{"count":19,"href":"https:\/\/bertolinidirect.com\/it\/wp-json\/wp\/v2\/pages\/753\/revisions"}],"predecessor-version":[{"id":24696,"href":"https:\/\/bertolinidirect.com\/it\/wp-json\/wp\/v2\/pages\/753\/revisions\/24696"}],"wp:attachment":[{"href":"https:\/\/bertolinidirect.com\/it\/wp-json\/wp\/v2\/media?parent=753"}],"curies":[{"name":"parola chiave","href":"https:\/\/api.w.org\/{rel}","templated":true}]}}