{"id":558,"date":"2024-04-16T23:00:24","date_gmt":"2024-04-16T23:00:24","guid":{"rendered":"https:\/\/bertolinidirect.com\/?page_id=558"},"modified":"2024-05-14T17:19:01","modified_gmt":"2024-05-14T17:19:01","slug":"prop-65","status":"publish","type":"page","link":"https:\/\/bertolinidirect.com\/it\/prop-65","title":{"rendered":"Proposta 65"},"content":{"rendered":"<p>Vedere un adesivo di avvertenza della Proposition 65 su quel nuovo brillante prodotto MITY che hai appena disimballato pu\u00f2 essere un po&#039; sconcertante, soprattutto quando non sei sicuro del motivo per cui \u00e8 l\u00ec e cosa significa per il tuo nuovo acquisto. Abbiamo quindi pensato di darti qualche informazione in pi\u00f9 sul motivo per cui includiamo gli adesivi Prop 65 su alcuni dei nostri prodotti.<\/p>\n\n\n\n<h2 class=\"wp-block-heading\">Cos&#039;\u00e8 la Proposta 65?<\/h2>\n\n\n\n<p>La Proposition 65 della California \u00e8 una legge che impone alle aziende e ai rivenditori che spediscono o vendono prodotti in California di includere un&#039;avvertenza su tutti i prodotti che potrebbero contenere quantit\u00e0 quantificabili di sostanze chimiche che lo stato ha elencato come &quot;note nello stato della California come causa di cancro o tossicit\u00e0 riproduttiva&quot;. .\u201d \u00c8 importante notare che alcune di queste sostanze chimiche sono presenti naturalmente nel suolo, nell&#039;acqua e nell&#039;aria. Troverai adesivi di avvertenza della Prop 65 su prodotti domestici di uso quotidiano come prodotti di bellezza, aspirina, gioielli e stoviglie. In California, potresti anche vedere gli avvisi della Prop 65 nei parchi pubblici, nei ristoranti, negli aeroporti, negli hotel e nelle stazioni di servizio.<\/p>\n\n\n\n<h2 class=\"wp-block-heading\">Da dove viene la proposta 65?<\/h2>\n\n\n\n<p>La Proposition 65 della California \u00e8 stata emanata nel 1986 per aiutare i residenti della California a prendere decisioni informate. Chiamata anche Safe Drinking Water and Toxic Enforcement Act, la legge impone alla California di pubblicare un elenco di sostanze chimiche che gli scienziati classificano come probabili cancerogeni e di aggiornarlo almeno una volta all&#039;anno. Attualmente nell&#039;elenco sono registrate circa 900 sostanze chimiche.<\/p>\n\n\n\n<p>L&#039;elenco completo \u00e8 reperibile su<a href=\"https:\/\/oehha.ca.gov\/proposition-65\/general-info\/proposition-65-plain-language\">Sito web dell&#039;Ufficio della California per la valutazione dei rischi per la salute ambientale (OEHHA).<\/a>.<\/p>\n\n\n\n<h2 class=\"wp-block-heading\">Che cos&#039;\u00e8 un probabile cancerogeno? Sembra spaventoso.<\/h2>\n\n\n\n<p>Quando la Prop 65 elenca una sostanza chimica come \u201cprobabile cancerogeno\u201d, significa che gli scienziati, nello stato della California, credono che potrebbe causare il cancro in alcune persone. Tuttavia, n\u00e9 la comunit\u00e0 scientifica mondiale n\u00e9 gli esperti al di fuori dello stato della California hanno concordato sul fatto che tutte queste sostanze chimiche causino il cancro.<\/p>\n\n\n\n<h2 class=\"wp-block-heading\">Ma non sono in California. Perch\u00e9 vedo un&#039;etichetta di avvertenza imposta dalla California?<\/h2>\n\n\n\n<p>MITY vende prodotti ad aziende e distributori che operano in vari stati del paese, inclusa la California. Poich\u00e9 non sempre vendiamo i nostri prodotti all&#039;utente finale o sappiamo dove potrebbe finire il nostro prodotto, abbiamo deciso di apporre l&#039;etichetta di avvertenza Prop 65 su tutti i nostri prodotti. Dato che non siamo i pi\u00f9 grandi sostenitori del rischio di sanzioni o multe, siamo felici di rispettare i requisiti di etichettatura Proposition 65 della California.<\/p>\n\n\n\n<h2 class=\"wp-block-heading\">Quindi... dovrei preoccuparmi?<\/h2>\n\n\n\n<p>Gran parte della preoccupazione relativa alle sostanze chimiche presenti nell\u2019elenco della Prop 65 \u00e8 incentrata sull\u2019esposizione a sostanze chimiche che potrebbero \u201cemettere gas\u201d e creare un ambiente interno malsano. MITY si impegna a produrre prodotti che riducano le emissioni negli ambienti interni. Infatti, la maggior parte dei prodotti di arredamento MITY soddisfa i rigorosi criteri della certificazione di qualit\u00e0 dell&#039;aria interna di UL GreenGuard, una certificazione che consente alle strutture di qualificarsi per crediti attraverso LEED e altri programmi di edilizia sostenibile.<\/p>\n\n\n\n<p>La California sta prendendo ogni precauzione possibile per dare ai suoi residenti il \u201cdiritto alla conoscenza\u201d e le etichette di avvertenza della Prop 65 sono il modo in cui lo stato si assicura di spargere la voce.<\/p>\n\n\n\n<p>Vogliamo che tu sappia che tutti in MITY Inc. prendono molto sul serio la sicurezza dei nostri prodotti e dei nostri clienti. Dopotutto, utilizziamo i nostri prodotti ogni giorno! Siamo orgogliosi di ci\u00f2 che produciamo e vogliamo che tu ti senta sicuro nell&#039;utilizzare e goderti i nostri prodotti MITY.<\/p>\n\n\n\n<p>Grazie,<\/p>\n\n\n\n<p>MITY Inc., le filiali includono: MityLite, Bertolini e Holsag<\/p>\n\n\n\n<p>Per maggiori informazioni vai a<a href=\"https:\/\/www.p65warnings.ca.gov\/\">www.p65warnings.ca.gov<\/a>.<\/p>","protected":false},"excerpt":{"rendered":"<p>Seeing a Proposition 65 warning sticker on that shiny new MITY product you just unpacked can be a little disconcerting\u2014especially when you\u2019re not sure why it\u2019s there and what it means about your new purchase. So, we thought we\u2019d give you a little more info on why we include Prop 65 stickers on some of [&hellip;]<\/p>\n","protected":false},"author":2,"featured_media":0,"parent":0,"menu_order":0,"comment_status":"closed","ping_status":"closed","template":"content-page.php","meta":{"_acf_changed":false,"footnotes":""},"class_list":["post-558","page","type-page","status-publish","hentry"],"acf":[],"yoast_head":"<!-- This site is optimized with the Yoast SEO Premium plugin v24.2 (Yoast SEO v27.1.1) - https:\/\/yoast.com\/product\/yoast-seo-premium-wordpress\/ -->\n<title>Prop 65 | Bertolini Direct<\/title>\n<meta name=\"description\" content=\"Seeing a Proposition 65 warning sticker on that shiny new MITY product you just unpacked can be a little disconcerting\u2014especially when you\u2019re not sure why\" \/>\n<meta name=\"robots\" content=\"index, follow, max-snippet:-1, max-image-preview:large, max-video-preview:-1\" \/>\n<link rel=\"canonical\" href=\"https:\/\/bertolinidirect.com\/it\/prop-65\/\" \/>\n<meta property=\"og:locale\" content=\"it_IT\" \/>\n<meta property=\"og:type\" content=\"article\" \/>\n<meta property=\"og:title\" content=\"Prop 65\" \/>\n<meta property=\"og:description\" content=\"Seeing a Proposition 65 warning sticker on that shiny new MITY product you just unpacked can be a little disconcerting\u2014especially when you\u2019re not sure why\" \/>\n<meta property=\"og:url\" content=\"https:\/\/bertolinidirect.com\/it\/prop-65\/\" \/>\n<meta property=\"og:site_name\" content=\"Bertolini Direct\" \/>\n<meta property=\"article:modified_time\" content=\"2024-05-14T17:19:01+00:00\" \/>\n<meta name=\"twitter:card\" content=\"summary_large_image\" \/>\n<script type=\"application\/ld+json\" class=\"yoast-schema-graph\">{\"@context\":\"https:\/\/schema.org\",\"@graph\":[{\"@type\":\"WebPage\",\"@id\":\"https:\/\/bertolinidirect.com\/it\/prop-65\",\"url\":\"https:\/\/bertolinidirect.com\/it\/prop-65\",\"name\":\"Prop 65 | Bertolini Direct\",\"isPartOf\":{\"@id\":\"https:\/\/bertolinidirect.com\/it\/#website\"},\"datePublished\":\"2024-04-16T23:00:24+00:00\",\"dateModified\":\"2024-05-14T17:19:01+00:00\",\"description\":\"Seeing a Proposition 65 warning sticker on that shiny new MITY product you just unpacked can be a little disconcerting\u2014especially when you\u2019re not sure why\",\"breadcrumb\":{\"@id\":\"https:\/\/bertolinidirect.com\/it\/prop-65#breadcrumb\"},\"inLanguage\":\"it-IT\",\"potentialAction\":[{\"@type\":\"ReadAction\",\"target\":[\"https:\/\/bertolinidirect.com\/it\/prop-65\"]}]},{\"@type\":\"BreadcrumbList\",\"@id\":\"https:\/\/bertolinidirect.com\/it\/prop-65#breadcrumb\",\"itemListElement\":[{\"@type\":\"ListItem\",\"position\":1,\"name\":\"Home\",\"item\":\"https:\/\/bertolinidirect.com\/\"},{\"@type\":\"ListItem\",\"position\":2,\"name\":\"Prop 65\"}]},{\"@type\":\"WebSite\",\"@id\":\"https:\/\/bertolinidirect.com\/it\/#website\",\"url\":\"https:\/\/bertolinidirect.com\/it\/\",\"name\":\"Bertolini\",\"description\":\"\",\"potentialAction\":[{\"@type\":\"SearchAction\",\"target\":{\"@type\":\"EntryPoint\",\"urlTemplate\":\"https:\/\/bertolinidirect.com\/it\/?s={search_term_string}\"},\"query-input\":{\"@type\":\"PropertyValueSpecification\",\"valueRequired\":true,\"valueName\":\"search_term_string\"}}],\"inLanguage\":\"it-IT\"}]}<\/script>\n<!-- \/ Yoast SEO Premium plugin. -->","yoast_head_json":{"title":"Proposta 65 | Bertolini Diretto","description":"Vedere un adesivo di avvertenza della Proposition 65 su quel nuovo brillante prodotto MITY che hai appena disimballato pu\u00f2 essere un po&#039; sconcertante, soprattutto quando non sei sicuro del perch\u00e9","robots":{"index":"index","follow":"follow","max-snippet":"max-snippet:-1","max-image-preview":"max-image-preview:large","max-video-preview":"max-video-preview:-1"},"canonical":"https:\/\/bertolinidirect.com\/it\/prop-65\/","og_locale":"it_IT","og_type":"article","og_title":"Prop 65","og_description":"Seeing a Proposition 65 warning sticker on that shiny new MITY product you just unpacked can be a little disconcerting\u2014especially when you\u2019re not sure why","og_url":"https:\/\/bertolinidirect.com\/it\/prop-65\/","og_site_name":"Bertolini Direct","article_modified_time":"2024-05-14T17:19:01+00:00","twitter_card":"summary_large_image","schema":{"@context":"https:\/\/schema.org","@graph":[{"@type":"WebPage","@id":"https:\/\/bertolinidirect.com\/it\/prop-65","url":"https:\/\/bertolinidirect.com\/it\/prop-65","name":"Proposta 65 | Bertolini Diretto","isPartOf":{"@id":"https:\/\/bertolinidirect.com\/it\/#website"},"datePublished":"2024-04-16T23:00:24+00:00","dateModified":"2024-05-14T17:19:01+00:00","description":"Vedere un adesivo di avvertenza della Proposition 65 su quel nuovo brillante prodotto MITY che hai appena disimballato pu\u00f2 essere un po&#039; sconcertante, soprattutto quando non sei sicuro del perch\u00e9","breadcrumb":{"@id":"https:\/\/bertolinidirect.com\/it\/prop-65#breadcrumb"},"inLanguage":"it-IT","potentialAction":[{"@type":"ReadAction","target":["https:\/\/bertolinidirect.com\/it\/prop-65"]}]},{"@type":"BreadcrumbList","@id":"https:\/\/bertolinidirect.com\/it\/prop-65#breadcrumb","itemListElement":[{"@type":"ListItem","position":1,"name":"Home","item":"https:\/\/bertolinidirect.com\/"},{"@type":"ListItem","position":2,"name":"Prop 65"}]},{"@type":"WebSite","@id":"https:\/\/bertolinidirect.com\/it\/#website","url":"https:\/\/bertolinidirect.com\/it\/","name":"Bertolini","description":"","potentialAction":[{"@type":"SearchAction","target":{"@type":"EntryPoint","urlTemplate":"https:\/\/bertolinidirect.com\/it\/?s={search_term_string}"},"query-input":{"@type":"PropertyValueSpecification","valueRequired":true,"valueName":"search_term_string"}}],"inLanguage":"it-IT"}]}},"_links":{"self":[{"href":"https:\/\/bertolinidirect.com\/it\/wp-json\/wp\/v2\/pages\/558","targetHints":{"allow":["GET"]}}],"collection":[{"href":"https:\/\/bertolinidirect.com\/it\/wp-json\/wp\/v2\/pages"}],"about":[{"href":"https:\/\/bertolinidirect.com\/it\/wp-json\/wp\/v2\/types\/page"}],"author":[{"embeddable":true,"href":"https:\/\/bertolinidirect.com\/it\/wp-json\/wp\/v2\/users\/2"}],"replies":[{"embeddable":true,"href":"https:\/\/bertolinidirect.com\/it\/wp-json\/wp\/v2\/comments?post=558"}],"version-history":[{"count":3,"href":"https:\/\/bertolinidirect.com\/it\/wp-json\/wp\/v2\/pages\/558\/revisions"}],"predecessor-version":[{"id":1556,"href":"https:\/\/bertolinidirect.com\/it\/wp-json\/wp\/v2\/pages\/558\/revisions\/1556"}],"wp:attachment":[{"href":"https:\/\/bertolinidirect.com\/it\/wp-json\/wp\/v2\/media?parent=558"}],"curies":[{"name":"parola chiave","href":"https:\/\/api.w.org\/{rel}","templated":true}]}}