{"id":547,"date":"2024-04-16T22:58:13","date_gmt":"2024-04-16T22:58:13","guid":{"rendered":"https:\/\/bertolinidirect.com\/?page_id=547"},"modified":"2026-05-01T20:53:26","modified_gmt":"2026-05-01T20:53:26","slug":"about","status":"publish","type":"page","link":"https:\/\/bertolinidirect.com\/it\/about","title":{"rendered":"Di"},"content":{"rendered":"<h2 class=\"wp-block-heading\" id=\"h-industry-leading-warranty\">Garanzia leader del settore<\/h2>\n\n\n\n<p>Noi di Bertolini realizziamo sedie utilizzando materiali di altissima qualit\u00e0: tessuti, imbottiture e telai destinati a durare nel tempo. Questo ci permette di garantire la qualit\u00e0 di ogni sedia che produciamo. Inoltre, ci atteniamo a rigorosi standard di produzione e progettazione, che ci consentono di offrire con sicurezza una delle migliori garanzie del settore.<\/p>\n\n\n\n<h2 class=\"wp-block-heading\" id=\"h-commitment-to-excellence\">Impegno per l&#039;eccellenza<\/h2>\n\n\n\n<p>Il nostro impegno per l&#039;eccellenza si riflette nella qualit\u00e0 dei materiali che utilizziamo, nelle nostre innovative tecniche di assemblaggio e nel rigoroso processo di test e ispezione a cui sottoponiamo le nostre sedie. Ci assicuriamo che le migliori sedute per luoghi di culto escano dalla nostra fabbrica e arrivino direttamente a voi. Siamo orgogliosi di realizzare le sedie da chiesa Bertolini, destinate a durare pi\u00f9 a lungo di qualsiasi altro prodotto sul mercato.<\/p>\n\n\n\n<figure class=\"wp-block-embed is-type-video is-provider-youtube wp-block-embed-youtube wp-embed-aspect-16-9 wp-has-aspect-ratio\"><div class=\"wp-block-embed__wrapper\">\n<iframe loading=\"lazy\" title=\"Presentazione della nuova e migliorata sedia da chiesa Bertolini Impressions\" width=\"500\" height=\"281\" src=\"https:\/\/www.youtube.com\/embed\/J277Sg5FBZI?feature=oembed\" frameborder=\"0\" allow=\"accelerometer; autoplay; clipboard-write; encrypted-media; gyroscope; picture-in-picture; web-share\" referrerpolicy=\"strict-origin-when-cross-origin\" allowfullscreen><\/iframe>\n<\/div><\/figure>\n\n\n\n<h2 class=\"wp-block-heading\" id=\"h-commitment-to-sustainability\">Impegno per la sostenibilit\u00e0<\/h2>\n\n\n\n<p>In qualit\u00e0 di produttori di mobili, il nostro primo impegno per la sostenibilit\u00e0 \u00e8 la riduzione degli sprechi e, a tal fine, ci impegniamo a fornire sedie che durino per anni anche con un utilizzo intensivo. Inoltre, adottiamo decine di altre misure per realizzare mobili sostenibili. Le sedie Bertolini sono prodotte con telai in acciaio riciclabile 100%, schiuma a base biologica e un processo di verniciatura a zero emissioni.<\/p>\n\n\n\n<h2 class=\"wp-block-heading\" id=\"h-unrivaled-service\">Servizio impareggiabile<\/h2>\n\n\n\n<p>I nostri clienti non solo apprezzano gli eccezionali prodotti che offriamo, ma anche la qualit\u00e0 del servizio clienti che forniamo. \u00c8 il tipo di servizio che fidelizza i clienti e li spinge a consigliarci ad altri.<\/p>\n\n\n\n<h2 class=\"wp-block-heading\" id=\"h-factory-direct-sales\">Vendite dirette in fabbrica<\/h2>\n\n\n\n<p>Lavorando direttamente con i nostri rappresentanti di fabbrica, eliminerete ogni problema legato agli intermediari. Il nostro team si impegna a fornirvi le sedie Bertolini perfette per le vostre esigenze. Saranno lieti di conoscere voi e la vostra comunit\u00e0.<\/p>\n\n\n\n<h2 class=\"wp-block-heading\" id=\"h-about-our-parent-company\">Informazioni sulla nostra societ\u00e0 madre<\/h2>\n\n\n\n<p>MITY Inc. \u00e8 la societ\u00e0 madre di questi marchi leader nel settore dell&#039;arredamento durevole: MityLite, Bertolini e Broda\u00ae Seating.<\/p>\n\n\n\n<ul class=\"wp-block-list\">\n<li><a href=\"https:\/\/mitylite.com\">MityLite<\/a> produce mobili pluripremiati per il mercato commerciale globale.<\/li>\n\n\n\n<li><a href=\"https:\/\/bertolinidirect.com\/it\/\">Bertolini<\/a> produce sedute comode e resistenti per il mercato dei luoghi di culto.<\/li>\n\n\n\n<li><a href=\"https:\/\/brodaseating.com\">Posti a sedere Broda<\/a> offre una linea esclusiva di sedie a rotelle con sistema di inclinazione spaziale per un&#039;ampia variet\u00e0 di contesti sanitari.<\/li>\n<\/ul>\n\n\n\n<p>MITY Inc. ha sede a Orem, nello Utah, e dispone di ulteriori stabilimenti produttivi a Kitchener, nell&#039;Ontario. Visita <a href=\"https:\/\/mityinc.com\">mityinc.com<\/a> per ulteriori informazioni.<\/p>","protected":false},"excerpt":{"rendered":"<p>Industry-Leading Warranty At Bertolini, we craft chairs using the highest quality materials\u2014fabrics, foam, and frames that will truly last for years. Doing so makes it easy for us to stand behind every chair we build.\u202fWe also adhere to strict manufacturing and design standards, which allows us to offer one of the best product warranties in [&hellip;]<\/p>\n","protected":false},"author":2,"featured_media":0,"parent":0,"menu_order":0,"comment_status":"closed","ping_status":"closed","template":"about.php","meta":{"_acf_changed":false,"footnotes":""},"class_list":["post-547","page","type-page","status-publish","hentry"],"acf":[],"yoast_head":"<!-- This site is optimized with the Yoast SEO Premium plugin v24.2 (Yoast SEO v27.4) - https:\/\/yoast.com\/product\/yoast-seo-premium-wordpress\/ -->\n<title>About | Bertolini Direct<\/title>\n<meta name=\"description\" content=\"Learn more about Bertolini\u2019s 60+ years of crafting durable, elegant church chairs. They build quality worship furniture to last. Explore now.\" \/>\n<meta name=\"robots\" content=\"index, follow, max-snippet:-1, max-image-preview:large, max-video-preview:-1\" \/>\n<link rel=\"canonical\" href=\"https:\/\/bertolinidirect.com\/it\/about\/\" \/>\n<meta property=\"og:locale\" content=\"it_IT\" \/>\n<meta property=\"og:type\" content=\"article\" \/>\n<meta property=\"og:title\" content=\"About\" \/>\n<meta property=\"og:description\" content=\"Learn more about Bertolini\u2019s 60+ years of crafting durable, elegant church chairs. They build quality worship furniture to last. Explore now.\" \/>\n<meta property=\"og:url\" content=\"https:\/\/bertolinidirect.com\/it\/about\/\" \/>\n<meta property=\"og:site_name\" content=\"Bertolini Direct\" \/>\n<meta property=\"article:modified_time\" content=\"2026-05-01T20:53:26+00:00\" \/>\n<meta name=\"twitter:card\" content=\"summary_large_image\" \/>\n<script type=\"application\/ld+json\" class=\"yoast-schema-graph\">{\"@context\":\"https:\\\/\\\/schema.org\",\"@graph\":[{\"@type\":\"WebPage\",\"@id\":\"https:\\\/\\\/bertolinidirect.com\\\/it\\\/about\",\"url\":\"https:\\\/\\\/bertolinidirect.com\\\/it\\\/about\",\"name\":\"About | Bertolini Direct\",\"isPartOf\":{\"@id\":\"https:\\\/\\\/bertolinidirect.com\\\/it\\\/#website\"},\"datePublished\":\"2024-04-16T22:58:13+00:00\",\"dateModified\":\"2026-05-01T20:53:26+00:00\",\"description\":\"Learn more about Bertolini\u2019s 60+ years of crafting durable, elegant church chairs. They build quality worship furniture to last. Explore now.\",\"breadcrumb\":{\"@id\":\"https:\\\/\\\/bertolinidirect.com\\\/it\\\/about#breadcrumb\"},\"inLanguage\":\"it-IT\",\"potentialAction\":[{\"@type\":\"ReadAction\",\"target\":[\"https:\\\/\\\/bertolinidirect.com\\\/it\\\/about\"]}]},{\"@type\":\"BreadcrumbList\",\"@id\":\"https:\\\/\\\/bertolinidirect.com\\\/it\\\/about#breadcrumb\",\"itemListElement\":[{\"@type\":\"ListItem\",\"position\":1,\"name\":\"Home\",\"item\":\"https:\\\/\\\/bertolinidirect.com\\\/\"},{\"@type\":\"ListItem\",\"position\":2,\"name\":\"About\"}]},{\"@type\":\"WebSite\",\"@id\":\"https:\\\/\\\/bertolinidirect.com\\\/it\\\/#website\",\"url\":\"https:\\\/\\\/bertolinidirect.com\\\/it\\\/\",\"name\":\"Bertolini\",\"description\":\"\",\"potentialAction\":[{\"@type\":\"SearchAction\",\"target\":{\"@type\":\"EntryPoint\",\"urlTemplate\":\"https:\\\/\\\/bertolinidirect.com\\\/it\\\/?s={search_term_string}\"},\"query-input\":{\"@type\":\"PropertyValueSpecification\",\"valueRequired\":true,\"valueName\":\"search_term_string\"}}],\"inLanguage\":\"it-IT\"}]}<\/script>\n<!-- \/ Yoast SEO Premium plugin. -->","yoast_head_json":{"title":"Informazioni su | Bertolini Diretto","description":"Scopri di pi\u00f9 sugli oltre 60 anni di esperienza di Bertolini nella creazione di sedie da chiesa resistenti ed eleganti. Realizzano arredi sacri di qualit\u00e0, destinati a durare nel tempo. Esplora ora.","robots":{"index":"index","follow":"follow","max-snippet":"max-snippet:-1","max-image-preview":"max-image-preview:large","max-video-preview":"max-video-preview:-1"},"canonical":"https:\/\/bertolinidirect.com\/it\/about\/","og_locale":"it_IT","og_type":"article","og_title":"About","og_description":"Learn more about Bertolini\u2019s 60+ years of crafting durable, elegant church chairs. They build quality worship furniture to last. Explore now.","og_url":"https:\/\/bertolinidirect.com\/it\/about\/","og_site_name":"Bertolini Direct","article_modified_time":"2026-05-01T20:53:26+00:00","twitter_card":"summary_large_image","schema":{"@context":"https:\/\/schema.org","@graph":[{"@type":"WebPage","@id":"https:\/\/bertolinidirect.com\/it\/about","url":"https:\/\/bertolinidirect.com\/it\/about","name":"Informazioni su | Bertolini Diretto","isPartOf":{"@id":"https:\/\/bertolinidirect.com\/it\/#website"},"datePublished":"2024-04-16T22:58:13+00:00","dateModified":"2026-05-01T20:53:26+00:00","description":"Scopri di pi\u00f9 sugli oltre 60 anni di esperienza di Bertolini nella creazione di sedie da chiesa resistenti ed eleganti. Realizzano arredi sacri di qualit\u00e0, destinati a durare nel tempo. Esplora ora.","breadcrumb":{"@id":"https:\/\/bertolinidirect.com\/it\/about#breadcrumb"},"inLanguage":"it-IT","potentialAction":[{"@type":"ReadAction","target":["https:\/\/bertolinidirect.com\/it\/about"]}]},{"@type":"BreadcrumbList","@id":"https:\/\/bertolinidirect.com\/it\/about#breadcrumb","itemListElement":[{"@type":"ListItem","position":1,"name":"Home","item":"https:\/\/bertolinidirect.com\/"},{"@type":"ListItem","position":2,"name":"About"}]},{"@type":"WebSite","@id":"https:\/\/bertolinidirect.com\/it\/#website","url":"https:\/\/bertolinidirect.com\/it\/","name":"Bertolini","description":"","potentialAction":[{"@type":"SearchAction","target":{"@type":"EntryPoint","urlTemplate":"https:\/\/bertolinidirect.com\/it\/?s={search_term_string}"},"query-input":{"@type":"PropertyValueSpecification","valueRequired":true,"valueName":"search_term_string"}}],"inLanguage":"it-IT"}]}},"_links":{"self":[{"href":"https:\/\/bertolinidirect.com\/it\/wp-json\/wp\/v2\/pages\/547","targetHints":{"allow":["GET"]}}],"collection":[{"href":"https:\/\/bertolinidirect.com\/it\/wp-json\/wp\/v2\/pages"}],"about":[{"href":"https:\/\/bertolinidirect.com\/it\/wp-json\/wp\/v2\/types\/page"}],"author":[{"embeddable":true,"href":"https:\/\/bertolinidirect.com\/it\/wp-json\/wp\/v2\/users\/2"}],"replies":[{"embeddable":true,"href":"https:\/\/bertolinidirect.com\/it\/wp-json\/wp\/v2\/comments?post=547"}],"version-history":[{"count":7,"href":"https:\/\/bertolinidirect.com\/it\/wp-json\/wp\/v2\/pages\/547\/revisions"}],"predecessor-version":[{"id":24935,"href":"https:\/\/bertolinidirect.com\/it\/wp-json\/wp\/v2\/pages\/547\/revisions\/24935"}],"wp:attachment":[{"href":"https:\/\/bertolinidirect.com\/it\/wp-json\/wp\/v2\/media?parent=547"}],"curies":[{"name":"parola chiave","href":"https:\/\/api.w.org\/{rel}","templated":true}]}}