{"id":41,"date":"2024-01-04T21:53:34","date_gmt":"2024-01-04T21:53:34","guid":{"rendered":"https:\/\/bertolinidirect.com\/?page_id=41"},"modified":"2025-02-26T00:17:14","modified_gmt":"2025-02-26T00:17:14","slug":"fabrics","status":"publish","type":"page","link":"https:\/\/bertolinidirect.com\/it\/fabrics","title":{"rendered":"Tessuti"},"content":{"rendered":"<p>Puoi lasciare questa pagina invariata. Questa pagina deve esistere solo perch\u00e9 \/fabrics esista come URL e il template fabric-page.php possa essere collegato a questa pagina.<\/p>\n\n\n\n<p>Cerca il file fabric-page.php dove si trova l&#039;elemento<main id=\"\u201dfabric-app\u201d\" class=\"\u201dsite-main\"><\/main> Si trova l\u00ec. \u00c8 l\u00ec che il plugin Fabric-Center si aggancia quando il file index.php dei plugin mette in coda l&#039;app Fabric Center.<\/p>\n\n\n\n<p>C&#039;\u00e8 anche un po&#039; di codice nel file functions.php delle cartelle del tema per inserire un foglio di stile per sovrascrivere gli stili e anche per aggiungere regole di riscrittura per gestire la navigazione\/il routing.<\/p>","protected":false},"excerpt":{"rendered":"<p>You can leave this page alone. This page just needs to exist so that \/fabrics exists as a URL and the fabric-page.php template can be tied to this. Look for the file fabric-page.php where the element &lt;main id=&#8221;fabric-app&#8221; class=&#8221;site-main content-page&#8221;&gt;&lt;\/main&gt; is located. That is where the fabric-center plugin latches onto when the plugins index.php file [&hellip;]<\/p>\n","protected":false},"author":1,"featured_media":0,"parent":0,"menu_order":0,"comment_status":"closed","ping_status":"closed","template":"fabric-page.php","meta":{"_acf_changed":false,"footnotes":""},"class_list":["post-41","page","type-page","status-publish","hentry"],"acf":[],"yoast_head":"<!-- This site is optimized with the Yoast SEO Premium plugin v24.2 (Yoast SEO v27.1.1) - https:\/\/yoast.com\/product\/yoast-seo-premium-wordpress\/ -->\n<title>View Our Large Selection Of Chair Upholstery &amp; Fabrics<\/title>\n<meta name=\"description\" content=\"Customize your church chairs with our various options of fabrics. Choose from over 300+ different fabric types with different grades, rubs, and features.\" \/>\n<meta name=\"robots\" content=\"index, follow, max-snippet:-1, max-image-preview:large, max-video-preview:-1\" \/>\n<link rel=\"canonical\" href=\"https:\/\/bertolinidirect.com\/it\/fabrics\/\" \/>\n<meta property=\"og:locale\" content=\"it_IT\" \/>\n<meta property=\"og:type\" content=\"article\" \/>\n<meta property=\"og:title\" content=\"Fabrics\" \/>\n<meta property=\"og:description\" content=\"Customize your church chairs with our various options of fabrics. Choose from over 300+ different fabric types with different grades, rubs, and features.\" \/>\n<meta property=\"og:url\" content=\"https:\/\/bertolinidirect.com\/it\/fabrics\/\" \/>\n<meta property=\"og:site_name\" content=\"Bertolini Direct\" \/>\n<meta property=\"article:modified_time\" content=\"2025-02-26T00:17:14+00:00\" \/>\n<meta name=\"twitter:card\" content=\"summary_large_image\" \/>\n<script type=\"application\/ld+json\" class=\"yoast-schema-graph\">{\"@context\":\"https:\/\/schema.org\",\"@graph\":[{\"@type\":\"WebPage\",\"@id\":\"https:\/\/bertolinidirect.com\/it\/fabrics\",\"url\":\"https:\/\/bertolinidirect.com\/it\/fabrics\",\"name\":\"View Our Large Selection Of Chair Upholstery & Fabrics\",\"isPartOf\":{\"@id\":\"https:\/\/bertolinidirect.com\/it\/#website\"},\"datePublished\":\"2024-01-04T21:53:34+00:00\",\"dateModified\":\"2025-02-26T00:17:14+00:00\",\"description\":\"Customize your church chairs with our various options of fabrics. Choose from over 300+ different fabric types with different grades, rubs, and features.\",\"breadcrumb\":{\"@id\":\"https:\/\/bertolinidirect.com\/it\/fabrics#breadcrumb\"},\"inLanguage\":\"it-IT\",\"potentialAction\":[{\"@type\":\"ReadAction\",\"target\":[\"https:\/\/bertolinidirect.com\/it\/fabrics\"]}]},{\"@type\":\"BreadcrumbList\",\"@id\":\"https:\/\/bertolinidirect.com\/it\/fabrics#breadcrumb\",\"itemListElement\":[{\"@type\":\"ListItem\",\"position\":1,\"name\":\"Home\",\"item\":\"https:\/\/bertolinidirect.com\/\"},{\"@type\":\"ListItem\",\"position\":2,\"name\":\"Fabrics\"}]},{\"@type\":\"WebSite\",\"@id\":\"https:\/\/bertolinidirect.com\/it\/#website\",\"url\":\"https:\/\/bertolinidirect.com\/it\/\",\"name\":\"Bertolini\",\"description\":\"\",\"potentialAction\":[{\"@type\":\"SearchAction\",\"target\":{\"@type\":\"EntryPoint\",\"urlTemplate\":\"https:\/\/bertolinidirect.com\/it\/?s={search_term_string}\"},\"query-input\":{\"@type\":\"PropertyValueSpecification\",\"valueRequired\":true,\"valueName\":\"search_term_string\"}}],\"inLanguage\":\"it-IT\"}]}<\/script>\n<!-- \/ Yoast SEO Premium plugin. -->","yoast_head_json":{"title":"Visualizza la nostra ampia selezione di rivestimenti e tessuti per sedie","description":"Personalizza le tue sedie da chiesa con le nostre varie opzioni di tessuti. Scegli tra oltre 300 diversi tipi di tessuto con diversi gradi, sfregamenti e caratteristiche.","robots":{"index":"index","follow":"follow","max-snippet":"max-snippet:-1","max-image-preview":"max-image-preview:large","max-video-preview":"max-video-preview:-1"},"canonical":"https:\/\/bertolinidirect.com\/it\/fabrics\/","og_locale":"it_IT","og_type":"article","og_title":"Fabrics","og_description":"Customize your church chairs with our various options of fabrics. Choose from over 300+ different fabric types with different grades, rubs, and features.","og_url":"https:\/\/bertolinidirect.com\/it\/fabrics\/","og_site_name":"Bertolini Direct","article_modified_time":"2025-02-26T00:17:14+00:00","twitter_card":"summary_large_image","schema":{"@context":"https:\/\/schema.org","@graph":[{"@type":"WebPage","@id":"https:\/\/bertolinidirect.com\/it\/fabrics","url":"https:\/\/bertolinidirect.com\/it\/fabrics","name":"Visualizza la nostra ampia selezione di rivestimenti e tessuti per sedie","isPartOf":{"@id":"https:\/\/bertolinidirect.com\/it\/#website"},"datePublished":"2024-01-04T21:53:34+00:00","dateModified":"2025-02-26T00:17:14+00:00","description":"Personalizza le tue sedie da chiesa con le nostre varie opzioni di tessuti. Scegli tra oltre 300 diversi tipi di tessuto con diversi gradi, sfregamenti e caratteristiche.","breadcrumb":{"@id":"https:\/\/bertolinidirect.com\/it\/fabrics#breadcrumb"},"inLanguage":"it-IT","potentialAction":[{"@type":"ReadAction","target":["https:\/\/bertolinidirect.com\/it\/fabrics"]}]},{"@type":"BreadcrumbList","@id":"https:\/\/bertolinidirect.com\/it\/fabrics#breadcrumb","itemListElement":[{"@type":"ListItem","position":1,"name":"Home","item":"https:\/\/bertolinidirect.com\/"},{"@type":"ListItem","position":2,"name":"Fabrics"}]},{"@type":"WebSite","@id":"https:\/\/bertolinidirect.com\/it\/#website","url":"https:\/\/bertolinidirect.com\/it\/","name":"Bertolini","description":"","potentialAction":[{"@type":"SearchAction","target":{"@type":"EntryPoint","urlTemplate":"https:\/\/bertolinidirect.com\/it\/?s={search_term_string}"},"query-input":{"@type":"PropertyValueSpecification","valueRequired":true,"valueName":"search_term_string"}}],"inLanguage":"it-IT"}]}},"_links":{"self":[{"href":"https:\/\/bertolinidirect.com\/it\/wp-json\/wp\/v2\/pages\/41","targetHints":{"allow":["GET"]}}],"collection":[{"href":"https:\/\/bertolinidirect.com\/it\/wp-json\/wp\/v2\/pages"}],"about":[{"href":"https:\/\/bertolinidirect.com\/it\/wp-json\/wp\/v2\/types\/page"}],"author":[{"embeddable":true,"href":"https:\/\/bertolinidirect.com\/it\/wp-json\/wp\/v2\/users\/1"}],"replies":[{"embeddable":true,"href":"https:\/\/bertolinidirect.com\/it\/wp-json\/wp\/v2\/comments?post=41"}],"version-history":[{"count":6,"href":"https:\/\/bertolinidirect.com\/it\/wp-json\/wp\/v2\/pages\/41\/revisions"}],"predecessor-version":[{"id":23452,"href":"https:\/\/bertolinidirect.com\/it\/wp-json\/wp\/v2\/pages\/41\/revisions\/23452"}],"wp:attachment":[{"href":"https:\/\/bertolinidirect.com\/it\/wp-json\/wp\/v2\/media?parent=41"}],"curies":[{"name":"parola chiave","href":"https:\/\/api.w.org\/{rel}","templated":true}]}}