{"id":24186,"date":"2025-10-01T06:52:00","date_gmt":"2025-10-01T06:52:00","guid":{"rendered":"https:\/\/bertolinidirect.com\/?page_id=24186"},"modified":"2025-10-10T18:17:29","modified_gmt":"2025-10-10T18:17:29","slug":"new-high-density-stacking-line","status":"publish","type":"page","link":"https:\/\/bertolinidirect.com\/it\/press\/new-high-density-stacking-line","title":{"rendered":"Bertolini lancia la nuova linea di sedie impilabili ad alta densit\u00e0"},"content":{"rendered":"<p><strong>OREM, Utah, 1 ottobre 2025<\/strong><\/p>\n\n\n\n<p>Bertolini, una divisione di MITY, Inc., ha appena annunciato il lancio di una nuova linea di sedie impilabili per il contract, denominata Serie HD. Questa nuova linea di prodotti comprende diversi modelli di sedie ultracompatte con struttura in metallo, disponibili in diversi livelli di comfort e fasce di prezzo.<\/p>\n\n\n\n<p>La collezione comprende tre prodotti. L&#039;opzione pi\u00f9 comoda e resistente \u00e8 la sedia impilabile HD Premier, con seduta e schienale in tessuto a rete. Il modello intermedio \u00e8 la sedia impilabile HD Select, con seduta imbottita e rivestimento in vinile nero. La scelta pi\u00f9 economica \u00e8 la sedia impilabile HD Core, con seduta ventilata in plastica. Tutte le sedie offrono uno stile moderno e minimalista; sono tutte nere e non possono essere personalizzate.<\/p>\n\n\n\n<p>&quot;Questa nuova linea di sedie offre sedute convenienti per ogni fascia di prezzo. Le nostre nuove sedie impilabili sono perfette per mense, aziende, scuole ed eventi comunitari&quot;, ha affermato Kevin McCoy, CEO di Bertolini Direct. &quot;Sono impilabili in modo molto compatto, quindi possono essere riposte facilmente nel minor spazio possibile&quot;.<\/p>\n\n\n\n<p>Le sedie sono progettate per essere impilate su un carrello con ruote fino a 25-30 unit\u00e0 (a seconda del modello) e possono comunque passare attraverso porte standard e salire negli ascensori. Sono leggere e facili da spostare all&#039;interno della struttura.<\/p>\n\n\n\n<p>&quot;Gli elementi chiave della linea di sedie impilabili della serie HD sono convenienza e versatilit\u00e0&quot;, ha affermato Stephen Jorgensen, vicepresidente Marketing e Sviluppo Prodotti di Bertolini. &quot;La crescita prevista nel settore degli eventi \u00e8 solida, con la maggior parte delle proiezioni globali che raggiungono i 2,5 trilioni di dollari entro il 2030. Ma nonostante l&#039;aumento dei budget, molti stanno spendendo con cautela. Questa nuova linea di sedie impilabili offre una soluzione conveniente per ospitare grandi folle in aree polifunzionali&quot;.<\/p>\n\n\n\n<p><strong>Informazioni su MITY Inc.<\/strong><\/p>\n\n\n\n<p>La famiglia di prodotti MITY, Incorporated comprende MityLite, Holsag by MityLite, Broda e Bertolini. Broda offre una linea esclusiva di sedie a rotelle basculanti per il posizionamento nello spazio per residenze per anziani e assistenza sanitaria. MityLite produce mobili pluripremiati per il mercato commerciale. Holsag by MityLite realizza sedie in legno massello per residenze per anziani, assistenza sanitaria, istruzione, pubblica amministrazione e ospitalit\u00e0. Bertolini produce sedute comode e resistenti per il mercato del culto. MITY, Inc. ha sede a Orem, nello Utah, e ha stabilimenti di produzione e vendita a Lindsay, Ontario; Kitchner, Ontario; Chesterfield, Missouri; e Orem, nello Utah. Visita <a href=\"https:\/\/mityinc.com\/\">mityinc.com<\/a> per maggiori informazioni.informazioni.<\/p>\n\n\n\n<p>Contatto con i media:<br>Kristin Cooke<br>Relazioni pubbliche, MITY Inc.<br>kristin.cooke@mityinc.com<\/p>","protected":false},"excerpt":{"rendered":"<p>OREM, Utah, October 1, 2025 Bertolini, a division of MITY, Inc., just announced the launch of a new line of contract-grade stacking chairs called the HD Series. This new product line includes several ultra-compact, metal-framed chair styles in varying comfort levels and price points. There are three products in the collection. The most comfortable and [&hellip;]<\/p>\n","protected":false},"author":3,"featured_media":0,"parent":762,"menu_order":0,"comment_status":"closed","ping_status":"closed","template":"content-page.php","meta":{"_acf_changed":false,"footnotes":""},"class_list":["post-24186","page","type-page","status-publish","hentry"],"acf":[],"yoast_head":"<!-- This site is optimized with the Yoast SEO Premium plugin v24.2 (Yoast SEO v27.1.1) - https:\/\/yoast.com\/product\/yoast-seo-premium-wordpress\/ -->\n<title>Bertolini Launches Affordable HD Series Stacking Chairs<\/title>\n<meta name=\"description\" content=\"Discover Bertolini&#039;s HD Series: durable, stackable seating for schools, events, and commercial use at every budget level.\" \/>\n<meta name=\"robots\" content=\"index, follow, max-snippet:-1, max-image-preview:large, max-video-preview:-1\" \/>\n<link rel=\"canonical\" href=\"https:\/\/bertolinidirect.com\/it\/press\/new-high-density-stacking-line\/\" \/>\n<meta property=\"og:locale\" content=\"it_IT\" \/>\n<meta property=\"og:type\" content=\"article\" \/>\n<meta property=\"og:title\" content=\"Bertolini Launches New High-Density Stacking Chair Line\" \/>\n<meta property=\"og:description\" content=\"Discover Bertolini&#039;s HD Series: durable, stackable seating for schools, events, and commercial use at every budget level.\" \/>\n<meta property=\"og:url\" content=\"https:\/\/bertolinidirect.com\/it\/press\/new-high-density-stacking-line\/\" \/>\n<meta property=\"og:site_name\" content=\"Bertolini Direct\" \/>\n<meta property=\"article:modified_time\" content=\"2025-10-10T18:17:29+00:00\" \/>\n<meta name=\"twitter:card\" content=\"summary_large_image\" \/>\n<script type=\"application\/ld+json\" class=\"yoast-schema-graph\">{\"@context\":\"https:\/\/schema.org\",\"@graph\":[{\"@type\":\"WebPage\",\"@id\":\"https:\/\/bertolinidirect.com\/it\/press\/new-high-density-stacking-line\",\"url\":\"https:\/\/bertolinidirect.com\/it\/press\/new-high-density-stacking-line\",\"name\":\"Bertolini Launches Affordable HD Series Stacking Chairs\",\"isPartOf\":{\"@id\":\"https:\/\/bertolinidirect.com\/it\/#website\"},\"datePublished\":\"2025-10-01T06:52:00+00:00\",\"dateModified\":\"2025-10-10T18:17:29+00:00\",\"description\":\"Discover Bertolini's HD Series: durable, stackable seating for schools, events, and commercial use at every budget level.\",\"breadcrumb\":{\"@id\":\"https:\/\/bertolinidirect.com\/it\/press\/new-high-density-stacking-line#breadcrumb\"},\"inLanguage\":\"it-IT\",\"potentialAction\":[{\"@type\":\"ReadAction\",\"target\":[\"https:\/\/bertolinidirect.com\/it\/press\/new-high-density-stacking-line\"]}]},{\"@type\":\"BreadcrumbList\",\"@id\":\"https:\/\/bertolinidirect.com\/it\/press\/new-high-density-stacking-line#breadcrumb\",\"itemListElement\":[{\"@type\":\"ListItem\",\"position\":1,\"name\":\"Home\",\"item\":\"https:\/\/bertolinidirect.com\/\"},{\"@type\":\"ListItem\",\"position\":2,\"name\":\"Press &amp; News\",\"item\":\"https:\/\/bertolinidirect.com\/press\"},{\"@type\":\"ListItem\",\"position\":3,\"name\":\"Bertolini Launches New High-Density Stacking Chair Line\"}]},{\"@type\":\"WebSite\",\"@id\":\"https:\/\/bertolinidirect.com\/it\/#website\",\"url\":\"https:\/\/bertolinidirect.com\/it\/\",\"name\":\"Bertolini\",\"description\":\"\",\"potentialAction\":[{\"@type\":\"SearchAction\",\"target\":{\"@type\":\"EntryPoint\",\"urlTemplate\":\"https:\/\/bertolinidirect.com\/it\/?s={search_term_string}\"},\"query-input\":{\"@type\":\"PropertyValueSpecification\",\"valueRequired\":true,\"valueName\":\"search_term_string\"}}],\"inLanguage\":\"it-IT\"}]}<\/script>\n<!-- \/ Yoast SEO Premium plugin. -->","yoast_head_json":{"title":"Bertolini lancia le sedie impilabili della serie HD a prezzi accessibili","description":"Scopri la serie HD di Bertolini: sedute resistenti e impilabili per scuole, eventi e uso commerciale, adatte a tutte le tasche.","robots":{"index":"index","follow":"follow","max-snippet":"max-snippet:-1","max-image-preview":"max-image-preview:large","max-video-preview":"max-video-preview:-1"},"canonical":"https:\/\/bertolinidirect.com\/it\/press\/new-high-density-stacking-line\/","og_locale":"it_IT","og_type":"article","og_title":"Bertolini Launches New High-Density Stacking Chair Line","og_description":"Discover Bertolini's HD Series: durable, stackable seating for schools, events, and commercial use at every budget level.","og_url":"https:\/\/bertolinidirect.com\/it\/press\/new-high-density-stacking-line\/","og_site_name":"Bertolini Direct","article_modified_time":"2025-10-10T18:17:29+00:00","twitter_card":"summary_large_image","schema":{"@context":"https:\/\/schema.org","@graph":[{"@type":"WebPage","@id":"https:\/\/bertolinidirect.com\/it\/press\/new-high-density-stacking-line","url":"https:\/\/bertolinidirect.com\/it\/press\/new-high-density-stacking-line","name":"Bertolini lancia le sedie impilabili della serie HD a prezzi accessibili","isPartOf":{"@id":"https:\/\/bertolinidirect.com\/it\/#website"},"datePublished":"2025-10-01T06:52:00+00:00","dateModified":"2025-10-10T18:17:29+00:00","description":"Scopri la serie HD di Bertolini: sedute resistenti e impilabili per scuole, eventi e uso commerciale, adatte a tutte le tasche.","breadcrumb":{"@id":"https:\/\/bertolinidirect.com\/it\/press\/new-high-density-stacking-line#breadcrumb"},"inLanguage":"it-IT","potentialAction":[{"@type":"ReadAction","target":["https:\/\/bertolinidirect.com\/it\/press\/new-high-density-stacking-line"]}]},{"@type":"BreadcrumbList","@id":"https:\/\/bertolinidirect.com\/it\/press\/new-high-density-stacking-line#breadcrumb","itemListElement":[{"@type":"ListItem","position":1,"name":"Home","item":"https:\/\/bertolinidirect.com\/"},{"@type":"ListItem","position":2,"name":"Press &amp; News","item":"https:\/\/bertolinidirect.com\/press"},{"@type":"ListItem","position":3,"name":"Bertolini Launches New High-Density Stacking Chair Line"}]},{"@type":"WebSite","@id":"https:\/\/bertolinidirect.com\/it\/#website","url":"https:\/\/bertolinidirect.com\/it\/","name":"Bertolini","description":"","potentialAction":[{"@type":"SearchAction","target":{"@type":"EntryPoint","urlTemplate":"https:\/\/bertolinidirect.com\/it\/?s={search_term_string}"},"query-input":{"@type":"PropertyValueSpecification","valueRequired":true,"valueName":"search_term_string"}}],"inLanguage":"it-IT"}]}},"_links":{"self":[{"href":"https:\/\/bertolinidirect.com\/it\/wp-json\/wp\/v2\/pages\/24186","targetHints":{"allow":["GET"]}}],"collection":[{"href":"https:\/\/bertolinidirect.com\/it\/wp-json\/wp\/v2\/pages"}],"about":[{"href":"https:\/\/bertolinidirect.com\/it\/wp-json\/wp\/v2\/types\/page"}],"author":[{"embeddable":true,"href":"https:\/\/bertolinidirect.com\/it\/wp-json\/wp\/v2\/users\/3"}],"replies":[{"embeddable":true,"href":"https:\/\/bertolinidirect.com\/it\/wp-json\/wp\/v2\/comments?post=24186"}],"version-history":[{"count":4,"href":"https:\/\/bertolinidirect.com\/it\/wp-json\/wp\/v2\/pages\/24186\/revisions"}],"predecessor-version":[{"id":24397,"href":"https:\/\/bertolinidirect.com\/it\/wp-json\/wp\/v2\/pages\/24186\/revisions\/24397"}],"up":[{"embeddable":true,"href":"https:\/\/bertolinidirect.com\/it\/wp-json\/wp\/v2\/pages\/762"}],"wp:attachment":[{"href":"https:\/\/bertolinidirect.com\/it\/wp-json\/wp\/v2\/media?parent=24186"}],"curies":[{"name":"parola chiave","href":"https:\/\/api.w.org\/{rel}","templated":true}]}}