{"id":353,"date":"2024-03-26T20:33:20","date_gmt":"2024-03-26T20:33:20","guid":{"rendered":"https:\/\/bertolinidirect.com\/?post_type=product&#038;p=353"},"modified":"2026-04-30T22:33:52","modified_gmt":"2026-04-30T22:33:52","slug":"glides","status":"publish","type":"product","link":"https:\/\/bertolinidirect.com\/fr\/products\/accessories\/glides","title":{"rendered":"Patins pour pieds de chaise"},"content":{"rendered":"<p>Prot\u00e9gez vos sols et pr\u00e9servez le silence de votre espace gr\u00e2ce aux patins pour pieds de chaise Bertolini.<\/p>\n<p>Nous fabriquons ces patins de rechange noirs en polypropyl\u00e8ne durable, le m\u00eame mat\u00e9riau que celui utilis\u00e9 pour nos patins d&#039;origine. Ils cr\u00e9ent une surface lisse entre la chaise et le sol, contribuant ainsi \u00e0 r\u00e9duire les bruits parasites lors des d\u00e9placements. Ces patins prot\u00e8gent les parquets, carrelages et autres surfaces des rayures et des \u00e9raflures.<\/p>\n<p>Avec le temps, les patins peuvent s&#039;user, surtout si les chaises sont d\u00e9plac\u00e9es fr\u00e9quemment ou utilis\u00e9es sur un sol irr\u00e9gulier. Remplacer les patins us\u00e9s permet de maintenir la stabilit\u00e9 des chaises et de pr\u00e9server votre rev\u00eatement de sol.<\/p>\n<p>Pour les chaises Bertolini, ces patins de rechange garantissent un ajustement parfait et des performances fiables.<\/p>\n<p>Si vous avez besoin de pi\u00e8ces de rechange, contactez votre repr\u00e9sentant commercial pour commander de nouveaux patins pour pieds de chaise.<\/p>\n<p><em>Remarque\u00a0: Cet accessoire est con\u00e7u pour les chaises Bertolini. Sa compatibilit\u00e9 avec les chaises d\u2019autres fabricants n\u2019est pas garantie. L\u2019utilisation avec des chaises non sp\u00e9cifi\u00e9es se fait aux risques et p\u00e9rils de l\u2019acheteur. Si vous poss\u00e9dez d\u00e9j\u00e0 des chaises Bertolini, veuillez contacter le service client pour v\u00e9rifier la compatibilit\u00e9.<\/em><\/p>","protected":false},"excerpt":{"rendered":"<p>Protect your floors and keep your space quiet with Bertolini chair leg glides. We make these black replacement glides from durable polypropylene, the same material used on our factory-installed glides. They create a smooth surface between the chair and the floor, helping reduce noise disruptions during movement. Glides prevent scratches and scuffs on hardwood, tile, [&hellip;]<\/p>\n","protected":false},"featured_media":24613,"template":"","meta":{"_acf_changed":true},"product_brand":[],"product_cat":[52],"product_tag":[],"class_list":{"0":"post-353","1":"product","2":"type-product","3":"status-publish","4":"has-post-thumbnail","6":"product_cat-accessories","8":"first","9":"instock","10":"shipping-taxable","11":"purchasable","12":"product-type-simple"},"acf":[],"yoast_head":"<!-- This site is optimized with the Yoast SEO Premium plugin v24.2 (Yoast SEO v27.4) - https:\/\/yoast.com\/product\/yoast-seo-premium-wordpress\/ -->\n<title>Anti-Scratch Chair Leg Glides| Bertolini Direct<\/title>\n<meta name=\"description\" content=\"Protect floors and reduce noise with chair leg glides. These durable accessories help prevent scratches and keep chairs moving smoothly.\" \/>\n<meta name=\"robots\" content=\"index, follow, max-snippet:-1, max-image-preview:large, max-video-preview:-1\" \/>\n<link rel=\"canonical\" href=\"https:\/\/bertolinidirect.com\/fr\/products\/accessories\/glides\/\" \/>\n<meta property=\"og:locale\" content=\"fr_CA\" \/>\n<meta property=\"og:type\" content=\"article\" \/>\n<meta property=\"og:title\" content=\"Chair Leg Glides\" \/>\n<meta property=\"og:description\" content=\"Protect floors and reduce noise with chair leg glides. These durable accessories help prevent scratches and keep chairs moving smoothly.\" \/>\n<meta property=\"og:url\" content=\"https:\/\/bertolinidirect.com\/fr\/products\/accessories\/glides\/\" \/>\n<meta property=\"og:site_name\" content=\"Bertolini Direct\" \/>\n<meta property=\"article:modified_time\" content=\"2026-04-30T22:33:52+00:00\" \/>\n<meta property=\"og:image\" content=\"https:\/\/staging.bertolinidirect.com\/wp-content\/uploads\/2024\/03\/BERT_Black_Glides-678x678-min.jpg\" \/>\n\t<meta property=\"og:image:width\" content=\"678\" \/>\n\t<meta property=\"og:image:height\" content=\"678\" \/>\n\t<meta property=\"og:image:type\" content=\"image\/jpeg\" \/>\n<meta name=\"twitter:card\" content=\"summary_large_image\" \/>\n<script type=\"application\/ld+json\" class=\"yoast-schema-graph\">{\"@context\":\"https:\\\/\\\/schema.org\",\"@graph\":[{\"@type\":\"WebPage\",\"@id\":\"https:\\\/\\\/bertolinidirect.com\\\/fr\\\/products\\\/accessories\\\/glides\",\"url\":\"https:\\\/\\\/bertolinidirect.com\\\/fr\\\/products\\\/accessories\\\/glides\",\"name\":\"Anti-Scratch Chair Leg Glides| Bertolini Direct\",\"isPartOf\":{\"@id\":\"https:\\\/\\\/bertolinidirect.com\\\/fr\\\/#website\"},\"primaryImageOfPage\":{\"@id\":\"https:\\\/\\\/bertolinidirect.com\\\/fr\\\/products\\\/accessories\\\/glides#primaryimage\"},\"image\":{\"@id\":\"https:\\\/\\\/bertolinidirect.com\\\/fr\\\/products\\\/accessories\\\/glides#primaryimage\"},\"thumbnailUrl\":\"https:\\\/\\\/bertolinidirect.com\\\/wp-content\\\/uploads\\\/2024\\\/03\\\/BERT_Black_Glides-678x678-min.jpg\",\"datePublished\":\"2024-03-26T20:33:20+00:00\",\"dateModified\":\"2026-04-30T22:33:52+00:00\",\"description\":\"Protect floors and reduce noise with chair leg glides. These durable accessories help prevent scratches and keep chairs moving smoothly.\",\"breadcrumb\":{\"@id\":\"https:\\\/\\\/bertolinidirect.com\\\/fr\\\/products\\\/accessories\\\/glides#breadcrumb\"},\"inLanguage\":\"fr-CA\",\"potentialAction\":[{\"@type\":\"ReadAction\",\"target\":[\"https:\\\/\\\/bertolinidirect.com\\\/fr\\\/products\\\/accessories\\\/glides\"]}]},{\"@type\":\"ImageObject\",\"inLanguage\":\"fr-CA\",\"@id\":\"https:\\\/\\\/bertolinidirect.com\\\/fr\\\/products\\\/accessories\\\/glides#primaryimage\",\"url\":\"https:\\\/\\\/bertolinidirect.com\\\/wp-content\\\/uploads\\\/2024\\\/03\\\/BERT_Black_Glides-678x678-min.jpg\",\"contentUrl\":\"https:\\\/\\\/bertolinidirect.com\\\/wp-content\\\/uploads\\\/2024\\\/03\\\/BERT_Black_Glides-678x678-min.jpg\",\"width\":678,\"height\":678,\"caption\":\"Close up of Black glides\"},{\"@type\":\"BreadcrumbList\",\"@id\":\"https:\\\/\\\/bertolinidirect.com\\\/fr\\\/products\\\/accessories\\\/glides#breadcrumb\",\"itemListElement\":[{\"@type\":\"ListItem\",\"position\":1,\"name\":\"Home\",\"item\":\"https:\\\/\\\/bertolinidirect.com\\\/\"},{\"@type\":\"ListItem\",\"position\":2,\"name\":\"Products\",\"item\":\"https:\\\/\\\/bertolinidirect.com\\\/products\"},{\"@type\":\"ListItem\",\"position\":3,\"name\":\"Accessories\",\"item\":\"https:\\\/\\\/bertolinidirect.com\\\/products\\\/accessories\"},{\"@type\":\"ListItem\",\"position\":4,\"name\":\"Chair Leg Glides\"}]},{\"@type\":\"WebSite\",\"@id\":\"https:\\\/\\\/bertolinidirect.com\\\/fr\\\/#website\",\"url\":\"https:\\\/\\\/bertolinidirect.com\\\/fr\\\/\",\"name\":\"Bertolini\",\"description\":\"\",\"potentialAction\":[{\"@type\":\"SearchAction\",\"target\":{\"@type\":\"EntryPoint\",\"urlTemplate\":\"https:\\\/\\\/bertolinidirect.com\\\/fr\\\/?s={search_term_string}\"},\"query-input\":{\"@type\":\"PropertyValueSpecification\",\"valueRequired\":true,\"valueName\":\"search_term_string\"}}],\"inLanguage\":\"fr-CA\"}]}<\/script>\n<!-- \/ Yoast SEO Premium plugin. -->","yoast_head_json":{"title":"Patins anti-rayures pour pieds de chaise | Bertolini Direct","description":"Prot\u00e9gez vos sols et r\u00e9duisez le bruit gr\u00e2ce aux patins pour pieds de chaise. Ces accessoires r\u00e9sistants pr\u00e9viennent les rayures et assurent un d\u00e9placement fluide des chaises.","robots":{"index":"index","follow":"follow","max-snippet":"max-snippet:-1","max-image-preview":"max-image-preview:large","max-video-preview":"max-video-preview:-1"},"canonical":"https:\/\/bertolinidirect.com\/fr\/products\/accessories\/glides\/","og_locale":"fr_CA","og_type":"article","og_title":"Chair Leg Glides","og_description":"Protect floors and reduce noise with chair leg glides. These durable accessories help prevent scratches and keep chairs moving smoothly.","og_url":"https:\/\/bertolinidirect.com\/fr\/products\/accessories\/glides\/","og_site_name":"Bertolini Direct","article_modified_time":"2026-04-30T22:33:52+00:00","og_image":[{"width":678,"height":678,"url":"https:\/\/staging.bertolinidirect.com\/wp-content\/uploads\/2024\/03\/BERT_Black_Glides-678x678-min.jpg","type":"image\/jpeg"}],"twitter_card":"summary_large_image","schema":{"@context":"https:\/\/schema.org","@graph":[{"@type":"WebPage","@id":"https:\/\/bertolinidirect.com\/fr\/products\/accessories\/glides","url":"https:\/\/bertolinidirect.com\/fr\/products\/accessories\/glides","name":"Patins anti-rayures pour pieds de chaise | Bertolini Direct","isPartOf":{"@id":"https:\/\/bertolinidirect.com\/fr\/#website"},"primaryImageOfPage":{"@id":"https:\/\/bertolinidirect.com\/fr\/products\/accessories\/glides#primaryimage"},"image":{"@id":"https:\/\/bertolinidirect.com\/fr\/products\/accessories\/glides#primaryimage"},"thumbnailUrl":"https:\/\/bertolinidirect.com\/wp-content\/uploads\/2024\/03\/BERT_Black_Glides-678x678-min.jpg","datePublished":"2024-03-26T20:33:20+00:00","dateModified":"2026-04-30T22:33:52+00:00","description":"Prot\u00e9gez vos sols et r\u00e9duisez le bruit gr\u00e2ce aux patins pour pieds de chaise. Ces accessoires r\u00e9sistants pr\u00e9viennent les rayures et assurent un d\u00e9placement fluide des chaises.","breadcrumb":{"@id":"https:\/\/bertolinidirect.com\/fr\/products\/accessories\/glides#breadcrumb"},"inLanguage":"fr-CA","potentialAction":[{"@type":"ReadAction","target":["https:\/\/bertolinidirect.com\/fr\/products\/accessories\/glides"]}]},{"@type":"ImageObject","inLanguage":"fr-CA","@id":"https:\/\/bertolinidirect.com\/fr\/products\/accessories\/glides#primaryimage","url":"https:\/\/bertolinidirect.com\/wp-content\/uploads\/2024\/03\/BERT_Black_Glides-678x678-min.jpg","contentUrl":"https:\/\/bertolinidirect.com\/wp-content\/uploads\/2024\/03\/BERT_Black_Glides-678x678-min.jpg","width":678,"height":678,"caption":"Close up of Black glides"},{"@type":"BreadcrumbList","@id":"https:\/\/bertolinidirect.com\/fr\/products\/accessories\/glides#breadcrumb","itemListElement":[{"@type":"ListItem","position":1,"name":"Home","item":"https:\/\/bertolinidirect.com\/"},{"@type":"ListItem","position":2,"name":"Products","item":"https:\/\/bertolinidirect.com\/products"},{"@type":"ListItem","position":3,"name":"Accessories","item":"https:\/\/bertolinidirect.com\/products\/accessories"},{"@type":"ListItem","position":4,"name":"Chair Leg Glides"}]},{"@type":"WebSite","@id":"https:\/\/bertolinidirect.com\/fr\/#website","url":"https:\/\/bertolinidirect.com\/fr\/","name":"Bertolini","description":"","potentialAction":[{"@type":"SearchAction","target":{"@type":"EntryPoint","urlTemplate":"https:\/\/bertolinidirect.com\/fr\/?s={search_term_string}"},"query-input":{"@type":"PropertyValueSpecification","valueRequired":true,"valueName":"search_term_string"}}],"inLanguage":"fr-CA"}]}},"_links":{"self":[{"href":"https:\/\/bertolinidirect.com\/fr\/wp-json\/wp\/v2\/product\/353","targetHints":{"allow":["GET"]}}],"collection":[{"href":"https:\/\/bertolinidirect.com\/fr\/wp-json\/wp\/v2\/product"}],"about":[{"href":"https:\/\/bertolinidirect.com\/fr\/wp-json\/wp\/v2\/types\/product"}],"wp:featuredmedia":[{"embeddable":true,"href":"https:\/\/bertolinidirect.com\/fr\/wp-json\/wp\/v2\/media\/24613"}],"wp:attachment":[{"href":"https:\/\/bertolinidirect.com\/fr\/wp-json\/wp\/v2\/media?parent=353"}],"wp:term":[{"taxonomy":"product_brand","embeddable":true,"href":"https:\/\/bertolinidirect.com\/fr\/wp-json\/wp\/v2\/product_brand?post=353"},{"taxonomy":"product_cat","embeddable":true,"href":"https:\/\/bertolinidirect.com\/fr\/wp-json\/wp\/v2\/product_cat?post=353"},{"taxonomy":"product_tag","embeddable":true,"href":"https:\/\/bertolinidirect.com\/fr\/wp-json\/wp\/v2\/product_tag?post=353"}],"curies":[{"name":"wp","href":"https:\/\/api.w.org\/{rel}","templated":true}]}}