{"id":349,"date":"2024-03-26T20:27:19","date_gmt":"2024-03-26T20:27:19","guid":{"rendered":"https:\/\/bertolinidirect.com\/?post_type=product&#038;p=349"},"modified":"2024-07-30T17:19:31","modified_gmt":"2024-07-30T17:19:31","slug":"aftermarket-bookrack","status":"publish","type":"product","link":"https:\/\/bertolinidirect.com\/fr\/products\/accessories\/aftermarket-bookrack","title":{"rendered":"Biblioth\u00e8que de rechange"},"content":{"rendered":"<p>Ce support \u00e0 livres de rechange avec acc\u00e8s arri\u00e8re offre suffisamment d&#039;espace pour accueillir un livre de taille moyenne ou deux petits livres. Il est souvent utilis\u00e9 comme support pour livres de cantiques ou pour contenir des documents et est indispensable dans de nombreuses congr\u00e9gations \u00e0 travers le monde.<\/p>\n<p>Vous pouvez installer vous-m\u00eame ce biblioth\u00e8que pour chaises d&#039;\u00e9glise sur vos chaises Bertolini existantes. Ce Bookrack est compatible avec les chaises sans accoudoirs de 20 pouces (50,8 cm) et de 22 pouces de largeur (55,8 cm).<\/p>\n<p><em>Remarque : Cet accessoire est con\u00e7u pour fonctionner avec les chaises fabriqu\u00e9es par Bertolini. Nous ne pouvons pas garantir qu&#039;il fonctionnera avec des chaises d&#039;autres fabricants. L&#039;utilisation avec des chaises non sp\u00e9cifi\u00e9es se fait aux risques et p\u00e9rils de l&#039;acheteur. Les clients poss\u00e9dant des chaises Bertolini existantes doivent appeler le service client pour confirmer qu&#039;elles conviendront. <\/em><\/p>","protected":false},"excerpt":{"rendered":"<p>This Aftermarket Bookrack with rear access provides enough room to accommodate\u202fone\u202fmedium or\u202ftwo\u202fsmall books. It is often used as a hymn book rack or to hold handouts and is indispensable in many congregations around the world. You can install this church chair bookrack yourself onto your existing Bertolini Chairs. This Bookrack is compatible with 20-inch\u202f(50.8 cm) [&hellip;]<\/p>\n","protected":false},"featured_media":350,"template":"","meta":{"_acf_changed":false},"product_brand":[],"product_cat":[52],"product_tag":[],"class_list":{"0":"post-349","1":"product","2":"type-product","3":"status-publish","4":"has-post-thumbnail","6":"product_cat-accessories","8":"first","9":"instock","10":"shipping-taxable","11":"purchasable","12":"product-type-simple"},"acf":[],"yoast_head":"<!-- This site is optimized with the Yoast SEO Premium plugin v24.2 (Yoast SEO v27.4) - https:\/\/yoast.com\/product\/yoast-seo-premium-wordpress\/ -->\n<title>Aftermarket Book Rack | Bertolini Church Chair Accessories<\/title>\n<meta name=\"description\" content=\"The Aftermarket Book Rack has a wire shelf design with a communion cup loop integrated. It mounts under the church chair for convenient access to books.\" \/>\n<meta name=\"robots\" content=\"index, follow, max-snippet:-1, max-image-preview:large, max-video-preview:-1\" \/>\n<link rel=\"canonical\" href=\"https:\/\/bertolinidirect.com\/fr\/products\/accessories\/aftermarket-bookrack\/\" \/>\n<meta property=\"og:locale\" content=\"fr_CA\" \/>\n<meta property=\"og:type\" content=\"article\" \/>\n<meta property=\"og:title\" content=\"Aftermarket Bookrack\" \/>\n<meta property=\"og:description\" content=\"The Aftermarket Book Rack has a wire shelf design with a communion cup loop integrated. It mounts under the church chair for convenient access to books.\" \/>\n<meta property=\"og:url\" content=\"https:\/\/bertolinidirect.com\/fr\/products\/accessories\/aftermarket-bookrack\/\" \/>\n<meta property=\"og:site_name\" content=\"Bertolini Direct\" \/>\n<meta property=\"article:modified_time\" content=\"2024-07-30T17:19:31+00:00\" \/>\n<meta property=\"og:image\" content=\"https:\/\/bertolinidirect.com\/wp-content\/uploads\/2024\/03\/Aftermarket-Bookrack.jpg\" \/>\n\t<meta property=\"og:image:width\" content=\"680\" \/>\n\t<meta property=\"og:image:height\" content=\"680\" \/>\n\t<meta property=\"og:image:type\" content=\"image\/jpeg\" \/>\n<meta name=\"twitter:card\" content=\"summary_large_image\" \/>\n<script type=\"application\/ld+json\" class=\"yoast-schema-graph\">{\"@context\":\"https:\\\/\\\/schema.org\",\"@graph\":[{\"@type\":\"WebPage\",\"@id\":\"https:\\\/\\\/bertolinidirect.com\\\/fr\\\/products\\\/accessories\\\/aftermarket-bookrack\",\"url\":\"https:\\\/\\\/bertolinidirect.com\\\/fr\\\/products\\\/accessories\\\/aftermarket-bookrack\",\"name\":\"Aftermarket Book Rack | Bertolini Church Chair Accessories\",\"isPartOf\":{\"@id\":\"https:\\\/\\\/bertolinidirect.com\\\/fr\\\/#website\"},\"primaryImageOfPage\":{\"@id\":\"https:\\\/\\\/bertolinidirect.com\\\/fr\\\/products\\\/accessories\\\/aftermarket-bookrack#primaryimage\"},\"image\":{\"@id\":\"https:\\\/\\\/bertolinidirect.com\\\/fr\\\/products\\\/accessories\\\/aftermarket-bookrack#primaryimage\"},\"thumbnailUrl\":\"https:\\\/\\\/bertolinidirect.com\\\/wp-content\\\/uploads\\\/2024\\\/03\\\/Aftermarket-Bookrack.jpg\",\"datePublished\":\"2024-03-26T20:27:19+00:00\",\"dateModified\":\"2024-07-30T17:19:31+00:00\",\"description\":\"The Aftermarket Book Rack has a wire shelf design with a communion cup loop integrated. It mounts under the church chair for convenient access to books.\",\"breadcrumb\":{\"@id\":\"https:\\\/\\\/bertolinidirect.com\\\/fr\\\/products\\\/accessories\\\/aftermarket-bookrack#breadcrumb\"},\"inLanguage\":\"fr-CA\",\"potentialAction\":[{\"@type\":\"ReadAction\",\"target\":[\"https:\\\/\\\/bertolinidirect.com\\\/fr\\\/products\\\/accessories\\\/aftermarket-bookrack\"]}]},{\"@type\":\"ImageObject\",\"inLanguage\":\"fr-CA\",\"@id\":\"https:\\\/\\\/bertolinidirect.com\\\/fr\\\/products\\\/accessories\\\/aftermarket-bookrack#primaryimage\",\"url\":\"https:\\\/\\\/bertolinidirect.com\\\/wp-content\\\/uploads\\\/2024\\\/03\\\/Aftermarket-Bookrack.jpg\",\"contentUrl\":\"https:\\\/\\\/bertolinidirect.com\\\/wp-content\\\/uploads\\\/2024\\\/03\\\/Aftermarket-Bookrack.jpg\",\"width\":680,\"height\":680,\"caption\":\"Aftermarket Bookrack\"},{\"@type\":\"BreadcrumbList\",\"@id\":\"https:\\\/\\\/bertolinidirect.com\\\/fr\\\/products\\\/accessories\\\/aftermarket-bookrack#breadcrumb\",\"itemListElement\":[{\"@type\":\"ListItem\",\"position\":1,\"name\":\"Home\",\"item\":\"https:\\\/\\\/bertolinidirect.com\\\/\"},{\"@type\":\"ListItem\",\"position\":2,\"name\":\"Products\",\"item\":\"https:\\\/\\\/bertolinidirect.com\\\/products\"},{\"@type\":\"ListItem\",\"position\":3,\"name\":\"Accessories\",\"item\":\"https:\\\/\\\/bertolinidirect.com\\\/products\\\/accessories\"},{\"@type\":\"ListItem\",\"position\":4,\"name\":\"Aftermarket Bookrack\"}]},{\"@type\":\"WebSite\",\"@id\":\"https:\\\/\\\/bertolinidirect.com\\\/fr\\\/#website\",\"url\":\"https:\\\/\\\/bertolinidirect.com\\\/fr\\\/\",\"name\":\"Bertolini\",\"description\":\"\",\"potentialAction\":[{\"@type\":\"SearchAction\",\"target\":{\"@type\":\"EntryPoint\",\"urlTemplate\":\"https:\\\/\\\/bertolinidirect.com\\\/fr\\\/?s={search_term_string}\"},\"query-input\":{\"@type\":\"PropertyValueSpecification\",\"valueRequired\":true,\"valueName\":\"search_term_string\"}}],\"inLanguage\":\"fr-CA\"}]}<\/script>\n<!-- \/ Yoast SEO Premium plugin. -->","yoast_head_json":{"title":"Support \u00e0 livres de rechange | Accessoires pour chaises d&#039;\u00e9glise Bertolini","description":"Le support \u00e0 livres Aftermarket a une conception d&#039;\u00e9tag\u00e8re en fil m\u00e9tallique avec une boucle pour tasse de communion int\u00e9gr\u00e9e. Il se monte sous la chaise de l&#039;\u00e9glise pour un acc\u00e8s pratique aux livres.","robots":{"index":"index","follow":"follow","max-snippet":"max-snippet:-1","max-image-preview":"max-image-preview:large","max-video-preview":"max-video-preview:-1"},"canonical":"https:\/\/bertolinidirect.com\/fr\/products\/accessories\/aftermarket-bookrack\/","og_locale":"fr_CA","og_type":"article","og_title":"Aftermarket Bookrack","og_description":"The Aftermarket Book Rack has a wire shelf design with a communion cup loop integrated. It mounts under the church chair for convenient access to books.","og_url":"https:\/\/bertolinidirect.com\/fr\/products\/accessories\/aftermarket-bookrack\/","og_site_name":"Bertolini Direct","article_modified_time":"2024-07-30T17:19:31+00:00","og_image":[{"width":680,"height":680,"url":"https:\/\/bertolinidirect.com\/wp-content\/uploads\/2024\/03\/Aftermarket-Bookrack.jpg","type":"image\/jpeg"}],"twitter_card":"summary_large_image","schema":{"@context":"https:\/\/schema.org","@graph":[{"@type":"WebPage","@id":"https:\/\/bertolinidirect.com\/fr\/products\/accessories\/aftermarket-bookrack","url":"https:\/\/bertolinidirect.com\/fr\/products\/accessories\/aftermarket-bookrack","name":"Support \u00e0 livres de rechange | Accessoires pour chaises d&#039;\u00e9glise Bertolini","isPartOf":{"@id":"https:\/\/bertolinidirect.com\/fr\/#website"},"primaryImageOfPage":{"@id":"https:\/\/bertolinidirect.com\/fr\/products\/accessories\/aftermarket-bookrack#primaryimage"},"image":{"@id":"https:\/\/bertolinidirect.com\/fr\/products\/accessories\/aftermarket-bookrack#primaryimage"},"thumbnailUrl":"https:\/\/bertolinidirect.com\/wp-content\/uploads\/2024\/03\/Aftermarket-Bookrack.jpg","datePublished":"2024-03-26T20:27:19+00:00","dateModified":"2024-07-30T17:19:31+00:00","description":"Le support \u00e0 livres Aftermarket a une conception d&#039;\u00e9tag\u00e8re en fil m\u00e9tallique avec une boucle pour tasse de communion int\u00e9gr\u00e9e. Il se monte sous la chaise de l&#039;\u00e9glise pour un acc\u00e8s pratique aux livres.","breadcrumb":{"@id":"https:\/\/bertolinidirect.com\/fr\/products\/accessories\/aftermarket-bookrack#breadcrumb"},"inLanguage":"fr-CA","potentialAction":[{"@type":"ReadAction","target":["https:\/\/bertolinidirect.com\/fr\/products\/accessories\/aftermarket-bookrack"]}]},{"@type":"ImageObject","inLanguage":"fr-CA","@id":"https:\/\/bertolinidirect.com\/fr\/products\/accessories\/aftermarket-bookrack#primaryimage","url":"https:\/\/bertolinidirect.com\/wp-content\/uploads\/2024\/03\/Aftermarket-Bookrack.jpg","contentUrl":"https:\/\/bertolinidirect.com\/wp-content\/uploads\/2024\/03\/Aftermarket-Bookrack.jpg","width":680,"height":680,"caption":"Aftermarket Bookrack"},{"@type":"BreadcrumbList","@id":"https:\/\/bertolinidirect.com\/fr\/products\/accessories\/aftermarket-bookrack#breadcrumb","itemListElement":[{"@type":"ListItem","position":1,"name":"Home","item":"https:\/\/bertolinidirect.com\/"},{"@type":"ListItem","position":2,"name":"Products","item":"https:\/\/bertolinidirect.com\/products"},{"@type":"ListItem","position":3,"name":"Accessories","item":"https:\/\/bertolinidirect.com\/products\/accessories"},{"@type":"ListItem","position":4,"name":"Aftermarket Bookrack"}]},{"@type":"WebSite","@id":"https:\/\/bertolinidirect.com\/fr\/#website","url":"https:\/\/bertolinidirect.com\/fr\/","name":"Bertolini","description":"","potentialAction":[{"@type":"SearchAction","target":{"@type":"EntryPoint","urlTemplate":"https:\/\/bertolinidirect.com\/fr\/?s={search_term_string}"},"query-input":{"@type":"PropertyValueSpecification","valueRequired":true,"valueName":"search_term_string"}}],"inLanguage":"fr-CA"}]}},"_links":{"self":[{"href":"https:\/\/bertolinidirect.com\/fr\/wp-json\/wp\/v2\/product\/349","targetHints":{"allow":["GET"]}}],"collection":[{"href":"https:\/\/bertolinidirect.com\/fr\/wp-json\/wp\/v2\/product"}],"about":[{"href":"https:\/\/bertolinidirect.com\/fr\/wp-json\/wp\/v2\/types\/product"}],"wp:featuredmedia":[{"embeddable":true,"href":"https:\/\/bertolinidirect.com\/fr\/wp-json\/wp\/v2\/media\/350"}],"wp:attachment":[{"href":"https:\/\/bertolinidirect.com\/fr\/wp-json\/wp\/v2\/media?parent=349"}],"wp:term":[{"taxonomy":"product_brand","embeddable":true,"href":"https:\/\/bertolinidirect.com\/fr\/wp-json\/wp\/v2\/product_brand?post=349"},{"taxonomy":"product_cat","embeddable":true,"href":"https:\/\/bertolinidirect.com\/fr\/wp-json\/wp\/v2\/product_cat?post=349"},{"taxonomy":"product_tag","embeddable":true,"href":"https:\/\/bertolinidirect.com\/fr\/wp-json\/wp\/v2\/product_tag?post=349"}],"curies":[{"name":"wp","href":"https:\/\/api.w.org\/{rel}","templated":true}]}}