{"id":342,"date":"2024-03-26T20:03:18","date_gmt":"2024-03-26T20:03:18","guid":{"rendered":"https:\/\/bertolinidirect.com\/?post_type=product&#038;p=342"},"modified":"2024-07-30T17:19:41","modified_gmt":"2024-07-30T17:19:41","slug":"card-and-cup-holder","status":"publish","type":"product","link":"https:\/\/bertolinidirect.com\/fr\/products\/accessories\/card-and-cup-holder","title":{"rendered":"Porte-cartes et gobelets"},"content":{"rendered":"<p>Ce porte-cartes et gobelet ajoute de la fonctionnalit\u00e9 aux chaises d\u2019\u00e9glise. Il offre de la place pour deux stylos\/crayons, six (6) cartes de visite, des enveloppes de dons, une coupe de communion et d&#039;autres mat\u00e9riaux jusqu&#039;\u00e0 8,75 pouces (22,2 cm) de largeur. La boucle rabattable pour les gobelets de communion aidera \u00e0 emp\u00eacher les gobelets en plastique \u00e9cras\u00e9s de salir votre sanctuaire ou votre auditorium.<\/p>\n<p>Nous avons con\u00e7u cet accessoire unique pour s&#039;adapter aux dossiers de chaises rembourr\u00e9s \u00e0 la fois droits et profil\u00e9s. Le porte-cartes et le porte-gobelet peuvent \u00eatre ajout\u00e9s \u00e0 n&#039;importe quelle chaise d&#039;\u00e9glise Bertolini.<\/p>\n<h2>instructions d&#039;installation<\/h2>\n<p>Utilisez le guide pratique de Bertolini pour installer avec succ\u00e8s l&#039;accessoire porte-cartes et porte-gobelet. <a href=\"https:\/\/bertolinidirect.com\/wp-content\/uploads\/2024\/07\/Card-Cup_Holder_Instructions.pdf\">T\u00e9l\u00e9chargez les mod\u00e8les d&#039;installation ici<\/a>.<\/p>\n<p><em>Remarque : cet accessoire est con\u00e7u pour fonctionner avec les chaises fabriqu\u00e9es par Bertolini. Nous ne pouvons pas garantir qu&#039;il fonctionnera avec des chaises d&#039;autres fabricants. L&#039;utilisation avec des chaises non sp\u00e9cifi\u00e9es se fait aux risques et p\u00e9rils de l&#039;acheteur. Les clients poss\u00e9dant des chaises Bertolini existantes doivent appeler le service client pour confirmer que la carte et le porte-gobelet seront adapt\u00e9s. <\/em><\/p>","protected":false},"excerpt":{"rendered":"<p>This Card and Cup Holder adds functionality to church chairs. It provides room for two pens\/pencils, six (6) business cards, donation envelopes, a communion cup, and other materials up to 8.75 inches (22.2 cm) wide. The flip-down loop for communion cups will help prevent crushed plastic cups from littering your sanctuary or auditorium. We\u2019ve designed [&hellip;]<\/p>\n","protected":false},"featured_media":346,"template":"","meta":{"_acf_changed":false},"product_brand":[],"product_cat":[52],"product_tag":[],"class_list":{"0":"post-342","1":"product","2":"type-product","3":"status-publish","4":"has-post-thumbnail","6":"product_cat-accessories","8":"first","9":"instock","10":"shipping-taxable","11":"purchasable","12":"product-type-simple"},"acf":[],"yoast_head":"<!-- This site is optimized with the Yoast SEO Premium plugin v24.2 (Yoast SEO v27.1.1) - https:\/\/yoast.com\/product\/yoast-seo-premium-wordpress\/ -->\n<title>Card and Cup Holder | Bertolini Church Chair Accessories<\/title>\n<meta name=\"description\" content=\"The Card and Cup Holder is designed to hold your cards and communion cup. It fits snuggly on the back of the church chairs so it can easily stack and store.\" \/>\n<meta name=\"robots\" content=\"index, follow, max-snippet:-1, max-image-preview:large, max-video-preview:-1\" \/>\n<link rel=\"canonical\" href=\"https:\/\/bertolinidirect.com\/fr\/products\/accessories\/card-and-cup-holder\/\" \/>\n<meta property=\"og:locale\" content=\"fr_CA\" \/>\n<meta property=\"og:type\" content=\"article\" \/>\n<meta property=\"og:title\" content=\"Card and Cup Holder\" \/>\n<meta property=\"og:description\" content=\"The Card and Cup Holder is designed to hold your cards and communion cup. It fits snuggly on the back of the church chairs so it can easily stack and store.\" \/>\n<meta property=\"og:url\" content=\"https:\/\/bertolinidirect.com\/fr\/products\/accessories\/card-and-cup-holder\/\" \/>\n<meta property=\"og:site_name\" content=\"Bertolini Direct\" \/>\n<meta property=\"article:modified_time\" content=\"2024-07-30T17:19:41+00:00\" \/>\n<meta property=\"og:image\" content=\"https:\/\/bertolinidirect.com\/wp-content\/uploads\/2024\/03\/Card-Pencil-Communion-Cup-Holder-1.jpg\" \/>\n\t<meta property=\"og:image:width\" content=\"680\" \/>\n\t<meta property=\"og:image:height\" content=\"680\" \/>\n\t<meta property=\"og:image:type\" content=\"image\/jpeg\" \/>\n<meta name=\"twitter:card\" content=\"summary_large_image\" \/>\n<script type=\"application\/ld+json\" class=\"yoast-schema-graph\">{\"@context\":\"https:\/\/schema.org\",\"@graph\":[{\"@type\":\"WebPage\",\"@id\":\"https:\/\/bertolinidirect.com\/fr\/products\/accessories\/card-and-cup-holder\",\"url\":\"https:\/\/bertolinidirect.com\/fr\/products\/accessories\/card-and-cup-holder\",\"name\":\"Card and Cup Holder | Bertolini Church Chair Accessories\",\"isPartOf\":{\"@id\":\"https:\/\/bertolinidirect.com\/fr\/#website\"},\"primaryImageOfPage\":{\"@id\":\"https:\/\/bertolinidirect.com\/fr\/products\/accessories\/card-and-cup-holder#primaryimage\"},\"image\":{\"@id\":\"https:\/\/bertolinidirect.com\/fr\/products\/accessories\/card-and-cup-holder#primaryimage\"},\"thumbnailUrl\":\"https:\/\/bertolinidirect.com\/wp-content\/uploads\/2024\/03\/Card-Pencil-Communion-Cup-Holder-1.jpg\",\"datePublished\":\"2024-03-26T20:03:18+00:00\",\"dateModified\":\"2024-07-30T17:19:41+00:00\",\"description\":\"The Card and Cup Holder is designed to hold your cards and communion cup. It fits snuggly on the back of the church chairs so it can easily stack and store.\",\"breadcrumb\":{\"@id\":\"https:\/\/bertolinidirect.com\/fr\/products\/accessories\/card-and-cup-holder#breadcrumb\"},\"inLanguage\":\"fr-CA\",\"potentialAction\":[{\"@type\":\"ReadAction\",\"target\":[\"https:\/\/bertolinidirect.com\/fr\/products\/accessories\/card-and-cup-holder\"]}]},{\"@type\":\"ImageObject\",\"inLanguage\":\"fr-CA\",\"@id\":\"https:\/\/bertolinidirect.com\/fr\/products\/accessories\/card-and-cup-holder#primaryimage\",\"url\":\"https:\/\/bertolinidirect.com\/wp-content\/uploads\/2024\/03\/Card-Pencil-Communion-Cup-Holder-1.jpg\",\"contentUrl\":\"https:\/\/bertolinidirect.com\/wp-content\/uploads\/2024\/03\/Card-Pencil-Communion-Cup-Holder-1.jpg\",\"width\":680,\"height\":680,\"caption\":\"Card and Cup Holder\"},{\"@type\":\"BreadcrumbList\",\"@id\":\"https:\/\/bertolinidirect.com\/fr\/products\/accessories\/card-and-cup-holder#breadcrumb\",\"itemListElement\":[{\"@type\":\"ListItem\",\"position\":1,\"name\":\"Home\",\"item\":\"https:\/\/bertolinidirect.com\/\"},{\"@type\":\"ListItem\",\"position\":2,\"name\":\"Products\",\"item\":\"https:\/\/bertolinidirect.com\/products\"},{\"@type\":\"ListItem\",\"position\":3,\"name\":\"Accessories\",\"item\":\"https:\/\/bertolinidirect.com\/products\/accessories\"},{\"@type\":\"ListItem\",\"position\":4,\"name\":\"Card and Cup Holder\"}]},{\"@type\":\"WebSite\",\"@id\":\"https:\/\/bertolinidirect.com\/fr\/#website\",\"url\":\"https:\/\/bertolinidirect.com\/fr\/\",\"name\":\"Bertolini\",\"description\":\"\",\"potentialAction\":[{\"@type\":\"SearchAction\",\"target\":{\"@type\":\"EntryPoint\",\"urlTemplate\":\"https:\/\/bertolinidirect.com\/fr\/?s={search_term_string}\"},\"query-input\":{\"@type\":\"PropertyValueSpecification\",\"valueRequired\":true,\"valueName\":\"search_term_string\"}}],\"inLanguage\":\"fr-CA\"}]}<\/script>\n<!-- \/ Yoast SEO Premium plugin. -->","yoast_head_json":{"title":"Porte-cartes et gobelets | Accessoires pour chaises d&#039;\u00e9glise Bertolini","description":"Le porte-cartes et gobelets est con\u00e7u pour contenir vos cartes et votre gobelet de communion. Il s&#039;adapte parfaitement au dossier des chaises d&#039;\u00e9glise afin de pouvoir facilement \u00eatre empil\u00e9 et rang\u00e9.","robots":{"index":"index","follow":"follow","max-snippet":"max-snippet:-1","max-image-preview":"max-image-preview:large","max-video-preview":"max-video-preview:-1"},"canonical":"https:\/\/bertolinidirect.com\/fr\/products\/accessories\/card-and-cup-holder\/","og_locale":"fr_CA","og_type":"article","og_title":"Card and Cup Holder","og_description":"The Card and Cup Holder is designed to hold your cards and communion cup. It fits snuggly on the back of the church chairs so it can easily stack and store.","og_url":"https:\/\/bertolinidirect.com\/fr\/products\/accessories\/card-and-cup-holder\/","og_site_name":"Bertolini Direct","article_modified_time":"2024-07-30T17:19:41+00:00","og_image":[{"width":680,"height":680,"url":"https:\/\/bertolinidirect.com\/wp-content\/uploads\/2024\/03\/Card-Pencil-Communion-Cup-Holder-1.jpg","type":"image\/jpeg"}],"twitter_card":"summary_large_image","schema":{"@context":"https:\/\/schema.org","@graph":[{"@type":"WebPage","@id":"https:\/\/bertolinidirect.com\/fr\/products\/accessories\/card-and-cup-holder","url":"https:\/\/bertolinidirect.com\/fr\/products\/accessories\/card-and-cup-holder","name":"Porte-cartes et gobelets | Accessoires pour chaises d&#039;\u00e9glise Bertolini","isPartOf":{"@id":"https:\/\/bertolinidirect.com\/fr\/#website"},"primaryImageOfPage":{"@id":"https:\/\/bertolinidirect.com\/fr\/products\/accessories\/card-and-cup-holder#primaryimage"},"image":{"@id":"https:\/\/bertolinidirect.com\/fr\/products\/accessories\/card-and-cup-holder#primaryimage"},"thumbnailUrl":"https:\/\/bertolinidirect.com\/wp-content\/uploads\/2024\/03\/Card-Pencil-Communion-Cup-Holder-1.jpg","datePublished":"2024-03-26T20:03:18+00:00","dateModified":"2024-07-30T17:19:41+00:00","description":"Le porte-cartes et gobelets est con\u00e7u pour contenir vos cartes et votre gobelet de communion. Il s&#039;adapte parfaitement au dossier des chaises d&#039;\u00e9glise afin de pouvoir facilement \u00eatre empil\u00e9 et rang\u00e9.","breadcrumb":{"@id":"https:\/\/bertolinidirect.com\/fr\/products\/accessories\/card-and-cup-holder#breadcrumb"},"inLanguage":"fr-CA","potentialAction":[{"@type":"ReadAction","target":["https:\/\/bertolinidirect.com\/fr\/products\/accessories\/card-and-cup-holder"]}]},{"@type":"ImageObject","inLanguage":"fr-CA","@id":"https:\/\/bertolinidirect.com\/fr\/products\/accessories\/card-and-cup-holder#primaryimage","url":"https:\/\/bertolinidirect.com\/wp-content\/uploads\/2024\/03\/Card-Pencil-Communion-Cup-Holder-1.jpg","contentUrl":"https:\/\/bertolinidirect.com\/wp-content\/uploads\/2024\/03\/Card-Pencil-Communion-Cup-Holder-1.jpg","width":680,"height":680,"caption":"Card and Cup Holder"},{"@type":"BreadcrumbList","@id":"https:\/\/bertolinidirect.com\/fr\/products\/accessories\/card-and-cup-holder#breadcrumb","itemListElement":[{"@type":"ListItem","position":1,"name":"Home","item":"https:\/\/bertolinidirect.com\/"},{"@type":"ListItem","position":2,"name":"Products","item":"https:\/\/bertolinidirect.com\/products"},{"@type":"ListItem","position":3,"name":"Accessories","item":"https:\/\/bertolinidirect.com\/products\/accessories"},{"@type":"ListItem","position":4,"name":"Card and Cup Holder"}]},{"@type":"WebSite","@id":"https:\/\/bertolinidirect.com\/fr\/#website","url":"https:\/\/bertolinidirect.com\/fr\/","name":"Bertolini","description":"","potentialAction":[{"@type":"SearchAction","target":{"@type":"EntryPoint","urlTemplate":"https:\/\/bertolinidirect.com\/fr\/?s={search_term_string}"},"query-input":{"@type":"PropertyValueSpecification","valueRequired":true,"valueName":"search_term_string"}}],"inLanguage":"fr-CA"}]}},"_links":{"self":[{"href":"https:\/\/bertolinidirect.com\/fr\/wp-json\/wp\/v2\/product\/342","targetHints":{"allow":["GET"]}}],"collection":[{"href":"https:\/\/bertolinidirect.com\/fr\/wp-json\/wp\/v2\/product"}],"about":[{"href":"https:\/\/bertolinidirect.com\/fr\/wp-json\/wp\/v2\/types\/product"}],"wp:featuredmedia":[{"embeddable":true,"href":"https:\/\/bertolinidirect.com\/fr\/wp-json\/wp\/v2\/media\/346"}],"wp:attachment":[{"href":"https:\/\/bertolinidirect.com\/fr\/wp-json\/wp\/v2\/media?parent=342"}],"wp:term":[{"taxonomy":"product_brand","embeddable":true,"href":"https:\/\/bertolinidirect.com\/fr\/wp-json\/wp\/v2\/product_brand?post=342"},{"taxonomy":"product_cat","embeddable":true,"href":"https:\/\/bertolinidirect.com\/fr\/wp-json\/wp\/v2\/product_cat?post=342"},{"taxonomy":"product_tag","embeddable":true,"href":"https:\/\/bertolinidirect.com\/fr\/wp-json\/wp\/v2\/product_tag?post=342"}],"curies":[{"name":"wp","href":"https:\/\/api.w.org\/{rel}","templated":true}]}}