{"id":341,"date":"2024-03-26T19:56:01","date_gmt":"2024-03-26T19:56:01","guid":{"rendered":"https:\/\/bertolinidirect.com\/?post_type=product&#038;p=341"},"modified":"2025-05-09T16:22:04","modified_gmt":"2025-05-09T16:22:04","slug":"standard-church-chair-dolly","status":"publish","type":"product","link":"https:\/\/bertolinidirect.com\/fr\/products\/carts\/standard-church-chair-dolly","title":{"rendered":"Chariot de chaise d&#039;\u00e9glise standard"},"content":{"rendered":"<p>Le chariot de chaise d\u2019\u00e9glise standard est abordable et facile \u00e0 utiliser. C&#039;est un moyen efficace de transporter des piles de chaises d&#039;\u00e9glise. Vous aurez besoin d&#039;au moins un de ces chariots pour vous aider \u00e0 empiler, d\u00e9placer et ranger vos chaises d&#039;\u00e9glise Bertolini.<\/p>\n<p>Pour l&#039;utiliser, faites simplement glisser les supports avant sous les pieds arri\u00e8re de la chaise sur une pile de chaises. Tout en appliquant une main stabilisatrice \u00e0 l&#039;avant de la pile, penchez-vous doucement en arri\u00e8re pour engager les roues, puis poussez jusqu&#039;\u00e0 l&#039;emplacement souhait\u00e9. Une deuxi\u00e8me personne peut \u00eatre utile pour utiliser ce chariot de chaise.<\/p>\n<p>Avec un cadre en acier thermolaqu\u00e9, ce chariot pour chaise d&#039;\u00e9glise est con\u00e7u pour durer. Chaque chariot peut d\u00e9placer en toute s\u00e9curit\u00e9 une pile de 6 fauteuils ou 8 chaises d&#039;\u00e9glise Bertolini \u00e0 la fois. Tous les chariots Bertolini sont fabriqu\u00e9s aux \u00c9tats-Unis, ce qui signifie une livraison rapide et des mat\u00e9riaux de haute qualit\u00e9.<\/p>","protected":false},"excerpt":{"rendered":"<p>The Standard Church Chair Dolly is affordable and easy to use. It\u2019s an efficient way to transport stacks of church chairs. You\u2019ll need at least one of these dollies to help you stack, move, and store your Bertolini Church Chairs. To use, simply slide the front supports underneath the back chair legs on a stack [&hellip;]<\/p>\n","protected":false},"featured_media":332,"template":"","meta":{"_acf_changed":false},"product_brand":[],"product_cat":[53],"product_tag":[],"class_list":{"0":"post-341","1":"product","2":"type-product","3":"status-publish","4":"has-post-thumbnail","6":"product_cat-carts","8":"first","9":"instock","10":"shipping-taxable","11":"purchasable","12":"product-type-simple"},"acf":[],"yoast_head":"<!-- This site is optimized with the Yoast SEO Premium plugin v24.2 (Yoast SEO v27.4) - https:\/\/yoast.com\/product\/yoast-seo-premium-wordpress\/ -->\n<title>Standard Worship Dolly | Bertolini Church Chair Carts<\/title>\n<meta name=\"description\" content=\"You&#039;ll need at least one of these dollies to help you stack, move, and store your church chairs. It&#039;s the best way to effortlessly &amp; safely transport them.\" \/>\n<meta name=\"robots\" content=\"index, follow, max-snippet:-1, max-image-preview:large, max-video-preview:-1\" \/>\n<link rel=\"canonical\" href=\"https:\/\/bertolinidirect.com\/fr\/products\/carts\/standard-church-chair-dolly\/\" \/>\n<meta property=\"og:locale\" content=\"fr_CA\" \/>\n<meta property=\"og:type\" content=\"article\" \/>\n<meta property=\"og:title\" content=\"Standard Church Chair Dolly\" \/>\n<meta property=\"og:description\" content=\"You&#039;ll need at least one of these dollies to help you stack, move, and store your church chairs. It&#039;s the best way to effortlessly &amp; safely transport them.\" \/>\n<meta property=\"og:url\" content=\"https:\/\/bertolinidirect.com\/fr\/products\/carts\/standard-church-chair-dolly\/\" \/>\n<meta property=\"og:site_name\" content=\"Bertolini Direct\" \/>\n<meta property=\"article:modified_time\" content=\"2025-05-09T16:22:04+00:00\" \/>\n<meta property=\"og:image\" content=\"https:\/\/bertolinidirect.com\/wp-content\/uploads\/2024\/03\/Bertolini_2-Wheel_Cart_LOADED_SHADOW.jpg\" \/>\n\t<meta property=\"og:image:width\" content=\"680\" \/>\n\t<meta property=\"og:image:height\" content=\"680\" \/>\n\t<meta property=\"og:image:type\" content=\"image\/jpeg\" \/>\n<meta name=\"twitter:card\" content=\"summary_large_image\" \/>\n<script type=\"application\/ld+json\" class=\"yoast-schema-graph\">{\"@context\":\"https:\\\/\\\/schema.org\",\"@graph\":[{\"@type\":\"WebPage\",\"@id\":\"https:\\\/\\\/bertolinidirect.com\\\/fr\\\/products\\\/carts\\\/standard-church-chair-dolly\",\"url\":\"https:\\\/\\\/bertolinidirect.com\\\/fr\\\/products\\\/carts\\\/standard-church-chair-dolly\",\"name\":\"Standard Worship Dolly | Bertolini Church Chair Carts\",\"isPartOf\":{\"@id\":\"https:\\\/\\\/bertolinidirect.com\\\/fr\\\/#website\"},\"primaryImageOfPage\":{\"@id\":\"https:\\\/\\\/bertolinidirect.com\\\/fr\\\/products\\\/carts\\\/standard-church-chair-dolly#primaryimage\"},\"image\":{\"@id\":\"https:\\\/\\\/bertolinidirect.com\\\/fr\\\/products\\\/carts\\\/standard-church-chair-dolly#primaryimage\"},\"thumbnailUrl\":\"https:\\\/\\\/bertolinidirect.com\\\/wp-content\\\/uploads\\\/2024\\\/03\\\/Bertolini_2-Wheel_Cart_LOADED_SHADOW.jpg\",\"datePublished\":\"2024-03-26T19:56:01+00:00\",\"dateModified\":\"2025-05-09T16:22:04+00:00\",\"description\":\"You'll need at least one of these dollies to help you stack, move, and store your church chairs. It's the best way to effortlessly & safely transport them.\",\"breadcrumb\":{\"@id\":\"https:\\\/\\\/bertolinidirect.com\\\/fr\\\/products\\\/carts\\\/standard-church-chair-dolly#breadcrumb\"},\"inLanguage\":\"fr-CA\",\"potentialAction\":[{\"@type\":\"ReadAction\",\"target\":[\"https:\\\/\\\/bertolinidirect.com\\\/fr\\\/products\\\/carts\\\/standard-church-chair-dolly\"]}]},{\"@type\":\"ImageObject\",\"inLanguage\":\"fr-CA\",\"@id\":\"https:\\\/\\\/bertolinidirect.com\\\/fr\\\/products\\\/carts\\\/standard-church-chair-dolly#primaryimage\",\"url\":\"https:\\\/\\\/bertolinidirect.com\\\/wp-content\\\/uploads\\\/2024\\\/03\\\/Bertolini_2-Wheel_Cart_LOADED_SHADOW.jpg\",\"contentUrl\":\"https:\\\/\\\/bertolinidirect.com\\\/wp-content\\\/uploads\\\/2024\\\/03\\\/Bertolini_2-Wheel_Cart_LOADED_SHADOW.jpg\",\"width\":680,\"height\":680,\"caption\":\"Standard Church Chair Dolly\"},{\"@type\":\"BreadcrumbList\",\"@id\":\"https:\\\/\\\/bertolinidirect.com\\\/fr\\\/products\\\/carts\\\/standard-church-chair-dolly#breadcrumb\",\"itemListElement\":[{\"@type\":\"ListItem\",\"position\":1,\"name\":\"Home\",\"item\":\"https:\\\/\\\/bertolinidirect.com\\\/\"},{\"@type\":\"ListItem\",\"position\":2,\"name\":\"Products\",\"item\":\"https:\\\/\\\/bertolinidirect.com\\\/products\"},{\"@type\":\"ListItem\",\"position\":3,\"name\":\"Carts\",\"item\":\"https:\\\/\\\/bertolinidirect.com\\\/products\\\/carts\"},{\"@type\":\"ListItem\",\"position\":4,\"name\":\"Standard Church Chair Dolly\"}]},{\"@type\":\"WebSite\",\"@id\":\"https:\\\/\\\/bertolinidirect.com\\\/fr\\\/#website\",\"url\":\"https:\\\/\\\/bertolinidirect.com\\\/fr\\\/\",\"name\":\"Bertolini\",\"description\":\"\",\"potentialAction\":[{\"@type\":\"SearchAction\",\"target\":{\"@type\":\"EntryPoint\",\"urlTemplate\":\"https:\\\/\\\/bertolinidirect.com\\\/fr\\\/?s={search_term_string}\"},\"query-input\":{\"@type\":\"PropertyValueSpecification\",\"valueRequired\":true,\"valueName\":\"search_term_string\"}}],\"inLanguage\":\"fr-CA\"}]}<\/script>\n<!-- \/ Yoast SEO Premium plugin. -->","yoast_head_json":{"title":"Chariot de culte standard | Chariots pour chaises d&#039;\u00e9glise Bertolini","description":"Vous aurez besoin d&#039;au moins un de ces chariots pour vous aider \u00e0 empiler, d\u00e9placer et ranger vos chaises d&#039;\u00e9glise. C&#039;est le meilleur moyen de les transporter sans effort et en toute s\u00e9curit\u00e9.","robots":{"index":"index","follow":"follow","max-snippet":"max-snippet:-1","max-image-preview":"max-image-preview:large","max-video-preview":"max-video-preview:-1"},"canonical":"https:\/\/bertolinidirect.com\/fr\/products\/carts\/standard-church-chair-dolly\/","og_locale":"fr_CA","og_type":"article","og_title":"Standard Church Chair Dolly","og_description":"You'll need at least one of these dollies to help you stack, move, and store your church chairs. It's the best way to effortlessly & safely transport them.","og_url":"https:\/\/bertolinidirect.com\/fr\/products\/carts\/standard-church-chair-dolly\/","og_site_name":"Bertolini Direct","article_modified_time":"2025-05-09T16:22:04+00:00","og_image":[{"width":680,"height":680,"url":"https:\/\/bertolinidirect.com\/wp-content\/uploads\/2024\/03\/Bertolini_2-Wheel_Cart_LOADED_SHADOW.jpg","type":"image\/jpeg"}],"twitter_card":"summary_large_image","schema":{"@context":"https:\/\/schema.org","@graph":[{"@type":"WebPage","@id":"https:\/\/bertolinidirect.com\/fr\/products\/carts\/standard-church-chair-dolly","url":"https:\/\/bertolinidirect.com\/fr\/products\/carts\/standard-church-chair-dolly","name":"Chariot de culte standard | Chariots pour chaises d&#039;\u00e9glise Bertolini","isPartOf":{"@id":"https:\/\/bertolinidirect.com\/fr\/#website"},"primaryImageOfPage":{"@id":"https:\/\/bertolinidirect.com\/fr\/products\/carts\/standard-church-chair-dolly#primaryimage"},"image":{"@id":"https:\/\/bertolinidirect.com\/fr\/products\/carts\/standard-church-chair-dolly#primaryimage"},"thumbnailUrl":"https:\/\/bertolinidirect.com\/wp-content\/uploads\/2024\/03\/Bertolini_2-Wheel_Cart_LOADED_SHADOW.jpg","datePublished":"2024-03-26T19:56:01+00:00","dateModified":"2025-05-09T16:22:04+00:00","description":"Vous aurez besoin d&#039;au moins un de ces chariots pour vous aider \u00e0 empiler, d\u00e9placer et ranger vos chaises d&#039;\u00e9glise. C&#039;est le meilleur moyen de les transporter sans effort et en toute s\u00e9curit\u00e9.","breadcrumb":{"@id":"https:\/\/bertolinidirect.com\/fr\/products\/carts\/standard-church-chair-dolly#breadcrumb"},"inLanguage":"fr-CA","potentialAction":[{"@type":"ReadAction","target":["https:\/\/bertolinidirect.com\/fr\/products\/carts\/standard-church-chair-dolly"]}]},{"@type":"ImageObject","inLanguage":"fr-CA","@id":"https:\/\/bertolinidirect.com\/fr\/products\/carts\/standard-church-chair-dolly#primaryimage","url":"https:\/\/bertolinidirect.com\/wp-content\/uploads\/2024\/03\/Bertolini_2-Wheel_Cart_LOADED_SHADOW.jpg","contentUrl":"https:\/\/bertolinidirect.com\/wp-content\/uploads\/2024\/03\/Bertolini_2-Wheel_Cart_LOADED_SHADOW.jpg","width":680,"height":680,"caption":"Standard Church Chair Dolly"},{"@type":"BreadcrumbList","@id":"https:\/\/bertolinidirect.com\/fr\/products\/carts\/standard-church-chair-dolly#breadcrumb","itemListElement":[{"@type":"ListItem","position":1,"name":"Home","item":"https:\/\/bertolinidirect.com\/"},{"@type":"ListItem","position":2,"name":"Products","item":"https:\/\/bertolinidirect.com\/products"},{"@type":"ListItem","position":3,"name":"Carts","item":"https:\/\/bertolinidirect.com\/products\/carts"},{"@type":"ListItem","position":4,"name":"Standard Church Chair Dolly"}]},{"@type":"WebSite","@id":"https:\/\/bertolinidirect.com\/fr\/#website","url":"https:\/\/bertolinidirect.com\/fr\/","name":"Bertolini","description":"","potentialAction":[{"@type":"SearchAction","target":{"@type":"EntryPoint","urlTemplate":"https:\/\/bertolinidirect.com\/fr\/?s={search_term_string}"},"query-input":{"@type":"PropertyValueSpecification","valueRequired":true,"valueName":"search_term_string"}}],"inLanguage":"fr-CA"}]}},"_links":{"self":[{"href":"https:\/\/bertolinidirect.com\/fr\/wp-json\/wp\/v2\/product\/341","targetHints":{"allow":["GET"]}}],"collection":[{"href":"https:\/\/bertolinidirect.com\/fr\/wp-json\/wp\/v2\/product"}],"about":[{"href":"https:\/\/bertolinidirect.com\/fr\/wp-json\/wp\/v2\/types\/product"}],"wp:featuredmedia":[{"embeddable":true,"href":"https:\/\/bertolinidirect.com\/fr\/wp-json\/wp\/v2\/media\/332"}],"wp:attachment":[{"href":"https:\/\/bertolinidirect.com\/fr\/wp-json\/wp\/v2\/media?parent=341"}],"wp:term":[{"taxonomy":"product_brand","embeddable":true,"href":"https:\/\/bertolinidirect.com\/fr\/wp-json\/wp\/v2\/product_brand?post=341"},{"taxonomy":"product_cat","embeddable":true,"href":"https:\/\/bertolinidirect.com\/fr\/wp-json\/wp\/v2\/product_cat?post=341"},{"taxonomy":"product_tag","embeddable":true,"href":"https:\/\/bertolinidirect.com\/fr\/wp-json\/wp\/v2\/product_tag?post=341"}],"curies":[{"name":"wp","href":"https:\/\/api.w.org\/{rel}","templated":true}]}}