{"id":328,"date":"2024-03-26T19:45:57","date_gmt":"2024-03-26T19:45:57","guid":{"rendered":"https:\/\/bertolinidirect.com\/?post_type=product&#038;p=328"},"modified":"2025-07-09T18:23:41","modified_gmt":"2025-07-09T18:23:41","slug":"heavy-duty-5-wheel-chair-dolly","status":"publish","type":"product","link":"https:\/\/bertolinidirect.com\/fr\/products\/carts\/heavy-duty-5-wheel-chair-dolly","title":{"rendered":"Chariot robuste pour chaise \u00e0 5 roues"},"content":{"rendered":"<p>Ce chariot de chaise robuste vous aidera \u00e0 d\u00e9placer facilement des piles de chaises Bertolini. Faites simplement glisser l&#039;avant du chariot sous une pile de chaises, puis inclinez le chariot vers l&#039;arri\u00e8re. Nous avons con\u00e7u le chariot pour qu&#039;il n\u00e9cessite un minimum de force pour le d\u00e9placer, prot\u00e9geant ainsi votre \u00e9quipe des maux de dos.<\/p>\n<p>Vous pouvez d\u00e9placer une pile de 8 chaises d&#039;\u00e9glise standard ou 6 fauteuils avec ce chariot de chaise. Il est facile \u00e0 man\u0153uvrer et constitue un moyen rapide et pratique de transporter et de ranger les chaises sans causer de risques pour la s\u00e9curit\u00e9 ni endommager les chaises.<\/p>\n<p>Tous les chariots Bertolini sont fabriqu\u00e9s aux \u00c9tats-Unis, ce qui signifie une construction de haute qualit\u00e9 et une livraison rapide. La structure en acier est garantie 12 ans et les pi\u00e8ces de protection en plastique et les roulettes sont garanties 1 an.<\/p>","protected":false},"excerpt":{"rendered":"<p>This heavy-duty chair dolly will help you move stacks of Bertolini chairs with ease. Simply slide the front of the dolly underneath a stack of chairs and then lean the dolly back. We\u2019ve engineered the cart to require a minimum of strength to move it, protecting your team from back strain. You can move a [&hellip;]<\/p>\n","protected":false},"featured_media":407,"template":"","meta":{"_acf_changed":false},"product_brand":[],"product_cat":[53],"product_tag":[],"class_list":{"0":"post-328","1":"product","2":"type-product","3":"status-publish","4":"has-post-thumbnail","6":"product_cat-carts","8":"first","9":"instock","10":"shipping-taxable","11":"purchasable","12":"product-type-simple"},"acf":[],"yoast_head":"<!-- This site is optimized with the Yoast SEO Premium plugin v24.2 (Yoast SEO v27.1.1) - https:\/\/yoast.com\/product\/yoast-seo-premium-wordpress\/ -->\n<title>Heavy-Duty 5-Wheel Chair Dolly | Bertolini Chair Carts<\/title>\n<meta name=\"description\" content=\"This heavy-duty dolly will help you move, stack, and store Bertolini church chairs with ease. Safely stack up to 10 churh chairs high on each dolly.\" \/>\n<meta name=\"robots\" content=\"index, follow, max-snippet:-1, max-image-preview:large, max-video-preview:-1\" \/>\n<link rel=\"canonical\" href=\"https:\/\/bertolinidirect.com\/fr\/products\/carts\/heavy-duty-5-wheel-chair-dolly\/\" \/>\n<meta property=\"og:locale\" content=\"fr_CA\" \/>\n<meta property=\"og:type\" content=\"article\" \/>\n<meta property=\"og:title\" content=\"Heavy Duty 5-Wheel Chair Dolly\" \/>\n<meta property=\"og:description\" content=\"This heavy-duty dolly will help you move, stack, and store Bertolini church chairs with ease. Safely stack up to 10 churh chairs high on each dolly.\" \/>\n<meta property=\"og:url\" content=\"https:\/\/bertolinidirect.com\/fr\/products\/carts\/heavy-duty-5-wheel-chair-dolly\/\" \/>\n<meta property=\"og:site_name\" content=\"Bertolini Direct\" \/>\n<meta property=\"article:modified_time\" content=\"2025-07-09T18:23:41+00:00\" \/>\n<meta property=\"og:image\" content=\"https:\/\/bertolinidirect.com\/wp-content\/uploads\/2024\/03\/2023_Bertolini_5-Wheel_Dolly_Loaded_Front45_shadow-678x678-1.jpg\" \/>\n\t<meta property=\"og:image:width\" content=\"678\" \/>\n\t<meta property=\"og:image:height\" content=\"678\" \/>\n\t<meta property=\"og:image:type\" content=\"image\/jpeg\" \/>\n<meta name=\"twitter:card\" content=\"summary_large_image\" \/>\n<script type=\"application\/ld+json\" class=\"yoast-schema-graph\">{\"@context\":\"https:\/\/schema.org\",\"@graph\":[{\"@type\":\"WebPage\",\"@id\":\"https:\/\/bertolinidirect.com\/fr\/products\/carts\/heavy-duty-5-wheel-chair-dolly\",\"url\":\"https:\/\/bertolinidirect.com\/fr\/products\/carts\/heavy-duty-5-wheel-chair-dolly\",\"name\":\"Heavy-Duty 5-Wheel Chair Dolly | Bertolini Chair Carts\",\"isPartOf\":{\"@id\":\"https:\/\/bertolinidirect.com\/fr\/#website\"},\"primaryImageOfPage\":{\"@id\":\"https:\/\/bertolinidirect.com\/fr\/products\/carts\/heavy-duty-5-wheel-chair-dolly#primaryimage\"},\"image\":{\"@id\":\"https:\/\/bertolinidirect.com\/fr\/products\/carts\/heavy-duty-5-wheel-chair-dolly#primaryimage\"},\"thumbnailUrl\":\"https:\/\/bertolinidirect.com\/wp-content\/uploads\/2024\/03\/2023_Bertolini_5-Wheel_Dolly_Loaded_Front45_shadow-678x678-1.jpg\",\"datePublished\":\"2024-03-26T19:45:57+00:00\",\"dateModified\":\"2025-07-09T18:23:41+00:00\",\"description\":\"This heavy-duty dolly will help you move, stack, and store Bertolini church chairs with ease. Safely stack up to 10 churh chairs high on each dolly.\",\"breadcrumb\":{\"@id\":\"https:\/\/bertolinidirect.com\/fr\/products\/carts\/heavy-duty-5-wheel-chair-dolly#breadcrumb\"},\"inLanguage\":\"fr-CA\",\"potentialAction\":[{\"@type\":\"ReadAction\",\"target\":[\"https:\/\/bertolinidirect.com\/fr\/products\/carts\/heavy-duty-5-wheel-chair-dolly\"]}]},{\"@type\":\"ImageObject\",\"inLanguage\":\"fr-CA\",\"@id\":\"https:\/\/bertolinidirect.com\/fr\/products\/carts\/heavy-duty-5-wheel-chair-dolly#primaryimage\",\"url\":\"https:\/\/bertolinidirect.com\/wp-content\/uploads\/2024\/03\/2023_Bertolini_5-Wheel_Dolly_Loaded_Front45_shadow-678x678-1.jpg\",\"contentUrl\":\"https:\/\/bertolinidirect.com\/wp-content\/uploads\/2024\/03\/2023_Bertolini_5-Wheel_Dolly_Loaded_Front45_shadow-678x678-1.jpg\",\"width\":678,\"height\":678,\"caption\":\"Heavy Duty 5-Wheel Chair Dolly\"},{\"@type\":\"BreadcrumbList\",\"@id\":\"https:\/\/bertolinidirect.com\/fr\/products\/carts\/heavy-duty-5-wheel-chair-dolly#breadcrumb\",\"itemListElement\":[{\"@type\":\"ListItem\",\"position\":1,\"name\":\"Home\",\"item\":\"https:\/\/bertolinidirect.com\/\"},{\"@type\":\"ListItem\",\"position\":2,\"name\":\"Products\",\"item\":\"https:\/\/bertolinidirect.com\/products\"},{\"@type\":\"ListItem\",\"position\":3,\"name\":\"Carts\",\"item\":\"https:\/\/bertolinidirect.com\/products\/carts\"},{\"@type\":\"ListItem\",\"position\":4,\"name\":\"Heavy Duty 5-Wheel Chair Dolly\"}]},{\"@type\":\"WebSite\",\"@id\":\"https:\/\/bertolinidirect.com\/fr\/#website\",\"url\":\"https:\/\/bertolinidirect.com\/fr\/\",\"name\":\"Bertolini\",\"description\":\"\",\"potentialAction\":[{\"@type\":\"SearchAction\",\"target\":{\"@type\":\"EntryPoint\",\"urlTemplate\":\"https:\/\/bertolinidirect.com\/fr\/?s={search_term_string}\"},\"query-input\":{\"@type\":\"PropertyValueSpecification\",\"valueRequired\":true,\"valueName\":\"search_term_string\"}}],\"inLanguage\":\"fr-CA\"}]}<\/script>\n<!-- \/ Yoast SEO Premium plugin. -->","yoast_head_json":{"title":"Chariot robuste \u00e0 5 roues pour chaise | Chariots pour chaises Bertolini","description":"Ce chariot robuste vous aidera \u00e0 d\u00e9placer, empiler et ranger facilement les chaises d&#039;\u00e9glise Bertolini. Empilez en toute s\u00e9curit\u00e9 jusqu&#039;\u00e0 10 chaises d&#039;\u00e9glise sur chaque chariot.","robots":{"index":"index","follow":"follow","max-snippet":"max-snippet:-1","max-image-preview":"max-image-preview:large","max-video-preview":"max-video-preview:-1"},"canonical":"https:\/\/bertolinidirect.com\/fr\/products\/carts\/heavy-duty-5-wheel-chair-dolly\/","og_locale":"fr_CA","og_type":"article","og_title":"Heavy Duty 5-Wheel Chair Dolly","og_description":"This heavy-duty dolly will help you move, stack, and store Bertolini church chairs with ease. Safely stack up to 10 churh chairs high on each dolly.","og_url":"https:\/\/bertolinidirect.com\/fr\/products\/carts\/heavy-duty-5-wheel-chair-dolly\/","og_site_name":"Bertolini Direct","article_modified_time":"2025-07-09T18:23:41+00:00","og_image":[{"width":678,"height":678,"url":"https:\/\/bertolinidirect.com\/wp-content\/uploads\/2024\/03\/2023_Bertolini_5-Wheel_Dolly_Loaded_Front45_shadow-678x678-1.jpg","type":"image\/jpeg"}],"twitter_card":"summary_large_image","schema":{"@context":"https:\/\/schema.org","@graph":[{"@type":"WebPage","@id":"https:\/\/bertolinidirect.com\/fr\/products\/carts\/heavy-duty-5-wheel-chair-dolly","url":"https:\/\/bertolinidirect.com\/fr\/products\/carts\/heavy-duty-5-wheel-chair-dolly","name":"Chariot robuste \u00e0 5 roues pour chaise | Chariots pour chaises Bertolini","isPartOf":{"@id":"https:\/\/bertolinidirect.com\/fr\/#website"},"primaryImageOfPage":{"@id":"https:\/\/bertolinidirect.com\/fr\/products\/carts\/heavy-duty-5-wheel-chair-dolly#primaryimage"},"image":{"@id":"https:\/\/bertolinidirect.com\/fr\/products\/carts\/heavy-duty-5-wheel-chair-dolly#primaryimage"},"thumbnailUrl":"https:\/\/bertolinidirect.com\/wp-content\/uploads\/2024\/03\/2023_Bertolini_5-Wheel_Dolly_Loaded_Front45_shadow-678x678-1.jpg","datePublished":"2024-03-26T19:45:57+00:00","dateModified":"2025-07-09T18:23:41+00:00","description":"Ce chariot robuste vous aidera \u00e0 d\u00e9placer, empiler et ranger facilement les chaises d&#039;\u00e9glise Bertolini. Empilez en toute s\u00e9curit\u00e9 jusqu&#039;\u00e0 10 chaises d&#039;\u00e9glise sur chaque chariot.","breadcrumb":{"@id":"https:\/\/bertolinidirect.com\/fr\/products\/carts\/heavy-duty-5-wheel-chair-dolly#breadcrumb"},"inLanguage":"fr-CA","potentialAction":[{"@type":"ReadAction","target":["https:\/\/bertolinidirect.com\/fr\/products\/carts\/heavy-duty-5-wheel-chair-dolly"]}]},{"@type":"ImageObject","inLanguage":"fr-CA","@id":"https:\/\/bertolinidirect.com\/fr\/products\/carts\/heavy-duty-5-wheel-chair-dolly#primaryimage","url":"https:\/\/bertolinidirect.com\/wp-content\/uploads\/2024\/03\/2023_Bertolini_5-Wheel_Dolly_Loaded_Front45_shadow-678x678-1.jpg","contentUrl":"https:\/\/bertolinidirect.com\/wp-content\/uploads\/2024\/03\/2023_Bertolini_5-Wheel_Dolly_Loaded_Front45_shadow-678x678-1.jpg","width":678,"height":678,"caption":"Heavy Duty 5-Wheel Chair Dolly"},{"@type":"BreadcrumbList","@id":"https:\/\/bertolinidirect.com\/fr\/products\/carts\/heavy-duty-5-wheel-chair-dolly#breadcrumb","itemListElement":[{"@type":"ListItem","position":1,"name":"Home","item":"https:\/\/bertolinidirect.com\/"},{"@type":"ListItem","position":2,"name":"Products","item":"https:\/\/bertolinidirect.com\/products"},{"@type":"ListItem","position":3,"name":"Carts","item":"https:\/\/bertolinidirect.com\/products\/carts"},{"@type":"ListItem","position":4,"name":"Heavy Duty 5-Wheel Chair Dolly"}]},{"@type":"WebSite","@id":"https:\/\/bertolinidirect.com\/fr\/#website","url":"https:\/\/bertolinidirect.com\/fr\/","name":"Bertolini","description":"","potentialAction":[{"@type":"SearchAction","target":{"@type":"EntryPoint","urlTemplate":"https:\/\/bertolinidirect.com\/fr\/?s={search_term_string}"},"query-input":{"@type":"PropertyValueSpecification","valueRequired":true,"valueName":"search_term_string"}}],"inLanguage":"fr-CA"}]}},"_links":{"self":[{"href":"https:\/\/bertolinidirect.com\/fr\/wp-json\/wp\/v2\/product\/328","targetHints":{"allow":["GET"]}}],"collection":[{"href":"https:\/\/bertolinidirect.com\/fr\/wp-json\/wp\/v2\/product"}],"about":[{"href":"https:\/\/bertolinidirect.com\/fr\/wp-json\/wp\/v2\/types\/product"}],"wp:featuredmedia":[{"embeddable":true,"href":"https:\/\/bertolinidirect.com\/fr\/wp-json\/wp\/v2\/media\/407"}],"wp:attachment":[{"href":"https:\/\/bertolinidirect.com\/fr\/wp-json\/wp\/v2\/media?parent=328"}],"wp:term":[{"taxonomy":"product_brand","embeddable":true,"href":"https:\/\/bertolinidirect.com\/fr\/wp-json\/wp\/v2\/product_brand?post=328"},{"taxonomy":"product_cat","embeddable":true,"href":"https:\/\/bertolinidirect.com\/fr\/wp-json\/wp\/v2\/product_cat?post=328"},{"taxonomy":"product_tag","embeddable":true,"href":"https:\/\/bertolinidirect.com\/fr\/wp-json\/wp\/v2\/product_tag?post=328"}],"curies":[{"name":"wp","href":"https:\/\/api.w.org\/{rel}","templated":true}]}}