{"id":24295,"date":"2025-10-13T10:32:04","date_gmt":"2025-10-13T10:32:04","guid":{"rendered":"https:\/\/bertolinidirect.com\/?post_type=product&#038;p=24295"},"modified":"2026-02-09T19:44:25","modified_gmt":"2026-02-09T19:44:25","slug":"brisa-cocktail-folding-table","status":"publish","type":"product","link":"https:\/\/bertolinidirect.com\/fr\/products\/tables\/brisa-cocktail-folding-table","title":{"rendered":"Table pliante \u00e0 cocktail Brisa"},"content":{"rendered":"<p>Compacte et facile \u00e0 utiliser, la table pliante Brisa est pr\u00eate \u00e0 l&#039;emploi en quelques secondes. L\u00e9g\u00e8re (9 kg) et portable, elle est id\u00e9ale pour les r\u00e9ceptions d&#039;\u00e9glise, les \u00e9v\u00e9nements communautaires, les s\u00e9minaires, les espaces d&#039;exposition, les services jeunesse, les bureaux, etc. La Brisa est dot\u00e9e d&#039;un plateau blanc moderne en plastique \u00e9pais moul\u00e9 par soufflage. Son cadre en acier est thermolaqu\u00e9 gris.<\/p>\n\n\n\n<p>Pratique et abordable, cette table basse pliante convient \u00e0 un usage int\u00e9rieur ou occasionnel en ext\u00e9rieur.* Cette table a une hauteur de bar (43,5\u2032\u2032\/110,4 cm). Elle est indispensable pour les r\u00e9ceptions et buffets religieux, les s\u00e9minaires, les espaces d&#039;exposition, les minist\u00e8res de la jeunesse, les bureaux, etc.<br><br>Capacit\u00e9 d&#039;accueil :<\/p>\n\n\n\n<ul class=\"wp-block-list\">\n<li>Table \u00e0 cocktail de 31,5\u2032\u2032 (table de 2,6 pieds) : 3 personnes<\/li>\n<\/ul>","protected":false},"excerpt":{"rendered":"<p>Compact and easy to use, the Brisa Cocktail Folding Table is ready for use in seconds. It is lightweight (20 lbs.\/9 kg) and portable, making it ideal for church socials, community events, seminars, display areas, youth ministries, offices, and more. The Brisa is designed with a modern white tabletop made of thick, blow-molded plastic. The [&hellip;]<\/p>\n","protected":false},"featured_media":24302,"template":"","meta":{"_acf_changed":true},"product_brand":[90],"product_cat":[115,99],"product_tag":[],"class_list":{"0":"post-24295","1":"product","2":"type-product","3":"status-publish","4":"has-post-thumbnail","6":"product_brand-brisa","7":"product_cat-sale","8":"product_cat-tables","10":"first","11":"instock","12":"shipping-taxable","13":"purchasable","14":"product-type-simple"},"acf":[],"yoast_head":"<!-- This site is optimized with the Yoast SEO Premium plugin v24.2 (Yoast SEO v27.4) - https:\/\/yoast.com\/product\/yoast-seo-premium-wordpress\/ -->\n<title>Brisa Cocktail Folding Table | Bertolini Direct<\/title>\n<meta name=\"description\" content=\"The Brisa Cocktail Table is a small, bar-height table that\u2019s easy to set up and carry from room to room. ANSI\/BIFMA compliant.\" \/>\n<meta name=\"robots\" content=\"index, follow, max-snippet:-1, max-image-preview:large, max-video-preview:-1\" \/>\n<link rel=\"canonical\" href=\"https:\/\/bertolinidirect.com\/fr\/products\/tables\/brisa-cocktail-folding-table\/\" \/>\n<meta property=\"og:locale\" content=\"fr_CA\" \/>\n<meta property=\"og:type\" content=\"article\" \/>\n<meta property=\"og:title\" content=\"Brisa Cocktail Folding Table\" \/>\n<meta property=\"og:description\" content=\"The Brisa Cocktail Table is a small, bar-height table that\u2019s easy to set up and carry from room to room. ANSI\/BIFMA compliant.\" \/>\n<meta property=\"og:url\" content=\"https:\/\/bertolinidirect.com\/fr\/products\/tables\/brisa-cocktail-folding-table\/\" \/>\n<meta property=\"og:site_name\" content=\"Bertolini Direct\" \/>\n<meta property=\"article:modified_time\" content=\"2026-02-09T19:44:25+00:00\" \/>\n<meta property=\"og:image\" content=\"https:\/\/bertolinidirect.com\/wp-content\/uploads\/2025\/10\/Brisa_RT-31.5_Round-Cocktail_Front45.jpg\" \/>\n\t<meta property=\"og:image:width\" content=\"678\" \/>\n\t<meta property=\"og:image:height\" content=\"678\" \/>\n\t<meta property=\"og:image:type\" content=\"image\/jpeg\" \/>\n<meta name=\"twitter:card\" content=\"summary_large_image\" \/>\n<script type=\"application\/ld+json\" class=\"yoast-schema-graph\">{\"@context\":\"https:\\\/\\\/schema.org\",\"@graph\":[{\"@type\":\"WebPage\",\"@id\":\"https:\\\/\\\/bertolinidirect.com\\\/fr\\\/products\\\/tables\\\/brisa-cocktail-folding-table\",\"url\":\"https:\\\/\\\/bertolinidirect.com\\\/fr\\\/products\\\/tables\\\/brisa-cocktail-folding-table\",\"name\":\"Brisa Cocktail Folding Table | Bertolini Direct\",\"isPartOf\":{\"@id\":\"https:\\\/\\\/bertolinidirect.com\\\/fr\\\/#website\"},\"primaryImageOfPage\":{\"@id\":\"https:\\\/\\\/bertolinidirect.com\\\/fr\\\/products\\\/tables\\\/brisa-cocktail-folding-table#primaryimage\"},\"image\":{\"@id\":\"https:\\\/\\\/bertolinidirect.com\\\/fr\\\/products\\\/tables\\\/brisa-cocktail-folding-table#primaryimage\"},\"thumbnailUrl\":\"https:\\\/\\\/bertolinidirect.com\\\/wp-content\\\/uploads\\\/2025\\\/10\\\/Brisa_RT-31.5_Round-Cocktail_Front45.jpg\",\"datePublished\":\"2025-10-13T10:32:04+00:00\",\"dateModified\":\"2026-02-09T19:44:25+00:00\",\"description\":\"The Brisa Cocktail Table is a small, bar-height table that\u2019s easy to set up and carry from room to room. ANSI\\\/BIFMA compliant.\",\"breadcrumb\":{\"@id\":\"https:\\\/\\\/bertolinidirect.com\\\/fr\\\/products\\\/tables\\\/brisa-cocktail-folding-table#breadcrumb\"},\"inLanguage\":\"fr-CA\",\"potentialAction\":[{\"@type\":\"ReadAction\",\"target\":[\"https:\\\/\\\/bertolinidirect.com\\\/fr\\\/products\\\/tables\\\/brisa-cocktail-folding-table\"]}]},{\"@type\":\"ImageObject\",\"inLanguage\":\"fr-CA\",\"@id\":\"https:\\\/\\\/bertolinidirect.com\\\/fr\\\/products\\\/tables\\\/brisa-cocktail-folding-table#primaryimage\",\"url\":\"https:\\\/\\\/bertolinidirect.com\\\/wp-content\\\/uploads\\\/2025\\\/10\\\/Brisa_RT-31.5_Round-Cocktail_Front45.jpg\",\"contentUrl\":\"https:\\\/\\\/bertolinidirect.com\\\/wp-content\\\/uploads\\\/2025\\\/10\\\/Brisa_RT-31.5_Round-Cocktail_Front45.jpg\",\"width\":678,\"height\":678,\"caption\":\"Brisa cocktail table front 45 view\"},{\"@type\":\"BreadcrumbList\",\"@id\":\"https:\\\/\\\/bertolinidirect.com\\\/fr\\\/products\\\/tables\\\/brisa-cocktail-folding-table#breadcrumb\",\"itemListElement\":[{\"@type\":\"ListItem\",\"position\":1,\"name\":\"Home\",\"item\":\"https:\\\/\\\/bertolinidirect.com\\\/\"},{\"@type\":\"ListItem\",\"position\":2,\"name\":\"Products\",\"item\":\"https:\\\/\\\/bertolinidirect.com\\\/products\"},{\"@type\":\"ListItem\",\"position\":3,\"name\":\"Tables\",\"item\":\"https:\\\/\\\/bertolinidirect.com\\\/products\\\/tables\"},{\"@type\":\"ListItem\",\"position\":4,\"name\":\"Brisa Cocktail Folding Table\"}]},{\"@type\":\"WebSite\",\"@id\":\"https:\\\/\\\/bertolinidirect.com\\\/fr\\\/#website\",\"url\":\"https:\\\/\\\/bertolinidirect.com\\\/fr\\\/\",\"name\":\"Bertolini\",\"description\":\"\",\"potentialAction\":[{\"@type\":\"SearchAction\",\"target\":{\"@type\":\"EntryPoint\",\"urlTemplate\":\"https:\\\/\\\/bertolinidirect.com\\\/fr\\\/?s={search_term_string}\"},\"query-input\":{\"@type\":\"PropertyValueSpecification\",\"valueRequired\":true,\"valueName\":\"search_term_string\"}}],\"inLanguage\":\"fr-CA\"}]}<\/script>\n<!-- \/ Yoast SEO Premium plugin. -->","yoast_head_json":{"title":"Table pliante Brisa Cocktail | Bertolini Direct","description":"La table cocktail Brisa est une petite table de bar, facile \u00e0 installer et \u00e0 transporter. Conforme aux normes ANSI\/BIFMA.","robots":{"index":"index","follow":"follow","max-snippet":"max-snippet:-1","max-image-preview":"max-image-preview:large","max-video-preview":"max-video-preview:-1"},"canonical":"https:\/\/bertolinidirect.com\/fr\/products\/tables\/brisa-cocktail-folding-table\/","og_locale":"fr_CA","og_type":"article","og_title":"Brisa Cocktail Folding Table","og_description":"The Brisa Cocktail Table is a small, bar-height table that\u2019s easy to set up and carry from room to room. ANSI\/BIFMA compliant.","og_url":"https:\/\/bertolinidirect.com\/fr\/products\/tables\/brisa-cocktail-folding-table\/","og_site_name":"Bertolini Direct","article_modified_time":"2026-02-09T19:44:25+00:00","og_image":[{"width":678,"height":678,"url":"https:\/\/bertolinidirect.com\/wp-content\/uploads\/2025\/10\/Brisa_RT-31.5_Round-Cocktail_Front45.jpg","type":"image\/jpeg"}],"twitter_card":"summary_large_image","schema":{"@context":"https:\/\/schema.org","@graph":[{"@type":"WebPage","@id":"https:\/\/bertolinidirect.com\/fr\/products\/tables\/brisa-cocktail-folding-table","url":"https:\/\/bertolinidirect.com\/fr\/products\/tables\/brisa-cocktail-folding-table","name":"Table pliante Brisa Cocktail | Bertolini Direct","isPartOf":{"@id":"https:\/\/bertolinidirect.com\/fr\/#website"},"primaryImageOfPage":{"@id":"https:\/\/bertolinidirect.com\/fr\/products\/tables\/brisa-cocktail-folding-table#primaryimage"},"image":{"@id":"https:\/\/bertolinidirect.com\/fr\/products\/tables\/brisa-cocktail-folding-table#primaryimage"},"thumbnailUrl":"https:\/\/bertolinidirect.com\/wp-content\/uploads\/2025\/10\/Brisa_RT-31.5_Round-Cocktail_Front45.jpg","datePublished":"2025-10-13T10:32:04+00:00","dateModified":"2026-02-09T19:44:25+00:00","description":"La table cocktail Brisa est une petite table de bar, facile \u00e0 installer et \u00e0 transporter. Conforme aux normes ANSI\/BIFMA.","breadcrumb":{"@id":"https:\/\/bertolinidirect.com\/fr\/products\/tables\/brisa-cocktail-folding-table#breadcrumb"},"inLanguage":"fr-CA","potentialAction":[{"@type":"ReadAction","target":["https:\/\/bertolinidirect.com\/fr\/products\/tables\/brisa-cocktail-folding-table"]}]},{"@type":"ImageObject","inLanguage":"fr-CA","@id":"https:\/\/bertolinidirect.com\/fr\/products\/tables\/brisa-cocktail-folding-table#primaryimage","url":"https:\/\/bertolinidirect.com\/wp-content\/uploads\/2025\/10\/Brisa_RT-31.5_Round-Cocktail_Front45.jpg","contentUrl":"https:\/\/bertolinidirect.com\/wp-content\/uploads\/2025\/10\/Brisa_RT-31.5_Round-Cocktail_Front45.jpg","width":678,"height":678,"caption":"Brisa cocktail table front 45 view"},{"@type":"BreadcrumbList","@id":"https:\/\/bertolinidirect.com\/fr\/products\/tables\/brisa-cocktail-folding-table#breadcrumb","itemListElement":[{"@type":"ListItem","position":1,"name":"Home","item":"https:\/\/bertolinidirect.com\/"},{"@type":"ListItem","position":2,"name":"Products","item":"https:\/\/bertolinidirect.com\/products"},{"@type":"ListItem","position":3,"name":"Tables","item":"https:\/\/bertolinidirect.com\/products\/tables"},{"@type":"ListItem","position":4,"name":"Brisa Cocktail Folding Table"}]},{"@type":"WebSite","@id":"https:\/\/bertolinidirect.com\/fr\/#website","url":"https:\/\/bertolinidirect.com\/fr\/","name":"Bertolini","description":"","potentialAction":[{"@type":"SearchAction","target":{"@type":"EntryPoint","urlTemplate":"https:\/\/bertolinidirect.com\/fr\/?s={search_term_string}"},"query-input":{"@type":"PropertyValueSpecification","valueRequired":true,"valueName":"search_term_string"}}],"inLanguage":"fr-CA"}]}},"_links":{"self":[{"href":"https:\/\/bertolinidirect.com\/fr\/wp-json\/wp\/v2\/product\/24295","targetHints":{"allow":["GET"]}}],"collection":[{"href":"https:\/\/bertolinidirect.com\/fr\/wp-json\/wp\/v2\/product"}],"about":[{"href":"https:\/\/bertolinidirect.com\/fr\/wp-json\/wp\/v2\/types\/product"}],"wp:featuredmedia":[{"embeddable":true,"href":"https:\/\/bertolinidirect.com\/fr\/wp-json\/wp\/v2\/media\/24302"}],"wp:attachment":[{"href":"https:\/\/bertolinidirect.com\/fr\/wp-json\/wp\/v2\/media?parent=24295"}],"wp:term":[{"taxonomy":"product_brand","embeddable":true,"href":"https:\/\/bertolinidirect.com\/fr\/wp-json\/wp\/v2\/product_brand?post=24295"},{"taxonomy":"product_cat","embeddable":true,"href":"https:\/\/bertolinidirect.com\/fr\/wp-json\/wp\/v2\/product_cat?post=24295"},{"taxonomy":"product_tag","embeddable":true,"href":"https:\/\/bertolinidirect.com\/fr\/wp-json\/wp\/v2\/product_tag?post=24295"}],"curies":[{"name":"wp","href":"https:\/\/api.w.org\/{rel}","templated":true}]}}