{"id":24276,"date":"2025-10-13T22:30:01","date_gmt":"2025-10-13T22:30:01","guid":{"rendered":"https:\/\/bertolinidirect.com\/?post_type=product&#038;p=24276"},"modified":"2026-02-09T19:44:19","modified_gmt":"2026-02-09T19:44:19","slug":"brisa-round-folding-table","status":"publish","type":"product","link":"https:\/\/bertolinidirect.com\/fr\/products\/tables\/brisa-round-folding-table","title":{"rendered":"Table pliante ronde Brisa"},"content":{"rendered":"<p>Compacte et facile \u00e0 utiliser, la table pliante ronde Brisa est dot\u00e9e d&#039;un plateau blanc moderne en plastique \u00e9pais moul\u00e9 par soufflage. Son cadre en acier est \u00e9quip\u00e9 de pieds verrouillables pour une s\u00e9curit\u00e9 accrue et une manipulation ais\u00e9e.<\/p>\n\n\n\n<p>Pratique et portable, cette table de qualit\u00e9 professionnelle est abordable pour les propri\u00e9taires \u00e0 petit budget. Con\u00e7ue pour une utilisation int\u00e9rieure ou ext\u00e9rieure de courte dur\u00e9e, cette table pour \u00e9v\u00e9nements et banquets est disponible en plusieurs tailles et s&#039;harmonise avec les autres tables de la s\u00e9rie Brisa.<\/p>\n\n\n\n<p>Cette table pliante circulaire est tr\u00e8s appr\u00e9ci\u00e9e pour une vari\u00e9t\u00e9 d&#039;utilisations, telles que les d\u00eeners d&#039;\u00e9glise, les \u00e9v\u00e9nements communautaires, les salles de pause, les s\u00e9minaires, les zones d&#039;exposition, les minist\u00e8res de la jeunesse, les bureaux, etc.<br><br>Capacit\u00e9 d&#039;accueil :<\/p>\n\n\n\n<ul class=\"wp-block-list\">\n<li>Table ronde de 72\u2032\u2032 (table de 6 pieds) : 10 personnes<\/li>\n\n\n\n<li>Table ronde de 60\u2032 (table de 5 pieds) : 8 personnes<\/li>\n<\/ul>","protected":false},"excerpt":{"rendered":"<p>Compact and easy to use, the Brisa Round Folding Table has a modern white tabletop made of thick, blow-molded plastic. The steel frame features locking legs for increased safety and ease of handling. Practical and portable, this contract-grade table is affordably priced for properties on a budget. This event and banquet table is designed for [&hellip;]<\/p>\n","protected":false},"featured_media":24283,"template":"","meta":{"_acf_changed":true},"product_brand":[90],"product_cat":[115,99],"product_tag":[],"class_list":{"0":"post-24276","1":"product","2":"type-product","3":"status-publish","4":"has-post-thumbnail","6":"product_brand-brisa","7":"product_cat-sale","8":"product_cat-tables","10":"first","11":"instock","12":"shipping-taxable","13":"purchasable","14":"product-type-simple"},"acf":[],"yoast_head":"<!-- This site is optimized with the Yoast SEO Premium plugin v24.2 (Yoast SEO v27.4) - https:\/\/yoast.com\/product\/yoast-seo-premium-wordpress\/ -->\n<title>Brisa Round Folding Table | Bertolini Direct<\/title>\n<meta name=\"description\" content=\"Affordable and lightweight, the Brisa Round Folding Table is perfect for general use at church events and dinners. ANSI\/BIFMA compliant.\" \/>\n<meta name=\"robots\" content=\"index, follow, max-snippet:-1, max-image-preview:large, max-video-preview:-1\" \/>\n<link rel=\"canonical\" href=\"https:\/\/bertolinidirect.com\/fr\/products\/tables\/brisa-round-folding-table\/\" \/>\n<meta property=\"og:locale\" content=\"fr_CA\" \/>\n<meta property=\"og:type\" content=\"article\" \/>\n<meta property=\"og:title\" content=\"Brisa Round Folding Table\" \/>\n<meta property=\"og:description\" content=\"Affordable and lightweight, the Brisa Round Folding Table is perfect for general use at church events and dinners. ANSI\/BIFMA compliant.\" \/>\n<meta property=\"og:url\" content=\"https:\/\/bertolinidirect.com\/fr\/products\/tables\/brisa-round-folding-table\/\" \/>\n<meta property=\"og:site_name\" content=\"Bertolini Direct\" \/>\n<meta property=\"article:modified_time\" content=\"2026-02-09T19:44:19+00:00\" \/>\n<meta property=\"og:image\" content=\"https:\/\/bertolinidirect.com\/wp-content\/uploads\/2025\/10\/Brisa_CT-72_Front45-e1760384319942.jpg\" \/>\n\t<meta property=\"og:image:width\" content=\"678\" \/>\n\t<meta property=\"og:image:height\" content=\"678\" \/>\n\t<meta property=\"og:image:type\" content=\"image\/jpeg\" \/>\n<meta name=\"twitter:card\" content=\"summary_large_image\" \/>\n<script type=\"application\/ld+json\" class=\"yoast-schema-graph\">{\"@context\":\"https:\\\/\\\/schema.org\",\"@graph\":[{\"@type\":\"WebPage\",\"@id\":\"https:\\\/\\\/bertolinidirect.com\\\/fr\\\/products\\\/tables\\\/brisa-round-folding-table\",\"url\":\"https:\\\/\\\/bertolinidirect.com\\\/fr\\\/products\\\/tables\\\/brisa-round-folding-table\",\"name\":\"Brisa Round Folding Table | Bertolini Direct\",\"isPartOf\":{\"@id\":\"https:\\\/\\\/bertolinidirect.com\\\/fr\\\/#website\"},\"primaryImageOfPage\":{\"@id\":\"https:\\\/\\\/bertolinidirect.com\\\/fr\\\/products\\\/tables\\\/brisa-round-folding-table#primaryimage\"},\"image\":{\"@id\":\"https:\\\/\\\/bertolinidirect.com\\\/fr\\\/products\\\/tables\\\/brisa-round-folding-table#primaryimage\"},\"thumbnailUrl\":\"https:\\\/\\\/bertolinidirect.com\\\/wp-content\\\/uploads\\\/2025\\\/10\\\/Brisa_CT-72_Front45-e1760384319942.jpg\",\"datePublished\":\"2025-10-13T22:30:01+00:00\",\"dateModified\":\"2026-02-09T19:44:19+00:00\",\"description\":\"Affordable and lightweight, the Brisa Round Folding Table is perfect for general use at church events and dinners. ANSI\\\/BIFMA compliant.\",\"breadcrumb\":{\"@id\":\"https:\\\/\\\/bertolinidirect.com\\\/fr\\\/products\\\/tables\\\/brisa-round-folding-table#breadcrumb\"},\"inLanguage\":\"fr-CA\",\"potentialAction\":[{\"@type\":\"ReadAction\",\"target\":[\"https:\\\/\\\/bertolinidirect.com\\\/fr\\\/products\\\/tables\\\/brisa-round-folding-table\"]}]},{\"@type\":\"ImageObject\",\"inLanguage\":\"fr-CA\",\"@id\":\"https:\\\/\\\/bertolinidirect.com\\\/fr\\\/products\\\/tables\\\/brisa-round-folding-table#primaryimage\",\"url\":\"https:\\\/\\\/bertolinidirect.com\\\/wp-content\\\/uploads\\\/2025\\\/10\\\/Brisa_CT-72_Front45-e1760384319942.jpg\",\"contentUrl\":\"https:\\\/\\\/bertolinidirect.com\\\/wp-content\\\/uploads\\\/2025\\\/10\\\/Brisa_CT-72_Front45-e1760384319942.jpg\",\"width\":678,\"height\":678,\"caption\":\"Brisa round table 72inch front45 angle\"},{\"@type\":\"BreadcrumbList\",\"@id\":\"https:\\\/\\\/bertolinidirect.com\\\/fr\\\/products\\\/tables\\\/brisa-round-folding-table#breadcrumb\",\"itemListElement\":[{\"@type\":\"ListItem\",\"position\":1,\"name\":\"Home\",\"item\":\"https:\\\/\\\/bertolinidirect.com\\\/\"},{\"@type\":\"ListItem\",\"position\":2,\"name\":\"Products\",\"item\":\"https:\\\/\\\/bertolinidirect.com\\\/products\"},{\"@type\":\"ListItem\",\"position\":3,\"name\":\"Tables\",\"item\":\"https:\\\/\\\/bertolinidirect.com\\\/products\\\/tables\"},{\"@type\":\"ListItem\",\"position\":4,\"name\":\"Brisa Round Folding Table\"}]},{\"@type\":\"WebSite\",\"@id\":\"https:\\\/\\\/bertolinidirect.com\\\/fr\\\/#website\",\"url\":\"https:\\\/\\\/bertolinidirect.com\\\/fr\\\/\",\"name\":\"Bertolini\",\"description\":\"\",\"potentialAction\":[{\"@type\":\"SearchAction\",\"target\":{\"@type\":\"EntryPoint\",\"urlTemplate\":\"https:\\\/\\\/bertolinidirect.com\\\/fr\\\/?s={search_term_string}\"},\"query-input\":{\"@type\":\"PropertyValueSpecification\",\"valueRequired\":true,\"valueName\":\"search_term_string\"}}],\"inLanguage\":\"fr-CA\"}]}<\/script>\n<!-- \/ Yoast SEO Premium plugin. -->","yoast_head_json":{"title":"Table pliante ronde Brisa | Bertolini Direct","description":"Abordable et l\u00e9g\u00e8re, la table ronde pliante Brisa est id\u00e9ale pour une utilisation g\u00e9n\u00e9rale lors d&#039;\u00e9v\u00e9nements religieux et de d\u00eeners. Conforme aux normes ANSI\/BIFMA.","robots":{"index":"index","follow":"follow","max-snippet":"max-snippet:-1","max-image-preview":"max-image-preview:large","max-video-preview":"max-video-preview:-1"},"canonical":"https:\/\/bertolinidirect.com\/fr\/products\/tables\/brisa-round-folding-table\/","og_locale":"fr_CA","og_type":"article","og_title":"Brisa Round Folding Table","og_description":"Affordable and lightweight, the Brisa Round Folding Table is perfect for general use at church events and dinners. ANSI\/BIFMA compliant.","og_url":"https:\/\/bertolinidirect.com\/fr\/products\/tables\/brisa-round-folding-table\/","og_site_name":"Bertolini Direct","article_modified_time":"2026-02-09T19:44:19+00:00","og_image":[{"width":678,"height":678,"url":"https:\/\/bertolinidirect.com\/wp-content\/uploads\/2025\/10\/Brisa_CT-72_Front45-e1760384319942.jpg","type":"image\/jpeg"}],"twitter_card":"summary_large_image","schema":{"@context":"https:\/\/schema.org","@graph":[{"@type":"WebPage","@id":"https:\/\/bertolinidirect.com\/fr\/products\/tables\/brisa-round-folding-table","url":"https:\/\/bertolinidirect.com\/fr\/products\/tables\/brisa-round-folding-table","name":"Table pliante ronde Brisa | Bertolini Direct","isPartOf":{"@id":"https:\/\/bertolinidirect.com\/fr\/#website"},"primaryImageOfPage":{"@id":"https:\/\/bertolinidirect.com\/fr\/products\/tables\/brisa-round-folding-table#primaryimage"},"image":{"@id":"https:\/\/bertolinidirect.com\/fr\/products\/tables\/brisa-round-folding-table#primaryimage"},"thumbnailUrl":"https:\/\/bertolinidirect.com\/wp-content\/uploads\/2025\/10\/Brisa_CT-72_Front45-e1760384319942.jpg","datePublished":"2025-10-13T22:30:01+00:00","dateModified":"2026-02-09T19:44:19+00:00","description":"Abordable et l\u00e9g\u00e8re, la table ronde pliante Brisa est id\u00e9ale pour une utilisation g\u00e9n\u00e9rale lors d&#039;\u00e9v\u00e9nements religieux et de d\u00eeners. Conforme aux normes ANSI\/BIFMA.","breadcrumb":{"@id":"https:\/\/bertolinidirect.com\/fr\/products\/tables\/brisa-round-folding-table#breadcrumb"},"inLanguage":"fr-CA","potentialAction":[{"@type":"ReadAction","target":["https:\/\/bertolinidirect.com\/fr\/products\/tables\/brisa-round-folding-table"]}]},{"@type":"ImageObject","inLanguage":"fr-CA","@id":"https:\/\/bertolinidirect.com\/fr\/products\/tables\/brisa-round-folding-table#primaryimage","url":"https:\/\/bertolinidirect.com\/wp-content\/uploads\/2025\/10\/Brisa_CT-72_Front45-e1760384319942.jpg","contentUrl":"https:\/\/bertolinidirect.com\/wp-content\/uploads\/2025\/10\/Brisa_CT-72_Front45-e1760384319942.jpg","width":678,"height":678,"caption":"Brisa round table 72inch front45 angle"},{"@type":"BreadcrumbList","@id":"https:\/\/bertolinidirect.com\/fr\/products\/tables\/brisa-round-folding-table#breadcrumb","itemListElement":[{"@type":"ListItem","position":1,"name":"Home","item":"https:\/\/bertolinidirect.com\/"},{"@type":"ListItem","position":2,"name":"Products","item":"https:\/\/bertolinidirect.com\/products"},{"@type":"ListItem","position":3,"name":"Tables","item":"https:\/\/bertolinidirect.com\/products\/tables"},{"@type":"ListItem","position":4,"name":"Brisa Round Folding Table"}]},{"@type":"WebSite","@id":"https:\/\/bertolinidirect.com\/fr\/#website","url":"https:\/\/bertolinidirect.com\/fr\/","name":"Bertolini","description":"","potentialAction":[{"@type":"SearchAction","target":{"@type":"EntryPoint","urlTemplate":"https:\/\/bertolinidirect.com\/fr\/?s={search_term_string}"},"query-input":{"@type":"PropertyValueSpecification","valueRequired":true,"valueName":"search_term_string"}}],"inLanguage":"fr-CA"}]}},"_links":{"self":[{"href":"https:\/\/bertolinidirect.com\/fr\/wp-json\/wp\/v2\/product\/24276","targetHints":{"allow":["GET"]}}],"collection":[{"href":"https:\/\/bertolinidirect.com\/fr\/wp-json\/wp\/v2\/product"}],"about":[{"href":"https:\/\/bertolinidirect.com\/fr\/wp-json\/wp\/v2\/types\/product"}],"wp:featuredmedia":[{"embeddable":true,"href":"https:\/\/bertolinidirect.com\/fr\/wp-json\/wp\/v2\/media\/24283"}],"wp:attachment":[{"href":"https:\/\/bertolinidirect.com\/fr\/wp-json\/wp\/v2\/media?parent=24276"}],"wp:term":[{"taxonomy":"product_brand","embeddable":true,"href":"https:\/\/bertolinidirect.com\/fr\/wp-json\/wp\/v2\/product_brand?post=24276"},{"taxonomy":"product_cat","embeddable":true,"href":"https:\/\/bertolinidirect.com\/fr\/wp-json\/wp\/v2\/product_cat?post=24276"},{"taxonomy":"product_tag","embeddable":true,"href":"https:\/\/bertolinidirect.com\/fr\/wp-json\/wp\/v2\/product_tag?post=24276"}],"curies":[{"name":"wp","href":"https:\/\/api.w.org\/{rel}","templated":true}]}}