{"id":24222,"date":"2025-10-13T16:55:12","date_gmt":"2025-10-13T16:55:12","guid":{"rendered":"https:\/\/bertolinidirect.com\/?post_type=product&#038;p=24222"},"modified":"2026-04-30T22:49:27","modified_gmt":"2026-04-30T22:49:27","slug":"brisa-rectangle-folding-table","status":"publish","type":"product","link":"https:\/\/bertolinidirect.com\/fr\/products\/tables\/brisa-rectangle-folding-table","title":{"rendered":"Table pliante rectangulaire Brisa"},"content":{"rendered":"<p>La table pliante rectangulaire Brisa offre une solution esth\u00e9tique et \u00e9conomique pour les \u00e9glises et les collectivit\u00e9s. Son design \u00e9pur\u00e9 et moderne comprend un plateau en plastique moul\u00e9 par soufflage r\u00e9sistant aux taches et con\u00e7u pour un usage quotidien.<\/p>\n\n\n\n<p>Gr\u00e2ce \u00e0 sa structure l\u00e9g\u00e8re et \u00e0 sa conception pliable, cette table se d\u00e9place, s&#039;installe et se range rapidement. Ses pieds en acier verrouillables assurent une surface stable et s\u00e9curis\u00e9e, tandis que sa finition thermolaqu\u00e9e lui conf\u00e8re une grande durabilit\u00e9.<\/p>\n\n\n\n<p>Choisissez parmi plusieurs dimensions pour s&#039;adapter \u00e0 votre espace, notamment des longueurs de 1,80 m et 2,40 m, disponibles en largeurs de salle \u00e0 manger (76 cm) et de s\u00e9minaire (46 cm). Cette flexibilit\u00e9 facilite l&#039;adaptation de votre installation \u00e0 diff\u00e9rents \u00e9v\u00e9nements et configurations de salle.<\/p>\n\n\n\n<p>Utilisez des tables pliantes rectangulaires pour les repas paroissiaux, l&#039;\u00e9cole du dimanche, les s\u00e9minaires, les espaces d&#039;exposition, les activit\u00e9s pour les jeunes, les bureaux, etc. Elles sont id\u00e9ales pour une utilisation en int\u00e9rieur, mais conviennent \u00e9galement \u00e0 une utilisation occasionnelle et de courte dur\u00e9e en ext\u00e9rieur.*<br><br>Capacit\u00e9 d&#039;accueil :<\/p>\n\n\n\n<ul class=\"wp-block-list\">\n<li>30\u2032 x 72\u2032 (table de 6 pieds de long) : 8 personnes<\/li>\n\n\n\n<li>18&quot; x 72\u2032\u2032 (table de s\u00e9minaire de 6 pieds de long) : 3 personnes<\/li>\n\n\n\n<li>30\u2032 x 96\u2032 (table de 8 pieds de long) : 10 personnes<\/li>\n\n\n\n<li>18\u2032 x 96\u2032 (table de s\u00e9minaire de 8 pieds de long) : 4 personnes<\/li>\n<\/ul>","protected":false},"excerpt":{"rendered":"<p>The Brisa Rectangle Folding Table delivers an attractive, cost-effective solution for church and community use. Its clean, modern design features a stain-resistant, blow-molded plastic tabletop that handles the practicality of everyday wear. You can move, set up, and store this table quickly thanks to its lightweight frame and folding design. Locking steel legs provide a [&hellip;]<\/p>\n","protected":false},"featured_media":24242,"template":"","meta":{"_acf_changed":true},"product_brand":[90],"product_cat":[115,99],"product_tag":[],"class_list":{"0":"post-24222","1":"product","2":"type-product","3":"status-publish","4":"has-post-thumbnail","6":"product_brand-brisa","7":"product_cat-sale","8":"product_cat-tables","10":"first","11":"instock","12":"shipping-taxable","13":"purchasable","14":"product-type-simple"},"acf":[],"yoast_head":"<!-- This site is optimized with the Yoast SEO Premium plugin v24.2 (Yoast SEO v27.4) - https:\/\/yoast.com\/product\/yoast-seo-premium-wordpress\/ -->\n<title>Brisa Rectangle Folding Table | Bertolini Direct<\/title>\n<meta name=\"description\" content=\"Brisa rectangle folding tables feature a durable plastic top and steel frame that make them ideal for events, churches, and multi-purpose spaces.\" \/>\n<meta name=\"robots\" content=\"index, follow, max-snippet:-1, max-image-preview:large, max-video-preview:-1\" \/>\n<link rel=\"canonical\" href=\"https:\/\/bertolinidirect.com\/fr\/products\/tables\/brisa-rectangle-folding-table\/\" \/>\n<meta property=\"og:locale\" content=\"fr_CA\" \/>\n<meta property=\"og:type\" content=\"article\" \/>\n<meta property=\"og:title\" content=\"Brisa Rectangle Folding Table\" \/>\n<meta property=\"og:description\" content=\"Brisa rectangle folding tables feature a durable plastic top and steel frame that make them ideal for events, churches, and multi-purpose spaces.\" \/>\n<meta property=\"og:url\" content=\"https:\/\/bertolinidirect.com\/fr\/products\/tables\/brisa-rectangle-folding-table\/\" \/>\n<meta property=\"og:site_name\" content=\"Bertolini Direct\" \/>\n<meta property=\"article:modified_time\" content=\"2026-04-30T22:49:27+00:00\" \/>\n<meta property=\"og:image\" content=\"https:\/\/staging.bertolinidirect.com\/wp-content\/uploads\/2025\/10\/Brisa_RT-30x72_Front45-min-e1760377385165.jpg\" \/>\n\t<meta property=\"og:image:width\" content=\"678\" \/>\n\t<meta property=\"og:image:height\" content=\"678\" \/>\n\t<meta property=\"og:image:type\" content=\"image\/jpeg\" \/>\n<meta name=\"twitter:card\" content=\"summary_large_image\" \/>\n<script type=\"application\/ld+json\" class=\"yoast-schema-graph\">{\"@context\":\"https:\\\/\\\/schema.org\",\"@graph\":[{\"@type\":\"WebPage\",\"@id\":\"https:\\\/\\\/bertolinidirect.com\\\/fr\\\/products\\\/tables\\\/brisa-rectangle-folding-table\",\"url\":\"https:\\\/\\\/bertolinidirect.com\\\/fr\\\/products\\\/tables\\\/brisa-rectangle-folding-table\",\"name\":\"Brisa Rectangle Folding Table | Bertolini Direct\",\"isPartOf\":{\"@id\":\"https:\\\/\\\/bertolinidirect.com\\\/fr\\\/#website\"},\"primaryImageOfPage\":{\"@id\":\"https:\\\/\\\/bertolinidirect.com\\\/fr\\\/products\\\/tables\\\/brisa-rectangle-folding-table#primaryimage\"},\"image\":{\"@id\":\"https:\\\/\\\/bertolinidirect.com\\\/fr\\\/products\\\/tables\\\/brisa-rectangle-folding-table#primaryimage\"},\"thumbnailUrl\":\"https:\\\/\\\/bertolinidirect.com\\\/wp-content\\\/uploads\\\/2025\\\/10\\\/Brisa_RT-30x72_Front45-min-e1760377385165.jpg\",\"datePublished\":\"2025-10-13T16:55:12+00:00\",\"dateModified\":\"2026-04-30T22:49:27+00:00\",\"description\":\"Brisa rectangle folding tables feature a durable plastic top and steel frame that make them ideal for events, churches, and multi-purpose spaces.\",\"breadcrumb\":{\"@id\":\"https:\\\/\\\/bertolinidirect.com\\\/fr\\\/products\\\/tables\\\/brisa-rectangle-folding-table#breadcrumb\"},\"inLanguage\":\"fr-CA\",\"potentialAction\":[{\"@type\":\"ReadAction\",\"target\":[\"https:\\\/\\\/bertolinidirect.com\\\/fr\\\/products\\\/tables\\\/brisa-rectangle-folding-table\"]}]},{\"@type\":\"ImageObject\",\"inLanguage\":\"fr-CA\",\"@id\":\"https:\\\/\\\/bertolinidirect.com\\\/fr\\\/products\\\/tables\\\/brisa-rectangle-folding-table#primaryimage\",\"url\":\"https:\\\/\\\/bertolinidirect.com\\\/wp-content\\\/uploads\\\/2025\\\/10\\\/Brisa_RT-30x72_Front45-min-e1760377385165.jpg\",\"contentUrl\":\"https:\\\/\\\/bertolinidirect.com\\\/wp-content\\\/uploads\\\/2025\\\/10\\\/Brisa_RT-30x72_Front45-min-e1760377385165.jpg\",\"width\":678,\"height\":678,\"caption\":\"Brisa rectangle table 30x72 front 45 angle\"},{\"@type\":\"BreadcrumbList\",\"@id\":\"https:\\\/\\\/bertolinidirect.com\\\/fr\\\/products\\\/tables\\\/brisa-rectangle-folding-table#breadcrumb\",\"itemListElement\":[{\"@type\":\"ListItem\",\"position\":1,\"name\":\"Home\",\"item\":\"https:\\\/\\\/bertolinidirect.com\\\/\"},{\"@type\":\"ListItem\",\"position\":2,\"name\":\"Products\",\"item\":\"https:\\\/\\\/bertolinidirect.com\\\/products\"},{\"@type\":\"ListItem\",\"position\":3,\"name\":\"Tables\",\"item\":\"https:\\\/\\\/bertolinidirect.com\\\/products\\\/tables\"},{\"@type\":\"ListItem\",\"position\":4,\"name\":\"Brisa Rectangle Folding Table\"}]},{\"@type\":\"WebSite\",\"@id\":\"https:\\\/\\\/bertolinidirect.com\\\/fr\\\/#website\",\"url\":\"https:\\\/\\\/bertolinidirect.com\\\/fr\\\/\",\"name\":\"Bertolini\",\"description\":\"\",\"potentialAction\":[{\"@type\":\"SearchAction\",\"target\":{\"@type\":\"EntryPoint\",\"urlTemplate\":\"https:\\\/\\\/bertolinidirect.com\\\/fr\\\/?s={search_term_string}\"},\"query-input\":{\"@type\":\"PropertyValueSpecification\",\"valueRequired\":true,\"valueName\":\"search_term_string\"}}],\"inLanguage\":\"fr-CA\"}]}<\/script>\n<!-- \/ Yoast SEO Premium plugin. -->","yoast_head_json":{"title":"Table pliante rectangulaire Brisa | Bertolini Direct","description":"Les tables pliantes rectangulaires Brisa sont dot\u00e9es d&#039;un plateau en plastique durable et d&#039;une structure en acier, ce qui les rend id\u00e9ales pour les \u00e9v\u00e9nements, les \u00e9glises et les espaces polyvalents.","robots":{"index":"index","follow":"follow","max-snippet":"max-snippet:-1","max-image-preview":"max-image-preview:large","max-video-preview":"max-video-preview:-1"},"canonical":"https:\/\/bertolinidirect.com\/fr\/products\/tables\/brisa-rectangle-folding-table\/","og_locale":"fr_CA","og_type":"article","og_title":"Brisa Rectangle Folding Table","og_description":"Brisa rectangle folding tables feature a durable plastic top and steel frame that make them ideal for events, churches, and multi-purpose spaces.","og_url":"https:\/\/bertolinidirect.com\/fr\/products\/tables\/brisa-rectangle-folding-table\/","og_site_name":"Bertolini Direct","article_modified_time":"2026-04-30T22:49:27+00:00","og_image":[{"width":678,"height":678,"url":"https:\/\/staging.bertolinidirect.com\/wp-content\/uploads\/2025\/10\/Brisa_RT-30x72_Front45-min-e1760377385165.jpg","type":"image\/jpeg"}],"twitter_card":"summary_large_image","schema":{"@context":"https:\/\/schema.org","@graph":[{"@type":"WebPage","@id":"https:\/\/bertolinidirect.com\/fr\/products\/tables\/brisa-rectangle-folding-table","url":"https:\/\/bertolinidirect.com\/fr\/products\/tables\/brisa-rectangle-folding-table","name":"Table pliante rectangulaire Brisa | Bertolini Direct","isPartOf":{"@id":"https:\/\/bertolinidirect.com\/fr\/#website"},"primaryImageOfPage":{"@id":"https:\/\/bertolinidirect.com\/fr\/products\/tables\/brisa-rectangle-folding-table#primaryimage"},"image":{"@id":"https:\/\/bertolinidirect.com\/fr\/products\/tables\/brisa-rectangle-folding-table#primaryimage"},"thumbnailUrl":"https:\/\/bertolinidirect.com\/wp-content\/uploads\/2025\/10\/Brisa_RT-30x72_Front45-min-e1760377385165.jpg","datePublished":"2025-10-13T16:55:12+00:00","dateModified":"2026-04-30T22:49:27+00:00","description":"Les tables pliantes rectangulaires Brisa sont dot\u00e9es d&#039;un plateau en plastique durable et d&#039;une structure en acier, ce qui les rend id\u00e9ales pour les \u00e9v\u00e9nements, les \u00e9glises et les espaces polyvalents.","breadcrumb":{"@id":"https:\/\/bertolinidirect.com\/fr\/products\/tables\/brisa-rectangle-folding-table#breadcrumb"},"inLanguage":"fr-CA","potentialAction":[{"@type":"ReadAction","target":["https:\/\/bertolinidirect.com\/fr\/products\/tables\/brisa-rectangle-folding-table"]}]},{"@type":"ImageObject","inLanguage":"fr-CA","@id":"https:\/\/bertolinidirect.com\/fr\/products\/tables\/brisa-rectangle-folding-table#primaryimage","url":"https:\/\/bertolinidirect.com\/wp-content\/uploads\/2025\/10\/Brisa_RT-30x72_Front45-min-e1760377385165.jpg","contentUrl":"https:\/\/bertolinidirect.com\/wp-content\/uploads\/2025\/10\/Brisa_RT-30x72_Front45-min-e1760377385165.jpg","width":678,"height":678,"caption":"Brisa rectangle table 30x72 front 45 angle"},{"@type":"BreadcrumbList","@id":"https:\/\/bertolinidirect.com\/fr\/products\/tables\/brisa-rectangle-folding-table#breadcrumb","itemListElement":[{"@type":"ListItem","position":1,"name":"Home","item":"https:\/\/bertolinidirect.com\/"},{"@type":"ListItem","position":2,"name":"Products","item":"https:\/\/bertolinidirect.com\/products"},{"@type":"ListItem","position":3,"name":"Tables","item":"https:\/\/bertolinidirect.com\/products\/tables"},{"@type":"ListItem","position":4,"name":"Brisa Rectangle Folding Table"}]},{"@type":"WebSite","@id":"https:\/\/bertolinidirect.com\/fr\/#website","url":"https:\/\/bertolinidirect.com\/fr\/","name":"Bertolini","description":"","potentialAction":[{"@type":"SearchAction","target":{"@type":"EntryPoint","urlTemplate":"https:\/\/bertolinidirect.com\/fr\/?s={search_term_string}"},"query-input":{"@type":"PropertyValueSpecification","valueRequired":true,"valueName":"search_term_string"}}],"inLanguage":"fr-CA"}]}},"_links":{"self":[{"href":"https:\/\/bertolinidirect.com\/fr\/wp-json\/wp\/v2\/product\/24222","targetHints":{"allow":["GET"]}}],"collection":[{"href":"https:\/\/bertolinidirect.com\/fr\/wp-json\/wp\/v2\/product"}],"about":[{"href":"https:\/\/bertolinidirect.com\/fr\/wp-json\/wp\/v2\/types\/product"}],"wp:featuredmedia":[{"embeddable":true,"href":"https:\/\/bertolinidirect.com\/fr\/wp-json\/wp\/v2\/media\/24242"}],"wp:attachment":[{"href":"https:\/\/bertolinidirect.com\/fr\/wp-json\/wp\/v2\/media?parent=24222"}],"wp:term":[{"taxonomy":"product_brand","embeddable":true,"href":"https:\/\/bertolinidirect.com\/fr\/wp-json\/wp\/v2\/product_brand?post=24222"},{"taxonomy":"product_cat","embeddable":true,"href":"https:\/\/bertolinidirect.com\/fr\/wp-json\/wp\/v2\/product_cat?post=24222"},{"taxonomy":"product_tag","embeddable":true,"href":"https:\/\/bertolinidirect.com\/fr\/wp-json\/wp\/v2\/product_tag?post=24222"}],"curies":[{"name":"wp","href":"https:\/\/api.w.org\/{rel}","templated":true}]}}