{"id":24202,"date":"2025-10-13T22:30:04","date_gmt":"2025-10-13T22:30:04","guid":{"rendered":"https:\/\/bertolinidirect.com\/?post_type=product&#038;p=24202"},"modified":"2026-05-01T14:42:04","modified_gmt":"2026-05-01T14:42:04","slug":"brisa-plastic-folding-chairs","status":"publish","type":"product","link":"https:\/\/bertolinidirect.com\/fr\/products\/chairs\/brisa-plastic-folding-chairs","title":{"rendered":"Chaises pliantes en plastique Brisa"},"content":{"rendered":"<p>Baptis\u00e9es d&#039;apr\u00e8s le mot espagnol signifiant \u201c brise \u201d, les chaises pliantes en plastique blanc Brisa simplifient l&#039;organisation de tout \u00e9v\u00e9nement. Une structure en acier gris thermolaqu\u00e9 soutient une assise et un dossier en plastique moul\u00e9 \u00e9pais. Des barres de renfort en acier sous l&#039;assise assurent robustesse et stabilit\u00e9.<\/p>\n\n\n\n<p>L&#039;assise et le dossier sont compos\u00e9s de poly\u00e9thyl\u00e8ne blanc r\u00e9sistant aux taches, tandis que leur surface textur\u00e9e assure une bonne adh\u00e9rence. Le dossier l\u00e9g\u00e8rement incurv\u00e9 offre une position plus naturelle et confortable. Les m\u00e9canismes robustes et fluides garantissent une utilisation durable et facile.<\/p>\n\n\n\n<p>Vous pouvez compter sur la chaise pliante Brisa comme solution pratique et robuste pour cr\u00e9er des places assises suppl\u00e9mentaires en cas de besoin. Son design compact et r\u00e9sistant \u00e0 l&#039;eau la rend id\u00e9ale pour des configurations flexibles lors de repas paroissiaux, d&#039;\u00e9v\u00e9nements communautaires, de caf\u00e9t\u00e9rias, de s\u00e9minaires, d&#039;activit\u00e9s pour les jeunes et les enfants, dans des espaces de bureau, et bien plus encore. Utilisez la chaise pliante Brisa \u00e0 l&#039;int\u00e9rieur ou \u00e0 l&#039;ext\u00e9rieur pendant de courtes p\u00e9riodes par temps sec.*<\/p>","protected":false},"excerpt":{"rendered":"<p>Named after the Spanish word for \u201cbreeze,\u201d the Brisa\u2019s white plastic folding chairs streamline any event setup. A gray, powder-coated steel frame supports a seat and backrest made from thick, molded plastic. Steel support bars beneath the seat add strength and stability. White, stain-resistant polyethylene plastic forms the seat and backrest, while a textured surface [&hellip;]<\/p>\n","protected":false},"featured_media":24210,"template":"","meta":{"_acf_changed":true},"product_brand":[90],"product_cat":[22,115],"product_tag":[],"class_list":{"0":"post-24202","1":"product","2":"type-product","3":"status-publish","4":"has-post-thumbnail","6":"product_brand-brisa","7":"product_cat-chairs","8":"product_cat-sale","10":"first","11":"instock","12":"shipping-taxable","13":"purchasable","14":"product-type-simple"},"acf":[],"yoast_head":"<!-- This site is optimized with the Yoast SEO Premium plugin v24.2 (Yoast SEO v27.4) - https:\/\/yoast.com\/product\/yoast-seo-premium-wordpress\/ -->\n<title>Brisa Plastic Folding Chairs | White Plastic Folding Chairs | Bertolini Direct<\/title>\n<meta name=\"description\" content=\"Unlike other white plastic folding chairs, Brisa\u2019s flexible seating is durable and easy to clean. They feature a sturdy steel frame and a compact design.\" \/>\n<meta name=\"robots\" content=\"index, follow, max-snippet:-1, max-image-preview:large, max-video-preview:-1\" \/>\n<link rel=\"canonical\" href=\"https:\/\/bertolinidirect.com\/fr\/products\/chairs\/brisa-plastic-folding-chairs\/\" \/>\n<meta property=\"og:locale\" content=\"fr_CA\" \/>\n<meta property=\"og:type\" content=\"article\" \/>\n<meta property=\"og:title\" content=\"Brisa Plastic Folding Chairs\" \/>\n<meta property=\"og:description\" content=\"Unlike other white plastic folding chairs, Brisa\u2019s flexible seating is durable and easy to clean. They feature a sturdy steel frame and a compact design.\" \/>\n<meta property=\"og:url\" content=\"https:\/\/bertolinidirect.com\/fr\/products\/chairs\/brisa-plastic-folding-chairs\/\" \/>\n<meta property=\"og:site_name\" content=\"Bertolini Direct\" \/>\n<meta property=\"article:modified_time\" content=\"2026-05-01T14:42:04+00:00\" \/>\n<meta property=\"og:image\" content=\"https:\/\/staging.bertolinidirect.com\/wp-content\/uploads\/2025\/10\/Brisa_Folding-Chair_featured.jpg\" \/>\n\t<meta property=\"og:image:width\" content=\"1024\" \/>\n\t<meta property=\"og:image:height\" content=\"1024\" \/>\n\t<meta property=\"og:image:type\" content=\"image\/jpeg\" \/>\n<meta name=\"twitter:card\" content=\"summary_large_image\" \/>\n<script type=\"application\/ld+json\" class=\"yoast-schema-graph\">{\"@context\":\"https:\\\/\\\/schema.org\",\"@graph\":[{\"@type\":\"WebPage\",\"@id\":\"https:\\\/\\\/bertolinidirect.com\\\/fr\\\/products\\\/chairs\\\/brisa-plastic-folding-chairs\",\"url\":\"https:\\\/\\\/bertolinidirect.com\\\/fr\\\/products\\\/chairs\\\/brisa-plastic-folding-chairs\",\"name\":\"Brisa Plastic Folding Chairs | White Plastic Folding Chairs | Bertolini Direct\",\"isPartOf\":{\"@id\":\"https:\\\/\\\/bertolinidirect.com\\\/fr\\\/#website\"},\"primaryImageOfPage\":{\"@id\":\"https:\\\/\\\/bertolinidirect.com\\\/fr\\\/products\\\/chairs\\\/brisa-plastic-folding-chairs#primaryimage\"},\"image\":{\"@id\":\"https:\\\/\\\/bertolinidirect.com\\\/fr\\\/products\\\/chairs\\\/brisa-plastic-folding-chairs#primaryimage\"},\"thumbnailUrl\":\"https:\\\/\\\/bertolinidirect.com\\\/wp-content\\\/uploads\\\/2025\\\/10\\\/Brisa_Folding-Chair_featured.jpg\",\"datePublished\":\"2025-10-13T22:30:04+00:00\",\"dateModified\":\"2026-05-01T14:42:04+00:00\",\"description\":\"Unlike other white plastic folding chairs, Brisa\u2019s flexible seating is durable and easy to clean. They feature a sturdy steel frame and a compact design.\",\"breadcrumb\":{\"@id\":\"https:\\\/\\\/bertolinidirect.com\\\/fr\\\/products\\\/chairs\\\/brisa-plastic-folding-chairs#breadcrumb\"},\"inLanguage\":\"fr-CA\",\"potentialAction\":[{\"@type\":\"ReadAction\",\"target\":[\"https:\\\/\\\/bertolinidirect.com\\\/fr\\\/products\\\/chairs\\\/brisa-plastic-folding-chairs\"]}]},{\"@type\":\"ImageObject\",\"inLanguage\":\"fr-CA\",\"@id\":\"https:\\\/\\\/bertolinidirect.com\\\/fr\\\/products\\\/chairs\\\/brisa-plastic-folding-chairs#primaryimage\",\"url\":\"https:\\\/\\\/bertolinidirect.com\\\/wp-content\\\/uploads\\\/2025\\\/10\\\/Brisa_Folding-Chair_featured.jpg\",\"contentUrl\":\"https:\\\/\\\/bertolinidirect.com\\\/wp-content\\\/uploads\\\/2025\\\/10\\\/Brisa_Folding-Chair_featured.jpg\",\"width\":1024,\"height\":1024,\"caption\":\"Front and back of the Brisa Folding Chair\"},{\"@type\":\"BreadcrumbList\",\"@id\":\"https:\\\/\\\/bertolinidirect.com\\\/fr\\\/products\\\/chairs\\\/brisa-plastic-folding-chairs#breadcrumb\",\"itemListElement\":[{\"@type\":\"ListItem\",\"position\":1,\"name\":\"Home\",\"item\":\"https:\\\/\\\/bertolinidirect.com\\\/\"},{\"@type\":\"ListItem\",\"position\":2,\"name\":\"Products\",\"item\":\"https:\\\/\\\/bertolinidirect.com\\\/products\"},{\"@type\":\"ListItem\",\"position\":3,\"name\":\"Chairs\",\"item\":\"https:\\\/\\\/bertolinidirect.com\\\/products\\\/chairs\"},{\"@type\":\"ListItem\",\"position\":4,\"name\":\"Brisa Plastic Folding Chairs\"}]},{\"@type\":\"WebSite\",\"@id\":\"https:\\\/\\\/bertolinidirect.com\\\/fr\\\/#website\",\"url\":\"https:\\\/\\\/bertolinidirect.com\\\/fr\\\/\",\"name\":\"Bertolini\",\"description\":\"\",\"potentialAction\":[{\"@type\":\"SearchAction\",\"target\":{\"@type\":\"EntryPoint\",\"urlTemplate\":\"https:\\\/\\\/bertolinidirect.com\\\/fr\\\/?s={search_term_string}\"},\"query-input\":{\"@type\":\"PropertyValueSpecification\",\"valueRequired\":true,\"valueName\":\"search_term_string\"}}],\"inLanguage\":\"fr-CA\"}]}<\/script>\n<!-- \/ Yoast SEO Premium plugin. -->","yoast_head_json":{"title":"Chaises pliantes en plastique Brisa | Chaises pliantes en plastique blanc | Bertolini Direct","description":"Contrairement aux autres chaises pliantes en plastique blanc, les si\u00e8ges flexibles Brisa sont durables et faciles \u00e0 nettoyer. Ils sont dot\u00e9s d&#039;une structure en acier robuste et d&#039;un design compact.","robots":{"index":"index","follow":"follow","max-snippet":"max-snippet:-1","max-image-preview":"max-image-preview:large","max-video-preview":"max-video-preview:-1"},"canonical":"https:\/\/bertolinidirect.com\/fr\/products\/chairs\/brisa-plastic-folding-chairs\/","og_locale":"fr_CA","og_type":"article","og_title":"Brisa Plastic Folding Chairs","og_description":"Unlike other white plastic folding chairs, Brisa\u2019s flexible seating is durable and easy to clean. They feature a sturdy steel frame and a compact design.","og_url":"https:\/\/bertolinidirect.com\/fr\/products\/chairs\/brisa-plastic-folding-chairs\/","og_site_name":"Bertolini Direct","article_modified_time":"2026-05-01T14:42:04+00:00","og_image":[{"width":1024,"height":1024,"url":"https:\/\/staging.bertolinidirect.com\/wp-content\/uploads\/2025\/10\/Brisa_Folding-Chair_featured.jpg","type":"image\/jpeg"}],"twitter_card":"summary_large_image","schema":{"@context":"https:\/\/schema.org","@graph":[{"@type":"WebPage","@id":"https:\/\/bertolinidirect.com\/fr\/products\/chairs\/brisa-plastic-folding-chairs","url":"https:\/\/bertolinidirect.com\/fr\/products\/chairs\/brisa-plastic-folding-chairs","name":"Chaises pliantes en plastique Brisa | Chaises pliantes en plastique blanc | Bertolini Direct","isPartOf":{"@id":"https:\/\/bertolinidirect.com\/fr\/#website"},"primaryImageOfPage":{"@id":"https:\/\/bertolinidirect.com\/fr\/products\/chairs\/brisa-plastic-folding-chairs#primaryimage"},"image":{"@id":"https:\/\/bertolinidirect.com\/fr\/products\/chairs\/brisa-plastic-folding-chairs#primaryimage"},"thumbnailUrl":"https:\/\/bertolinidirect.com\/wp-content\/uploads\/2025\/10\/Brisa_Folding-Chair_featured.jpg","datePublished":"2025-10-13T22:30:04+00:00","dateModified":"2026-05-01T14:42:04+00:00","description":"Contrairement aux autres chaises pliantes en plastique blanc, les si\u00e8ges flexibles Brisa sont durables et faciles \u00e0 nettoyer. Ils sont dot\u00e9s d&#039;une structure en acier robuste et d&#039;un design compact.","breadcrumb":{"@id":"https:\/\/bertolinidirect.com\/fr\/products\/chairs\/brisa-plastic-folding-chairs#breadcrumb"},"inLanguage":"fr-CA","potentialAction":[{"@type":"ReadAction","target":["https:\/\/bertolinidirect.com\/fr\/products\/chairs\/brisa-plastic-folding-chairs"]}]},{"@type":"ImageObject","inLanguage":"fr-CA","@id":"https:\/\/bertolinidirect.com\/fr\/products\/chairs\/brisa-plastic-folding-chairs#primaryimage","url":"https:\/\/bertolinidirect.com\/wp-content\/uploads\/2025\/10\/Brisa_Folding-Chair_featured.jpg","contentUrl":"https:\/\/bertolinidirect.com\/wp-content\/uploads\/2025\/10\/Brisa_Folding-Chair_featured.jpg","width":1024,"height":1024,"caption":"Front and back of the Brisa Folding Chair"},{"@type":"BreadcrumbList","@id":"https:\/\/bertolinidirect.com\/fr\/products\/chairs\/brisa-plastic-folding-chairs#breadcrumb","itemListElement":[{"@type":"ListItem","position":1,"name":"Home","item":"https:\/\/bertolinidirect.com\/"},{"@type":"ListItem","position":2,"name":"Products","item":"https:\/\/bertolinidirect.com\/products"},{"@type":"ListItem","position":3,"name":"Chairs","item":"https:\/\/bertolinidirect.com\/products\/chairs"},{"@type":"ListItem","position":4,"name":"Brisa Plastic Folding Chairs"}]},{"@type":"WebSite","@id":"https:\/\/bertolinidirect.com\/fr\/#website","url":"https:\/\/bertolinidirect.com\/fr\/","name":"Bertolini","description":"","potentialAction":[{"@type":"SearchAction","target":{"@type":"EntryPoint","urlTemplate":"https:\/\/bertolinidirect.com\/fr\/?s={search_term_string}"},"query-input":{"@type":"PropertyValueSpecification","valueRequired":true,"valueName":"search_term_string"}}],"inLanguage":"fr-CA"}]}},"_links":{"self":[{"href":"https:\/\/bertolinidirect.com\/fr\/wp-json\/wp\/v2\/product\/24202","targetHints":{"allow":["GET"]}}],"collection":[{"href":"https:\/\/bertolinidirect.com\/fr\/wp-json\/wp\/v2\/product"}],"about":[{"href":"https:\/\/bertolinidirect.com\/fr\/wp-json\/wp\/v2\/types\/product"}],"wp:featuredmedia":[{"embeddable":true,"href":"https:\/\/bertolinidirect.com\/fr\/wp-json\/wp\/v2\/media\/24210"}],"wp:attachment":[{"href":"https:\/\/bertolinidirect.com\/fr\/wp-json\/wp\/v2\/media?parent=24202"}],"wp:term":[{"taxonomy":"product_brand","embeddable":true,"href":"https:\/\/bertolinidirect.com\/fr\/wp-json\/wp\/v2\/product_brand?post=24202"},{"taxonomy":"product_cat","embeddable":true,"href":"https:\/\/bertolinidirect.com\/fr\/wp-json\/wp\/v2\/product_cat?post=24202"},{"taxonomy":"product_tag","embeddable":true,"href":"https:\/\/bertolinidirect.com\/fr\/wp-json\/wp\/v2\/product_tag?post=24202"}],"curies":[{"name":"wp","href":"https:\/\/api.w.org\/{rel}","templated":true}]}}