{"id":24069,"date":"2025-09-22T19:55:20","date_gmt":"2025-09-22T19:55:20","guid":{"rendered":"https:\/\/bertolinidirect.com\/?post_type=product&#038;p=24069"},"modified":"2026-05-01T14:06:25","modified_gmt":"2026-05-01T14:06:25","slug":"hd-premier-stacking-chair","status":"publish","type":"product","link":"https:\/\/bertolinidirect.com\/fr\/products\/chairs\/hd-premier-stacking-chair","title":{"rendered":"Chaise empilable HD Premier"},"content":{"rendered":"<p>Quelle autre chaise d&#039;\u00e9glise empilable offre un style moderne, un confort exceptionnel et une durabilit\u00e9 \u00e0 toute \u00e9preuve comme la chaise empilable HD Premier\u00a0? Son design \u00e9pur\u00e9 et minimaliste noir sur noir est dot\u00e9 d&#039;un pi\u00e8tement luge robuste en acier massif, conf\u00e9rant \u00e0 votre espace une allure contemporaine et \u00e9l\u00e9gante.<\/p>\n\n\n\n<p>L&#039;assise et le dossier sont compos\u00e9s d&#039;un tissu en maille souple qui \u00e9pouse les formes du corps pour un confort exceptionnel. Respirante et certifi\u00e9e OEKO-TEX\u00ae 100 Grade 2, cette maille r\u00e9pond aux normes de l&#039;industrie en mati\u00e8re de mat\u00e9riaux non irritants, tandis que le dossier incurv\u00e9 offre un soutien ergonomique suppl\u00e9mentaire.<\/p>\n\n\n\n<p>Vous pouvez empiler les chaises empilables HD Premier pour optimiser l&#039;organisation et la modularit\u00e9 de votre espace. Leurs patins de sol 2 en 1 int\u00e9gr\u00e9s prot\u00e8gent vos sols et leurs clips d&#039;assemblage vous permettent de les disposer en rang\u00e9es en toute s\u00e9curit\u00e9 pour vos \u00e9v\u00e9nements et r\u00e9unions.<\/p>\n\n\n\n<p>Utilisez cette chaise dans des environnements polyvalents tels que les salles de spectacle, les salles de formation, les caf\u00e9t\u00e9rias, les biblioth\u00e8ques, les \u00e9tablissements de sant\u00e9 et autres espaces publics. Pour plus de commodit\u00e9, un chariot de rangement vous est offert pour tout achat de 30 chaises.<\/p>","protected":false},"excerpt":{"rendered":"<p>What other stackable church chair delivers modern style, premium comfort, and long-lasting durability like the HD Premier Stacking Chair? Its sleek, minimal black-on-black design features a sturdy sled base frame built from solid steel rod, giving your space a clean, contemporary look. Flexible mesh fabric forms the seat and backrest, conforming to the body for [&hellip;]<\/p>\n","protected":false},"featured_media":24097,"template":"","meta":{"_acf_changed":true},"product_brand":[89],"product_cat":[22],"product_tag":[],"class_list":{"0":"post-24069","1":"product","2":"type-product","3":"status-publish","4":"has-post-thumbnail","6":"product_brand-hd-series","7":"product_cat-chairs","9":"first","10":"instock","11":"shipping-taxable","12":"purchasable","13":"product-type-simple"},"acf":[],"yoast_head":"<!-- This site is optimized with the Yoast SEO Premium plugin v24.2 (Yoast SEO v27.4) - https:\/\/yoast.com\/product\/yoast-seo-premium-wordpress\/ -->\n<title>HD Premier Stacking Chairs | Stackable Church Chairs | Bertolini Direct<\/title>\n<meta name=\"description\" content=\"Give yourself flexibility! Upgrade your space with a modern stackable church chair that features breathable mesh, a sleek steel frame, and a free cart.\" \/>\n<meta name=\"robots\" content=\"index, follow, max-snippet:-1, max-image-preview:large, max-video-preview:-1\" \/>\n<link rel=\"canonical\" href=\"https:\/\/bertolinidirect.com\/fr\/products\/chairs\/hd-premier-stacking-chair\/\" \/>\n<meta property=\"og:locale\" content=\"fr_CA\" \/>\n<meta property=\"og:type\" content=\"article\" \/>\n<meta property=\"og:title\" content=\"HD Premier Stacking Chair\" \/>\n<meta property=\"og:description\" content=\"Give yourself flexibility! Upgrade your space with a modern stackable church chair that features breathable mesh, a sleek steel frame, and a free cart.\" \/>\n<meta property=\"og:url\" content=\"https:\/\/bertolinidirect.com\/fr\/products\/chairs\/hd-premier-stacking-chair\/\" \/>\n<meta property=\"og:site_name\" content=\"Bertolini Direct\" \/>\n<meta property=\"article:modified_time\" content=\"2026-05-01T14:06:25+00:00\" \/>\n<meta property=\"og:image\" content=\"https:\/\/staging.bertolinidirect.com\/wp-content\/uploads\/2025\/09\/BERT_HD-Premier_SHADOWS.jpg\" \/>\n\t<meta property=\"og:image:width\" content=\"1024\" \/>\n\t<meta property=\"og:image:height\" content=\"1024\" \/>\n\t<meta property=\"og:image:type\" content=\"image\/jpeg\" \/>\n<meta name=\"twitter:card\" content=\"summary_large_image\" \/>\n<script type=\"application\/ld+json\" class=\"yoast-schema-graph\">{\"@context\":\"https:\\\/\\\/schema.org\",\"@graph\":[{\"@type\":\"WebPage\",\"@id\":\"https:\\\/\\\/bertolinidirect.com\\\/fr\\\/products\\\/chairs\\\/hd-premier-stacking-chair\",\"url\":\"https:\\\/\\\/bertolinidirect.com\\\/fr\\\/products\\\/chairs\\\/hd-premier-stacking-chair\",\"name\":\"HD Premier Stacking Chairs | Stackable Church Chairs | Bertolini Direct\",\"isPartOf\":{\"@id\":\"https:\\\/\\\/bertolinidirect.com\\\/fr\\\/#website\"},\"primaryImageOfPage\":{\"@id\":\"https:\\\/\\\/bertolinidirect.com\\\/fr\\\/products\\\/chairs\\\/hd-premier-stacking-chair#primaryimage\"},\"image\":{\"@id\":\"https:\\\/\\\/bertolinidirect.com\\\/fr\\\/products\\\/chairs\\\/hd-premier-stacking-chair#primaryimage\"},\"thumbnailUrl\":\"https:\\\/\\\/bertolinidirect.com\\\/wp-content\\\/uploads\\\/2025\\\/09\\\/BERT_HD-Premier_SHADOWS.jpg\",\"datePublished\":\"2025-09-22T19:55:20+00:00\",\"dateModified\":\"2026-05-01T14:06:25+00:00\",\"description\":\"Give yourself flexibility! Upgrade your space with a modern stackable church chair that features breathable mesh, a sleek steel frame, and a free cart.\",\"breadcrumb\":{\"@id\":\"https:\\\/\\\/bertolinidirect.com\\\/fr\\\/products\\\/chairs\\\/hd-premier-stacking-chair#breadcrumb\"},\"inLanguage\":\"fr-CA\",\"potentialAction\":[{\"@type\":\"ReadAction\",\"target\":[\"https:\\\/\\\/bertolinidirect.com\\\/fr\\\/products\\\/chairs\\\/hd-premier-stacking-chair\"]}]},{\"@type\":\"ImageObject\",\"inLanguage\":\"fr-CA\",\"@id\":\"https:\\\/\\\/bertolinidirect.com\\\/fr\\\/products\\\/chairs\\\/hd-premier-stacking-chair#primaryimage\",\"url\":\"https:\\\/\\\/bertolinidirect.com\\\/wp-content\\\/uploads\\\/2025\\\/09\\\/BERT_HD-Premier_SHADOWS.jpg\",\"contentUrl\":\"https:\\\/\\\/bertolinidirect.com\\\/wp-content\\\/uploads\\\/2025\\\/09\\\/BERT_HD-Premier_SHADOWS.jpg\",\"width\":1024,\"height\":1024,\"caption\":\"HD Premiere front and back studio image\"},{\"@type\":\"BreadcrumbList\",\"@id\":\"https:\\\/\\\/bertolinidirect.com\\\/fr\\\/products\\\/chairs\\\/hd-premier-stacking-chair#breadcrumb\",\"itemListElement\":[{\"@type\":\"ListItem\",\"position\":1,\"name\":\"Home\",\"item\":\"https:\\\/\\\/bertolinidirect.com\\\/\"},{\"@type\":\"ListItem\",\"position\":2,\"name\":\"Products\",\"item\":\"https:\\\/\\\/bertolinidirect.com\\\/products\"},{\"@type\":\"ListItem\",\"position\":3,\"name\":\"Chairs\",\"item\":\"https:\\\/\\\/bertolinidirect.com\\\/products\\\/chairs\"},{\"@type\":\"ListItem\",\"position\":4,\"name\":\"HD Premier Stacking Chair\"}]},{\"@type\":\"WebSite\",\"@id\":\"https:\\\/\\\/bertolinidirect.com\\\/fr\\\/#website\",\"url\":\"https:\\\/\\\/bertolinidirect.com\\\/fr\\\/\",\"name\":\"Bertolini\",\"description\":\"\",\"potentialAction\":[{\"@type\":\"SearchAction\",\"target\":{\"@type\":\"EntryPoint\",\"urlTemplate\":\"https:\\\/\\\/bertolinidirect.com\\\/fr\\\/?s={search_term_string}\"},\"query-input\":{\"@type\":\"PropertyValueSpecification\",\"valueRequired\":true,\"valueName\":\"search_term_string\"}}],\"inLanguage\":\"fr-CA\"}]}<\/script>\n<!-- \/ Yoast SEO Premium plugin. -->","yoast_head_json":{"title":"Chaises empilables HD Premier | Chaises d&#039;\u00e9glise empilables | Bertolini Direct","description":"Gagnez en flexibilit\u00e9 ! Am\u00e9liorez votre espace avec une chaise d&#039;\u00e9glise empilable moderne dot\u00e9e d&#039;un tissu en maille respirante, d&#039;une \u00e9l\u00e9gante structure en acier et d&#039;un chariot gratuit.","robots":{"index":"index","follow":"follow","max-snippet":"max-snippet:-1","max-image-preview":"max-image-preview:large","max-video-preview":"max-video-preview:-1"},"canonical":"https:\/\/bertolinidirect.com\/fr\/products\/chairs\/hd-premier-stacking-chair\/","og_locale":"fr_CA","og_type":"article","og_title":"HD Premier Stacking Chair","og_description":"Give yourself flexibility! Upgrade your space with a modern stackable church chair that features breathable mesh, a sleek steel frame, and a free cart.","og_url":"https:\/\/bertolinidirect.com\/fr\/products\/chairs\/hd-premier-stacking-chair\/","og_site_name":"Bertolini Direct","article_modified_time":"2026-05-01T14:06:25+00:00","og_image":[{"width":1024,"height":1024,"url":"https:\/\/staging.bertolinidirect.com\/wp-content\/uploads\/2025\/09\/BERT_HD-Premier_SHADOWS.jpg","type":"image\/jpeg"}],"twitter_card":"summary_large_image","schema":{"@context":"https:\/\/schema.org","@graph":[{"@type":"WebPage","@id":"https:\/\/bertolinidirect.com\/fr\/products\/chairs\/hd-premier-stacking-chair","url":"https:\/\/bertolinidirect.com\/fr\/products\/chairs\/hd-premier-stacking-chair","name":"Chaises empilables HD Premier | Chaises d&#039;\u00e9glise empilables | Bertolini Direct","isPartOf":{"@id":"https:\/\/bertolinidirect.com\/fr\/#website"},"primaryImageOfPage":{"@id":"https:\/\/bertolinidirect.com\/fr\/products\/chairs\/hd-premier-stacking-chair#primaryimage"},"image":{"@id":"https:\/\/bertolinidirect.com\/fr\/products\/chairs\/hd-premier-stacking-chair#primaryimage"},"thumbnailUrl":"https:\/\/bertolinidirect.com\/wp-content\/uploads\/2025\/09\/BERT_HD-Premier_SHADOWS.jpg","datePublished":"2025-09-22T19:55:20+00:00","dateModified":"2026-05-01T14:06:25+00:00","description":"Gagnez en flexibilit\u00e9 ! Am\u00e9liorez votre espace avec une chaise d&#039;\u00e9glise empilable moderne dot\u00e9e d&#039;un tissu en maille respirante, d&#039;une \u00e9l\u00e9gante structure en acier et d&#039;un chariot gratuit.","breadcrumb":{"@id":"https:\/\/bertolinidirect.com\/fr\/products\/chairs\/hd-premier-stacking-chair#breadcrumb"},"inLanguage":"fr-CA","potentialAction":[{"@type":"ReadAction","target":["https:\/\/bertolinidirect.com\/fr\/products\/chairs\/hd-premier-stacking-chair"]}]},{"@type":"ImageObject","inLanguage":"fr-CA","@id":"https:\/\/bertolinidirect.com\/fr\/products\/chairs\/hd-premier-stacking-chair#primaryimage","url":"https:\/\/bertolinidirect.com\/wp-content\/uploads\/2025\/09\/BERT_HD-Premier_SHADOWS.jpg","contentUrl":"https:\/\/bertolinidirect.com\/wp-content\/uploads\/2025\/09\/BERT_HD-Premier_SHADOWS.jpg","width":1024,"height":1024,"caption":"HD Premiere front and back studio image"},{"@type":"BreadcrumbList","@id":"https:\/\/bertolinidirect.com\/fr\/products\/chairs\/hd-premier-stacking-chair#breadcrumb","itemListElement":[{"@type":"ListItem","position":1,"name":"Home","item":"https:\/\/bertolinidirect.com\/"},{"@type":"ListItem","position":2,"name":"Products","item":"https:\/\/bertolinidirect.com\/products"},{"@type":"ListItem","position":3,"name":"Chairs","item":"https:\/\/bertolinidirect.com\/products\/chairs"},{"@type":"ListItem","position":4,"name":"HD Premier Stacking Chair"}]},{"@type":"WebSite","@id":"https:\/\/bertolinidirect.com\/fr\/#website","url":"https:\/\/bertolinidirect.com\/fr\/","name":"Bertolini","description":"","potentialAction":[{"@type":"SearchAction","target":{"@type":"EntryPoint","urlTemplate":"https:\/\/bertolinidirect.com\/fr\/?s={search_term_string}"},"query-input":{"@type":"PropertyValueSpecification","valueRequired":true,"valueName":"search_term_string"}}],"inLanguage":"fr-CA"}]}},"_links":{"self":[{"href":"https:\/\/bertolinidirect.com\/fr\/wp-json\/wp\/v2\/product\/24069","targetHints":{"allow":["GET"]}}],"collection":[{"href":"https:\/\/bertolinidirect.com\/fr\/wp-json\/wp\/v2\/product"}],"about":[{"href":"https:\/\/bertolinidirect.com\/fr\/wp-json\/wp\/v2\/types\/product"}],"wp:featuredmedia":[{"embeddable":true,"href":"https:\/\/bertolinidirect.com\/fr\/wp-json\/wp\/v2\/media\/24097"}],"wp:attachment":[{"href":"https:\/\/bertolinidirect.com\/fr\/wp-json\/wp\/v2\/media?parent=24069"}],"wp:term":[{"taxonomy":"product_brand","embeddable":true,"href":"https:\/\/bertolinidirect.com\/fr\/wp-json\/wp\/v2\/product_brand?post=24069"},{"taxonomy":"product_cat","embeddable":true,"href":"https:\/\/bertolinidirect.com\/fr\/wp-json\/wp\/v2\/product_cat?post=24069"},{"taxonomy":"product_tag","embeddable":true,"href":"https:\/\/bertolinidirect.com\/fr\/wp-json\/wp\/v2\/product_tag?post=24069"}],"curies":[{"name":"wp","href":"https:\/\/api.w.org\/{rel}","templated":true}]}}