{"id":24068,"date":"2025-09-22T19:49:23","date_gmt":"2025-09-22T19:49:23","guid":{"rendered":"https:\/\/bertolinidirect.com\/?post_type=product&#038;p=24068"},"modified":"2025-10-23T19:51:16","modified_gmt":"2025-10-23T19:51:16","slug":"hd-select-stacking-chair","status":"publish","type":"product","link":"https:\/\/bertolinidirect.com\/fr\/products\/chairs\/hd-select-stacking-chair","title":{"rendered":"Chaise empilable HD Select"},"content":{"rendered":"<p>Dot\u00e9e d&#039;une silhouette \u00e9pur\u00e9e, la chaise empilable HD Select affiche un style \u00e9pur\u00e9 et minimaliste alliant fonctionnalit\u00e9 et modernit\u00e9. Son pi\u00e8tement luge en tube d&#039;acier creux lui conf\u00e8re l\u00e9g\u00e8ret\u00e9, stabilit\u00e9 et durabilit\u00e9. Son assise en vinyle souple et l\u00e9g\u00e8rement rembourr\u00e9e assure un confort optimal et se nettoie facilement. Son dossier incurv\u00e9 est en polypropyl\u00e8ne r\u00e9sistant aux \u00e9raflures.<\/p>\n<p>Pratique et professionnel, il est dot\u00e9 de clips de fixation int\u00e9gr\u00e9s aux patins pour relier les chaises en rang\u00e9es bien align\u00e9es. Des patins en nylon sous les patins facilitent le retrait de la chaise d&#039;une table sur sol dur. Ce si\u00e8ge est id\u00e9al pour les environnements \u00e0 forte fr\u00e9quentation comme les salles de formation, les caf\u00e9t\u00e9rias, les \u00e9coles, les concerts et les salles de r\u00e9ception.<\/p>\n<p>Un chariot GRATUIT est inclus avec chaque pile de 30 chaises.<\/p>","protected":false},"excerpt":{"rendered":"<p>Sporting a sleek silhouette, the HD Select Stacking Chair has a clean, minimalist style that blends function with modern appeal. The sled base frame is made with a hollow steel tube, which makes it lightweight, stable, and durable. It features a flexible, lightly padded vinyl seat for comfort, which is easy to wipe clean. The [&hellip;]<\/p>\n","protected":false},"featured_media":24098,"template":"","meta":{"_acf_changed":true},"product_brand":[89],"product_cat":[22],"product_tag":[],"class_list":{"0":"post-24068","1":"product","2":"type-product","3":"status-publish","4":"has-post-thumbnail","6":"product_brand-hd-series","7":"product_cat-chairs","9":"first","10":"instock","11":"shipping-taxable","12":"purchasable","13":"product-type-simple"},"acf":[],"yoast_head":"<!-- This site is optimized with the Yoast SEO Premium plugin v24.2 (Yoast SEO v27.1.1) - https:\/\/yoast.com\/product\/yoast-seo-premium-wordpress\/ -->\n<title>HD Select Stacking Chair | Sleek, Durable Stacker | Bertolini Direct<\/title>\n<meta name=\"description\" content=\"Modern black stacking chair with metal sled base, foam seat, ganging clips &amp; free cart with 40 chairs. Perfect for classrooms, events &amp; multipurpose spaces.\" \/>\n<meta name=\"robots\" content=\"index, follow, max-snippet:-1, max-image-preview:large, max-video-preview:-1\" \/>\n<link rel=\"canonical\" href=\"https:\/\/bertolinidirect.com\/fr\/products\/chairs\/hd-select-stacking-chair\/\" \/>\n<meta property=\"og:locale\" content=\"fr_CA\" \/>\n<meta property=\"og:type\" content=\"article\" \/>\n<meta property=\"og:title\" content=\"HD Select Stacking Chair\" \/>\n<meta property=\"og:description\" content=\"Modern black stacking chair with metal sled base, foam seat, ganging clips &amp; free cart with 40 chairs. Perfect for classrooms, events &amp; multipurpose spaces.\" \/>\n<meta property=\"og:url\" content=\"https:\/\/bertolinidirect.com\/fr\/products\/chairs\/hd-select-stacking-chair\/\" \/>\n<meta property=\"og:site_name\" content=\"Bertolini Direct\" \/>\n<meta property=\"article:modified_time\" content=\"2025-10-23T19:51:16+00:00\" \/>\n<meta property=\"og:image\" content=\"https:\/\/bertolinidirect.com\/wp-content\/uploads\/2025\/09\/BERT_HD-Select_SHADOWS.jpg\" \/>\n\t<meta property=\"og:image:width\" content=\"1024\" \/>\n\t<meta property=\"og:image:height\" content=\"1024\" \/>\n\t<meta property=\"og:image:type\" content=\"image\/jpeg\" \/>\n<meta name=\"twitter:card\" content=\"summary_large_image\" \/>\n<script type=\"application\/ld+json\" class=\"yoast-schema-graph\">{\"@context\":\"https:\/\/schema.org\",\"@graph\":[{\"@type\":\"WebPage\",\"@id\":\"https:\/\/bertolinidirect.com\/fr\/products\/chairs\/hd-select-stacking-chair\",\"url\":\"https:\/\/bertolinidirect.com\/fr\/products\/chairs\/hd-select-stacking-chair\",\"name\":\"HD Select Stacking Chair | Sleek, Durable Stacker | Bertolini Direct\",\"isPartOf\":{\"@id\":\"https:\/\/bertolinidirect.com\/fr\/#website\"},\"primaryImageOfPage\":{\"@id\":\"https:\/\/bertolinidirect.com\/fr\/products\/chairs\/hd-select-stacking-chair#primaryimage\"},\"image\":{\"@id\":\"https:\/\/bertolinidirect.com\/fr\/products\/chairs\/hd-select-stacking-chair#primaryimage\"},\"thumbnailUrl\":\"https:\/\/bertolinidirect.com\/wp-content\/uploads\/2025\/09\/BERT_HD-Select_SHADOWS.jpg\",\"datePublished\":\"2025-09-22T19:49:23+00:00\",\"dateModified\":\"2025-10-23T19:51:16+00:00\",\"description\":\"Modern black stacking chair with metal sled base, foam seat, ganging clips & free cart with 40 chairs. Perfect for classrooms, events & multipurpose spaces.\",\"breadcrumb\":{\"@id\":\"https:\/\/bertolinidirect.com\/fr\/products\/chairs\/hd-select-stacking-chair#breadcrumb\"},\"inLanguage\":\"fr-CA\",\"potentialAction\":[{\"@type\":\"ReadAction\",\"target\":[\"https:\/\/bertolinidirect.com\/fr\/products\/chairs\/hd-select-stacking-chair\"]}]},{\"@type\":\"ImageObject\",\"inLanguage\":\"fr-CA\",\"@id\":\"https:\/\/bertolinidirect.com\/fr\/products\/chairs\/hd-select-stacking-chair#primaryimage\",\"url\":\"https:\/\/bertolinidirect.com\/wp-content\/uploads\/2025\/09\/BERT_HD-Select_SHADOWS.jpg\",\"contentUrl\":\"https:\/\/bertolinidirect.com\/wp-content\/uploads\/2025\/09\/BERT_HD-Select_SHADOWS.jpg\",\"width\":1024,\"height\":1024,\"caption\":\"HD Select front and back studio shot\"},{\"@type\":\"BreadcrumbList\",\"@id\":\"https:\/\/bertolinidirect.com\/fr\/products\/chairs\/hd-select-stacking-chair#breadcrumb\",\"itemListElement\":[{\"@type\":\"ListItem\",\"position\":1,\"name\":\"Home\",\"item\":\"https:\/\/bertolinidirect.com\/\"},{\"@type\":\"ListItem\",\"position\":2,\"name\":\"Products\",\"item\":\"https:\/\/bertolinidirect.com\/products\"},{\"@type\":\"ListItem\",\"position\":3,\"name\":\"Chairs\",\"item\":\"https:\/\/bertolinidirect.com\/products\/chairs\"},{\"@type\":\"ListItem\",\"position\":4,\"name\":\"HD Select Stacking Chair\"}]},{\"@type\":\"WebSite\",\"@id\":\"https:\/\/bertolinidirect.com\/fr\/#website\",\"url\":\"https:\/\/bertolinidirect.com\/fr\/\",\"name\":\"Bertolini\",\"description\":\"\",\"potentialAction\":[{\"@type\":\"SearchAction\",\"target\":{\"@type\":\"EntryPoint\",\"urlTemplate\":\"https:\/\/bertolinidirect.com\/fr\/?s={search_term_string}\"},\"query-input\":{\"@type\":\"PropertyValueSpecification\",\"valueRequired\":true,\"valueName\":\"search_term_string\"}}],\"inLanguage\":\"fr-CA\"}]}<\/script>\n<!-- \/ Yoast SEO Premium plugin. -->","yoast_head_json":{"title":"Chaise empilable HD Select | Chaise empilable \u00e9l\u00e9gante et durable | Bertolini Direct","description":"Chaise empilable noire moderne avec pi\u00e8tement luge en m\u00e9tal, assise en mousse, attaches et chariot gratuit de 40 chaises. Id\u00e9ale pour les salles de classe, les \u00e9v\u00e9nements et les espaces polyvalents.","robots":{"index":"index","follow":"follow","max-snippet":"max-snippet:-1","max-image-preview":"max-image-preview:large","max-video-preview":"max-video-preview:-1"},"canonical":"https:\/\/bertolinidirect.com\/fr\/products\/chairs\/hd-select-stacking-chair\/","og_locale":"fr_CA","og_type":"article","og_title":"HD Select Stacking Chair","og_description":"Modern black stacking chair with metal sled base, foam seat, ganging clips & free cart with 40 chairs. Perfect for classrooms, events & multipurpose spaces.","og_url":"https:\/\/bertolinidirect.com\/fr\/products\/chairs\/hd-select-stacking-chair\/","og_site_name":"Bertolini Direct","article_modified_time":"2025-10-23T19:51:16+00:00","og_image":[{"width":1024,"height":1024,"url":"https:\/\/bertolinidirect.com\/wp-content\/uploads\/2025\/09\/BERT_HD-Select_SHADOWS.jpg","type":"image\/jpeg"}],"twitter_card":"summary_large_image","schema":{"@context":"https:\/\/schema.org","@graph":[{"@type":"WebPage","@id":"https:\/\/bertolinidirect.com\/fr\/products\/chairs\/hd-select-stacking-chair","url":"https:\/\/bertolinidirect.com\/fr\/products\/chairs\/hd-select-stacking-chair","name":"Chaise empilable HD Select | Chaise empilable \u00e9l\u00e9gante et durable | Bertolini Direct","isPartOf":{"@id":"https:\/\/bertolinidirect.com\/fr\/#website"},"primaryImageOfPage":{"@id":"https:\/\/bertolinidirect.com\/fr\/products\/chairs\/hd-select-stacking-chair#primaryimage"},"image":{"@id":"https:\/\/bertolinidirect.com\/fr\/products\/chairs\/hd-select-stacking-chair#primaryimage"},"thumbnailUrl":"https:\/\/bertolinidirect.com\/wp-content\/uploads\/2025\/09\/BERT_HD-Select_SHADOWS.jpg","datePublished":"2025-09-22T19:49:23+00:00","dateModified":"2025-10-23T19:51:16+00:00","description":"Chaise empilable noire moderne avec pi\u00e8tement luge en m\u00e9tal, assise en mousse, attaches et chariot gratuit de 40 chaises. Id\u00e9ale pour les salles de classe, les \u00e9v\u00e9nements et les espaces polyvalents.","breadcrumb":{"@id":"https:\/\/bertolinidirect.com\/fr\/products\/chairs\/hd-select-stacking-chair#breadcrumb"},"inLanguage":"fr-CA","potentialAction":[{"@type":"ReadAction","target":["https:\/\/bertolinidirect.com\/fr\/products\/chairs\/hd-select-stacking-chair"]}]},{"@type":"ImageObject","inLanguage":"fr-CA","@id":"https:\/\/bertolinidirect.com\/fr\/products\/chairs\/hd-select-stacking-chair#primaryimage","url":"https:\/\/bertolinidirect.com\/wp-content\/uploads\/2025\/09\/BERT_HD-Select_SHADOWS.jpg","contentUrl":"https:\/\/bertolinidirect.com\/wp-content\/uploads\/2025\/09\/BERT_HD-Select_SHADOWS.jpg","width":1024,"height":1024,"caption":"HD Select front and back studio shot"},{"@type":"BreadcrumbList","@id":"https:\/\/bertolinidirect.com\/fr\/products\/chairs\/hd-select-stacking-chair#breadcrumb","itemListElement":[{"@type":"ListItem","position":1,"name":"Home","item":"https:\/\/bertolinidirect.com\/"},{"@type":"ListItem","position":2,"name":"Products","item":"https:\/\/bertolinidirect.com\/products"},{"@type":"ListItem","position":3,"name":"Chairs","item":"https:\/\/bertolinidirect.com\/products\/chairs"},{"@type":"ListItem","position":4,"name":"HD Select Stacking Chair"}]},{"@type":"WebSite","@id":"https:\/\/bertolinidirect.com\/fr\/#website","url":"https:\/\/bertolinidirect.com\/fr\/","name":"Bertolini","description":"","potentialAction":[{"@type":"SearchAction","target":{"@type":"EntryPoint","urlTemplate":"https:\/\/bertolinidirect.com\/fr\/?s={search_term_string}"},"query-input":{"@type":"PropertyValueSpecification","valueRequired":true,"valueName":"search_term_string"}}],"inLanguage":"fr-CA"}]}},"_links":{"self":[{"href":"https:\/\/bertolinidirect.com\/fr\/wp-json\/wp\/v2\/product\/24068","targetHints":{"allow":["GET"]}}],"collection":[{"href":"https:\/\/bertolinidirect.com\/fr\/wp-json\/wp\/v2\/product"}],"about":[{"href":"https:\/\/bertolinidirect.com\/fr\/wp-json\/wp\/v2\/types\/product"}],"wp:featuredmedia":[{"embeddable":true,"href":"https:\/\/bertolinidirect.com\/fr\/wp-json\/wp\/v2\/media\/24098"}],"wp:attachment":[{"href":"https:\/\/bertolinidirect.com\/fr\/wp-json\/wp\/v2\/media?parent=24068"}],"wp:term":[{"taxonomy":"product_brand","embeddable":true,"href":"https:\/\/bertolinidirect.com\/fr\/wp-json\/wp\/v2\/product_brand?post=24068"},{"taxonomy":"product_cat","embeddable":true,"href":"https:\/\/bertolinidirect.com\/fr\/wp-json\/wp\/v2\/product_cat?post=24068"},{"taxonomy":"product_tag","embeddable":true,"href":"https:\/\/bertolinidirect.com\/fr\/wp-json\/wp\/v2\/product_tag?post=24068"}],"curies":[{"name":"wp","href":"https:\/\/api.w.org\/{rel}","templated":true}]}}