{"id":21,"date":"2024-01-02T19:14:22","date_gmt":"2024-01-02T19:14:22","guid":{"rendered":"https:\/\/bertolinidirect.com\/?post_type=product&#038;p=21"},"modified":"2026-01-29T15:36:33","modified_gmt":"2026-01-29T15:36:33","slug":"impressions-chair","status":"publish","type":"product","link":"https:\/\/bertolinidirect.com\/fr\/products\/chairs\/impressions-chair","title":{"rendered":"Chaise d&#039;\u00e9glise Impressions"},"content":{"rendered":"<p>La NOUVELLE chaise de culte Impressions est sp\u00e9cialement con\u00e7ue pour en faire la meilleure chaise d&#039;\u00e9glise sur le march\u00e9. Cette chaise de culte est disponible en deux largeurs de si\u00e8ge : 20 pouces et 22 pouces.<\/p>\n<p>Fabriqu\u00e9e aux \u00c9tats-Unis, la chaise d&#039;\u00e9glise 100% est personnalisable et offre une qualit\u00e9 et un confort in\u00e9gal\u00e9s. Elle est dot\u00e9e de notre mousse MDI la plus moelleuse (1,7 \u00e0 1,8 kg), \u00e0 froid, moul\u00e9e sur mesure dans notre usine pour une durabilit\u00e9 et un confort exceptionnels. Elle int\u00e8gre \u00e9galement notre technologie brevet\u00e9e FormFlex.<sup>MC<\/sup> Base de l&#039;assise. Enfin, cette chaise est dot\u00e9e de notre dossier haut de gamme, qui \u00e9pouse et soutient le dos pour un confort ergonomique optimal.<\/p>\n<p>Les chaises d&#039;\u00e9glise Impressions permettent d&#039;offrir facilement et \u00e0 moindre co\u00fbt la meilleure exp\u00e9rience de si\u00e8ge et de culte \u00e0 votre congr\u00e9gation.<\/p>\n<p>Anciennement connu sous les noms\u00a0: 77025, 7025, 7025A, 77005, 7005, 7005<\/p>\n\n\n<p><\/p>","protected":false},"excerpt":{"rendered":"<p>The NEW Impressions worship chair is uniquely engineered to make it the best church chair on the market. This worship chair is available in two seat widths: 20-inch and 22-inch. 100% made in the USA, this church chair is customizable and unmatched for quality and comfort. This chair features our plushest, 3.8\u20134.0 lb. cold-cured, MDI [&hellip;]<\/p>\n","protected":false},"featured_media":24647,"template":"","meta":{"_acf_changed":true},"product_brand":[],"product_cat":[22],"product_tag":[],"class_list":{"0":"post-21","1":"product","2":"type-product","3":"status-publish","4":"has-post-thumbnail","6":"product_cat-chairs","8":"first","9":"instock","10":"shipping-taxable","11":"purchasable","12":"product-type-simple"},"acf":[],"yoast_head":"<!-- This site is optimized with the Yoast SEO Premium plugin v24.2 (Yoast SEO v27.1.1) - https:\/\/yoast.com\/product\/yoast-seo-premium-wordpress\/ -->\n<title>Impressions Church Chair | Bertolini<\/title>\n<meta name=\"description\" content=\"Give your congregation comfort with the Impressions Series. Its unique design makes it the only maintenance-free stacking church chair.\" \/>\n<meta name=\"robots\" content=\"index, follow, max-snippet:-1, max-image-preview:large, max-video-preview:-1\" \/>\n<link rel=\"canonical\" href=\"https:\/\/bertolinidirect.com\/fr\/products\/chairs\/impressions-chair\/\" \/>\n<meta property=\"og:locale\" content=\"fr_CA\" \/>\n<meta property=\"og:type\" content=\"article\" \/>\n<meta property=\"og:title\" content=\"Impressions Church Chair\" \/>\n<meta property=\"og:description\" content=\"Give your congregation comfort with the Impressions Series. Its unique design makes it the only maintenance-free stacking church chair.\" \/>\n<meta property=\"og:url\" content=\"https:\/\/bertolinidirect.com\/fr\/products\/chairs\/impressions-chair\/\" \/>\n<meta property=\"og:site_name\" content=\"Bertolini Direct\" \/>\n<meta property=\"article:modified_time\" content=\"2026-01-29T15:36:33+00:00\" \/>\n<meta property=\"og:image\" content=\"https:\/\/bertolinidirect.com\/wp-content\/uploads\/2024\/01\/Impressions-Church-Chair-Grouping-1024x1024-min.jpg\" \/>\n\t<meta property=\"og:image:width\" content=\"1024\" \/>\n\t<meta property=\"og:image:height\" content=\"1024\" \/>\n\t<meta property=\"og:image:type\" content=\"image\/jpeg\" \/>\n<meta name=\"twitter:card\" content=\"summary_large_image\" \/>\n<script type=\"application\/ld+json\" class=\"yoast-schema-graph\">{\"@context\":\"https:\/\/schema.org\",\"@graph\":[{\"@type\":\"WebPage\",\"@id\":\"https:\/\/bertolinidirect.com\/fr\/products\/chairs\/impressions-chair\",\"url\":\"https:\/\/bertolinidirect.com\/fr\/products\/chairs\/impressions-chair\",\"name\":\"Impressions Church Chair | Bertolini\",\"isPartOf\":{\"@id\":\"https:\/\/bertolinidirect.com\/fr\/#website\"},\"primaryImageOfPage\":{\"@id\":\"https:\/\/bertolinidirect.com\/fr\/products\/chairs\/impressions-chair#primaryimage\"},\"image\":{\"@id\":\"https:\/\/bertolinidirect.com\/fr\/products\/chairs\/impressions-chair#primaryimage\"},\"thumbnailUrl\":\"https:\/\/bertolinidirect.com\/wp-content\/uploads\/2024\/01\/Impressions-Church-Chair-Grouping-1024x1024-min.jpg\",\"datePublished\":\"2024-01-02T19:14:22+00:00\",\"dateModified\":\"2026-01-29T15:36:33+00:00\",\"description\":\"Give your congregation comfort with the Impressions Series. Its unique design makes it the only maintenance-free stacking church chair.\",\"breadcrumb\":{\"@id\":\"https:\/\/bertolinidirect.com\/fr\/products\/chairs\/impressions-chair#breadcrumb\"},\"inLanguage\":\"fr-CA\",\"potentialAction\":[{\"@type\":\"ReadAction\",\"target\":[\"https:\/\/bertolinidirect.com\/fr\/products\/chairs\/impressions-chair\"]}]},{\"@type\":\"ImageObject\",\"inLanguage\":\"fr-CA\",\"@id\":\"https:\/\/bertolinidirect.com\/fr\/products\/chairs\/impressions-chair#primaryimage\",\"url\":\"https:\/\/bertolinidirect.com\/wp-content\/uploads\/2024\/01\/Impressions-Church-Chair-Grouping-1024x1024-min.jpg\",\"contentUrl\":\"https:\/\/bertolinidirect.com\/wp-content\/uploads\/2024\/01\/Impressions-Church-Chair-Grouping-1024x1024-min.jpg\",\"width\":1024,\"height\":1024,\"caption\":\"Impressions Church Chair with and without Arms\"},{\"@type\":\"BreadcrumbList\",\"@id\":\"https:\/\/bertolinidirect.com\/fr\/products\/chairs\/impressions-chair#breadcrumb\",\"itemListElement\":[{\"@type\":\"ListItem\",\"position\":1,\"name\":\"Home\",\"item\":\"https:\/\/bertolinidirect.com\/\"},{\"@type\":\"ListItem\",\"position\":2,\"name\":\"Products\",\"item\":\"https:\/\/bertolinidirect.com\/products\"},{\"@type\":\"ListItem\",\"position\":3,\"name\":\"Chairs\",\"item\":\"https:\/\/bertolinidirect.com\/products\/chairs\"},{\"@type\":\"ListItem\",\"position\":4,\"name\":\"Impressions Church Chair\"}]},{\"@type\":\"WebSite\",\"@id\":\"https:\/\/bertolinidirect.com\/fr\/#website\",\"url\":\"https:\/\/bertolinidirect.com\/fr\/\",\"name\":\"Bertolini\",\"description\":\"\",\"potentialAction\":[{\"@type\":\"SearchAction\",\"target\":{\"@type\":\"EntryPoint\",\"urlTemplate\":\"https:\/\/bertolinidirect.com\/fr\/?s={search_term_string}\"},\"query-input\":{\"@type\":\"PropertyValueSpecification\",\"valueRequired\":true,\"valueName\":\"search_term_string\"}}],\"inLanguage\":\"fr-CA\"}]}<\/script>\n<!-- \/ Yoast SEO Premium plugin. -->","yoast_head_json":{"title":"Chaise d&#039;\u00e9glise Impressions | Bertolini","description":"Offrez le confort \u00e0 votre congr\u00e9gation avec la s\u00e9rie Impressions. Sa conception unique en fait la seule chaise d\u2019\u00e9glise empilable sans entretien.","robots":{"index":"index","follow":"follow","max-snippet":"max-snippet:-1","max-image-preview":"max-image-preview:large","max-video-preview":"max-video-preview:-1"},"canonical":"https:\/\/bertolinidirect.com\/fr\/products\/chairs\/impressions-chair\/","og_locale":"fr_CA","og_type":"article","og_title":"Impressions Church Chair","og_description":"Give your congregation comfort with the Impressions Series. Its unique design makes it the only maintenance-free stacking church chair.","og_url":"https:\/\/bertolinidirect.com\/fr\/products\/chairs\/impressions-chair\/","og_site_name":"Bertolini Direct","article_modified_time":"2026-01-29T15:36:33+00:00","og_image":[{"width":1024,"height":1024,"url":"https:\/\/bertolinidirect.com\/wp-content\/uploads\/2024\/01\/Impressions-Church-Chair-Grouping-1024x1024-min.jpg","type":"image\/jpeg"}],"twitter_card":"summary_large_image","schema":{"@context":"https:\/\/schema.org","@graph":[{"@type":"WebPage","@id":"https:\/\/bertolinidirect.com\/fr\/products\/chairs\/impressions-chair","url":"https:\/\/bertolinidirect.com\/fr\/products\/chairs\/impressions-chair","name":"Chaise d&#039;\u00e9glise Impressions | Bertolini","isPartOf":{"@id":"https:\/\/bertolinidirect.com\/fr\/#website"},"primaryImageOfPage":{"@id":"https:\/\/bertolinidirect.com\/fr\/products\/chairs\/impressions-chair#primaryimage"},"image":{"@id":"https:\/\/bertolinidirect.com\/fr\/products\/chairs\/impressions-chair#primaryimage"},"thumbnailUrl":"https:\/\/bertolinidirect.com\/wp-content\/uploads\/2024\/01\/Impressions-Church-Chair-Grouping-1024x1024-min.jpg","datePublished":"2024-01-02T19:14:22+00:00","dateModified":"2026-01-29T15:36:33+00:00","description":"Offrez le confort \u00e0 votre congr\u00e9gation avec la s\u00e9rie Impressions. Sa conception unique en fait la seule chaise d\u2019\u00e9glise empilable sans entretien.","breadcrumb":{"@id":"https:\/\/bertolinidirect.com\/fr\/products\/chairs\/impressions-chair#breadcrumb"},"inLanguage":"fr-CA","potentialAction":[{"@type":"ReadAction","target":["https:\/\/bertolinidirect.com\/fr\/products\/chairs\/impressions-chair"]}]},{"@type":"ImageObject","inLanguage":"fr-CA","@id":"https:\/\/bertolinidirect.com\/fr\/products\/chairs\/impressions-chair#primaryimage","url":"https:\/\/bertolinidirect.com\/wp-content\/uploads\/2024\/01\/Impressions-Church-Chair-Grouping-1024x1024-min.jpg","contentUrl":"https:\/\/bertolinidirect.com\/wp-content\/uploads\/2024\/01\/Impressions-Church-Chair-Grouping-1024x1024-min.jpg","width":1024,"height":1024,"caption":"Impressions Church Chair with and without Arms"},{"@type":"BreadcrumbList","@id":"https:\/\/bertolinidirect.com\/fr\/products\/chairs\/impressions-chair#breadcrumb","itemListElement":[{"@type":"ListItem","position":1,"name":"Home","item":"https:\/\/bertolinidirect.com\/"},{"@type":"ListItem","position":2,"name":"Products","item":"https:\/\/bertolinidirect.com\/products"},{"@type":"ListItem","position":3,"name":"Chairs","item":"https:\/\/bertolinidirect.com\/products\/chairs"},{"@type":"ListItem","position":4,"name":"Impressions Church Chair"}]},{"@type":"WebSite","@id":"https:\/\/bertolinidirect.com\/fr\/#website","url":"https:\/\/bertolinidirect.com\/fr\/","name":"Bertolini","description":"","potentialAction":[{"@type":"SearchAction","target":{"@type":"EntryPoint","urlTemplate":"https:\/\/bertolinidirect.com\/fr\/?s={search_term_string}"},"query-input":{"@type":"PropertyValueSpecification","valueRequired":true,"valueName":"search_term_string"}}],"inLanguage":"fr-CA"}]}},"_links":{"self":[{"href":"https:\/\/bertolinidirect.com\/fr\/wp-json\/wp\/v2\/product\/21","targetHints":{"allow":["GET"]}}],"collection":[{"href":"https:\/\/bertolinidirect.com\/fr\/wp-json\/wp\/v2\/product"}],"about":[{"href":"https:\/\/bertolinidirect.com\/fr\/wp-json\/wp\/v2\/types\/product"}],"wp:featuredmedia":[{"embeddable":true,"href":"https:\/\/bertolinidirect.com\/fr\/wp-json\/wp\/v2\/media\/24647"}],"wp:attachment":[{"href":"https:\/\/bertolinidirect.com\/fr\/wp-json\/wp\/v2\/media?parent=21"}],"wp:term":[{"taxonomy":"product_brand","embeddable":true,"href":"https:\/\/bertolinidirect.com\/fr\/wp-json\/wp\/v2\/product_brand?post=21"},{"taxonomy":"product_cat","embeddable":true,"href":"https:\/\/bertolinidirect.com\/fr\/wp-json\/wp\/v2\/product_cat?post=21"},{"taxonomy":"product_tag","embeddable":true,"href":"https:\/\/bertolinidirect.com\/fr\/wp-json\/wp\/v2\/product_tag?post=21"}],"curies":[{"name":"wp","href":"https:\/\/api.w.org\/{rel}","templated":true}]}}