{"id":906,"date":"2023-12-05T21:40:00","date_gmt":"2023-12-05T21:40:00","guid":{"rendered":"https:\/\/bertolinidirect.com\/?page_id=906"},"modified":"2024-05-14T17:12:02","modified_gmt":"2024-05-14T17:12:02","slug":"new-coo-cfo","status":"publish","type":"page","link":"https:\/\/bertolinidirect.com\/fr\/press\/new-coo-cfo","title":{"rendered":"MITY Inc annonce un nouveau COO et CFO"},"content":{"rendered":"<p><strong>OREM, Utah, 5 d\u00e9cembre 2023<\/strong><\/p>\n\n\n\n<p>Ben Harris a \u00e9t\u00e9 nomm\u00e9 directeur de l&#039;exploitation (COO) de MITY Inc, un fabricant am\u00e9ricain de mobilier et d&#039;\u00e9quipements durables destin\u00e9s aux centres d&#039;\u00e9v\u00e9nements, aux h\u00f4tels, aux restaurants, aux r\u00e9sidences pour personnes \u00e2g\u00e9es et \u00e0 d&#039;autres march\u00e9s B2B. Avant sa nomination, Harris \u00e9tait directeur financier. Parall\u00e8lement, MITY Inc a annonc\u00e9 que Brian Keding avait \u00e9t\u00e9 promu de vice-pr\u00e9sident des finances \u00e0 directeur financier (CFO).<\/p>\n\n\n\n<p>Ben Harris a comment\u00e9 : \u00ab J&#039;ai grandi dans cette organisation et je suis ravi de mettre \u00e0 profit ce que j&#039;ai appris en tant que directeur financier de Mity Inc et de l&#039;appliquer \u00e0 d&#039;autres domaines de l&#039;organisation. L\u2019avenir est prometteur et je suis ravi d\u2019avoir l\u2019opportunit\u00e9, en tant que directeur de l\u2019exploitation, de travailler de mani\u00e8re interfonctionnelle avec les autres dirigeants de l\u2019entreprise pour tirer parti du succ\u00e8s des 35 derni\u00e8res ann\u00e9es.<\/p>\n\n\n\n<p>Harris poss\u00e8de plus de 10 ans d&#039;exp\u00e9rience en leadership dans le domaine de la finance d&#039;entreprise et de l&#039;audit, notamment en tant que directeur financier et vice-pr\u00e9sident des finances chez MITY Inc. Il est fortement d\u00e9vou\u00e9 \u00e0 l&#039;entreprise, \u00e0 sa vision, \u00e0 sa mission et \u00e0 ses valeurs.<\/p>\n\n\n\n<p>Brian Keding a \u00e9t\u00e9 promu \u00e0 l&#039;ancien poste de directeur financier de Harris. Keding travaille chez MITY Inc depuis plusieurs ann\u00e9es, au cours desquelles il a occup\u00e9 divers postes, notamment celui de vice-pr\u00e9sident des finances et de contr\u00f4leur de fabrication. \u00ab Nous avons ici des gens formidables et une culture formidable \u00bb, a d\u00e9clar\u00e9 Keding. \u00ab Au cours de mes sept ann\u00e9es chez MITY Inc, j&#039;ai particip\u00e9 \u00e0 une croissance incroyable. L\u2019entreprise prend de l\u2019avance et les pr\u00e9visions de croissance du march\u00e9 sont spectaculaires. J&#039;ai h\u00e2te d&#039;aider MITY Inc \u00e0 r\u00e9ussir.<\/p>\n\n\n\n<p>Dans des postes ant\u00e9rieurs dans d&#039;autres entreprises, Keding a occup\u00e9 divers postes de direction, notamment celui de contr\u00f4leur d&#039;entreprise et de directeur financier. Keding est passionn\u00e9 par la cr\u00e9ation d&#039;une entreprise prosp\u00e8re et s\u00fbre pour les employ\u00e9s et les investisseurs.<\/p>\n\n\n\n<p>\u00abNous sommes ravis de compter la force combin\u00e9e de Ben et Brian au sein de l&#039;\u00e9quipe de MITY Inc\u00bb, a comment\u00e9 Kevin McCoy, PDG de MITY Inc. &quot;Leurs promotions sont bien m\u00e9rit\u00e9es et profiteront \u00e9norm\u00e9ment \u00e0 l&#039;\u00e9quipe Mity.&quot;<\/p>\n\n\n\n<p><strong>\u00c0 propos de MITY inc.<\/strong><\/p>\n\n\n\n<p>La famille de produits MITY comprend MityLite, Holsag, Bertolini et Broda. MityLite fabrique des meubles prim\u00e9s pour le march\u00e9 commercial. Holsag fabrique des chaises en bois dur pour les march\u00e9s des r\u00e9sidences pour personnes \u00e2g\u00e9es, de la sant\u00e9, de l&#039;\u00e9ducation, du gouvernement et de l&#039;h\u00f4tellerie. Bertolini fabrique des si\u00e8ges confortables et durables pour le march\u00e9 du culte. Broda propose une gamme unique de fauteuils roulants \u00e0 positionnement inclinable pour les r\u00e9sidences pour personnes \u00e2g\u00e9es et les soins de sant\u00e9. MITY Inc est bas\u00e9e \u00e0 Orem, dans l&#039;Utah, et poss\u00e8de des sites de fabrication et de vente \u00e0 Lindsay, en Ontario ; Kitchener, Ontario; et Saint-Louis, Missouri. Visitez mityinc.com pour plus d\u2019informations.<\/p>","protected":false},"excerpt":{"rendered":"<p>OREM, Utah, December 5, 2023 Ben Harris\u202fhas been appointed Chief Operating Officer (COO) of MITY Inc, a USA-based manufacturer of durable furniture and equipment for event centers, hotels, restaurants, senior living, and other B2B markets. Prior to his appointment, Harris was the CFO. Concurrently, MITY Inc announced that Brian Keding has been promoted from VP [&hellip;]<\/p>\n","protected":false},"author":1,"featured_media":0,"parent":762,"menu_order":0,"comment_status":"closed","ping_status":"closed","template":"content-page.php","meta":{"_acf_changed":false,"footnotes":""},"class_list":["post-906","page","type-page","status-publish","hentry"],"acf":[],"yoast_head":"<!-- This site is optimized with the Yoast SEO Premium plugin v24.2 (Yoast SEO v27.1.1) - https:\/\/yoast.com\/product\/yoast-seo-premium-wordpress\/ -->\n<title>MITY Inc Announces a New COO &amp; CFO | Bertolini Direct<\/title>\n<meta name=\"description\" content=\"OREM, Utah, December 5, 2023 Ben Harris\u202fhas been appointed Chief Operating Officer (COO) of MITY Inc, a USA-based manufacturer of durable furniture and\" \/>\n<meta name=\"robots\" content=\"index, follow, max-snippet:-1, max-image-preview:large, max-video-preview:-1\" \/>\n<link rel=\"canonical\" href=\"https:\/\/bertolinidirect.com\/fr\/press\/new-coo-cfo\/\" \/>\n<meta property=\"og:locale\" content=\"fr_CA\" \/>\n<meta property=\"og:type\" content=\"article\" \/>\n<meta property=\"og:title\" content=\"MITY Inc Announces a New COO &amp; CFO\" \/>\n<meta property=\"og:description\" content=\"OREM, Utah, December 5, 2023 Ben Harris\u202fhas been appointed Chief Operating Officer (COO) of MITY Inc, a USA-based manufacturer of durable furniture and\" \/>\n<meta property=\"og:url\" content=\"https:\/\/bertolinidirect.com\/fr\/press\/new-coo-cfo\/\" \/>\n<meta property=\"og:site_name\" content=\"Bertolini Direct\" \/>\n<meta property=\"article:modified_time\" content=\"2024-05-14T17:12:02+00:00\" \/>\n<meta name=\"twitter:card\" content=\"summary_large_image\" \/>\n<script type=\"application\/ld+json\" class=\"yoast-schema-graph\">{\"@context\":\"https:\/\/schema.org\",\"@graph\":[{\"@type\":\"WebPage\",\"@id\":\"https:\/\/bertolinidirect.com\/fr\/press\/new-coo-cfo\",\"url\":\"https:\/\/bertolinidirect.com\/fr\/press\/new-coo-cfo\",\"name\":\"MITY Inc Announces a New COO &amp; CFO | Bertolini Direct\",\"isPartOf\":{\"@id\":\"https:\/\/bertolinidirect.com\/fr\/#website\"},\"datePublished\":\"2023-12-05T21:40:00+00:00\",\"dateModified\":\"2024-05-14T17:12:02+00:00\",\"description\":\"OREM, Utah, December 5, 2023 Ben Harris\u202fhas been appointed Chief Operating Officer (COO) of MITY Inc, a USA-based manufacturer of durable furniture and\",\"breadcrumb\":{\"@id\":\"https:\/\/bertolinidirect.com\/fr\/press\/new-coo-cfo#breadcrumb\"},\"inLanguage\":\"fr-CA\",\"potentialAction\":[{\"@type\":\"ReadAction\",\"target\":[\"https:\/\/bertolinidirect.com\/fr\/press\/new-coo-cfo\"]}]},{\"@type\":\"BreadcrumbList\",\"@id\":\"https:\/\/bertolinidirect.com\/fr\/press\/new-coo-cfo#breadcrumb\",\"itemListElement\":[{\"@type\":\"ListItem\",\"position\":1,\"name\":\"Home\",\"item\":\"https:\/\/bertolinidirect.com\/\"},{\"@type\":\"ListItem\",\"position\":2,\"name\":\"Press &amp; News\",\"item\":\"https:\/\/bertolinidirect.com\/press\"},{\"@type\":\"ListItem\",\"position\":3,\"name\":\"MITY Inc Announces a New COO &amp; CFO\"}]},{\"@type\":\"WebSite\",\"@id\":\"https:\/\/bertolinidirect.com\/fr\/#website\",\"url\":\"https:\/\/bertolinidirect.com\/fr\/\",\"name\":\"Bertolini\",\"description\":\"\",\"potentialAction\":[{\"@type\":\"SearchAction\",\"target\":{\"@type\":\"EntryPoint\",\"urlTemplate\":\"https:\/\/bertolinidirect.com\/fr\/?s={search_term_string}\"},\"query-input\":{\"@type\":\"PropertyValueSpecification\",\"valueRequired\":true,\"valueName\":\"search_term_string\"}}],\"inLanguage\":\"fr-CA\"}]}<\/script>\n<!-- \/ Yoast SEO Premium plugin. -->","yoast_head_json":{"title":"MITY Inc annonce un nouveau COO et CFO | Bertolini Direct","description":"OREM, Utah, 5 d\u00e9cembre 2023 Ben Harris a \u00e9t\u00e9 nomm\u00e9 directeur de l&#039;exploitation (COO) de MITY Inc, un fabricant am\u00e9ricain de meubles et de meubles durables.","robots":{"index":"index","follow":"follow","max-snippet":"max-snippet:-1","max-image-preview":"max-image-preview:large","max-video-preview":"max-video-preview:-1"},"canonical":"https:\/\/bertolinidirect.com\/fr\/press\/new-coo-cfo\/","og_locale":"fr_CA","og_type":"article","og_title":"MITY Inc Announces a New COO &amp; CFO","og_description":"OREM, Utah, December 5, 2023 Ben Harris\u202fhas been appointed Chief Operating Officer (COO) of MITY Inc, a USA-based manufacturer of durable furniture and","og_url":"https:\/\/bertolinidirect.com\/fr\/press\/new-coo-cfo\/","og_site_name":"Bertolini Direct","article_modified_time":"2024-05-14T17:12:02+00:00","twitter_card":"summary_large_image","schema":{"@context":"https:\/\/schema.org","@graph":[{"@type":"WebPage","@id":"https:\/\/bertolinidirect.com\/fr\/press\/new-coo-cfo","url":"https:\/\/bertolinidirect.com\/fr\/press\/new-coo-cfo","name":"MITY Inc annonce un nouveau COO et CFO | Bertolini Direct","isPartOf":{"@id":"https:\/\/bertolinidirect.com\/fr\/#website"},"datePublished":"2023-12-05T21:40:00+00:00","dateModified":"2024-05-14T17:12:02+00:00","description":"OREM, Utah, 5 d\u00e9cembre 2023 Ben Harris a \u00e9t\u00e9 nomm\u00e9 directeur de l&#039;exploitation (COO) de MITY Inc, un fabricant am\u00e9ricain de meubles et de meubles durables.","breadcrumb":{"@id":"https:\/\/bertolinidirect.com\/fr\/press\/new-coo-cfo#breadcrumb"},"inLanguage":"fr-CA","potentialAction":[{"@type":"ReadAction","target":["https:\/\/bertolinidirect.com\/fr\/press\/new-coo-cfo"]}]},{"@type":"BreadcrumbList","@id":"https:\/\/bertolinidirect.com\/fr\/press\/new-coo-cfo#breadcrumb","itemListElement":[{"@type":"ListItem","position":1,"name":"Home","item":"https:\/\/bertolinidirect.com\/"},{"@type":"ListItem","position":2,"name":"Press &amp; News","item":"https:\/\/bertolinidirect.com\/press"},{"@type":"ListItem","position":3,"name":"MITY Inc Announces a New COO &amp; CFO"}]},{"@type":"WebSite","@id":"https:\/\/bertolinidirect.com\/fr\/#website","url":"https:\/\/bertolinidirect.com\/fr\/","name":"Bertolini","description":"","potentialAction":[{"@type":"SearchAction","target":{"@type":"EntryPoint","urlTemplate":"https:\/\/bertolinidirect.com\/fr\/?s={search_term_string}"},"query-input":{"@type":"PropertyValueSpecification","valueRequired":true,"valueName":"search_term_string"}}],"inLanguage":"fr-CA"}]}},"_links":{"self":[{"href":"https:\/\/bertolinidirect.com\/fr\/wp-json\/wp\/v2\/pages\/906","targetHints":{"allow":["GET"]}}],"collection":[{"href":"https:\/\/bertolinidirect.com\/fr\/wp-json\/wp\/v2\/pages"}],"about":[{"href":"https:\/\/bertolinidirect.com\/fr\/wp-json\/wp\/v2\/types\/page"}],"author":[{"embeddable":true,"href":"https:\/\/bertolinidirect.com\/fr\/wp-json\/wp\/v2\/users\/1"}],"replies":[{"embeddable":true,"href":"https:\/\/bertolinidirect.com\/fr\/wp-json\/wp\/v2\/comments?post=906"}],"version-history":[{"count":1,"href":"https:\/\/bertolinidirect.com\/fr\/wp-json\/wp\/v2\/pages\/906\/revisions"}],"predecessor-version":[{"id":908,"href":"https:\/\/bertolinidirect.com\/fr\/wp-json\/wp\/v2\/pages\/906\/revisions\/908"}],"up":[{"embeddable":true,"href":"https:\/\/bertolinidirect.com\/fr\/wp-json\/wp\/v2\/pages\/762"}],"wp:attachment":[{"href":"https:\/\/bertolinidirect.com\/fr\/wp-json\/wp\/v2\/media?parent=906"}],"curies":[{"name":"wp","href":"https:\/\/api.w.org\/{rel}","templated":true}]}}