{"id":903,"date":"2023-11-16T21:38:00","date_gmt":"2023-11-16T21:38:00","guid":{"rendered":"https:\/\/bertolinidirect.com\/?page_id=903"},"modified":"2024-05-14T17:12:02","modified_gmt":"2024-05-14T17:12:02","slug":"new-ceo","status":"publish","type":"page","link":"https:\/\/bertolinidirect.com\/fr\/press\/new-ceo","title":{"rendered":"MITY Inc accueille un nouveau PDG"},"content":{"rendered":"<p><strong>OREM, Utah, 16 novembre 2023<\/strong><\/p>\n\n\n\n<p>Kevin McCoy a \u00e9t\u00e9 nomm\u00e9 pr\u00e9sident-directeur g\u00e9n\u00e9ral (PDG) de MITY Inc, le leader mondial du march\u00e9 du mobilier et des \u00e9quipements exceptionnellement durables pour les centres \u00e9v\u00e9nementiels, les h\u00f4tels et restaurants, les centres de r\u00e9sidence pour personnes \u00e2g\u00e9es, les \u00e9glises et autres march\u00e9s B2B.<\/p>\n\n\n\n<p>\u00ab Je suis reconnaissant d&#039;avoir l&#039;opportunit\u00e9 de diriger une organisation avec une si longue histoire et un si grand succ\u00e8s \u00bb, a d\u00e9clar\u00e9 McCoy. \u00ab Au cours des 36 derni\u00e8res ann\u00e9es, MITY s&#039;est b\u00e2ti une r\u00e9putation mondiale en mati\u00e8re de mobilier durable pour espaces commerciaux. \u00c0 mesure que nous avan\u00e7ons, notre objectif reste de fournir des solutions innovantes et \u00e9l\u00e9gantes qui rehaussent la fonctionnalit\u00e9 et l\u2019esth\u00e9tique.<\/p>\n\n\n\n<p>\u00abJe crois fermement qu&#039;une entreprise est un groupe de personnes travaillant vers un objectif commun, et je suis ravi d&#039;ajouter mon exp\u00e9rience et mon expertise pour aider \u00e0 b\u00e2tir sur les bases pos\u00e9es par l&#039;\u00e9quipe de MITY Inc..\u00bb<\/p>\n\n\n\n<p>Avec plus de 25 ans d&#039;exp\u00e9rience, McCoy a travaill\u00e9 avec des marques r\u00e9put\u00e9es dans l&#039;industrie du meuble pour collectivit\u00e9s et poss\u00e8de une vaste exp\u00e9rience dans l&#039;\u00e9laboration et la mise en \u0153uvre de strat\u00e9gies et de tactiques pour des organisations multinationales. Il aime d\u00e9velopper les gens, la culture et les organisations gagnantes.<\/p>\n\n\n\n<p>McCoy a travaill\u00e9 chez Kimball International pendant plus de 21 ans, dont 16 ans au sein de leur marque National Office Furniture, passant de repr\u00e9sentant commercial \u00e0 New York \u00e0 pr\u00e9sident de l&#039;entreprise. En tant que pr\u00e9sident de National Office Furniture, McCoy a jou\u00e9 un r\u00f4le d\u00e9terminant dans l&#039;am\u00e9lioration de l&#039;efficacit\u00e9 op\u00e9rationnelle \u00e0 l&#039;\u00e9chelle de l&#039;entreprise dans les domaines de la fabrication, de la cha\u00eene d&#039;approvisionnement mondiale et de la distribution multicanal. Il a dirig\u00e9 les strat\u00e9gies mondiales de l&#039;entreprise visant \u00e0 \u00e9lever la conception, \u00e0 mettre en \u0153uvre la durabilit\u00e9 et \u00e0 am\u00e9liorer la technologie afin de positionner National en tant qu&#039;avant-gardiste au sein de l&#039;industrie tout en r\u00e9alisant des ventes record ann\u00e9e apr\u00e8s ann\u00e9e et en atteignant des performances financi\u00e8res de r\u00e9f\u00e9rence.<\/p>\n\n\n\n<p>Plus r\u00e9cemment, McCoy a occup\u00e9 le poste de PDG chez Polyvision, l&#039;un des principaux fournisseurs de CeramicSteel pour les produits d&#039;architecture, d&#039;infrastructure et de bureaux commerciaux. En tant que nouveau PDG de Mity Inc, McCoy d\u00e9m\u00e9nagera \u00e0 Lehi, dans l&#039;Utah, et travaillera \u00e0 temps plein depuis le site d&#039;Orem.<\/p>\n\n\n\n<p><strong>\u00c0 propos de MITY inc.<\/strong><\/p>\n\n\n\n<p>La famille de produits MITY comprend&nbsp;<a href=\"https:\/\/mitylite.com\/\">MityLite<\/a>,&nbsp;<a href=\"https:\/\/holsag.com\/\">Holsag<\/a>,&nbsp;<a href=\"https:\/\/bertolinidirect.com\/fr\/\">Bertolini<\/a>, et&nbsp;<a href=\"https:\/\/brodaseating.com\/\">Broda<\/a>. MityLite fabrique des meubles prim\u00e9s pour le march\u00e9 commercial. Holsag fabrique des chaises en bois dur pour les march\u00e9s des r\u00e9sidences pour personnes \u00e2g\u00e9es, de la sant\u00e9, de l&#039;\u00e9ducation, du gouvernement et de l&#039;h\u00f4tellerie. Bertolini fabrique des si\u00e8ges confortables et durables pour le march\u00e9 du culte. Broda propose une gamme unique de fauteuils roulants \u00e0 positionnement inclinable pour les r\u00e9sidences pour personnes \u00e2g\u00e9es et les soins de sant\u00e9. MITY Inc est bas\u00e9e \u00e0 Orem, dans l&#039;Utah et poss\u00e8de des sites de fabrication et de vente \u00e0 Lindsay, en Ontario ; Kitchener, Ontario; et Saint-Louis, Missouri. Visitez mityinc.com pour plus d\u2019informations.<\/p>","protected":false},"excerpt":{"rendered":"<p>OREM, Utah,\u202fNovember 16, 2023 Kevin McCoy\u202fhas been appointed chief executive officer (CEO) of MITY Inc, the global market leader of exceptionally durable furnishings and equipment for event centers, hotels and restaurants, senior living centers, churches, and other B2B markets. \u201cI am grateful for the opportunity to lead an organization with such a long history and [&hellip;]<\/p>\n","protected":false},"author":1,"featured_media":0,"parent":762,"menu_order":0,"comment_status":"closed","ping_status":"closed","template":"content-page.php","meta":{"_acf_changed":false,"footnotes":""},"class_list":["post-903","page","type-page","status-publish","hentry"],"acf":[],"yoast_head":"<!-- This site is optimized with the Yoast SEO Premium plugin v24.2 (Yoast SEO v27.1.1) - https:\/\/yoast.com\/product\/yoast-seo-premium-wordpress\/ -->\n<title>MITY Inc Welcomes a New CEO | Bertolini Direct<\/title>\n<meta name=\"description\" content=\"OREM, Utah,\u202fNovember 16, 2023 Kevin McCoy\u202fhas been appointed chief executive officer (CEO) of MITY Inc, the global market leader of exceptionally durable\" \/>\n<meta name=\"robots\" content=\"index, follow, max-snippet:-1, max-image-preview:large, max-video-preview:-1\" \/>\n<link rel=\"canonical\" href=\"https:\/\/bertolinidirect.com\/fr\/press\/new-ceo\/\" \/>\n<meta property=\"og:locale\" content=\"fr_CA\" \/>\n<meta property=\"og:type\" content=\"article\" \/>\n<meta property=\"og:title\" content=\"MITY Inc Welcomes a New CEO\" \/>\n<meta property=\"og:description\" content=\"OREM, Utah,\u202fNovember 16, 2023 Kevin McCoy\u202fhas been appointed chief executive officer (CEO) of MITY Inc, the global market leader of exceptionally durable\" \/>\n<meta property=\"og:url\" content=\"https:\/\/bertolinidirect.com\/fr\/press\/new-ceo\/\" \/>\n<meta property=\"og:site_name\" content=\"Bertolini Direct\" \/>\n<meta property=\"article:modified_time\" content=\"2024-05-14T17:12:02+00:00\" \/>\n<meta name=\"twitter:card\" content=\"summary_large_image\" \/>\n<script type=\"application\/ld+json\" class=\"yoast-schema-graph\">{\"@context\":\"https:\/\/schema.org\",\"@graph\":[{\"@type\":\"WebPage\",\"@id\":\"https:\/\/bertolinidirect.com\/fr\/press\/new-ceo\",\"url\":\"https:\/\/bertolinidirect.com\/fr\/press\/new-ceo\",\"name\":\"MITY Inc Welcomes a New CEO | Bertolini Direct\",\"isPartOf\":{\"@id\":\"https:\/\/bertolinidirect.com\/fr\/#website\"},\"datePublished\":\"2023-11-16T21:38:00+00:00\",\"dateModified\":\"2024-05-14T17:12:02+00:00\",\"description\":\"OREM, Utah,\u202fNovember 16, 2023 Kevin McCoy\u202fhas been appointed chief executive officer (CEO) of MITY Inc, the global market leader of exceptionally durable\",\"breadcrumb\":{\"@id\":\"https:\/\/bertolinidirect.com\/fr\/press\/new-ceo#breadcrumb\"},\"inLanguage\":\"fr-CA\",\"potentialAction\":[{\"@type\":\"ReadAction\",\"target\":[\"https:\/\/bertolinidirect.com\/fr\/press\/new-ceo\"]}]},{\"@type\":\"BreadcrumbList\",\"@id\":\"https:\/\/bertolinidirect.com\/fr\/press\/new-ceo#breadcrumb\",\"itemListElement\":[{\"@type\":\"ListItem\",\"position\":1,\"name\":\"Home\",\"item\":\"https:\/\/bertolinidirect.com\/\"},{\"@type\":\"ListItem\",\"position\":2,\"name\":\"Press &amp; News\",\"item\":\"https:\/\/bertolinidirect.com\/press\"},{\"@type\":\"ListItem\",\"position\":3,\"name\":\"MITY Inc Welcomes a New CEO\"}]},{\"@type\":\"WebSite\",\"@id\":\"https:\/\/bertolinidirect.com\/fr\/#website\",\"url\":\"https:\/\/bertolinidirect.com\/fr\/\",\"name\":\"Bertolini\",\"description\":\"\",\"potentialAction\":[{\"@type\":\"SearchAction\",\"target\":{\"@type\":\"EntryPoint\",\"urlTemplate\":\"https:\/\/bertolinidirect.com\/fr\/?s={search_term_string}\"},\"query-input\":{\"@type\":\"PropertyValueSpecification\",\"valueRequired\":true,\"valueName\":\"search_term_string\"}}],\"inLanguage\":\"fr-CA\"}]}<\/script>\n<!-- \/ Yoast SEO Premium plugin. -->","yoast_head_json":{"title":"MITY Inc accueille un nouveau PDG | Bertolini Direct","description":"OREM, Utah, 16 novembre 2023 Kevin McCoy a \u00e9t\u00e9 nomm\u00e9 pr\u00e9sident-directeur g\u00e9n\u00e9ral (PDG) de MITY Inc, le leader mondial du march\u00e9 des mat\u00e9riaux exceptionnellement durables.","robots":{"index":"index","follow":"follow","max-snippet":"max-snippet:-1","max-image-preview":"max-image-preview:large","max-video-preview":"max-video-preview:-1"},"canonical":"https:\/\/bertolinidirect.com\/fr\/press\/new-ceo\/","og_locale":"fr_CA","og_type":"article","og_title":"MITY Inc Welcomes a New CEO","og_description":"OREM, Utah,\u202fNovember 16, 2023 Kevin McCoy\u202fhas been appointed chief executive officer (CEO) of MITY Inc, the global market leader of exceptionally durable","og_url":"https:\/\/bertolinidirect.com\/fr\/press\/new-ceo\/","og_site_name":"Bertolini Direct","article_modified_time":"2024-05-14T17:12:02+00:00","twitter_card":"summary_large_image","schema":{"@context":"https:\/\/schema.org","@graph":[{"@type":"WebPage","@id":"https:\/\/bertolinidirect.com\/fr\/press\/new-ceo","url":"https:\/\/bertolinidirect.com\/fr\/press\/new-ceo","name":"MITY Inc accueille un nouveau PDG | Bertolini Direct","isPartOf":{"@id":"https:\/\/bertolinidirect.com\/fr\/#website"},"datePublished":"2023-11-16T21:38:00+00:00","dateModified":"2024-05-14T17:12:02+00:00","description":"OREM, Utah, 16 novembre 2023 Kevin McCoy a \u00e9t\u00e9 nomm\u00e9 pr\u00e9sident-directeur g\u00e9n\u00e9ral (PDG) de MITY Inc, le leader mondial du march\u00e9 des mat\u00e9riaux exceptionnellement durables.","breadcrumb":{"@id":"https:\/\/bertolinidirect.com\/fr\/press\/new-ceo#breadcrumb"},"inLanguage":"fr-CA","potentialAction":[{"@type":"ReadAction","target":["https:\/\/bertolinidirect.com\/fr\/press\/new-ceo"]}]},{"@type":"BreadcrumbList","@id":"https:\/\/bertolinidirect.com\/fr\/press\/new-ceo#breadcrumb","itemListElement":[{"@type":"ListItem","position":1,"name":"Home","item":"https:\/\/bertolinidirect.com\/"},{"@type":"ListItem","position":2,"name":"Press &amp; News","item":"https:\/\/bertolinidirect.com\/press"},{"@type":"ListItem","position":3,"name":"MITY Inc Welcomes a New CEO"}]},{"@type":"WebSite","@id":"https:\/\/bertolinidirect.com\/fr\/#website","url":"https:\/\/bertolinidirect.com\/fr\/","name":"Bertolini","description":"","potentialAction":[{"@type":"SearchAction","target":{"@type":"EntryPoint","urlTemplate":"https:\/\/bertolinidirect.com\/fr\/?s={search_term_string}"},"query-input":{"@type":"PropertyValueSpecification","valueRequired":true,"valueName":"search_term_string"}}],"inLanguage":"fr-CA"}]}},"_links":{"self":[{"href":"https:\/\/bertolinidirect.com\/fr\/wp-json\/wp\/v2\/pages\/903","targetHints":{"allow":["GET"]}}],"collection":[{"href":"https:\/\/bertolinidirect.com\/fr\/wp-json\/wp\/v2\/pages"}],"about":[{"href":"https:\/\/bertolinidirect.com\/fr\/wp-json\/wp\/v2\/types\/page"}],"author":[{"embeddable":true,"href":"https:\/\/bertolinidirect.com\/fr\/wp-json\/wp\/v2\/users\/1"}],"replies":[{"embeddable":true,"href":"https:\/\/bertolinidirect.com\/fr\/wp-json\/wp\/v2\/comments?post=903"}],"version-history":[{"count":2,"href":"https:\/\/bertolinidirect.com\/fr\/wp-json\/wp\/v2\/pages\/903\/revisions"}],"predecessor-version":[{"id":910,"href":"https:\/\/bertolinidirect.com\/fr\/wp-json\/wp\/v2\/pages\/903\/revisions\/910"}],"up":[{"embeddable":true,"href":"https:\/\/bertolinidirect.com\/fr\/wp-json\/wp\/v2\/pages\/762"}],"wp:attachment":[{"href":"https:\/\/bertolinidirect.com\/fr\/wp-json\/wp\/v2\/media?parent=903"}],"curies":[{"name":"wp","href":"https:\/\/api.w.org\/{rel}","templated":true}]}}