{"id":900,"date":"2019-08-28T21:37:00","date_gmt":"2019-08-28T21:37:00","guid":{"rendered":"https:\/\/bertolinidirect.com\/?page_id=900"},"modified":"2025-11-21T23:28:28","modified_gmt":"2025-11-21T23:28:28","slug":"launches-new-website","status":"publish","type":"page","link":"https:\/\/bertolinidirect.com\/fr\/press\/launches-new-website","title":{"rendered":"Bertolini lance un nouveau site Web et met \u00e0 jour les chaises d&#039;\u00e9glise"},"content":{"rendered":"<p><strong>Orem, Utah \u2013 28 ao\u00fbt 2019<\/strong><\/p>\n\n\n\n<p>Bertolini, l&#039;un des principaux fabricants de chaises d&#039;\u00e9glise empilables, a lanc\u00e9 un nouveau site Web proposant une gamme de produits et des ressources mises \u00e0 jour, bertolinidirect.com. Bertolini est au service du march\u00e9 du culte depuis plus de 60 ans et est tr\u00e8s fier de son savoir-faire am\u00e9ricain et de son engagement en faveur de l&#039;innovation. La soci\u00e9t\u00e9 est devenue une marque de produits MITY Inc. en d\u00e9cembre 2017.<\/p>\n\n\n\n<p>\u00ab Ce nouveau site Web constitue une prochaine \u00e9tape importante dans le maintien de notre d\u00e9sir de fournir les meilleurs produits et services \u00e0 nos clients \u00bb, d\u00e9clare Tony R. Smith, PDG de MITY Inc. \u00ab Le site est facile \u00e0 naviguer et rempli d&#039;outils et de ressources pour membres de la communaut\u00e9 de culte.<\/p>\n\n\n\n<p>Le site Web comprend des informations sur les mises \u00e0 jour des trois chaises d&#039;\u00e9glise Bertolini les plus populaires : la s\u00e9rie Impressions, la s\u00e9rie Millennia et la s\u00e9rie Essentials. Les clients trouveront \u00e9galement des outils pour personnaliser les chaises et s\u00e9lectionner virtuellement les tissus. De plus, les utilisateurs peuvent t\u00e9l\u00e9charger des ressources pour les aider \u00e0 apprendre \u00e0 r\u00e9ussir leur marketing aupr\u00e8s de la communaut\u00e9, \u00e0 collecter des fonds, \u00e0 cr\u00e9er des d\u00e9corations de No\u00ebl peu co\u00fbteuses, et bien plus encore.<\/p>\n\n\n\n<p>\u00ab Nous voulons permettre \u00e0 nos clients de servir facilement leurs congr\u00e9gations et de cr\u00e9er des communaut\u00e9s d&#039;\u00e9glises saines \u00bb, a d\u00e9clar\u00e9 Jeff Jones, directeur national des ventes d&#039;\u00e9glises pour MITY Inc. \u00ab Pour ce faire, nous devons fabriquer les meilleures chaises d&#039;\u00e9glise tout en restant engag\u00e9s. \u00e0 nos propres valeurs. Cela implique de fabriquer nos produits aux \u00c9tats-Unis pour enrichir les communaut\u00e9s locales, de fournir des emplois aux travailleurs am\u00e9ricains et d&#039;offrir un service client exceptionnel.<\/p>\n\n\n\n<p>Apprenez-en davantage sur bertolinidirect.com.<\/p>\n\n\n\n<p><strong>\u00c0 propos de Bertolini<\/strong><\/p>\n\n\n\n<p>Bertolini s&#039;engage \u00e0 fournir des chaises durables fabriqu\u00e9es \u00e0 Lawrenceburg, Tennessee. L&#039;entreprise utilise uniquement les meilleurs mat\u00e9riaux provenant de fournisseurs am\u00e9ricains pour construire des chaises durables et confortables destin\u00e9es au march\u00e9 du culte. Bertolini s&#039;efforce de fournir \u00e0 ses clients les meilleurs produits et programmes de garantie tout en adh\u00e9rant \u00e0 un ensemble important de valeurs fondamentales\u00a0: cr\u00e9er des emplois pour les travailleurs am\u00e9ricains, soutenir les \u00e9conomies locales et suivre des pratiques de travail \u00e9quitables. Cela permet \u00e0 Bertolini de se tenir facilement derri\u00e8re chaque chaise qu&#039;ils ont construite au cours des 60 derni\u00e8res ann\u00e9es. La propri\u00e9t\u00e9 de Bertolini a \u00e9t\u00e9 transf\u00e9r\u00e9e \u00e0 leur soci\u00e9t\u00e9 m\u00e8re, MITY Inc., le 30 d\u00e9cembre 2017.<\/p>\n\n\n\n<p><strong>\u00c0 propos de la soci\u00e9t\u00e9 m\u00e8re Bertolini, MITY Inc.<\/strong><\/p>\n\n\n\n<p>MITY Inc. g\u00e8re des marques de meubles durables pour servir le march\u00e9 mondial. Les marques de produits MITY comprennent MityLite, Holsag, Bertolini et BRODA\u00ae Seating. MityLite fabrique des produits d&#039;ameublement prim\u00e9s et con\u00e7us par des professionnels pour le march\u00e9 commercial, notamment des secteurs tels que l&#039;h\u00f4tellerie, le gouvernement et l&#039;\u00e9ducation. Holsag fabrique des meubles pour les march\u00e9s des r\u00e9sidences pour personnes \u00e2g\u00e9es, de la sant\u00e9, de l&#039;\u00e9ducation et de l&#039;h\u00f4tellerie. Bertolini fabrique des si\u00e8ges confortables et durables pour le march\u00e9 du culte. Broda propose une gamme unique de fauteuils roulants \u00e0 positionnement inclinable pour les r\u00e9sidences pour personnes \u00e2g\u00e9es et les soins de sant\u00e9. L&#039;entreprise est bas\u00e9e \u00e0 Orem, dans l&#039;Utah, et poss\u00e8de des op\u00e9rations de fabrication \u00e0 Lindsay, en Ontario ; Kitchener, Ontario; et Lawrenceburg, Tennessee. Visitez mityinc.com pour plus d\u2019informations.<\/p>","protected":false},"excerpt":{"rendered":"<p>Orem, Utah\u2014August 28, 2019 Bertolini, a leading manufacturer of stackable church chairs, has launched a new website with an updated product line and resources, bertolinidirect.com. Bertolini has been serving the worship market for more than 60 years, and they take great pride in having American craftsmanship and a commitment to innovation. The company became a [&hellip;]<\/p>\n","protected":false},"author":1,"featured_media":0,"parent":762,"menu_order":0,"comment_status":"closed","ping_status":"closed","template":"content-page.php","meta":{"_acf_changed":false,"footnotes":""},"class_list":["post-900","page","type-page","status-publish","hentry"],"acf":[],"yoast_head":"<!-- This site is optimized with the Yoast SEO Premium plugin v24.2 (Yoast SEO v27.1.1) - https:\/\/yoast.com\/product\/yoast-seo-premium-wordpress\/ -->\n<title>Bertolini Launches New Website and Updates Church Chairs<\/title>\n<meta name=\"description\" content=\"Orem, Utah\u2014August 28, 2019 Bertolini, a leading manufacturer of stackable church chairs, has launched a new website with an updated product line and\" \/>\n<meta name=\"robots\" content=\"index, follow, max-snippet:-1, max-image-preview:large, max-video-preview:-1\" \/>\n<link rel=\"canonical\" href=\"https:\/\/bertolinidirect.com\/fr\/press\/launches-new-website\/\" \/>\n<meta property=\"og:locale\" content=\"fr_CA\" \/>\n<meta property=\"og:type\" content=\"article\" \/>\n<meta property=\"og:title\" content=\"Bertolini Launches New Website and Updates Church Chairs\" \/>\n<meta property=\"og:description\" content=\"Orem, Utah\u2014August 28, 2019 Bertolini, a leading manufacturer of stackable church chairs, has launched a new website with an updated product line and\" \/>\n<meta property=\"og:url\" content=\"https:\/\/bertolinidirect.com\/fr\/press\/launches-new-website\/\" \/>\n<meta property=\"og:site_name\" content=\"Bertolini Direct\" \/>\n<meta property=\"article:modified_time\" content=\"2025-11-21T23:28:28+00:00\" \/>\n<meta name=\"twitter:card\" content=\"summary_large_image\" \/>\n<script type=\"application\/ld+json\" class=\"yoast-schema-graph\">{\"@context\":\"https:\/\/schema.org\",\"@graph\":[{\"@type\":\"WebPage\",\"@id\":\"https:\/\/bertolinidirect.com\/fr\/press\/launches-new-website\",\"url\":\"https:\/\/bertolinidirect.com\/fr\/press\/launches-new-website\",\"name\":\"Bertolini Launches New Website and Updates Church Chairs\",\"isPartOf\":{\"@id\":\"https:\/\/bertolinidirect.com\/fr\/#website\"},\"datePublished\":\"2019-08-28T21:37:00+00:00\",\"dateModified\":\"2025-11-21T23:28:28+00:00\",\"description\":\"Orem, Utah\u2014August 28, 2019 Bertolini, a leading manufacturer of stackable church chairs, has launched a new website with an updated product line and\",\"breadcrumb\":{\"@id\":\"https:\/\/bertolinidirect.com\/fr\/press\/launches-new-website#breadcrumb\"},\"inLanguage\":\"fr-CA\",\"potentialAction\":[{\"@type\":\"ReadAction\",\"target\":[\"https:\/\/bertolinidirect.com\/fr\/press\/launches-new-website\"]}]},{\"@type\":\"BreadcrumbList\",\"@id\":\"https:\/\/bertolinidirect.com\/fr\/press\/launches-new-website#breadcrumb\",\"itemListElement\":[{\"@type\":\"ListItem\",\"position\":1,\"name\":\"Home\",\"item\":\"https:\/\/bertolinidirect.com\/\"},{\"@type\":\"ListItem\",\"position\":2,\"name\":\"Press &amp; News\",\"item\":\"https:\/\/bertolinidirect.com\/press\"},{\"@type\":\"ListItem\",\"position\":3,\"name\":\"Bertolini Launches New Website and Updates Church Chairs\"}]},{\"@type\":\"WebSite\",\"@id\":\"https:\/\/bertolinidirect.com\/fr\/#website\",\"url\":\"https:\/\/bertolinidirect.com\/fr\/\",\"name\":\"Bertolini\",\"description\":\"\",\"potentialAction\":[{\"@type\":\"SearchAction\",\"target\":{\"@type\":\"EntryPoint\",\"urlTemplate\":\"https:\/\/bertolinidirect.com\/fr\/?s={search_term_string}\"},\"query-input\":{\"@type\":\"PropertyValueSpecification\",\"valueRequired\":true,\"valueName\":\"search_term_string\"}}],\"inLanguage\":\"fr-CA\"}]}<\/script>\n<!-- \/ Yoast SEO Premium plugin. -->","yoast_head_json":{"title":"Bertolini lance un nouveau site Web et met \u00e0 jour les chaises d&#039;\u00e9glise","description":"Orem, Utah \u2014 28 ao\u00fbt 2019 Bertolini, l&#039;un des principaux fabricants de chaises d&#039;\u00e9glise empilables, a lanc\u00e9 un nouveau site Web avec une gamme de produits mise \u00e0 jour et","robots":{"index":"index","follow":"follow","max-snippet":"max-snippet:-1","max-image-preview":"max-image-preview:large","max-video-preview":"max-video-preview:-1"},"canonical":"https:\/\/bertolinidirect.com\/fr\/press\/launches-new-website\/","og_locale":"fr_CA","og_type":"article","og_title":"Bertolini Launches New Website and Updates Church Chairs","og_description":"Orem, Utah\u2014August 28, 2019 Bertolini, a leading manufacturer of stackable church chairs, has launched a new website with an updated product line and","og_url":"https:\/\/bertolinidirect.com\/fr\/press\/launches-new-website\/","og_site_name":"Bertolini Direct","article_modified_time":"2025-11-21T23:28:28+00:00","twitter_card":"summary_large_image","schema":{"@context":"https:\/\/schema.org","@graph":[{"@type":"WebPage","@id":"https:\/\/bertolinidirect.com\/fr\/press\/launches-new-website","url":"https:\/\/bertolinidirect.com\/fr\/press\/launches-new-website","name":"Bertolini lance un nouveau site Web et met \u00e0 jour les chaises d&#039;\u00e9glise","isPartOf":{"@id":"https:\/\/bertolinidirect.com\/fr\/#website"},"datePublished":"2019-08-28T21:37:00+00:00","dateModified":"2025-11-21T23:28:28+00:00","description":"Orem, Utah \u2014 28 ao\u00fbt 2019 Bertolini, l&#039;un des principaux fabricants de chaises d&#039;\u00e9glise empilables, a lanc\u00e9 un nouveau site Web avec une gamme de produits mise \u00e0 jour et","breadcrumb":{"@id":"https:\/\/bertolinidirect.com\/fr\/press\/launches-new-website#breadcrumb"},"inLanguage":"fr-CA","potentialAction":[{"@type":"ReadAction","target":["https:\/\/bertolinidirect.com\/fr\/press\/launches-new-website"]}]},{"@type":"BreadcrumbList","@id":"https:\/\/bertolinidirect.com\/fr\/press\/launches-new-website#breadcrumb","itemListElement":[{"@type":"ListItem","position":1,"name":"Home","item":"https:\/\/bertolinidirect.com\/"},{"@type":"ListItem","position":2,"name":"Press &amp; News","item":"https:\/\/bertolinidirect.com\/press"},{"@type":"ListItem","position":3,"name":"Bertolini Launches New Website and Updates Church Chairs"}]},{"@type":"WebSite","@id":"https:\/\/bertolinidirect.com\/fr\/#website","url":"https:\/\/bertolinidirect.com\/fr\/","name":"Bertolini","description":"","potentialAction":[{"@type":"SearchAction","target":{"@type":"EntryPoint","urlTemplate":"https:\/\/bertolinidirect.com\/fr\/?s={search_term_string}"},"query-input":{"@type":"PropertyValueSpecification","valueRequired":true,"valueName":"search_term_string"}}],"inLanguage":"fr-CA"}]}},"_links":{"self":[{"href":"https:\/\/bertolinidirect.com\/fr\/wp-json\/wp\/v2\/pages\/900","targetHints":{"allow":["GET"]}}],"collection":[{"href":"https:\/\/bertolinidirect.com\/fr\/wp-json\/wp\/v2\/pages"}],"about":[{"href":"https:\/\/bertolinidirect.com\/fr\/wp-json\/wp\/v2\/types\/page"}],"author":[{"embeddable":true,"href":"https:\/\/bertolinidirect.com\/fr\/wp-json\/wp\/v2\/users\/1"}],"replies":[{"embeddable":true,"href":"https:\/\/bertolinidirect.com\/fr\/wp-json\/wp\/v2\/comments?post=900"}],"version-history":[{"count":1,"href":"https:\/\/bertolinidirect.com\/fr\/wp-json\/wp\/v2\/pages\/900\/revisions"}],"predecessor-version":[{"id":901,"href":"https:\/\/bertolinidirect.com\/fr\/wp-json\/wp\/v2\/pages\/900\/revisions\/901"}],"up":[{"embeddable":true,"href":"https:\/\/bertolinidirect.com\/fr\/wp-json\/wp\/v2\/pages\/762"}],"wp:attachment":[{"href":"https:\/\/bertolinidirect.com\/fr\/wp-json\/wp\/v2\/media?parent=900"}],"curies":[{"name":"wp","href":"https:\/\/api.w.org\/{rel}","templated":true}]}}