{"id":897,"date":"2019-03-18T21:35:00","date_gmt":"2019-03-18T21:35:00","guid":{"rendered":"https:\/\/bertolinidirect.com\/?page_id=897"},"modified":"2024-05-16T20:46:56","modified_gmt":"2024-05-16T20:46:56","slug":"donates-chairs-to-inmate-programs","status":"publish","type":"page","link":"https:\/\/bertolinidirect.com\/fr\/press\/donates-chairs-to-inmate-programs","title":{"rendered":"Bertolini fait don de chaises aux programmes destin\u00e9s aux d\u00e9tenus dans les \u00e9tablissements correctionnels du Tennessee"},"content":{"rendered":"<p><strong>Lawrenceburg, Tennessee \u2014 18 mars 2019<\/strong><\/p>\n\n\n\n<p>MITY Inc., un fabricant de mobilier commercial prim\u00e9, a fait don de chaises de la collection Bertolini aux \u00e9tablissements correctionnels du comt\u00e9 de Lawrence \u00e0 Lawrenceburg, Tennessee. Les chaises seront utilis\u00e9es dans un espace commun pour les d\u00e9tenus, hommes et femmes, o\u00f9 ils pourront participer \u00e0 divers programmes de service, notamment des cours GED et des services religieux.<\/p>\n\n\n\n<p>\u00ab MITY s&#039;engage \u00e0 \u00eatre un citoyen honn\u00eate dans toutes les communaut\u00e9s o\u00f9 nous fabriquons des produits et h\u00e9bergeons des employ\u00e9s \u00bb, a d\u00e9clar\u00e9 Christopher Galbraith, pr\u00e9sident de MITY. &quot;Je suis tr\u00e8s heureux que nos employ\u00e9s du bureau du Tennessee aient constat\u00e9 un besoin dans la communaut\u00e9 et soient intervenus pour nous aider.&quot;<\/p>\n\n\n\n<p>Anna Welsh, employ\u00e9e de MITY, a d\u00e9couvert la n\u00e9cessit\u00e9 d&#039;un don de chaise alors qu&#039;elle faisait du b\u00e9n\u00e9volat en tant que membre du conseil d&#039;administration de la Chambre de commerce du comt\u00e9 de Lawrence. Une autre membre du conseil d&#039;administration, Mera Lerner, qui fr\u00e9quente l&#039;\u00c9glise Unie de Lawrenceburg, a annonc\u00e9 ce besoin lors d&#039;une r\u00e9union. L\u2019\u00c9glise Unie visite des \u00e9tablissements correctionnels pour enseigner une s\u00e9rie intitul\u00e9e Living Free, une s\u00e9rie de sensibilisation bas\u00e9e sur les \u00c9critures pour aider les personnes aux prises avec diverses difficult\u00e9s de la vie.<\/p>\n\n\n\n<p>&quot;Je pouvais dire que le mauvais \u00e9tat des chaises lui pesait, et je savais que nous pouvions intervenir et l&#039;aider&quot;, a d\u00e9clar\u00e9 Welsh. \u00ab Notre don a \u00e9t\u00e9 accueilli par des c\u00e2lins et des poign\u00e9es de main de la part des femmes qui travaillent chaque semaine avec les d\u00e9tenus. Ils \u00e9taient tr\u00e8s reconnaissants d\u2019avoir l\u2019opportunit\u00e9 d\u2019offrir une meilleure exp\u00e9rience.<\/p>\n\n\n\n<p>La famille de produits MITY comprend les marques de meubles durables MityLite, Holsag, Bertolini et BRODA\u00ae Seating. MityLite fabrique des produits d&#039;ameublement prim\u00e9s et con\u00e7us par des professionnels pour le march\u00e9 commercial mondial. Holsag fabrique des meubles pour les march\u00e9s des r\u00e9sidences pour personnes \u00e2g\u00e9es, de la sant\u00e9, de l&#039;\u00e9ducation et de l&#039;h\u00f4tellerie. Bertolini fabrique des si\u00e8ges confortables et durables pour le march\u00e9 du culte. Broda propose une gamme unique de fauteuils roulants \u00e0 positionnement inclinable pour les r\u00e9sidences pour personnes \u00e2g\u00e9es et les soins de sant\u00e9. L&#039;entreprise est bas\u00e9e \u00e0 Orem, dans l&#039;Utah, et poss\u00e8de des op\u00e9rations de fabrication \u00e0 Lindsay, en Ontario ; Kitchener, Ontario; et Lawrenceburg, Tennessee.<\/p>","protected":false},"excerpt":{"rendered":"<p>Lawrenceburg, TN\u2014March 18, 2019 MITY Inc., a manufacturer of award-winning commercial furniture, donated chairs from the Bertolini Collection to Lawrence County Correctional Facilities in Lawrenceburg, Tennessee. The chairs will be used in a common area for both male and female inmates where they can participate in various service programs including GED courses and religious services. [&hellip;]<\/p>\n","protected":false},"author":1,"featured_media":0,"parent":762,"menu_order":0,"comment_status":"closed","ping_status":"closed","template":"content-page.php","meta":{"_acf_changed":false,"footnotes":""},"class_list":["post-897","page","type-page","status-publish","hentry"],"acf":[],"yoast_head":"<!-- This site is optimized with the Yoast SEO Premium plugin v24.2 (Yoast SEO v27.4) - https:\/\/yoast.com\/product\/yoast-seo-premium-wordpress\/ -->\n<title>Bertolini Donates Chairs To Inmate Correctional Facilities<\/title>\n<meta name=\"description\" content=\"Lawrenceburg, TN\u2014March 18, 2019 MITY Inc., a manufacturer of award-winning commercial furniture, donated chairs from the Bertolini Collection to Lawrence\" \/>\n<meta name=\"robots\" content=\"index, follow, max-snippet:-1, max-image-preview:large, max-video-preview:-1\" \/>\n<link rel=\"canonical\" href=\"https:\/\/bertolinidirect.com\/fr\/press\/donates-chairs-to-inmate-programs\/\" \/>\n<meta property=\"og:locale\" content=\"fr_CA\" \/>\n<meta property=\"og:type\" content=\"article\" \/>\n<meta property=\"og:title\" content=\"Bertolini Donates Chairs To Inmate Programs In Tennessee Correctional Facilities\" \/>\n<meta property=\"og:description\" content=\"Lawrenceburg, TN\u2014March 18, 2019 MITY Inc., a manufacturer of award-winning commercial furniture, donated chairs from the Bertolini Collection to Lawrence\" \/>\n<meta property=\"og:url\" content=\"https:\/\/bertolinidirect.com\/fr\/press\/donates-chairs-to-inmate-programs\/\" \/>\n<meta property=\"og:site_name\" content=\"Bertolini Direct\" \/>\n<meta property=\"article:modified_time\" content=\"2024-05-16T20:46:56+00:00\" \/>\n<meta name=\"twitter:card\" content=\"summary_large_image\" \/>\n<script type=\"application\/ld+json\" class=\"yoast-schema-graph\">{\"@context\":\"https:\\\/\\\/schema.org\",\"@graph\":[{\"@type\":\"WebPage\",\"@id\":\"https:\\\/\\\/bertolinidirect.com\\\/fr\\\/press\\\/donates-chairs-to-inmate-programs\",\"url\":\"https:\\\/\\\/bertolinidirect.com\\\/fr\\\/press\\\/donates-chairs-to-inmate-programs\",\"name\":\"Bertolini Donates Chairs To Inmate Correctional Facilities\",\"isPartOf\":{\"@id\":\"https:\\\/\\\/bertolinidirect.com\\\/fr\\\/#website\"},\"datePublished\":\"2019-03-18T21:35:00+00:00\",\"dateModified\":\"2024-05-16T20:46:56+00:00\",\"description\":\"Lawrenceburg, TN\u2014March 18, 2019 MITY Inc., a manufacturer of award-winning commercial furniture, donated chairs from the Bertolini Collection to Lawrence\",\"breadcrumb\":{\"@id\":\"https:\\\/\\\/bertolinidirect.com\\\/fr\\\/press\\\/donates-chairs-to-inmate-programs#breadcrumb\"},\"inLanguage\":\"fr-CA\",\"potentialAction\":[{\"@type\":\"ReadAction\",\"target\":[\"https:\\\/\\\/bertolinidirect.com\\\/fr\\\/press\\\/donates-chairs-to-inmate-programs\"]}]},{\"@type\":\"BreadcrumbList\",\"@id\":\"https:\\\/\\\/bertolinidirect.com\\\/fr\\\/press\\\/donates-chairs-to-inmate-programs#breadcrumb\",\"itemListElement\":[{\"@type\":\"ListItem\",\"position\":1,\"name\":\"Home\",\"item\":\"https:\\\/\\\/bertolinidirect.com\\\/\"},{\"@type\":\"ListItem\",\"position\":2,\"name\":\"Press &amp; News\",\"item\":\"https:\\\/\\\/bertolinidirect.com\\\/press\"},{\"@type\":\"ListItem\",\"position\":3,\"name\":\"Bertolini Donates Chairs To Inmate Programs In Tennessee Correctional Facilities\"}]},{\"@type\":\"WebSite\",\"@id\":\"https:\\\/\\\/bertolinidirect.com\\\/fr\\\/#website\",\"url\":\"https:\\\/\\\/bertolinidirect.com\\\/fr\\\/\",\"name\":\"Bertolini\",\"description\":\"\",\"potentialAction\":[{\"@type\":\"SearchAction\",\"target\":{\"@type\":\"EntryPoint\",\"urlTemplate\":\"https:\\\/\\\/bertolinidirect.com\\\/fr\\\/?s={search_term_string}\"},\"query-input\":{\"@type\":\"PropertyValueSpecification\",\"valueRequired\":true,\"valueName\":\"search_term_string\"}}],\"inLanguage\":\"fr-CA\"}]}<\/script>\n<!-- \/ Yoast SEO Premium plugin. -->","yoast_head_json":{"title":"Bertolini fait don de chaises aux \u00e9tablissements correctionnels pour d\u00e9tenus","description":"Lawrenceburg, Tennessee \u2014 18 mars 2019 MITY Inc., un fabricant de meubles commerciaux prim\u00e9s, a fait don de chaises de la collection Bertolini \u00e0 Lawrence","robots":{"index":"index","follow":"follow","max-snippet":"max-snippet:-1","max-image-preview":"max-image-preview:large","max-video-preview":"max-video-preview:-1"},"canonical":"https:\/\/bertolinidirect.com\/fr\/press\/donates-chairs-to-inmate-programs\/","og_locale":"fr_CA","og_type":"article","og_title":"Bertolini Donates Chairs To Inmate Programs In Tennessee Correctional Facilities","og_description":"Lawrenceburg, TN\u2014March 18, 2019 MITY Inc., a manufacturer of award-winning commercial furniture, donated chairs from the Bertolini Collection to Lawrence","og_url":"https:\/\/bertolinidirect.com\/fr\/press\/donates-chairs-to-inmate-programs\/","og_site_name":"Bertolini Direct","article_modified_time":"2024-05-16T20:46:56+00:00","twitter_card":"summary_large_image","schema":{"@context":"https:\/\/schema.org","@graph":[{"@type":"WebPage","@id":"https:\/\/bertolinidirect.com\/fr\/press\/donates-chairs-to-inmate-programs","url":"https:\/\/bertolinidirect.com\/fr\/press\/donates-chairs-to-inmate-programs","name":"Bertolini fait don de chaises aux \u00e9tablissements correctionnels pour d\u00e9tenus","isPartOf":{"@id":"https:\/\/bertolinidirect.com\/fr\/#website"},"datePublished":"2019-03-18T21:35:00+00:00","dateModified":"2024-05-16T20:46:56+00:00","description":"Lawrenceburg, Tennessee \u2014 18 mars 2019 MITY Inc., un fabricant de meubles commerciaux prim\u00e9s, a fait don de chaises de la collection Bertolini \u00e0 Lawrence","breadcrumb":{"@id":"https:\/\/bertolinidirect.com\/fr\/press\/donates-chairs-to-inmate-programs#breadcrumb"},"inLanguage":"fr-CA","potentialAction":[{"@type":"ReadAction","target":["https:\/\/bertolinidirect.com\/fr\/press\/donates-chairs-to-inmate-programs"]}]},{"@type":"BreadcrumbList","@id":"https:\/\/bertolinidirect.com\/fr\/press\/donates-chairs-to-inmate-programs#breadcrumb","itemListElement":[{"@type":"ListItem","position":1,"name":"Home","item":"https:\/\/bertolinidirect.com\/"},{"@type":"ListItem","position":2,"name":"Press &amp; News","item":"https:\/\/bertolinidirect.com\/press"},{"@type":"ListItem","position":3,"name":"Bertolini Donates Chairs To Inmate Programs In Tennessee Correctional Facilities"}]},{"@type":"WebSite","@id":"https:\/\/bertolinidirect.com\/fr\/#website","url":"https:\/\/bertolinidirect.com\/fr\/","name":"Bertolini","description":"","potentialAction":[{"@type":"SearchAction","target":{"@type":"EntryPoint","urlTemplate":"https:\/\/bertolinidirect.com\/fr\/?s={search_term_string}"},"query-input":{"@type":"PropertyValueSpecification","valueRequired":true,"valueName":"search_term_string"}}],"inLanguage":"fr-CA"}]}},"_links":{"self":[{"href":"https:\/\/bertolinidirect.com\/fr\/wp-json\/wp\/v2\/pages\/897","targetHints":{"allow":["GET"]}}],"collection":[{"href":"https:\/\/bertolinidirect.com\/fr\/wp-json\/wp\/v2\/pages"}],"about":[{"href":"https:\/\/bertolinidirect.com\/fr\/wp-json\/wp\/v2\/types\/page"}],"author":[{"embeddable":true,"href":"https:\/\/bertolinidirect.com\/fr\/wp-json\/wp\/v2\/users\/1"}],"replies":[{"embeddable":true,"href":"https:\/\/bertolinidirect.com\/fr\/wp-json\/wp\/v2\/comments?post=897"}],"version-history":[{"count":1,"href":"https:\/\/bertolinidirect.com\/fr\/wp-json\/wp\/v2\/pages\/897\/revisions"}],"predecessor-version":[{"id":898,"href":"https:\/\/bertolinidirect.com\/fr\/wp-json\/wp\/v2\/pages\/897\/revisions\/898"}],"up":[{"embeddable":true,"href":"https:\/\/bertolinidirect.com\/fr\/wp-json\/wp\/v2\/pages\/762"}],"wp:attachment":[{"href":"https:\/\/bertolinidirect.com\/fr\/wp-json\/wp\/v2\/media?parent=897"}],"curies":[{"name":"wp","href":"https:\/\/api.w.org\/{rel}","templated":true}]}}