{"id":892,"date":"2018-01-02T21:33:00","date_gmt":"2018-01-02T21:33:00","guid":{"rendered":"https:\/\/bertolinidirect.com\/?page_id=892"},"modified":"2024-05-14T17:12:02","modified_gmt":"2024-05-14T17:12:02","slug":"mity-inc-aquires-bertolini","status":"publish","type":"page","link":"https:\/\/bertolinidirect.com\/fr\/press\/mity-inc-aquires-bertolini","title":{"rendered":"MITY Inc. acquiert Bertolini"},"content":{"rendered":"<p><strong>OREM, Utah \u2014 2 janvier 2018<\/strong><\/p>\n\n\n\n<p>MITY Inc., la soci\u00e9t\u00e9 m\u00e8re de marques de meubles tr\u00e8s durables, notamment MityLite\u00ae et Holsag\u2122, a acquis Bertolini Inc., un fabricant priv\u00e9 de produits de si\u00e8ges ax\u00e9s sur les march\u00e9s de l&#039;h\u00f4tellerie, des assembl\u00e9es publiques et du culte. Cette acquisition s&#039;appuie sur l&#039;h\u00e9ritage de MITY Inc. en mati\u00e8re de durabilit\u00e9 et d&#039;innovation et positionne l&#039;organisation pour proposer une offre de produits plus large sur les march\u00e9s cl\u00e9s. Le transfert de propri\u00e9t\u00e9 a \u00e9t\u00e9 effectif le 30 d\u00e9cembre 2017.<\/p>\n\n\n\n<p>\u00ab Bertolini \u00e9tait un candidat naturel pour rejoindre la famille MITY \u00bb, a d\u00e9clar\u00e9 John Dudash, pr\u00e9sident et chef de la direction de MITY Inc. \u00ab L&#039;acquisition de Bertolini permet une expansion des produits et des synergies op\u00e9rationnelles au sein d&#039;industries cl\u00e9s, tout en partageant nos valeurs fondamentales de qualit\u00e9, de durabilit\u00e9 et d&#039;engagement envers les clients. \u00bb<\/p>\n\n\n\n<p>Bertolini fabrique aux \u00c9tats-Unis depuis pr\u00e8s de 60 ans et constitue un ajout important \u00e0 la famille de produits MITY. Ils sont tr\u00e8s fiers du savoir-faire am\u00e9ricain et s&#039;engagent en faveur de l&#039;innovation, d&#039;un service in\u00e9gal\u00e9 et d&#039;une valeur de premi\u00e8re classe.<\/p>\n\n\n\n<p>Jim Bertolini, propri\u00e9taire et PDG de Bertolini, a d\u00e9clar\u00e9 : \u00ab Nous sommes impatients de faire partie de la famille de marques de haute qualit\u00e9, leader du secteur, de MITY Inc. dans une d\u00e9marche qui nous permet d&#039;am\u00e9liorer l&#039;efficacit\u00e9 op\u00e9rationnelle et d&#039;acc\u00e9der \u00e0 des ressources suppl\u00e9mentaires qui sera le moteur de notre croissance \u00e0 long terme.<\/p>\n\n\n\n<p>Bas\u00e9e \u00e0 Orem, Utah, MITY Inc. est la soci\u00e9t\u00e9 m\u00e8re de&nbsp;<a href=\"https:\/\/mitylite.com\/\">MityLite<\/a>,&nbsp;<a href=\"https:\/\/holsag.com\/\">Holsag<\/a>,&nbsp;<a href=\"https:\/\/brodaseating.com\/\">Si\u00e8ges BRODA\u00ae<\/a>, et Bertolini Inc. nouvellement acquis. MityLite est un fabricant de produits d&#039;ameublement prim\u00e9s et con\u00e7us par des professionnels pour le march\u00e9 commercial mondial. Holsag fabrique des chaises et des meubles de rangement destin\u00e9s aux march\u00e9s des r\u00e9sidences pour personnes \u00e2g\u00e9es, de la sant\u00e9, de l&#039;\u00e9ducation et de l&#039;h\u00f4tellerie. BRODA propose une gamme unique de fauteuils roulants \u00e0 positionnement inclinable qui am\u00e9liorent la vie des gens depuis plus de 35 ans. XpressPort est un leader en produits de stockage et de transport pour les march\u00e9s des assembl\u00e9es publiques et de l&#039;h\u00f4tellerie. Bertolini est un fabricant de si\u00e8ges empilables \u00e9l\u00e9gants, confortables et durables.<\/p>","protected":false},"excerpt":{"rendered":"<p>OREM, Utah \u2014 January 2, 2018 MITY Inc., the parent company of highly durable furniture brands including MityLite\u00ae and Holsag\u2122, acquired Bertolini Inc., a privately owned manufacturer of seating products focused on hospitality, public assembly and worship markets. This acquisition builds on the MITY Inc. legacy of durability and innovation and positions the organization to [&hellip;]<\/p>\n","protected":false},"author":1,"featured_media":0,"parent":762,"menu_order":0,"comment_status":"closed","ping_status":"closed","template":"content-page.php","meta":{"_acf_changed":false,"footnotes":""},"class_list":["post-892","page","type-page","status-publish","hentry"],"acf":[],"yoast_head":"<!-- This site is optimized with the Yoast SEO Premium plugin v24.2 (Yoast SEO v27.1.1) - https:\/\/yoast.com\/product\/yoast-seo-premium-wordpress\/ -->\n<title>MITY Inc. Acquires Bertolini | Bertolini Direct<\/title>\n<meta name=\"description\" content=\"OREM, Utah \u2014 January 2, 2018 MITY Inc., the parent company of highly durable furniture brands including MityLite\u00ae and Holsag\u2122, acquired Bertolini Inc., a\" \/>\n<meta name=\"robots\" content=\"index, follow, max-snippet:-1, max-image-preview:large, max-video-preview:-1\" \/>\n<link rel=\"canonical\" href=\"https:\/\/bertolinidirect.com\/fr\/press\/mity-inc-aquires-bertolini\/\" \/>\n<meta property=\"og:locale\" content=\"fr_CA\" \/>\n<meta property=\"og:type\" content=\"article\" \/>\n<meta property=\"og:title\" content=\"MITY Inc. Acquires Bertolini\" \/>\n<meta property=\"og:description\" content=\"OREM, Utah \u2014 January 2, 2018 MITY Inc., the parent company of highly durable furniture brands including MityLite\u00ae and Holsag\u2122, acquired Bertolini Inc., a\" \/>\n<meta property=\"og:url\" content=\"https:\/\/bertolinidirect.com\/fr\/press\/mity-inc-aquires-bertolini\/\" \/>\n<meta property=\"og:site_name\" content=\"Bertolini Direct\" \/>\n<meta property=\"article:modified_time\" content=\"2024-05-14T17:12:02+00:00\" \/>\n<meta name=\"twitter:card\" content=\"summary_large_image\" \/>\n<script type=\"application\/ld+json\" class=\"yoast-schema-graph\">{\"@context\":\"https:\/\/schema.org\",\"@graph\":[{\"@type\":\"WebPage\",\"@id\":\"https:\/\/bertolinidirect.com\/fr\/press\/mity-inc-aquires-bertolini\",\"url\":\"https:\/\/bertolinidirect.com\/fr\/press\/mity-inc-aquires-bertolini\",\"name\":\"MITY Inc. Acquires Bertolini | Bertolini Direct\",\"isPartOf\":{\"@id\":\"https:\/\/bertolinidirect.com\/fr\/#website\"},\"datePublished\":\"2018-01-02T21:33:00+00:00\",\"dateModified\":\"2024-05-14T17:12:02+00:00\",\"description\":\"OREM, Utah \u2014 January 2, 2018 MITY Inc., the parent company of highly durable furniture brands including MityLite\u00ae and Holsag\u2122, acquired Bertolini Inc., a\",\"breadcrumb\":{\"@id\":\"https:\/\/bertolinidirect.com\/fr\/press\/mity-inc-aquires-bertolini#breadcrumb\"},\"inLanguage\":\"fr-CA\",\"potentialAction\":[{\"@type\":\"ReadAction\",\"target\":[\"https:\/\/bertolinidirect.com\/fr\/press\/mity-inc-aquires-bertolini\"]}]},{\"@type\":\"BreadcrumbList\",\"@id\":\"https:\/\/bertolinidirect.com\/fr\/press\/mity-inc-aquires-bertolini#breadcrumb\",\"itemListElement\":[{\"@type\":\"ListItem\",\"position\":1,\"name\":\"Home\",\"item\":\"https:\/\/bertolinidirect.com\/\"},{\"@type\":\"ListItem\",\"position\":2,\"name\":\"Press &amp; News\",\"item\":\"https:\/\/bertolinidirect.com\/press\"},{\"@type\":\"ListItem\",\"position\":3,\"name\":\"MITY Inc. Acquires Bertolini\"}]},{\"@type\":\"WebSite\",\"@id\":\"https:\/\/bertolinidirect.com\/fr\/#website\",\"url\":\"https:\/\/bertolinidirect.com\/fr\/\",\"name\":\"Bertolini\",\"description\":\"\",\"potentialAction\":[{\"@type\":\"SearchAction\",\"target\":{\"@type\":\"EntryPoint\",\"urlTemplate\":\"https:\/\/bertolinidirect.com\/fr\/?s={search_term_string}\"},\"query-input\":{\"@type\":\"PropertyValueSpecification\",\"valueRequired\":true,\"valueName\":\"search_term_string\"}}],\"inLanguage\":\"fr-CA\"}]}<\/script>\n<!-- \/ Yoast SEO Premium plugin. -->","yoast_head_json":{"title":"MITY Inc. acquiert Bertolini | Bertolini Direct","description":"OREM, Utah \u2014 2 janvier 2018 MITY Inc., la soci\u00e9t\u00e9 m\u00e8re de marques de meubles tr\u00e8s durables, notamment MityLite\u00ae et Holsag\u2122, a acquis Bertolini Inc., une soci\u00e9t\u00e9","robots":{"index":"index","follow":"follow","max-snippet":"max-snippet:-1","max-image-preview":"max-image-preview:large","max-video-preview":"max-video-preview:-1"},"canonical":"https:\/\/bertolinidirect.com\/fr\/press\/mity-inc-aquires-bertolini\/","og_locale":"fr_CA","og_type":"article","og_title":"MITY Inc. Acquires Bertolini","og_description":"OREM, Utah \u2014 January 2, 2018 MITY Inc., the parent company of highly durable furniture brands including MityLite\u00ae and Holsag\u2122, acquired Bertolini Inc., a","og_url":"https:\/\/bertolinidirect.com\/fr\/press\/mity-inc-aquires-bertolini\/","og_site_name":"Bertolini Direct","article_modified_time":"2024-05-14T17:12:02+00:00","twitter_card":"summary_large_image","schema":{"@context":"https:\/\/schema.org","@graph":[{"@type":"WebPage","@id":"https:\/\/bertolinidirect.com\/fr\/press\/mity-inc-aquires-bertolini","url":"https:\/\/bertolinidirect.com\/fr\/press\/mity-inc-aquires-bertolini","name":"MITY Inc. acquiert Bertolini | Bertolini Direct","isPartOf":{"@id":"https:\/\/bertolinidirect.com\/fr\/#website"},"datePublished":"2018-01-02T21:33:00+00:00","dateModified":"2024-05-14T17:12:02+00:00","description":"OREM, Utah \u2014 2 janvier 2018 MITY Inc., la soci\u00e9t\u00e9 m\u00e8re de marques de meubles tr\u00e8s durables, notamment MityLite\u00ae et Holsag\u2122, a acquis Bertolini Inc., une soci\u00e9t\u00e9","breadcrumb":{"@id":"https:\/\/bertolinidirect.com\/fr\/press\/mity-inc-aquires-bertolini#breadcrumb"},"inLanguage":"fr-CA","potentialAction":[{"@type":"ReadAction","target":["https:\/\/bertolinidirect.com\/fr\/press\/mity-inc-aquires-bertolini"]}]},{"@type":"BreadcrumbList","@id":"https:\/\/bertolinidirect.com\/fr\/press\/mity-inc-aquires-bertolini#breadcrumb","itemListElement":[{"@type":"ListItem","position":1,"name":"Home","item":"https:\/\/bertolinidirect.com\/"},{"@type":"ListItem","position":2,"name":"Press &amp; News","item":"https:\/\/bertolinidirect.com\/press"},{"@type":"ListItem","position":3,"name":"MITY Inc. Acquires Bertolini"}]},{"@type":"WebSite","@id":"https:\/\/bertolinidirect.com\/fr\/#website","url":"https:\/\/bertolinidirect.com\/fr\/","name":"Bertolini","description":"","potentialAction":[{"@type":"SearchAction","target":{"@type":"EntryPoint","urlTemplate":"https:\/\/bertolinidirect.com\/fr\/?s={search_term_string}"},"query-input":{"@type":"PropertyValueSpecification","valueRequired":true,"valueName":"search_term_string"}}],"inLanguage":"fr-CA"}]}},"_links":{"self":[{"href":"https:\/\/bertolinidirect.com\/fr\/wp-json\/wp\/v2\/pages\/892","targetHints":{"allow":["GET"]}}],"collection":[{"href":"https:\/\/bertolinidirect.com\/fr\/wp-json\/wp\/v2\/pages"}],"about":[{"href":"https:\/\/bertolinidirect.com\/fr\/wp-json\/wp\/v2\/types\/page"}],"author":[{"embeddable":true,"href":"https:\/\/bertolinidirect.com\/fr\/wp-json\/wp\/v2\/users\/1"}],"replies":[{"embeddable":true,"href":"https:\/\/bertolinidirect.com\/fr\/wp-json\/wp\/v2\/comments?post=892"}],"version-history":[{"count":1,"href":"https:\/\/bertolinidirect.com\/fr\/wp-json\/wp\/v2\/pages\/892\/revisions"}],"predecessor-version":[{"id":895,"href":"https:\/\/bertolinidirect.com\/fr\/wp-json\/wp\/v2\/pages\/892\/revisions\/895"}],"up":[{"embeddable":true,"href":"https:\/\/bertolinidirect.com\/fr\/wp-json\/wp\/v2\/pages\/762"}],"wp:attachment":[{"href":"https:\/\/bertolinidirect.com\/fr\/wp-json\/wp\/v2\/media?parent=892"}],"curies":[{"name":"wp","href":"https:\/\/api.w.org\/{rel}","templated":true}]}}