{"id":890,"date":"2015-11-09T21:30:00","date_gmt":"2015-11-09T21:30:00","guid":{"rendered":"https:\/\/bertolinidirect.com\/?page_id=890"},"modified":"2026-01-29T15:29:19","modified_gmt":"2026-01-29T15:29:19","slug":"north-point-community","status":"publish","type":"page","link":"https:\/\/bertolinidirect.com\/fr\/press\/north-point-community","title":{"rendered":"Bertolini a construit sur mesure 4 500 chaises d&#039;\u00e9glise pour l&#039;\u00e9glise communautaire de North Point"},"content":{"rendered":"<p><strong>CHINO, Californie \u2014 9 novembre 2015<\/strong><\/p>\n\n\n\n<p>Bertolini a eu l&#039;opportunit\u00e9 exceptionnelle de fabriquer et de personnaliser les chaises Millennia pour l&#039;\u00e9glise North Point Community Church \u00e0 Alpharetta, en G\u00e9orgie. \u201c Bertolini est fier de compter l&#039;\u00e9glise North Point Community Church d&#039;Andy Stanley parmi ses clients satisfaits. Ils ont achet\u00e9 4\u00a0500 chaises Bertolini durant l&#039;hiver 2014 et les installent et les rangent deux \u00e0 trois fois par mois. Les chaises de l&#039;\u00e9glise r\u00e9pondent parfaitement \u00e0 leurs besoins et le campus de Gwinnett a \u00e9galement fait l&#039;acquisition de si\u00e8ges pour son auditorium. C&#039;est un plaisir de participer \u00e0 ce minist\u00e8re si dynamique et novateur \u201d, d\u00e9clare Robert Wiltsey, directeur des ventes aux \u00e9glises.<\/p>\n\n\n\n<p>North Point Ministries, Inc. a \u00e9t\u00e9 fond\u00e9e en 1995 avec la vision de cr\u00e9er des \u00e9glises que les gens aiment fr\u00e9quenter. L&#039;\u00e9glise communautaire de North Point est une m\u00e9ga-\u00e9glise chr\u00e9tienne \u00e9vang\u00e9lique non confessionnelle situ\u00e9e \u00e0 Alpharetta, en G\u00e9orgie. L&#039;\u00e9glise multi-sites accueille actuellement en moyenne plus de 33 000 personnes chaque semaine sur ses six campus, ce qui en fait la plus grande \u00e9glise de la r\u00e9gion m\u00e9tropolitaine d&#039;Atlanta. Ils proposent des groupes d&#039;adultes, un minist\u00e8re aupr\u00e8s des enfants, un minist\u00e8re dans les \u00e9coles et les coll\u00e8ges. Chaque mois, les sermons et les messages de leadership sont consult\u00e9s plus d&#039;un million de fois via les sites Web de North Point. Bertolini a construit sur mesure 4 500 chaises d&#039;\u00e9glise pour l&#039;\u00e9glise communautaire de North Point et l&#039;une de leurs \u00e9glises multi-sites, l&#039;\u00e9glise Gwinnette. L&#039;\u00e9glise Gwinnette est situ\u00e9e \u00e0 24 km de l&#039;\u00e9glise communautaire de North Point.<\/p>\n\n\n\n<p>La chaise Bertolini choisie pour l&#039;\u00e9glise North Point Community Church est la s\u00e9rie Millennia. Cette s\u00e9rie allie un dossier ergonomique au confort d&#039;une assise en bois sans entretien. La forme du dossier s&#039;adapte \u00e0 toutes les morphologies en soutenant le bas du dos et en enveloppant d\u00e9licatement le haut des \u00e9paules. Bertolini propose la structure de chaise la plus robuste du march\u00e9\u00a0: acier lamin\u00e9 \u00e0 froid 1010 de calibre 16 avec barre de torsion int\u00e9gr\u00e9e. La finition de la structure est un rev\u00eatement en poudre ultra-r\u00e9sistant, appliqu\u00e9 par \u00e9lectrostatique et cuit \u00e0 plus de 400\u00a0\u00b0C, test\u00e9 en milieu salin pendant plus de 800\u00a0heures.<\/p>","protected":false},"excerpt":{"rendered":"<p>CHINO, CA\u2014November 9, 2015 Bertolini had the greatest opportunity to manufacture and custom build the&nbsp;Millennia chairs&nbsp;for North Point Community Church in Alpharetta, GA. \u201cBertolini is proud to have Andy Stanley\u2019s North Point Community as part of our portfolio of satisfied customers. They purchased 4,500 Bertolini chairs in the Winter of 2014 and they set up [&hellip;]<\/p>\n","protected":false},"author":1,"featured_media":0,"parent":762,"menu_order":0,"comment_status":"closed","ping_status":"closed","template":"content-page.php","meta":{"_acf_changed":false,"footnotes":""},"class_list":["post-890","page","type-page","status-publish","hentry"],"acf":[],"yoast_head":"<!-- This site is optimized with the Yoast SEO Premium plugin v24.2 (Yoast SEO v27.1.1) - https:\/\/yoast.com\/product\/yoast-seo-premium-wordpress\/ -->\n<title>Bertolini Built 4,500 Church Chairs for North Point Community Church<\/title>\n<meta name=\"description\" content=\"CHINO, CA\u2014November 9, 2015 Bertolini had the greatest opportunity to manufacture and custom build the&nbsp;Millennia chairs&nbsp;for North Point Community\" \/>\n<meta name=\"robots\" content=\"index, follow, max-snippet:-1, max-image-preview:large, max-video-preview:-1\" \/>\n<link rel=\"canonical\" href=\"https:\/\/bertolinidirect.com\/fr\/press\/north-point-community\/\" \/>\n<meta property=\"og:locale\" content=\"fr_CA\" \/>\n<meta property=\"og:type\" content=\"article\" \/>\n<meta property=\"og:title\" content=\"Bertolini Custom Built 4,500 Church Chairs for North Point Community Church\" \/>\n<meta property=\"og:description\" content=\"CHINO, CA\u2014November 9, 2015 Bertolini had the greatest opportunity to manufacture and custom build the&nbsp;Millennia chairs&nbsp;for North Point Community\" \/>\n<meta property=\"og:url\" content=\"https:\/\/bertolinidirect.com\/fr\/press\/north-point-community\/\" \/>\n<meta property=\"og:site_name\" content=\"Bertolini Direct\" \/>\n<meta property=\"article:modified_time\" content=\"2026-01-29T15:29:19+00:00\" \/>\n<meta name=\"twitter:card\" content=\"summary_large_image\" \/>\n<script type=\"application\/ld+json\" class=\"yoast-schema-graph\">{\"@context\":\"https:\/\/schema.org\",\"@graph\":[{\"@type\":\"WebPage\",\"@id\":\"https:\/\/bertolinidirect.com\/fr\/press\/north-point-community\",\"url\":\"https:\/\/bertolinidirect.com\/fr\/press\/north-point-community\",\"name\":\"Bertolini Built 4,500 Church Chairs for North Point Community Church\",\"isPartOf\":{\"@id\":\"https:\/\/bertolinidirect.com\/fr\/#website\"},\"datePublished\":\"2015-11-09T21:30:00+00:00\",\"dateModified\":\"2026-01-29T15:29:19+00:00\",\"description\":\"CHINO, CA\u2014November 9, 2015 Bertolini had the greatest opportunity to manufacture and custom build the&nbsp;Millennia chairs&nbsp;for North Point Community\",\"breadcrumb\":{\"@id\":\"https:\/\/bertolinidirect.com\/fr\/press\/north-point-community#breadcrumb\"},\"inLanguage\":\"fr-CA\",\"potentialAction\":[{\"@type\":\"ReadAction\",\"target\":[\"https:\/\/bertolinidirect.com\/fr\/press\/north-point-community\"]}]},{\"@type\":\"BreadcrumbList\",\"@id\":\"https:\/\/bertolinidirect.com\/fr\/press\/north-point-community#breadcrumb\",\"itemListElement\":[{\"@type\":\"ListItem\",\"position\":1,\"name\":\"Home\",\"item\":\"https:\/\/bertolinidirect.com\/\"},{\"@type\":\"ListItem\",\"position\":2,\"name\":\"Press &amp; News\",\"item\":\"https:\/\/bertolinidirect.com\/press\"},{\"@type\":\"ListItem\",\"position\":3,\"name\":\"Bertolini Custom Built 4,500 Church Chairs for North Point Community Church\"}]},{\"@type\":\"WebSite\",\"@id\":\"https:\/\/bertolinidirect.com\/fr\/#website\",\"url\":\"https:\/\/bertolinidirect.com\/fr\/\",\"name\":\"Bertolini\",\"description\":\"\",\"potentialAction\":[{\"@type\":\"SearchAction\",\"target\":{\"@type\":\"EntryPoint\",\"urlTemplate\":\"https:\/\/bertolinidirect.com\/fr\/?s={search_term_string}\"},\"query-input\":{\"@type\":\"PropertyValueSpecification\",\"valueRequired\":true,\"valueName\":\"search_term_string\"}}],\"inLanguage\":\"fr-CA\"}]}<\/script>\n<!-- \/ Yoast SEO Premium plugin. -->","yoast_head_json":{"title":"Bertolini a construit 4 500 chaises d&#039;\u00e9glise pour l&#039;\u00e9glise communautaire de North Point","description":"CHINO, CA \u2014 9 novembre 2015 \u2013 Bertolini a eu l&#039;opportunit\u00e9 exceptionnelle de fabriquer et de personnaliser les chaises Millennia pour la communaut\u00e9 de North Point.","robots":{"index":"index","follow":"follow","max-snippet":"max-snippet:-1","max-image-preview":"max-image-preview:large","max-video-preview":"max-video-preview:-1"},"canonical":"https:\/\/bertolinidirect.com\/fr\/press\/north-point-community\/","og_locale":"fr_CA","og_type":"article","og_title":"Bertolini Custom Built 4,500 Church Chairs for North Point Community Church","og_description":"CHINO, CA\u2014November 9, 2015 Bertolini had the greatest opportunity to manufacture and custom build the&nbsp;Millennia chairs&nbsp;for North Point Community","og_url":"https:\/\/bertolinidirect.com\/fr\/press\/north-point-community\/","og_site_name":"Bertolini Direct","article_modified_time":"2026-01-29T15:29:19+00:00","twitter_card":"summary_large_image","schema":{"@context":"https:\/\/schema.org","@graph":[{"@type":"WebPage","@id":"https:\/\/bertolinidirect.com\/fr\/press\/north-point-community","url":"https:\/\/bertolinidirect.com\/fr\/press\/north-point-community","name":"Bertolini a construit 4 500 chaises d&#039;\u00e9glise pour l&#039;\u00e9glise communautaire de North Point","isPartOf":{"@id":"https:\/\/bertolinidirect.com\/fr\/#website"},"datePublished":"2015-11-09T21:30:00+00:00","dateModified":"2026-01-29T15:29:19+00:00","description":"CHINO, CA \u2014 9 novembre 2015 \u2013 Bertolini a eu l&#039;opportunit\u00e9 exceptionnelle de fabriquer et de personnaliser les chaises Millennia pour la communaut\u00e9 de North Point.","breadcrumb":{"@id":"https:\/\/bertolinidirect.com\/fr\/press\/north-point-community#breadcrumb"},"inLanguage":"fr-CA","potentialAction":[{"@type":"ReadAction","target":["https:\/\/bertolinidirect.com\/fr\/press\/north-point-community"]}]},{"@type":"BreadcrumbList","@id":"https:\/\/bertolinidirect.com\/fr\/press\/north-point-community#breadcrumb","itemListElement":[{"@type":"ListItem","position":1,"name":"Home","item":"https:\/\/bertolinidirect.com\/"},{"@type":"ListItem","position":2,"name":"Press &amp; News","item":"https:\/\/bertolinidirect.com\/press"},{"@type":"ListItem","position":3,"name":"Bertolini Custom Built 4,500 Church Chairs for North Point Community Church"}]},{"@type":"WebSite","@id":"https:\/\/bertolinidirect.com\/fr\/#website","url":"https:\/\/bertolinidirect.com\/fr\/","name":"Bertolini","description":"","potentialAction":[{"@type":"SearchAction","target":{"@type":"EntryPoint","urlTemplate":"https:\/\/bertolinidirect.com\/fr\/?s={search_term_string}"},"query-input":{"@type":"PropertyValueSpecification","valueRequired":true,"valueName":"search_term_string"}}],"inLanguage":"fr-CA"}]}},"_links":{"self":[{"href":"https:\/\/bertolinidirect.com\/fr\/wp-json\/wp\/v2\/pages\/890","targetHints":{"allow":["GET"]}}],"collection":[{"href":"https:\/\/bertolinidirect.com\/fr\/wp-json\/wp\/v2\/pages"}],"about":[{"href":"https:\/\/bertolinidirect.com\/fr\/wp-json\/wp\/v2\/types\/page"}],"author":[{"embeddable":true,"href":"https:\/\/bertolinidirect.com\/fr\/wp-json\/wp\/v2\/users\/1"}],"replies":[{"embeddable":true,"href":"https:\/\/bertolinidirect.com\/fr\/wp-json\/wp\/v2\/comments?post=890"}],"version-history":[{"count":3,"href":"https:\/\/bertolinidirect.com\/fr\/wp-json\/wp\/v2\/pages\/890\/revisions"}],"predecessor-version":[{"id":24701,"href":"https:\/\/bertolinidirect.com\/fr\/wp-json\/wp\/v2\/pages\/890\/revisions\/24701"}],"up":[{"embeddable":true,"href":"https:\/\/bertolinidirect.com\/fr\/wp-json\/wp\/v2\/pages\/762"}],"wp:attachment":[{"href":"https:\/\/bertolinidirect.com\/fr\/wp-json\/wp\/v2\/media?parent=890"}],"curies":[{"name":"wp","href":"https:\/\/api.w.org\/{rel}","templated":true}]}}