{"id":885,"date":"2015-06-05T21:26:00","date_gmt":"2015-06-05T21:26:00","guid":{"rendered":"https:\/\/bertolinidirect.com\/?page_id=885"},"modified":"2025-11-21T23:29:02","modified_gmt":"2025-11-21T23:29:02","slug":"customer-centric-delivery","status":"publish","type":"page","link":"https:\/\/bertolinidirect.com\/fr\/press\/customer-centric-delivery","title":{"rendered":"Bertolini Incorporated pr\u00e9sente un programme de livraison centr\u00e9 sur le client"},"content":{"rendered":"<p><strong>Chino, Californie \u2014 5 juin 2015<\/strong><\/p>\n\n\n\n<p>Bertolini Incorporated a pr\u00e9sent\u00e9 un quatri\u00e8me camion d&#039;entreprise dot\u00e9 d&#039;une remorque de 53 pieds doubl\u00e9e d&#039;une couverture. Pour c\u00e9l\u00e9brer leur engagement envers la satisfaction des clients de 100%, les graphismes visuels de la remorque du camion indiquent clairement \u00ab\u00a0Nous sommes derri\u00e8re chaque chaise que nous construisons\u00a0\u00bb et utilisent les photographies r\u00e9elles de leurs propres employ\u00e9s d\u00e9vou\u00e9s qui travaillent dans l&#039;usine de fabrication de Lawrenceburg, Tennessee. .<\/p>\n\n\n\n<p>PROGRAMME DE LIVRAISON \u00ab NOUS SOMMES DERRI\u00c8RE CHAQUE CHAISE QUE NOUS CONSTRUISONS \u00bb DE BERTOLINI<\/p>\n\n\n\n<p>Le programme de livraison centr\u00e9 sur le client de Bertolini offre aux clients l&#039;avantage de ne pas avoir \u00e0 se soucier du d\u00e9chargement des chaises de la remorque, comme cela serait normalement le cas pour celles exp\u00e9di\u00e9es par des transporteurs publics. De plus, ce programme de livraison centr\u00e9 sur le client soutient le programme de d\u00e9veloppement durable de Bertolini\u00a0; les clients n&#039;ont pas \u00e0 se soucier de remplir leur benne avec du carton puisque le chauffeur peut retirer l&#039;emballage de protection en carton ondul\u00e9 pour le retourner \u00e0 l&#039;usine afin d&#039;\u00eatre r\u00e9utilis\u00e9 lors de futures exp\u00e9ditions.<\/p>\n\n\n\n<p>La remorque initiale sera principalement utilis\u00e9e pour les livraisons planifi\u00e9es toutes les deux semaines vers la large client\u00e8le des \u00c9tats de G\u00e9orgie, de Floride et du Texas. Au lieu d&#039;un processus de livraison standard utilis\u00e9 par les transporteurs publics, le programme de livraison sp\u00e9cial de Bertolini offre \u00e0 ses clients l&#039;avantage de permettre au chauffeur de faire descendre les piles de chaises emball\u00e9es sur la rampe de la remorque jusqu&#039;\u00e0 leur porte.<\/p>\n\n\n\n<p>En plus de cette nouvelle semi-remorque, Bertolini, Inc. dispose d\u00e9j\u00e0 de deux camions porteurs\/caisses utilis\u00e9s pour les livraisons dans un rayon de 250 milles autour de l&#039;usine de Lawrenceburg. \u00ab Bertolini pr\u00e9voit de continuer \u00e0 \u00e9tendre son programme de livraison centr\u00e9 sur le client et de l&#039;offrir \u00e0 davantage de clients \u00e0 l&#039;avenir avec des remorques suppl\u00e9mentaires de 53 pieds et des itin\u00e9raires de livraison qui permettront des exp\u00e9ditions vers davantage d&#039;\u00c9tats \u00bb, d\u00e9clare Gary Daniels, directeur de l&#039;usine de Lawrenceburg, TN.<\/p>","protected":false},"excerpt":{"rendered":"<p>Chino, CA\u2014June 05, 2015 Bertolini Incorporated introduced a fourth company truck with a blanket-lined 53 ft. trailer. In celebration of their commitment to 100% customer satisfaction, the truck\u2019s visually designed trailer graphics clearly state, \u201cWe Stand Behind Every Chair We Build\u201d and utilize the real-life photographs of their very own dedicated employees that work in [&hellip;]<\/p>\n","protected":false},"author":1,"featured_media":0,"parent":762,"menu_order":0,"comment_status":"closed","ping_status":"closed","template":"content-page.php","meta":{"_acf_changed":false,"footnotes":""},"class_list":["post-885","page","type-page","status-publish","hentry"],"acf":[],"yoast_head":"<!-- This site is optimized with the Yoast SEO Premium plugin v24.2 (Yoast SEO v27.1.1) - https:\/\/yoast.com\/product\/yoast-seo-premium-wordpress\/ -->\n<title>Bertolini Inc. Introduces Customer Centric Delivery Program<\/title>\n<meta name=\"description\" content=\"Chino, CA\u2014June 05, 2015 Bertolini Incorporated introduced a fourth company truck with a blanket-lined 53 ft. trailer. In celebration of their commitment\" \/>\n<meta name=\"robots\" content=\"index, follow, max-snippet:-1, max-image-preview:large, max-video-preview:-1\" \/>\n<link rel=\"canonical\" href=\"https:\/\/bertolinidirect.com\/fr\/press\/customer-centric-delivery\/\" \/>\n<meta property=\"og:locale\" content=\"fr_CA\" \/>\n<meta property=\"og:type\" content=\"article\" \/>\n<meta property=\"og:title\" content=\"Bertolini Incorporated Introduces Customer Centric Delivery Program\" \/>\n<meta property=\"og:description\" content=\"Chino, CA\u2014June 05, 2015 Bertolini Incorporated introduced a fourth company truck with a blanket-lined 53 ft. trailer. In celebration of their commitment\" \/>\n<meta property=\"og:url\" content=\"https:\/\/bertolinidirect.com\/fr\/press\/customer-centric-delivery\/\" \/>\n<meta property=\"og:site_name\" content=\"Bertolini Direct\" \/>\n<meta property=\"article:modified_time\" content=\"2025-11-21T23:29:02+00:00\" \/>\n<meta name=\"twitter:card\" content=\"summary_large_image\" \/>\n<script type=\"application\/ld+json\" class=\"yoast-schema-graph\">{\"@context\":\"https:\/\/schema.org\",\"@graph\":[{\"@type\":\"WebPage\",\"@id\":\"https:\/\/bertolinidirect.com\/fr\/press\/customer-centric-delivery\",\"url\":\"https:\/\/bertolinidirect.com\/fr\/press\/customer-centric-delivery\",\"name\":\"Bertolini Inc. Introduces Customer Centric Delivery Program\",\"isPartOf\":{\"@id\":\"https:\/\/bertolinidirect.com\/fr\/#website\"},\"datePublished\":\"2015-06-05T21:26:00+00:00\",\"dateModified\":\"2025-11-21T23:29:02+00:00\",\"description\":\"Chino, CA\u2014June 05, 2015 Bertolini Incorporated introduced a fourth company truck with a blanket-lined 53 ft. trailer. In celebration of their commitment\",\"breadcrumb\":{\"@id\":\"https:\/\/bertolinidirect.com\/fr\/press\/customer-centric-delivery#breadcrumb\"},\"inLanguage\":\"fr-CA\",\"potentialAction\":[{\"@type\":\"ReadAction\",\"target\":[\"https:\/\/bertolinidirect.com\/fr\/press\/customer-centric-delivery\"]}]},{\"@type\":\"BreadcrumbList\",\"@id\":\"https:\/\/bertolinidirect.com\/fr\/press\/customer-centric-delivery#breadcrumb\",\"itemListElement\":[{\"@type\":\"ListItem\",\"position\":1,\"name\":\"Home\",\"item\":\"https:\/\/bertolinidirect.com\/\"},{\"@type\":\"ListItem\",\"position\":2,\"name\":\"Press &amp; News\",\"item\":\"https:\/\/bertolinidirect.com\/press\"},{\"@type\":\"ListItem\",\"position\":3,\"name\":\"Bertolini Incorporated Introduces Customer Centric Delivery Program\"}]},{\"@type\":\"WebSite\",\"@id\":\"https:\/\/bertolinidirect.com\/fr\/#website\",\"url\":\"https:\/\/bertolinidirect.com\/fr\/\",\"name\":\"Bertolini\",\"description\":\"\",\"potentialAction\":[{\"@type\":\"SearchAction\",\"target\":{\"@type\":\"EntryPoint\",\"urlTemplate\":\"https:\/\/bertolinidirect.com\/fr\/?s={search_term_string}\"},\"query-input\":{\"@type\":\"PropertyValueSpecification\",\"valueRequired\":true,\"valueName\":\"search_term_string\"}}],\"inLanguage\":\"fr-CA\"}]}<\/script>\n<!-- \/ Yoast SEO Premium plugin. -->","yoast_head_json":{"title":"Bertolini Inc. lance un programme de livraison ax\u00e9 sur le client","description":"Chino, Californie \u2014 5 juin 2015 Bertolini Incorporated a pr\u00e9sent\u00e9 un quatri\u00e8me camion d&#039;entreprise dot\u00e9 d&#039;une remorque de 53 pieds doubl\u00e9e d&#039;une couverture. Pour c\u00e9l\u00e9brer leur engagement","robots":{"index":"index","follow":"follow","max-snippet":"max-snippet:-1","max-image-preview":"max-image-preview:large","max-video-preview":"max-video-preview:-1"},"canonical":"https:\/\/bertolinidirect.com\/fr\/press\/customer-centric-delivery\/","og_locale":"fr_CA","og_type":"article","og_title":"Bertolini Incorporated Introduces Customer Centric Delivery Program","og_description":"Chino, CA\u2014June 05, 2015 Bertolini Incorporated introduced a fourth company truck with a blanket-lined 53 ft. trailer. In celebration of their commitment","og_url":"https:\/\/bertolinidirect.com\/fr\/press\/customer-centric-delivery\/","og_site_name":"Bertolini Direct","article_modified_time":"2025-11-21T23:29:02+00:00","twitter_card":"summary_large_image","schema":{"@context":"https:\/\/schema.org","@graph":[{"@type":"WebPage","@id":"https:\/\/bertolinidirect.com\/fr\/press\/customer-centric-delivery","url":"https:\/\/bertolinidirect.com\/fr\/press\/customer-centric-delivery","name":"Bertolini Inc. lance un programme de livraison ax\u00e9 sur le client","isPartOf":{"@id":"https:\/\/bertolinidirect.com\/fr\/#website"},"datePublished":"2015-06-05T21:26:00+00:00","dateModified":"2025-11-21T23:29:02+00:00","description":"Chino, Californie \u2014 5 juin 2015 Bertolini Incorporated a pr\u00e9sent\u00e9 un quatri\u00e8me camion d&#039;entreprise dot\u00e9 d&#039;une remorque de 53 pieds doubl\u00e9e d&#039;une couverture. Pour c\u00e9l\u00e9brer leur engagement","breadcrumb":{"@id":"https:\/\/bertolinidirect.com\/fr\/press\/customer-centric-delivery#breadcrumb"},"inLanguage":"fr-CA","potentialAction":[{"@type":"ReadAction","target":["https:\/\/bertolinidirect.com\/fr\/press\/customer-centric-delivery"]}]},{"@type":"BreadcrumbList","@id":"https:\/\/bertolinidirect.com\/fr\/press\/customer-centric-delivery#breadcrumb","itemListElement":[{"@type":"ListItem","position":1,"name":"Home","item":"https:\/\/bertolinidirect.com\/"},{"@type":"ListItem","position":2,"name":"Press &amp; News","item":"https:\/\/bertolinidirect.com\/press"},{"@type":"ListItem","position":3,"name":"Bertolini Incorporated Introduces Customer Centric Delivery Program"}]},{"@type":"WebSite","@id":"https:\/\/bertolinidirect.com\/fr\/#website","url":"https:\/\/bertolinidirect.com\/fr\/","name":"Bertolini","description":"","potentialAction":[{"@type":"SearchAction","target":{"@type":"EntryPoint","urlTemplate":"https:\/\/bertolinidirect.com\/fr\/?s={search_term_string}"},"query-input":{"@type":"PropertyValueSpecification","valueRequired":true,"valueName":"search_term_string"}}],"inLanguage":"fr-CA"}]}},"_links":{"self":[{"href":"https:\/\/bertolinidirect.com\/fr\/wp-json\/wp\/v2\/pages\/885","targetHints":{"allow":["GET"]}}],"collection":[{"href":"https:\/\/bertolinidirect.com\/fr\/wp-json\/wp\/v2\/pages"}],"about":[{"href":"https:\/\/bertolinidirect.com\/fr\/wp-json\/wp\/v2\/types\/page"}],"author":[{"embeddable":true,"href":"https:\/\/bertolinidirect.com\/fr\/wp-json\/wp\/v2\/users\/1"}],"replies":[{"embeddable":true,"href":"https:\/\/bertolinidirect.com\/fr\/wp-json\/wp\/v2\/comments?post=885"}],"version-history":[{"count":1,"href":"https:\/\/bertolinidirect.com\/fr\/wp-json\/wp\/v2\/pages\/885\/revisions"}],"predecessor-version":[{"id":888,"href":"https:\/\/bertolinidirect.com\/fr\/wp-json\/wp\/v2\/pages\/885\/revisions\/888"}],"up":[{"embeddable":true,"href":"https:\/\/bertolinidirect.com\/fr\/wp-json\/wp\/v2\/pages\/762"}],"wp:attachment":[{"href":"https:\/\/bertolinidirect.com\/fr\/wp-json\/wp\/v2\/media?parent=885"}],"curies":[{"name":"wp","href":"https:\/\/api.w.org\/{rel}","templated":true}]}}