{"id":882,"date":"2015-05-15T21:25:00","date_gmt":"2015-05-15T21:25:00","guid":{"rendered":"https:\/\/bertolinidirect.com\/?page_id=882"},"modified":"2024-05-16T20:41:11","modified_gmt":"2024-05-16T20:41:11","slug":"millennia-chairs","status":"publish","type":"page","link":"https:\/\/bertolinidirect.com\/fr\/press\/millennia-chairs","title":{"rendered":"Bertolini fabrique des chaises Millennia sur mesure pour l&#039;\u00e9glise New Hope"},"content":{"rendered":"<p><strong>Chino, Californie \u2013 15 mai 2015<\/strong><\/p>\n\n\n\n<p>Les ing\u00e9nieurs Bertolini fabriquent des chaises d&#039;\u00e9glise de qualit\u00e9 sup\u00e9rieure aux \u00c9tats-Unis et leur engagement envers l&#039;excellence se refl\u00e8te dans tous leurs produits. Avec plus de 50 ans d&#039;exp\u00e9rience, l&#039;entreprise familiale a fourni des si\u00e8ges d&#039;\u00e9glise haut de gamme de haute qualit\u00e9 \u00e0 une vari\u00e9t\u00e9 d&#039;\u00e9glises et d&#039;entreprises. De la qualit\u00e9 des mat\u00e9riaux qu&#039;ils utilisent, de leurs techniques d&#039;assemblage innovantes et de leur processus de tests rigoureux, les meilleurs si\u00e8ges d&#039;\u00e9glise vont directement d&#039;eux au client.<\/p>\n\n\n\n<p>Plus r\u00e9cemment, Bertolini a eu la plus grande opportunit\u00e9 de fabriquer et de construire sur mesure les chaises Millennia pour Hope Church. Situ\u00e9e \u00e0 Grand Haven, Michigan, l&#039;histoire de Hope Church a commenc\u00e9 en 1935. Depuis pr\u00e8s de 8 ans, Tim Taylor est le pasteur de Hope Church et avec son \u00e9quipe de direction minist\u00e9rielle, leur vision est de continuer \u00e0 faire des missions et d&#039;apporter le meilleur \u00e0 la communaut\u00e9. communaut\u00e9. Hope Church offre une vari\u00e9t\u00e9 d&#039;opportunit\u00e9s \u00e9ducatives et spirituelles, notamment le service du dimanche, le minist\u00e8re des enfants et des \u00e9tudiants, des \u00e9v\u00e9nements destin\u00e9s \u00e0 la famille et des r\u00e9unions en petits groupes. \u00ab Gr\u00e2ce aux chaises Bertolini, nous pouvons nous asseoir davantage et nourrir davantage chaque semaine ! C&#039;\u00e9tait une excellente d\u00e9cision pour nous \u00bb, d\u00e9clare le pasteur Tim Taylor.<\/p>\n\n\n\n<p>La chaise Bertolini qui a \u00e9t\u00e9 choisie pour Hope Church est le mod\u00e8le Millennia 4015. La chaise Millennia 4015 allie praticit\u00e9 et construction \u00e9prouv\u00e9e. Le cadre en boucle ferm\u00e9e, solide comme le roc, est construit \u00e0 partir d&#039;acier au carbone 1010 lamin\u00e9 \u00e0 froid de calibre 16, soud\u00e9 avec pr\u00e9cision, avec barre de torsion int\u00e9gr\u00e9e. La fine couture d&#039;un bord arri\u00e8re roul\u00e9, d&#039;une mousse de qualit\u00e9 commerciale, d&#039;une zone lombaire passive rembourr\u00e9e et d&#039;un si\u00e8ge avant \u00e9l\u00e9gamment roul\u00e9 sont les quelques grands avantages de ce style sur mesure qui rencontre le confort d&#039;une chaise d&#039;\u00e9glise. Bertolini prend le cadre de chaise le plus solide de l&#039;industrie et l&#039;associe \u00e0 un rev\u00eatement en poudre ultra-durable. Il est appliqu\u00e9 \u00e9lectrostatiquement et cuit \u00e0 plus de 400 degr\u00e9s et test\u00e9 \u00e0 l&#039;eau sal\u00e9e pendant plus de 800 heures.<\/p>","protected":false},"excerpt":{"rendered":"<p>Chino, CA\u2014May 15, 2015 Bertolini engineers superior USA built church chairs and their commitment to excellence shows in all of their products. With over 50 years of experience, the family-owned business has provided high-quality premium church seating to a variety of churches and companies. From the quality of the materials they use, their innovative assembly [&hellip;]<\/p>\n","protected":false},"author":1,"featured_media":0,"parent":762,"menu_order":0,"comment_status":"closed","ping_status":"closed","template":"content-page.php","meta":{"_acf_changed":false,"footnotes":""},"class_list":["post-882","page","type-page","status-publish","hentry"],"acf":[],"yoast_head":"<!-- This site is optimized with the Yoast SEO Premium plugin v24.2 (Yoast SEO v27.4) - https:\/\/yoast.com\/product\/yoast-seo-premium-wordpress\/ -->\n<title>Bertolini Manufactures Millennia Chairs for New Hope Church<\/title>\n<meta name=\"description\" content=\"Chino, CA\u2014May 15, 2015 Bertolini engineers superior USA built church chairs and their commitment to excellence shows in all of their products. With over\" \/>\n<meta name=\"robots\" content=\"index, follow, max-snippet:-1, max-image-preview:large, max-video-preview:-1\" \/>\n<link rel=\"canonical\" href=\"https:\/\/bertolinidirect.com\/fr\/press\/millennia-chairs\/\" \/>\n<meta property=\"og:locale\" content=\"fr_CA\" \/>\n<meta property=\"og:type\" content=\"article\" \/>\n<meta property=\"og:title\" content=\"Bertolini Manufactures Custom Built Millennia Chairs for New Hope Church\" \/>\n<meta property=\"og:description\" content=\"Chino, CA\u2014May 15, 2015 Bertolini engineers superior USA built church chairs and their commitment to excellence shows in all of their products. With over\" \/>\n<meta property=\"og:url\" content=\"https:\/\/bertolinidirect.com\/fr\/press\/millennia-chairs\/\" \/>\n<meta property=\"og:site_name\" content=\"Bertolini Direct\" \/>\n<meta property=\"article:modified_time\" content=\"2024-05-16T20:41:11+00:00\" \/>\n<meta name=\"twitter:card\" content=\"summary_large_image\" \/>\n<script type=\"application\/ld+json\" class=\"yoast-schema-graph\">{\"@context\":\"https:\\\/\\\/schema.org\",\"@graph\":[{\"@type\":\"WebPage\",\"@id\":\"https:\\\/\\\/bertolinidirect.com\\\/fr\\\/press\\\/millennia-chairs\",\"url\":\"https:\\\/\\\/bertolinidirect.com\\\/fr\\\/press\\\/millennia-chairs\",\"name\":\"Bertolini Manufactures Millennia Chairs for New Hope Church\",\"isPartOf\":{\"@id\":\"https:\\\/\\\/bertolinidirect.com\\\/fr\\\/#website\"},\"datePublished\":\"2015-05-15T21:25:00+00:00\",\"dateModified\":\"2024-05-16T20:41:11+00:00\",\"description\":\"Chino, CA\u2014May 15, 2015 Bertolini engineers superior USA built church chairs and their commitment to excellence shows in all of their products. With over\",\"breadcrumb\":{\"@id\":\"https:\\\/\\\/bertolinidirect.com\\\/fr\\\/press\\\/millennia-chairs#breadcrumb\"},\"inLanguage\":\"fr-CA\",\"potentialAction\":[{\"@type\":\"ReadAction\",\"target\":[\"https:\\\/\\\/bertolinidirect.com\\\/fr\\\/press\\\/millennia-chairs\"]}]},{\"@type\":\"BreadcrumbList\",\"@id\":\"https:\\\/\\\/bertolinidirect.com\\\/fr\\\/press\\\/millennia-chairs#breadcrumb\",\"itemListElement\":[{\"@type\":\"ListItem\",\"position\":1,\"name\":\"Home\",\"item\":\"https:\\\/\\\/bertolinidirect.com\\\/\"},{\"@type\":\"ListItem\",\"position\":2,\"name\":\"Press &amp; News\",\"item\":\"https:\\\/\\\/bertolinidirect.com\\\/press\"},{\"@type\":\"ListItem\",\"position\":3,\"name\":\"Bertolini Manufactures Custom Built Millennia Chairs for New Hope Church\"}]},{\"@type\":\"WebSite\",\"@id\":\"https:\\\/\\\/bertolinidirect.com\\\/fr\\\/#website\",\"url\":\"https:\\\/\\\/bertolinidirect.com\\\/fr\\\/\",\"name\":\"Bertolini\",\"description\":\"\",\"potentialAction\":[{\"@type\":\"SearchAction\",\"target\":{\"@type\":\"EntryPoint\",\"urlTemplate\":\"https:\\\/\\\/bertolinidirect.com\\\/fr\\\/?s={search_term_string}\"},\"query-input\":{\"@type\":\"PropertyValueSpecification\",\"valueRequired\":true,\"valueName\":\"search_term_string\"}}],\"inLanguage\":\"fr-CA\"}]}<\/script>\n<!-- \/ Yoast SEO Premium plugin. -->","yoast_head_json":{"title":"Bertolini fabrique des chaises Millennia pour l&#039;\u00e9glise New Hope","description":"Chino, Californie \u2014 15 mai 2015 Les ing\u00e9nieurs de Bertolini fabriquent des chaises d&#039;\u00e9glise de qualit\u00e9 sup\u00e9rieure aux \u00c9tats-Unis et leur engagement envers l&#039;excellence se refl\u00e8te dans tous leurs produits. Avec plus de","robots":{"index":"index","follow":"follow","max-snippet":"max-snippet:-1","max-image-preview":"max-image-preview:large","max-video-preview":"max-video-preview:-1"},"canonical":"https:\/\/bertolinidirect.com\/fr\/press\/millennia-chairs\/","og_locale":"fr_CA","og_type":"article","og_title":"Bertolini Manufactures Custom Built Millennia Chairs for New Hope Church","og_description":"Chino, CA\u2014May 15, 2015 Bertolini engineers superior USA built church chairs and their commitment to excellence shows in all of their products. With over","og_url":"https:\/\/bertolinidirect.com\/fr\/press\/millennia-chairs\/","og_site_name":"Bertolini Direct","article_modified_time":"2024-05-16T20:41:11+00:00","twitter_card":"summary_large_image","schema":{"@context":"https:\/\/schema.org","@graph":[{"@type":"WebPage","@id":"https:\/\/bertolinidirect.com\/fr\/press\/millennia-chairs","url":"https:\/\/bertolinidirect.com\/fr\/press\/millennia-chairs","name":"Bertolini fabrique des chaises Millennia pour l&#039;\u00e9glise New Hope","isPartOf":{"@id":"https:\/\/bertolinidirect.com\/fr\/#website"},"datePublished":"2015-05-15T21:25:00+00:00","dateModified":"2024-05-16T20:41:11+00:00","description":"Chino, Californie \u2014 15 mai 2015 Les ing\u00e9nieurs de Bertolini fabriquent des chaises d&#039;\u00e9glise de qualit\u00e9 sup\u00e9rieure aux \u00c9tats-Unis et leur engagement envers l&#039;excellence se refl\u00e8te dans tous leurs produits. Avec plus de","breadcrumb":{"@id":"https:\/\/bertolinidirect.com\/fr\/press\/millennia-chairs#breadcrumb"},"inLanguage":"fr-CA","potentialAction":[{"@type":"ReadAction","target":["https:\/\/bertolinidirect.com\/fr\/press\/millennia-chairs"]}]},{"@type":"BreadcrumbList","@id":"https:\/\/bertolinidirect.com\/fr\/press\/millennia-chairs#breadcrumb","itemListElement":[{"@type":"ListItem","position":1,"name":"Home","item":"https:\/\/bertolinidirect.com\/"},{"@type":"ListItem","position":2,"name":"Press &amp; News","item":"https:\/\/bertolinidirect.com\/press"},{"@type":"ListItem","position":3,"name":"Bertolini Manufactures Custom Built Millennia Chairs for New Hope Church"}]},{"@type":"WebSite","@id":"https:\/\/bertolinidirect.com\/fr\/#website","url":"https:\/\/bertolinidirect.com\/fr\/","name":"Bertolini","description":"","potentialAction":[{"@type":"SearchAction","target":{"@type":"EntryPoint","urlTemplate":"https:\/\/bertolinidirect.com\/fr\/?s={search_term_string}"},"query-input":{"@type":"PropertyValueSpecification","valueRequired":true,"valueName":"search_term_string"}}],"inLanguage":"fr-CA"}]}},"_links":{"self":[{"href":"https:\/\/bertolinidirect.com\/fr\/wp-json\/wp\/v2\/pages\/882","targetHints":{"allow":["GET"]}}],"collection":[{"href":"https:\/\/bertolinidirect.com\/fr\/wp-json\/wp\/v2\/pages"}],"about":[{"href":"https:\/\/bertolinidirect.com\/fr\/wp-json\/wp\/v2\/types\/page"}],"author":[{"embeddable":true,"href":"https:\/\/bertolinidirect.com\/fr\/wp-json\/wp\/v2\/users\/1"}],"replies":[{"embeddable":true,"href":"https:\/\/bertolinidirect.com\/fr\/wp-json\/wp\/v2\/comments?post=882"}],"version-history":[{"count":1,"href":"https:\/\/bertolinidirect.com\/fr\/wp-json\/wp\/v2\/pages\/882\/revisions"}],"predecessor-version":[{"id":883,"href":"https:\/\/bertolinidirect.com\/fr\/wp-json\/wp\/v2\/pages\/882\/revisions\/883"}],"up":[{"embeddable":true,"href":"https:\/\/bertolinidirect.com\/fr\/wp-json\/wp\/v2\/pages\/762"}],"wp:attachment":[{"href":"https:\/\/bertolinidirect.com\/fr\/wp-json\/wp\/v2\/media?parent=882"}],"curies":[{"name":"wp","href":"https:\/\/api.w.org\/{rel}","templated":true}]}}