{"id":879,"date":"2014-11-06T21:24:00","date_gmt":"2014-11-06T21:24:00","guid":{"rendered":"https:\/\/bertolinidirect.com\/?page_id=879"},"modified":"2026-01-29T15:29:35","modified_gmt":"2026-01-29T15:29:35","slug":"2-million-impressions","status":"publish","type":"page","link":"https:\/\/bertolinidirect.com\/fr\/press\/2-million-impressions","title":{"rendered":"Bertolini c\u00e9l\u00e8bre plus de 2 millions de chaises d&#039;\u00e9glise de la s\u00e9rie Impressions\u2122 vendues"},"content":{"rendered":"<p><strong>Chino, Californie \u2014 6 novembre 2014<\/strong><\/p>\n\n\n\n<p>Les ing\u00e9nieurs Bertolini fabriquent des chaises d&#039;\u00e9glise de qualit\u00e9 sup\u00e9rieure aux \u00c9tats-Unis et leur engagement envers l&#039;excellence se refl\u00e8te dans tous leurs produits. Avec plus de 50 ans d&#039;exp\u00e9rience, l&#039;entreprise familiale a fourni des si\u00e8ges d&#039;\u00e9glise haut de gamme de haute qualit\u00e9 \u00e0 une vari\u00e9t\u00e9 d&#039;\u00e9glises et d&#039;entreprises. De la qualit\u00e9 des mat\u00e9riaux qu&#039;ils utilisent, de leurs techniques d&#039;assemblage innovantes et de leur processus de tests rigoureux, les meilleurs si\u00e8ges d&#039;\u00e9glise vont directement d&#039;eux au client.<\/p>\n\n\n\n<p>Plus r\u00e9cemment, Bertolini a c\u00e9l\u00e9br\u00e9 sa marque avec plus de 2 millions de chaises d&#039;\u00e9glise de la s\u00e9rie Impressions\u2122 vendues. La chaise d&#039;\u00e9glise de la s\u00e9rie Impressions\u2122 a \u00e9t\u00e9 con\u00e7ue en 2004 et seuls des mat\u00e9riaux de la plus haute qualit\u00e9 sont utilis\u00e9s dans la chaise de la s\u00e9rie Impressions\u2122, qui s&#039;adapte au corps pour un confort optimal, tandis que la structure sonore offre une durabilit\u00e9 incroyable. La conception unique de Bertolini fait de la chaise d&#039;\u00e9glise de la s\u00e9rie Impressions\u2122 la seule chaise d&#039;\u00e9glise empilable sans entretien disponible. Le si\u00e8ge Flex-Fit\u2122 et le syst\u00e8me de fixation Fit-Tight\u2122 avec la technologie BosScrew\u2122 pr\u00e9sentent une v\u00e9ritable conception ergonomique pour un confort d&#039;assise optimal et une durabilit\u00e9 incroyable.<\/p>\n\n\n\n<p>Tous les mod\u00e8les de la gamme Impressions\u2122 sont dot\u00e9s de l&#039;un des syst\u00e8mes de soutien dorsal les plus robustes et confortables de Bertolini. Le dossier profil\u00e9 s&#039;harmonise parfaitement avec l&#039;assise Flex-Fit\u2122 en forme de S, dot\u00e9e du rembourrage exclusif en mousse de 900 g de Bertolini et d&#039;un bord avant arrondi, pour un confort optimal tout au long de la journ\u00e9e. La structure dorsale offre un confort et un soutien exceptionnels, rarement pr\u00e9sents sur les si\u00e8ges empilables\u00a0; sa forme multi-profil\u00e9e s&#039;adapte \u00e0 toutes les morphologies en soutenant le bas du dos et en enveloppant d\u00e9licatement le haut des \u00e9paules. Bertolini compl\u00e8te cette structure dorsale par une confection soign\u00e9e et un rembourrage moelleux, pour un confort v\u00e9ritablement in\u00e9gal\u00e9.<\/p>\n\n\n\n<p>Les chaises d&#039;\u00e9glise de la s\u00e9rie Impressions\u2122 de Bertolini sont fabriqu\u00e9es aux \u00c9tats-Unis. Ils sont d&#039;origine locale avec des composants tels que de l&#039;acier recyclable am\u00e9ricain, un rembourrage en mousse d&#039;origine biologique et des polym\u00e8res de si\u00e8ge recycl\u00e9s postindustriels 30+%. Il fournit le cadre le plus solide de l&#039;industrie avec un rayon d&#039;acier lamin\u00e9 \u00e0 froid 1010 de calibre 16 avec un syst\u00e8me de barre de torsion solide int\u00e9gr\u00e9. La finition du cadre offre un rev\u00eatement en poudre ultra durable appliqu\u00e9 \u00e9lectrostatiquement et cuit \u00e0 plus de 400 degr\u00e9s, test\u00e9 \u00e0 l&#039;eau sal\u00e9e pendant plus de 800 heures.<\/p>\n\n\n\n<p>\u201c Je recommande souvent la gamme Impressions\u2122 ; tout le monde appr\u00e9cie le confort, l&#039;\u00e9l\u00e9gance et la robustesse de nos chaises empilables. On ne tarit pas d&#039;\u00e9loges sur leur confort ! Ce sont ces moments qui r\u00e9compensent tous mes efforts ; vous savez, pour moi, l&#039;essentiel est de fournir aux \u00e9glises le meilleur outil possible pour qu&#039;elles puissent rayonner plus efficacement aupr\u00e8s de leur communaut\u00e9 \u201d, explique Trevor White, sp\u00e9cialiste produit senior pour la r\u00e9gion Est des \u00c9tats-Unis et le Canada.<\/p>","protected":false},"excerpt":{"rendered":"<p>Chino, CA\u2014November 06, 2014 Bertolini offers a large selection of superior USA built chairs. Their commitment to excellence shows in all of their products. From the quality of the materials they use, their innovative assembly techniques and rigorous testing process, the best church seating goes directly from them to the customer. With over 50 years [&hellip;]<\/p>\n","protected":false},"author":1,"featured_media":0,"parent":762,"menu_order":0,"comment_status":"closed","ping_status":"closed","template":"content-page.php","meta":{"_acf_changed":false,"footnotes":""},"class_list":["post-879","page","type-page","status-publish","hentry"],"acf":[],"yoast_head":"<!-- This site is optimized with the Yoast SEO Premium plugin v24.2 (Yoast SEO v27.1.1) - https:\/\/yoast.com\/product\/yoast-seo-premium-wordpress\/ -->\n<title>Bertolini Celebrates Over 2 Million Impressions\u2122 Church Chairs Sold<\/title>\n<meta name=\"description\" content=\"Chino, CA\u2014November 06, 2014 Bertolini offers a large selection of superior USA built chairs. Their commitment to excellence shows in all of their\" \/>\n<meta name=\"robots\" content=\"index, follow, max-snippet:-1, max-image-preview:large, max-video-preview:-1\" \/>\n<link rel=\"canonical\" href=\"https:\/\/bertolinidirect.com\/fr\/press\/2-million-impressions\/\" \/>\n<meta property=\"og:locale\" content=\"fr_CA\" \/>\n<meta property=\"og:type\" content=\"article\" \/>\n<meta property=\"og:title\" content=\"Bertolini Celebrates Over 2 Million Impressions\u2122 Series Church Chairs Sold\" \/>\n<meta property=\"og:description\" content=\"Chino, CA\u2014November 06, 2014 Bertolini offers a large selection of superior USA built chairs. Their commitment to excellence shows in all of their\" \/>\n<meta property=\"og:url\" content=\"https:\/\/bertolinidirect.com\/fr\/press\/2-million-impressions\/\" \/>\n<meta property=\"og:site_name\" content=\"Bertolini Direct\" \/>\n<meta property=\"article:modified_time\" content=\"2026-01-29T15:29:35+00:00\" \/>\n<meta name=\"twitter:card\" content=\"summary_large_image\" \/>\n<script type=\"application\/ld+json\" class=\"yoast-schema-graph\">{\"@context\":\"https:\/\/schema.org\",\"@graph\":[{\"@type\":\"WebPage\",\"@id\":\"https:\/\/bertolinidirect.com\/fr\/press\/2-million-impressions\",\"url\":\"https:\/\/bertolinidirect.com\/fr\/press\/2-million-impressions\",\"name\":\"Bertolini Celebrates Over 2 Million Impressions\u2122 Church Chairs Sold\",\"isPartOf\":{\"@id\":\"https:\/\/bertolinidirect.com\/fr\/#website\"},\"datePublished\":\"2014-11-06T21:24:00+00:00\",\"dateModified\":\"2026-01-29T15:29:35+00:00\",\"description\":\"Chino, CA\u2014November 06, 2014 Bertolini offers a large selection of superior USA built chairs. Their commitment to excellence shows in all of their\",\"breadcrumb\":{\"@id\":\"https:\/\/bertolinidirect.com\/fr\/press\/2-million-impressions#breadcrumb\"},\"inLanguage\":\"fr-CA\",\"potentialAction\":[{\"@type\":\"ReadAction\",\"target\":[\"https:\/\/bertolinidirect.com\/fr\/press\/2-million-impressions\"]}]},{\"@type\":\"BreadcrumbList\",\"@id\":\"https:\/\/bertolinidirect.com\/fr\/press\/2-million-impressions#breadcrumb\",\"itemListElement\":[{\"@type\":\"ListItem\",\"position\":1,\"name\":\"Home\",\"item\":\"https:\/\/bertolinidirect.com\/\"},{\"@type\":\"ListItem\",\"position\":2,\"name\":\"Press &amp; News\",\"item\":\"https:\/\/bertolinidirect.com\/press\"},{\"@type\":\"ListItem\",\"position\":3,\"name\":\"Bertolini Celebrates Over 2 Million Impressions\u2122 Series Church Chairs Sold\"}]},{\"@type\":\"WebSite\",\"@id\":\"https:\/\/bertolinidirect.com\/fr\/#website\",\"url\":\"https:\/\/bertolinidirect.com\/fr\/\",\"name\":\"Bertolini\",\"description\":\"\",\"potentialAction\":[{\"@type\":\"SearchAction\",\"target\":{\"@type\":\"EntryPoint\",\"urlTemplate\":\"https:\/\/bertolinidirect.com\/fr\/?s={search_term_string}\"},\"query-input\":{\"@type\":\"PropertyValueSpecification\",\"valueRequired\":true,\"valueName\":\"search_term_string\"}}],\"inLanguage\":\"fr-CA\"}]}<\/script>\n<!-- \/ Yoast SEO Premium plugin. -->","yoast_head_json":{"title":"Bertolini c\u00e9l\u00e8bre plus de 2 millions de chaises d&#039;\u00e9glise de la s\u00e9rie Impressions\u2122 vendues","description":"Chino, Californie \u2014 5 septembre 2014 Bertolini propose une large s\u00e9lection de chaises de qualit\u00e9 sup\u00e9rieure fabriqu\u00e9es aux \u00c9tats-Unis. Leur engagement envers l&#039;excellence se manifeste dans toutes leurs","robots":{"index":"index","follow":"follow","max-snippet":"max-snippet:-1","max-image-preview":"max-image-preview:large","max-video-preview":"max-video-preview:-1"},"canonical":"https:\/\/bertolinidirect.com\/fr\/press\/2-million-impressions\/","og_locale":"fr_CA","og_type":"article","og_title":"Bertolini Celebrates Over 2 Million Impressions\u2122 Series Church Chairs Sold","og_description":"Chino, CA\u2014November 06, 2014 Bertolini offers a large selection of superior USA built chairs. Their commitment to excellence shows in all of their","og_url":"https:\/\/bertolinidirect.com\/fr\/press\/2-million-impressions\/","og_site_name":"Bertolini Direct","article_modified_time":"2026-01-29T15:29:35+00:00","twitter_card":"summary_large_image","schema":{"@context":"https:\/\/schema.org","@graph":[{"@type":"WebPage","@id":"https:\/\/bertolinidirect.com\/fr\/press\/2-million-impressions","url":"https:\/\/bertolinidirect.com\/fr\/press\/2-million-impressions","name":"Bertolini c\u00e9l\u00e8bre plus de 2 millions de chaises d&#039;\u00e9glise de la s\u00e9rie Impressions\u2122 vendues","isPartOf":{"@id":"https:\/\/bertolinidirect.com\/fr\/#website"},"datePublished":"2014-11-06T21:24:00+00:00","dateModified":"2026-01-29T15:29:35+00:00","description":"Chino, Californie \u2014 5 septembre 2014 Bertolini propose une large s\u00e9lection de chaises de qualit\u00e9 sup\u00e9rieure fabriqu\u00e9es aux \u00c9tats-Unis. Leur engagement envers l&#039;excellence se manifeste dans toutes leurs","breadcrumb":{"@id":"https:\/\/bertolinidirect.com\/fr\/press\/2-million-impressions#breadcrumb"},"inLanguage":"fr-CA","potentialAction":[{"@type":"ReadAction","target":["https:\/\/bertolinidirect.com\/fr\/press\/2-million-impressions"]}]},{"@type":"BreadcrumbList","@id":"https:\/\/bertolinidirect.com\/fr\/press\/2-million-impressions#breadcrumb","itemListElement":[{"@type":"ListItem","position":1,"name":"Home","item":"https:\/\/bertolinidirect.com\/"},{"@type":"ListItem","position":2,"name":"Press &amp; News","item":"https:\/\/bertolinidirect.com\/press"},{"@type":"ListItem","position":3,"name":"Bertolini Celebrates Over 2 Million Impressions\u2122 Series Church Chairs Sold"}]},{"@type":"WebSite","@id":"https:\/\/bertolinidirect.com\/fr\/#website","url":"https:\/\/bertolinidirect.com\/fr\/","name":"Bertolini","description":"","potentialAction":[{"@type":"SearchAction","target":{"@type":"EntryPoint","urlTemplate":"https:\/\/bertolinidirect.com\/fr\/?s={search_term_string}"},"query-input":{"@type":"PropertyValueSpecification","valueRequired":true,"valueName":"search_term_string"}}],"inLanguage":"fr-CA"}]}},"_links":{"self":[{"href":"https:\/\/bertolinidirect.com\/fr\/wp-json\/wp\/v2\/pages\/879","targetHints":{"allow":["GET"]}}],"collection":[{"href":"https:\/\/bertolinidirect.com\/fr\/wp-json\/wp\/v2\/pages"}],"about":[{"href":"https:\/\/bertolinidirect.com\/fr\/wp-json\/wp\/v2\/types\/page"}],"author":[{"embeddable":true,"href":"https:\/\/bertolinidirect.com\/fr\/wp-json\/wp\/v2\/users\/1"}],"replies":[{"embeddable":true,"href":"https:\/\/bertolinidirect.com\/fr\/wp-json\/wp\/v2\/comments?post=879"}],"version-history":[{"count":2,"href":"https:\/\/bertolinidirect.com\/fr\/wp-json\/wp\/v2\/pages\/879\/revisions"}],"predecessor-version":[{"id":24695,"href":"https:\/\/bertolinidirect.com\/fr\/wp-json\/wp\/v2\/pages\/879\/revisions\/24695"}],"up":[{"embeddable":true,"href":"https:\/\/bertolinidirect.com\/fr\/wp-json\/wp\/v2\/pages\/762"}],"wp:attachment":[{"href":"https:\/\/bertolinidirect.com\/fr\/wp-json\/wp\/v2\/media?parent=879"}],"curies":[{"name":"wp","href":"https:\/\/api.w.org\/{rel}","templated":true}]}}