{"id":875,"date":"2014-09-05T21:22:00","date_gmt":"2014-09-05T21:22:00","guid":{"rendered":"https:\/\/bertolinidirect.com\/?page_id=875"},"modified":"2024-05-16T20:38:30","modified_gmt":"2024-05-16T20:38:30","slug":"postureflex-chairs","status":"publish","type":"page","link":"https:\/\/bertolinidirect.com\/fr\/press\/postureflex-chairs","title":{"rendered":"Bertolini fabrique des chaises Postureflex sur mesure pour Chabad de North Hollywood"},"content":{"rendered":"<p><strong>Chino, Californie \u2014 5 septembre 2014<\/strong><\/p>\n\n\n\n<p>Les ing\u00e9nieurs Bertolini fabriquent des chaises d&#039;\u00e9glise de qualit\u00e9 sup\u00e9rieure aux \u00c9tats-Unis et leur engagement envers l&#039;excellence se refl\u00e8te dans tous leurs produits. Avec plus de 50 ans d&#039;exp\u00e9rience, l&#039;entreprise familiale a fourni des si\u00e8ges d&#039;\u00e9glise haut de gamme de haute qualit\u00e9 \u00e0 une vari\u00e9t\u00e9 d&#039;\u00e9glises et d&#039;entreprises. De la qualit\u00e9 des mat\u00e9riaux qu&#039;ils utilisent, de leurs techniques d&#039;assemblage innovantes et de leur processus de tests rigoureux, les meilleurs si\u00e8ges d&#039;\u00e9glise vont directement d&#039;eux au client.<\/p>\n\n\n\n<p>Plus r\u00e9cemment, Bertolini a eu la plus grande opportunit\u00e9 de fabriquer et de construire sur mesure les chaises Postureflex pour Chabad de North Hollywood. \u00ab Ce fut un plaisir de travailler avec Chabad de North Hollywood \u2013 toujours agr\u00e9able et professionnel. Ils savaient d\u00e8s le d\u00e9but qu&#039;ils voulaient de l&#039;\u00e9l\u00e9gance et la chaise Bertolini qu&#039;ils ont s\u00e9lectionn\u00e9e poss\u00e8de une touche d&#039;\u00e9l\u00e9gance pas comme les autres \u00bb, explique Carol Brown, sp\u00e9cialiste principale des produits.<\/p>\n\n\n\n<p>Chabad de North Hollywood est devenu un centre populaire pour la communaut\u00e9 juive de tous horizons qui souhaite en savoir plus sur ses racines juives. Situ\u00e9 \u00e0 North Hollywood, en Californie, Chabad offre une grande vari\u00e9t\u00e9 d\u2019opportunit\u00e9s \u00e9ducatives et spirituelles, notamment des cours et des conf\u00e9rences de Torah, des d\u00eeners de Shabbaton et une gamme d\u2019activit\u00e9s familiales et sociales.<\/p>\n\n\n\n<p>La chaise Bertolini qui a \u00e9t\u00e9 choisie pour Chabad de North Hollywood est le mod\u00e8le Postureflex 91682. La chaise Postureflex\u2122 SFB (Steel Frame Back) 91682 gagne ses \u00e9l\u00e9ments de style uniques en combinant des dossiers \u00e0 silhouette traditionnelle avec une colonne vert\u00e9brale centrale flexible pour produire un look distinctif. Cette chaise empilable allie le confort d&#039;une colonne vert\u00e9brale \u00e0 flexion centrale et d&#039;un dossier profil\u00e9 avec les caract\u00e9ristiques ergonomiques du si\u00e8ge en polym\u00e8re Flex-Fit\u2122 exclusif de Bertolini et une g\u00e9n\u00e9reuse portion de mousse BLEU exclusive de qualit\u00e9 commerciale pour offrir un confort d&#039;assise sans compromis. Sous son ext\u00e9rieur lisse se trouve la structure de si\u00e8ge la plus durable et la plus durable de l&#039;industrie. Bertolini prend le cadre de chaise le plus solide de l&#039;industrie et ajoute son si\u00e8ge ZERO Maintenance Flex-Fit\u2122 avec la technologie BosScrew\u2122 pour une durabilit\u00e9 \u00e0 toute \u00e9preuve. Tout cela produit une superbe chaise qui dure plus longtemps et doit \u00eatre remplac\u00e9e moins souvent. Enfin, la finition du cadre offre un rev\u00eatement en poudre ultra-durable appliqu\u00e9 \u00e9lectrostatiquement et cuit \u00e0 plus de 400 degr\u00e9s, test\u00e9 \u00e0 l&#039;eau sal\u00e9e pendant plus de 800 heures.<\/p>\n\n\n\n<p>Bertolini est un leader en mati\u00e8re de conception dans l&#039;utilisation de chaises ergonomiques et de sa technologie de conception de si\u00e8ges Flex Fit pour les \u00e9glises. Leurs chaises sont l\u00e9g\u00e8res et solides. Leur expertise dans la fabrication de si\u00e8ges empilables de qualit\u00e9 et leur engagement envers un service client de qualit\u00e9 sup\u00e9rieure leur valent l&#039;appr\u00e9ciation des congr\u00e9gations du monde entier.<\/p>","protected":false},"excerpt":{"rendered":"<p>Chino, CA\u2014September 05, 2014 Bertolini offers a large selection of superior USA built chairs. Their commitment to excellence shows in all of their products. From the quality of the materials they use, their innovative assembly techniques and rigorous testing process, the best church seating goes directly from them to the customer. With over 50 years [&hellip;]<\/p>\n","protected":false},"author":1,"featured_media":0,"parent":762,"menu_order":0,"comment_status":"closed","ping_status":"closed","template":"content-page.php","meta":{"_acf_changed":false,"footnotes":""},"class_list":["post-875","page","type-page","status-publish","hentry"],"acf":[],"yoast_head":"<!-- This site is optimized with the Yoast SEO Premium plugin v24.2 (Yoast SEO v27.1.1) - https:\/\/yoast.com\/product\/yoast-seo-premium-wordpress\/ -->\n<title>Bertolini Manufactures Postureflex Chairs For North Hollywood<\/title>\n<meta name=\"description\" content=\"Chino, CA\u2014September 05, 2014 Bertolini offers a large selection of superior USA built chairs. Their commitment to excellence shows in all of their\" \/>\n<meta name=\"robots\" content=\"index, follow, max-snippet:-1, max-image-preview:large, max-video-preview:-1\" \/>\n<link rel=\"canonical\" href=\"https:\/\/bertolinidirect.com\/fr\/press\/postureflex-chairs\/\" \/>\n<meta property=\"og:locale\" content=\"fr_CA\" \/>\n<meta property=\"og:type\" content=\"article\" \/>\n<meta property=\"og:title\" content=\"Bertolini Manufactures Custom Built Postureflex Chairs For Chabad of North Hollywood\" \/>\n<meta property=\"og:description\" content=\"Chino, CA\u2014September 05, 2014 Bertolini offers a large selection of superior USA built chairs. Their commitment to excellence shows in all of their\" \/>\n<meta property=\"og:url\" content=\"https:\/\/bertolinidirect.com\/fr\/press\/postureflex-chairs\/\" \/>\n<meta property=\"og:site_name\" content=\"Bertolini Direct\" \/>\n<meta property=\"article:modified_time\" content=\"2024-05-16T20:38:30+00:00\" \/>\n<meta name=\"twitter:card\" content=\"summary_large_image\" \/>\n<script type=\"application\/ld+json\" class=\"yoast-schema-graph\">{\"@context\":\"https:\/\/schema.org\",\"@graph\":[{\"@type\":\"WebPage\",\"@id\":\"https:\/\/bertolinidirect.com\/fr\/press\/postureflex-chairs\",\"url\":\"https:\/\/bertolinidirect.com\/fr\/press\/postureflex-chairs\",\"name\":\"Bertolini Manufactures Postureflex Chairs For North Hollywood\",\"isPartOf\":{\"@id\":\"https:\/\/bertolinidirect.com\/fr\/#website\"},\"datePublished\":\"2014-09-05T21:22:00+00:00\",\"dateModified\":\"2024-05-16T20:38:30+00:00\",\"description\":\"Chino, CA\u2014September 05, 2014 Bertolini offers a large selection of superior USA built chairs. Their commitment to excellence shows in all of their\",\"breadcrumb\":{\"@id\":\"https:\/\/bertolinidirect.com\/fr\/press\/postureflex-chairs#breadcrumb\"},\"inLanguage\":\"fr-CA\",\"potentialAction\":[{\"@type\":\"ReadAction\",\"target\":[\"https:\/\/bertolinidirect.com\/fr\/press\/postureflex-chairs\"]}]},{\"@type\":\"BreadcrumbList\",\"@id\":\"https:\/\/bertolinidirect.com\/fr\/press\/postureflex-chairs#breadcrumb\",\"itemListElement\":[{\"@type\":\"ListItem\",\"position\":1,\"name\":\"Home\",\"item\":\"https:\/\/bertolinidirect.com\/\"},{\"@type\":\"ListItem\",\"position\":2,\"name\":\"Press &amp; News\",\"item\":\"https:\/\/bertolinidirect.com\/press\"},{\"@type\":\"ListItem\",\"position\":3,\"name\":\"Bertolini Manufactures Custom Built Postureflex Chairs For Chabad of North Hollywood\"}]},{\"@type\":\"WebSite\",\"@id\":\"https:\/\/bertolinidirect.com\/fr\/#website\",\"url\":\"https:\/\/bertolinidirect.com\/fr\/\",\"name\":\"Bertolini\",\"description\":\"\",\"potentialAction\":[{\"@type\":\"SearchAction\",\"target\":{\"@type\":\"EntryPoint\",\"urlTemplate\":\"https:\/\/bertolinidirect.com\/fr\/?s={search_term_string}\"},\"query-input\":{\"@type\":\"PropertyValueSpecification\",\"valueRequired\":true,\"valueName\":\"search_term_string\"}}],\"inLanguage\":\"fr-CA\"}]}<\/script>\n<!-- \/ Yoast SEO Premium plugin. -->","yoast_head_json":{"title":"Bertolini fabrique des chaises Postureflex pour North Hollywood","description":"Chino, Californie \u2014 5 septembre 2014 Bertolini propose une large s\u00e9lection de chaises de qualit\u00e9 sup\u00e9rieure fabriqu\u00e9es aux \u00c9tats-Unis. Leur engagement envers l&#039;excellence se manifeste dans toutes leurs","robots":{"index":"index","follow":"follow","max-snippet":"max-snippet:-1","max-image-preview":"max-image-preview:large","max-video-preview":"max-video-preview:-1"},"canonical":"https:\/\/bertolinidirect.com\/fr\/press\/postureflex-chairs\/","og_locale":"fr_CA","og_type":"article","og_title":"Bertolini Manufactures Custom Built Postureflex Chairs For Chabad of North Hollywood","og_description":"Chino, CA\u2014September 05, 2014 Bertolini offers a large selection of superior USA built chairs. Their commitment to excellence shows in all of their","og_url":"https:\/\/bertolinidirect.com\/fr\/press\/postureflex-chairs\/","og_site_name":"Bertolini Direct","article_modified_time":"2024-05-16T20:38:30+00:00","twitter_card":"summary_large_image","schema":{"@context":"https:\/\/schema.org","@graph":[{"@type":"WebPage","@id":"https:\/\/bertolinidirect.com\/fr\/press\/postureflex-chairs","url":"https:\/\/bertolinidirect.com\/fr\/press\/postureflex-chairs","name":"Bertolini fabrique des chaises Postureflex pour North Hollywood","isPartOf":{"@id":"https:\/\/bertolinidirect.com\/fr\/#website"},"datePublished":"2014-09-05T21:22:00+00:00","dateModified":"2024-05-16T20:38:30+00:00","description":"Chino, Californie \u2014 5 septembre 2014 Bertolini propose une large s\u00e9lection de chaises de qualit\u00e9 sup\u00e9rieure fabriqu\u00e9es aux \u00c9tats-Unis. Leur engagement envers l&#039;excellence se manifeste dans toutes leurs","breadcrumb":{"@id":"https:\/\/bertolinidirect.com\/fr\/press\/postureflex-chairs#breadcrumb"},"inLanguage":"fr-CA","potentialAction":[{"@type":"ReadAction","target":["https:\/\/bertolinidirect.com\/fr\/press\/postureflex-chairs"]}]},{"@type":"BreadcrumbList","@id":"https:\/\/bertolinidirect.com\/fr\/press\/postureflex-chairs#breadcrumb","itemListElement":[{"@type":"ListItem","position":1,"name":"Home","item":"https:\/\/bertolinidirect.com\/"},{"@type":"ListItem","position":2,"name":"Press &amp; News","item":"https:\/\/bertolinidirect.com\/press"},{"@type":"ListItem","position":3,"name":"Bertolini Manufactures Custom Built Postureflex Chairs For Chabad of North Hollywood"}]},{"@type":"WebSite","@id":"https:\/\/bertolinidirect.com\/fr\/#website","url":"https:\/\/bertolinidirect.com\/fr\/","name":"Bertolini","description":"","potentialAction":[{"@type":"SearchAction","target":{"@type":"EntryPoint","urlTemplate":"https:\/\/bertolinidirect.com\/fr\/?s={search_term_string}"},"query-input":{"@type":"PropertyValueSpecification","valueRequired":true,"valueName":"search_term_string"}}],"inLanguage":"fr-CA"}]}},"_links":{"self":[{"href":"https:\/\/bertolinidirect.com\/fr\/wp-json\/wp\/v2\/pages\/875","targetHints":{"allow":["GET"]}}],"collection":[{"href":"https:\/\/bertolinidirect.com\/fr\/wp-json\/wp\/v2\/pages"}],"about":[{"href":"https:\/\/bertolinidirect.com\/fr\/wp-json\/wp\/v2\/types\/page"}],"author":[{"embeddable":true,"href":"https:\/\/bertolinidirect.com\/fr\/wp-json\/wp\/v2\/users\/1"}],"replies":[{"embeddable":true,"href":"https:\/\/bertolinidirect.com\/fr\/wp-json\/wp\/v2\/comments?post=875"}],"version-history":[{"count":1,"href":"https:\/\/bertolinidirect.com\/fr\/wp-json\/wp\/v2\/pages\/875\/revisions"}],"predecessor-version":[{"id":876,"href":"https:\/\/bertolinidirect.com\/fr\/wp-json\/wp\/v2\/pages\/875\/revisions\/876"}],"up":[{"embeddable":true,"href":"https:\/\/bertolinidirect.com\/fr\/wp-json\/wp\/v2\/pages\/762"}],"wp:attachment":[{"href":"https:\/\/bertolinidirect.com\/fr\/wp-json\/wp\/v2\/media?parent=875"}],"curies":[{"name":"wp","href":"https:\/\/api.w.org\/{rel}","templated":true}]}}