{"id":870,"date":"2014-06-20T21:20:00","date_gmt":"2014-06-20T21:20:00","guid":{"rendered":"https:\/\/bertolinidirect.com\/?page_id=870"},"modified":"2024-05-14T17:12:02","modified_gmt":"2024-05-14T17:12:02","slug":"high-density-stacker","status":"publish","type":"page","link":"https:\/\/bertolinidirect.com\/fr\/press\/high-density-stacker","title":{"rendered":"Bertolini pr\u00e9sente le gerbeur haute densit\u00e9"},"content":{"rendered":"<p><strong>Chino, Californie \u2014 20 juin 2014<\/strong><\/p>\n\n\n\n<p>Bertolini est heureux de pr\u00e9senter un nouvel ajout \u00e0 sa collection de si\u00e8ges polyvalents, The High Density Stacker. \u00ab Chez Bertolini, nous nous effor\u00e7ons continuellement d&#039;\u00e9largir notre gamme de produits afin de fournir \u00e0 nos clients les meilleures solutions de si\u00e8ges possibles pour leurs installations \u00bb, d\u00e9clare Chuck Horn, pr\u00e9sident de Bertolini Inc.<\/p>\n\n\n\n<p>En r\u00e9ponse aux besoins mobiles du march\u00e9 des si\u00e8ges d&#039;\u00e9glise, Bertolini a \u00e9largi son offre pour inclure cette option peu co\u00fbteuse mais durable dans les si\u00e8ges haute densit\u00e9.<\/p>\n\n\n\n<p>Cet empileur haute densit\u00e9 est parfait pour les \u00e9glises mobiles et les \u00e9glises dont l&#039;utilisation d&#039;installations robustes n\u00e9cessite une configuration et un stockage fr\u00e9quents. Il est \u00e9galement id\u00e9al pour les organisations religieuses, les entreprises, les \u00e9tablissements d&#039;enseignement et les \u00e9tablissements de soins de sant\u00e9. Les chaises empilables haute densit\u00e9 sont l\u00e9g\u00e8res et comportent des si\u00e8ges et des dossiers perfor\u00e9s en diamant pour un confort exceptionnel. Les coques en polym\u00e8re nettoyables sont moul\u00e9es pour s&#039;adapter au corps et perfor\u00e9es en diamant pour fournir une circulation d&#039;air pour vous garder au frais et \u00e0 l&#039;aise. L&#039;empileur haute densit\u00e9 empile 25 chaises sur le chariot haute densit\u00e9 robuste et roule en douceur et passe facilement \u00e0 travers les portes.<\/p>\n\n\n\n<p>L&#039;empileur haute densit\u00e9 est maintenant disponible \u00e0 l&#039;achat. Bertolini fournit au client une description du produit, des sp\u00e9cifications, des d\u00e9lais de livraison et des informations sur la garantie. Une courte vid\u00e9o est \u00e9galement disponible pour voir la d\u00e9monstration de la simplicit\u00e9 d&#039;empilage du gerbeur haute densit\u00e9.<\/p>\n\n\n\n<p>Bertolini est un leader en mati\u00e8re de conception dans l&#039;utilisation de chaises ergonomiques et de sa technologie de conception de si\u00e8ges Flex Fit pour les \u00e9glises. Leurs chaises sont l\u00e9g\u00e8res et solides. Leur expertise dans la fabrication de si\u00e8ges empilables de qualit\u00e9 et leur engagement envers un service client de qualit\u00e9 sup\u00e9rieure leur valent l&#039;appr\u00e9ciation des congr\u00e9gations du monde entier.<\/p>","protected":false},"excerpt":{"rendered":"<p>Chino, CA\u2014June 20, 2014 Bertolini is please to introduce a new addition to their multi-purpose seating collection, The High Density Stacker. \u201cAt Bertolini we continuously strive to expand our line of products in order to provide our clients with the best possible seating solutions for their facilities,\u201d says Chuck Horn, President of Bertolini Inc. In [&hellip;]<\/p>\n","protected":false},"author":1,"featured_media":0,"parent":762,"menu_order":0,"comment_status":"closed","ping_status":"closed","template":"content-page.php","meta":{"_acf_changed":false,"footnotes":""},"class_list":["post-870","page","type-page","status-publish","hentry"],"acf":[],"yoast_head":"<!-- This site is optimized with the Yoast SEO Premium plugin v24.2 (Yoast SEO v27.1.1) - https:\/\/yoast.com\/product\/yoast-seo-premium-wordpress\/ -->\n<title>Bertolini Introduces The High Density Stacker | Bertolini Direct<\/title>\n<meta name=\"description\" content=\"Chino, CA\u2014June 20, 2014 Bertolini is please to introduce a new addition to their multi-purpose seating collection, The High Density Stacker. \u201cAt Bertolini\" \/>\n<meta name=\"robots\" content=\"index, follow, max-snippet:-1, max-image-preview:large, max-video-preview:-1\" \/>\n<link rel=\"canonical\" href=\"https:\/\/bertolinidirect.com\/fr\/press\/high-density-stacker\/\" \/>\n<meta property=\"og:locale\" content=\"fr_CA\" \/>\n<meta property=\"og:type\" content=\"article\" \/>\n<meta property=\"og:title\" content=\"Bertolini Introduces The High Density Stacker\" \/>\n<meta property=\"og:description\" content=\"Chino, CA\u2014June 20, 2014 Bertolini is please to introduce a new addition to their multi-purpose seating collection, The High Density Stacker. \u201cAt Bertolini\" \/>\n<meta property=\"og:url\" content=\"https:\/\/bertolinidirect.com\/fr\/press\/high-density-stacker\/\" \/>\n<meta property=\"og:site_name\" content=\"Bertolini Direct\" \/>\n<meta property=\"article:modified_time\" content=\"2024-05-14T17:12:02+00:00\" \/>\n<meta name=\"twitter:card\" content=\"summary_large_image\" \/>\n<script type=\"application\/ld+json\" class=\"yoast-schema-graph\">{\"@context\":\"https:\/\/schema.org\",\"@graph\":[{\"@type\":\"WebPage\",\"@id\":\"https:\/\/bertolinidirect.com\/fr\/press\/high-density-stacker\",\"url\":\"https:\/\/bertolinidirect.com\/fr\/press\/high-density-stacker\",\"name\":\"Bertolini Introduces The High Density Stacker | Bertolini Direct\",\"isPartOf\":{\"@id\":\"https:\/\/bertolinidirect.com\/fr\/#website\"},\"datePublished\":\"2014-06-20T21:20:00+00:00\",\"dateModified\":\"2024-05-14T17:12:02+00:00\",\"description\":\"Chino, CA\u2014June 20, 2014 Bertolini is please to introduce a new addition to their multi-purpose seating collection, The High Density Stacker. \u201cAt Bertolini\",\"breadcrumb\":{\"@id\":\"https:\/\/bertolinidirect.com\/fr\/press\/high-density-stacker#breadcrumb\"},\"inLanguage\":\"fr-CA\",\"potentialAction\":[{\"@type\":\"ReadAction\",\"target\":[\"https:\/\/bertolinidirect.com\/fr\/press\/high-density-stacker\"]}]},{\"@type\":\"BreadcrumbList\",\"@id\":\"https:\/\/bertolinidirect.com\/fr\/press\/high-density-stacker#breadcrumb\",\"itemListElement\":[{\"@type\":\"ListItem\",\"position\":1,\"name\":\"Home\",\"item\":\"https:\/\/bertolinidirect.com\/\"},{\"@type\":\"ListItem\",\"position\":2,\"name\":\"Press &amp; News\",\"item\":\"https:\/\/bertolinidirect.com\/press\"},{\"@type\":\"ListItem\",\"position\":3,\"name\":\"Bertolini Introduces The High Density Stacker\"}]},{\"@type\":\"WebSite\",\"@id\":\"https:\/\/bertolinidirect.com\/fr\/#website\",\"url\":\"https:\/\/bertolinidirect.com\/fr\/\",\"name\":\"Bertolini\",\"description\":\"\",\"potentialAction\":[{\"@type\":\"SearchAction\",\"target\":{\"@type\":\"EntryPoint\",\"urlTemplate\":\"https:\/\/bertolinidirect.com\/fr\/?s={search_term_string}\"},\"query-input\":{\"@type\":\"PropertyValueSpecification\",\"valueRequired\":true,\"valueName\":\"search_term_string\"}}],\"inLanguage\":\"fr-CA\"}]}<\/script>\n<!-- \/ Yoast SEO Premium plugin. -->","yoast_head_json":{"title":"Bertolini pr\u00e9sente le gerbeur haute densit\u00e9 | Bertolini Direct","description":"Chino, Californie \u2014 20 juin 2014 Bertolini a le plaisir de pr\u00e9senter un nouvel ajout \u00e0 sa collection de si\u00e8ges polyvalents, The High Density Stacker. \u00ab\u00a0Chez Bertolini","robots":{"index":"index","follow":"follow","max-snippet":"max-snippet:-1","max-image-preview":"max-image-preview:large","max-video-preview":"max-video-preview:-1"},"canonical":"https:\/\/bertolinidirect.com\/fr\/press\/high-density-stacker\/","og_locale":"fr_CA","og_type":"article","og_title":"Bertolini Introduces The High Density Stacker","og_description":"Chino, CA\u2014June 20, 2014 Bertolini is please to introduce a new addition to their multi-purpose seating collection, The High Density Stacker. \u201cAt Bertolini","og_url":"https:\/\/bertolinidirect.com\/fr\/press\/high-density-stacker\/","og_site_name":"Bertolini Direct","article_modified_time":"2024-05-14T17:12:02+00:00","twitter_card":"summary_large_image","schema":{"@context":"https:\/\/schema.org","@graph":[{"@type":"WebPage","@id":"https:\/\/bertolinidirect.com\/fr\/press\/high-density-stacker","url":"https:\/\/bertolinidirect.com\/fr\/press\/high-density-stacker","name":"Bertolini pr\u00e9sente le gerbeur haute densit\u00e9 | Bertolini Direct","isPartOf":{"@id":"https:\/\/bertolinidirect.com\/fr\/#website"},"datePublished":"2014-06-20T21:20:00+00:00","dateModified":"2024-05-14T17:12:02+00:00","description":"Chino, Californie \u2014 20 juin 2014 Bertolini a le plaisir de pr\u00e9senter un nouvel ajout \u00e0 sa collection de si\u00e8ges polyvalents, The High Density Stacker. \u00ab\u00a0Chez Bertolini","breadcrumb":{"@id":"https:\/\/bertolinidirect.com\/fr\/press\/high-density-stacker#breadcrumb"},"inLanguage":"fr-CA","potentialAction":[{"@type":"ReadAction","target":["https:\/\/bertolinidirect.com\/fr\/press\/high-density-stacker"]}]},{"@type":"BreadcrumbList","@id":"https:\/\/bertolinidirect.com\/fr\/press\/high-density-stacker#breadcrumb","itemListElement":[{"@type":"ListItem","position":1,"name":"Home","item":"https:\/\/bertolinidirect.com\/"},{"@type":"ListItem","position":2,"name":"Press &amp; News","item":"https:\/\/bertolinidirect.com\/press"},{"@type":"ListItem","position":3,"name":"Bertolini Introduces The High Density Stacker"}]},{"@type":"WebSite","@id":"https:\/\/bertolinidirect.com\/fr\/#website","url":"https:\/\/bertolinidirect.com\/fr\/","name":"Bertolini","description":"","potentialAction":[{"@type":"SearchAction","target":{"@type":"EntryPoint","urlTemplate":"https:\/\/bertolinidirect.com\/fr\/?s={search_term_string}"},"query-input":{"@type":"PropertyValueSpecification","valueRequired":true,"valueName":"search_term_string"}}],"inLanguage":"fr-CA"}]}},"_links":{"self":[{"href":"https:\/\/bertolinidirect.com\/fr\/wp-json\/wp\/v2\/pages\/870","targetHints":{"allow":["GET"]}}],"collection":[{"href":"https:\/\/bertolinidirect.com\/fr\/wp-json\/wp\/v2\/pages"}],"about":[{"href":"https:\/\/bertolinidirect.com\/fr\/wp-json\/wp\/v2\/types\/page"}],"author":[{"embeddable":true,"href":"https:\/\/bertolinidirect.com\/fr\/wp-json\/wp\/v2\/users\/1"}],"replies":[{"embeddable":true,"href":"https:\/\/bertolinidirect.com\/fr\/wp-json\/wp\/v2\/comments?post=870"}],"version-history":[{"count":1,"href":"https:\/\/bertolinidirect.com\/fr\/wp-json\/wp\/v2\/pages\/870\/revisions"}],"predecessor-version":[{"id":872,"href":"https:\/\/bertolinidirect.com\/fr\/wp-json\/wp\/v2\/pages\/870\/revisions\/872"}],"up":[{"embeddable":true,"href":"https:\/\/bertolinidirect.com\/fr\/wp-json\/wp\/v2\/pages\/762"}],"wp:attachment":[{"href":"https:\/\/bertolinidirect.com\/fr\/wp-json\/wp\/v2\/media?parent=870"}],"curies":[{"name":"wp","href":"https:\/\/api.w.org\/{rel}","templated":true}]}}