{"id":867,"date":"2014-06-12T21:19:00","date_gmt":"2014-06-12T21:19:00","guid":{"rendered":"https:\/\/bertolinidirect.com\/?page_id=867"},"modified":"2025-11-21T23:19:10","modified_gmt":"2025-11-21T23:19:10","slug":"card-pencil-holder","status":"publish","type":"page","link":"https:\/\/bertolinidirect.com\/fr\/press\/card-pencil-holder","title":{"rendered":"Bertolini lance un porte-crayon pour cartes en attente de brevet"},"content":{"rendered":"<p><strong>Chino, Californie \u2014 12 juin 2014<\/strong><\/p>\n\n\n\n<p>Bertolini est fier de pr\u00e9senter sa derni\u00e8re innovation en mati\u00e8re d&#039;accessoires pour chaises d&#039;\u00e9glise, le porte-crayon en instance de brevet avec distributeur de cartes de visite int\u00e9gr\u00e9 et porte-gobelet de communion r\u00e9tractable. Alors que les porte-crayons en carton existent depuis un certain temps, Bertolini a adopt\u00e9 une nouvelle approche et cr\u00e9\u00e9 un accessoire de chaise d&#039;\u00e9glise vraiment innovant et extr\u00eamement fonctionnel.<\/p>\n\n\n\n<p>Le porte-gobelet de communion se rabat pour contenir les gobelets de communion et se rel\u00e8ve pour maintenir un profil mince qui n&#039;interf\u00e8re pas avec l&#039;empilage de la chaise d&#039;\u00e9glise. En face du porte-gobelet de communion se trouvent deux fentes pour crayons pour contenir des crayons ou des stylos standard, de taille golf et plus grands. Le compartiment principal a beaucoup d&#039;espace et peut contenir de grandes brochures de 8,5 x 11, des brochures plus petites et m\u00eame des enveloppes. Pour les \u00e9glises qui utilisent une invitation au format carte de visite, il existe un emplacement d\u00e9di\u00e9 pour garder ces invitations propres et accessibles. \u00ab Con\u00e7u et fabriqu\u00e9 aux \u00c9tats-Unis, Bertolini a mis au point un autre produit de chaise d&#039;\u00e9glise gagnant \u00bb, d\u00e9clare Chuck Horn, pr\u00e9sident de Bertolini Incorporated.<\/p>\n\n\n\n<p>Le porte-gobelet de communion pour crayon et carte compl\u00e9mentaire est maintenant disponible. Bertolini fournit au client une description du produit, des sp\u00e9cifications, des d\u00e9lais de livraison et des informations sur la garantie. Une vid\u00e9o explicative est \u00e9galement disponible pour que le client soit guid\u00e9 avec des instructions \u00e9tape par \u00e9tape sur la fa\u00e7on d&#039;installer le porte-crayon pour cartes sur le dossier de sa chaise d&#039;\u00e9glise. Ce produit a un num\u00e9ro de brevet en instance et doit se pr\u00e9senter comme suit : Brevet en instance US61\/904 933.<\/p>\n\n\n\n<p>Bertolini est un leader en mati\u00e8re de conception dans l&#039;utilisation de chaises ergonomiques et de sa technologie de conception de si\u00e8ges Flex Fit pour les \u00e9glises. Leurs chaises sont l\u00e9g\u00e8res et solides. Leur expertise dans la fabrication de si\u00e8ges empilables de qualit\u00e9 et leur engagement envers un service client de qualit\u00e9 sup\u00e9rieure leur valent l&#039;appr\u00e9ciation des congr\u00e9gations du monde entier.<\/p>","protected":false},"excerpt":{"rendered":"<p>Chino, CA\u2014June 12, 2014 Bertolini is proud to introduce its latest innovative in church chair accessories, the patent pending card pencil holder with integrated business card dispenser and retractable communion cup holder. While card pencil holders have been around for a while, Bertolini has taken a fresh approach and created a church chair accessory that [&hellip;]<\/p>\n","protected":false},"author":1,"featured_media":0,"parent":762,"menu_order":0,"comment_status":"closed","ping_status":"closed","template":"content-page.php","meta":{"_acf_changed":false,"footnotes":""},"class_list":["post-867","page","type-page","status-publish","hentry"],"acf":[],"yoast_head":"<!-- This site is optimized with the Yoast SEO Premium plugin v24.2 (Yoast SEO v27.1.1) - https:\/\/yoast.com\/product\/yoast-seo-premium-wordpress\/ -->\n<title>Bertolini Releases a Patent Pending Card Pencil Holder<\/title>\n<meta name=\"description\" content=\"Chino, CA\u2014June 12, 2014 Bertolini is proud to introduce its latest innovative in church chair accessories, the patent pending card pencil holder with\" \/>\n<meta name=\"robots\" content=\"index, follow, max-snippet:-1, max-image-preview:large, max-video-preview:-1\" \/>\n<link rel=\"canonical\" href=\"https:\/\/bertolinidirect.com\/fr\/press\/card-pencil-holder\/\" \/>\n<meta property=\"og:locale\" content=\"fr_CA\" \/>\n<meta property=\"og:type\" content=\"article\" \/>\n<meta property=\"og:title\" content=\"Bertolini Releases a Patent Pending Card Pencil Holder\" \/>\n<meta property=\"og:description\" content=\"Chino, CA\u2014June 12, 2014 Bertolini is proud to introduce its latest innovative in church chair accessories, the patent pending card pencil holder with\" \/>\n<meta property=\"og:url\" content=\"https:\/\/bertolinidirect.com\/fr\/press\/card-pencil-holder\/\" \/>\n<meta property=\"og:site_name\" content=\"Bertolini Direct\" \/>\n<meta property=\"article:modified_time\" content=\"2025-11-21T23:19:10+00:00\" \/>\n<meta name=\"twitter:card\" content=\"summary_large_image\" \/>\n<script type=\"application\/ld+json\" class=\"yoast-schema-graph\">{\"@context\":\"https:\/\/schema.org\",\"@graph\":[{\"@type\":\"WebPage\",\"@id\":\"https:\/\/bertolinidirect.com\/fr\/press\/card-pencil-holder\",\"url\":\"https:\/\/bertolinidirect.com\/fr\/press\/card-pencil-holder\",\"name\":\"Bertolini Releases a Patent Pending Card Pencil Holder\",\"isPartOf\":{\"@id\":\"https:\/\/bertolinidirect.com\/fr\/#website\"},\"datePublished\":\"2014-06-12T21:19:00+00:00\",\"dateModified\":\"2025-11-21T23:19:10+00:00\",\"description\":\"Chino, CA\u2014June 12, 2014 Bertolini is proud to introduce its latest innovative in church chair accessories, the patent pending card pencil holder with\",\"breadcrumb\":{\"@id\":\"https:\/\/bertolinidirect.com\/fr\/press\/card-pencil-holder#breadcrumb\"},\"inLanguage\":\"fr-CA\",\"potentialAction\":[{\"@type\":\"ReadAction\",\"target\":[\"https:\/\/bertolinidirect.com\/fr\/press\/card-pencil-holder\"]}]},{\"@type\":\"BreadcrumbList\",\"@id\":\"https:\/\/bertolinidirect.com\/fr\/press\/card-pencil-holder#breadcrumb\",\"itemListElement\":[{\"@type\":\"ListItem\",\"position\":1,\"name\":\"Home\",\"item\":\"https:\/\/bertolinidirect.com\/\"},{\"@type\":\"ListItem\",\"position\":2,\"name\":\"Press &amp; News\",\"item\":\"https:\/\/bertolinidirect.com\/press\"},{\"@type\":\"ListItem\",\"position\":3,\"name\":\"Bertolini Releases a Patent Pending Card Pencil Holder\"}]},{\"@type\":\"WebSite\",\"@id\":\"https:\/\/bertolinidirect.com\/fr\/#website\",\"url\":\"https:\/\/bertolinidirect.com\/fr\/\",\"name\":\"Bertolini\",\"description\":\"\",\"potentialAction\":[{\"@type\":\"SearchAction\",\"target\":{\"@type\":\"EntryPoint\",\"urlTemplate\":\"https:\/\/bertolinidirect.com\/fr\/?s={search_term_string}\"},\"query-input\":{\"@type\":\"PropertyValueSpecification\",\"valueRequired\":true,\"valueName\":\"search_term_string\"}}],\"inLanguage\":\"fr-CA\"}]}<\/script>\n<!-- \/ Yoast SEO Premium plugin. -->","yoast_head_json":{"title":"Bertolini lance un porte-crayon pour cartes en attente de brevet","description":"Chino, Californie \u2014 12 juin 2014 Bertolini est fier de pr\u00e9senter sa derni\u00e8re innovation en mati\u00e8re d&#039;accessoires pour chaises d&#039;\u00e9glise, le porte-crayon en instance de brevet avec","robots":{"index":"index","follow":"follow","max-snippet":"max-snippet:-1","max-image-preview":"max-image-preview:large","max-video-preview":"max-video-preview:-1"},"canonical":"https:\/\/bertolinidirect.com\/fr\/press\/card-pencil-holder\/","og_locale":"fr_CA","og_type":"article","og_title":"Bertolini Releases a Patent Pending Card Pencil Holder","og_description":"Chino, CA\u2014June 12, 2014 Bertolini is proud to introduce its latest innovative in church chair accessories, the patent pending card pencil holder with","og_url":"https:\/\/bertolinidirect.com\/fr\/press\/card-pencil-holder\/","og_site_name":"Bertolini Direct","article_modified_time":"2025-11-21T23:19:10+00:00","twitter_card":"summary_large_image","schema":{"@context":"https:\/\/schema.org","@graph":[{"@type":"WebPage","@id":"https:\/\/bertolinidirect.com\/fr\/press\/card-pencil-holder","url":"https:\/\/bertolinidirect.com\/fr\/press\/card-pencil-holder","name":"Bertolini lance un porte-crayon pour cartes en attente de brevet","isPartOf":{"@id":"https:\/\/bertolinidirect.com\/fr\/#website"},"datePublished":"2014-06-12T21:19:00+00:00","dateModified":"2025-11-21T23:19:10+00:00","description":"Chino, Californie \u2014 12 juin 2014 Bertolini est fier de pr\u00e9senter sa derni\u00e8re innovation en mati\u00e8re d&#039;accessoires pour chaises d&#039;\u00e9glise, le porte-crayon en instance de brevet avec","breadcrumb":{"@id":"https:\/\/bertolinidirect.com\/fr\/press\/card-pencil-holder#breadcrumb"},"inLanguage":"fr-CA","potentialAction":[{"@type":"ReadAction","target":["https:\/\/bertolinidirect.com\/fr\/press\/card-pencil-holder"]}]},{"@type":"BreadcrumbList","@id":"https:\/\/bertolinidirect.com\/fr\/press\/card-pencil-holder#breadcrumb","itemListElement":[{"@type":"ListItem","position":1,"name":"Home","item":"https:\/\/bertolinidirect.com\/"},{"@type":"ListItem","position":2,"name":"Press &amp; News","item":"https:\/\/bertolinidirect.com\/press"},{"@type":"ListItem","position":3,"name":"Bertolini Releases a Patent Pending Card Pencil Holder"}]},{"@type":"WebSite","@id":"https:\/\/bertolinidirect.com\/fr\/#website","url":"https:\/\/bertolinidirect.com\/fr\/","name":"Bertolini","description":"","potentialAction":[{"@type":"SearchAction","target":{"@type":"EntryPoint","urlTemplate":"https:\/\/bertolinidirect.com\/fr\/?s={search_term_string}"},"query-input":{"@type":"PropertyValueSpecification","valueRequired":true,"valueName":"search_term_string"}}],"inLanguage":"fr-CA"}]}},"_links":{"self":[{"href":"https:\/\/bertolinidirect.com\/fr\/wp-json\/wp\/v2\/pages\/867","targetHints":{"allow":["GET"]}}],"collection":[{"href":"https:\/\/bertolinidirect.com\/fr\/wp-json\/wp\/v2\/pages"}],"about":[{"href":"https:\/\/bertolinidirect.com\/fr\/wp-json\/wp\/v2\/types\/page"}],"author":[{"embeddable":true,"href":"https:\/\/bertolinidirect.com\/fr\/wp-json\/wp\/v2\/users\/1"}],"replies":[{"embeddable":true,"href":"https:\/\/bertolinidirect.com\/fr\/wp-json\/wp\/v2\/comments?post=867"}],"version-history":[{"count":1,"href":"https:\/\/bertolinidirect.com\/fr\/wp-json\/wp\/v2\/pages\/867\/revisions"}],"predecessor-version":[{"id":868,"href":"https:\/\/bertolinidirect.com\/fr\/wp-json\/wp\/v2\/pages\/867\/revisions\/868"}],"up":[{"embeddable":true,"href":"https:\/\/bertolinidirect.com\/fr\/wp-json\/wp\/v2\/pages\/762"}],"wp:attachment":[{"href":"https:\/\/bertolinidirect.com\/fr\/wp-json\/wp\/v2\/media?parent=867"}],"curies":[{"name":"wp","href":"https:\/\/api.w.org\/{rel}","templated":true}]}}