{"id":856,"date":"2013-09-10T21:13:00","date_gmt":"2013-09-10T21:13:00","guid":{"rendered":"https:\/\/bertolinidirect.com\/?page_id=856"},"modified":"2024-05-16T20:36:14","modified_gmt":"2024-05-16T20:36:14","slug":"new-consumer-alert","status":"publish","type":"page","link":"https:\/\/bertolinidirect.com\/fr\/press\/new-consumer-alert","title":{"rendered":"Bertolini a annonc\u00e9 une nouvelle alerte aux consommateurs sur ce qu&#039;il faut savoir avant d&#039;acheter une chaise d&#039;\u00e9glise import\u00e9e"},"content":{"rendered":"<p><strong>Chino, Californie \u2014 10 septembre 2013<\/strong><\/p>\n\n\n\n<p>Le march\u00e9 des chaises d\u2019\u00e9glise est aujourd\u2019hui inond\u00e9 de chaises import\u00e9es de mauvaise qualit\u00e9 vendues via Internet depuis des usines mal r\u00e9glement\u00e9es en Asie. Les chaises les plus populaires \u00e0 bas prix arrivent d\u00e9mont\u00e9es. Un consommateur doit installer les dossiers avant utilisation.<\/p>\n\n\n\n<p>La plupart des chaises d&#039;\u00e9glise vendues aujourd&#039;hui dont le prix est inf\u00e9rieur \u00e0 $40 et m\u00eame certaines de celles dont le prix est plus \u00e9lev\u00e9 sont import\u00e9es de r\u00e9gions d&#039;Asie. La qualit\u00e9 de ces chaises varie selon le fabricant et les contr\u00f4les mis en place par le courtier ou l&#039;importateur. Bien qu&#039;une petite minorit\u00e9 soit de qualit\u00e9 acceptable, la majorit\u00e9 est con\u00e7ue pour traverser le processus de vente et la premi\u00e8re ann\u00e9e d&#039;utilisation avant de s&#039;effondrer. Ils utilisent des mat\u00e9riaux de mauvaise qualit\u00e9 tels que des mousses charg\u00e9es, des tissus l\u00e9gers, des peintures de qualit\u00e9 inf\u00e9rieure et des composants fabriqu\u00e9s \u00e0 bas prix pour garantir que le prix pay\u00e9 par l&#039;interm\u00e9diaire reste extr\u00eamement bas et leur majoration tr\u00e8s \u00e9lev\u00e9e. Les \u00e9glises qui ach\u00e8tent de telles chaises d\u00e9couvrent assez vite qu\u2019elles ont re\u00e7u une chaise bien inf\u00e9rieure \u00e0 ce qu\u2019elles avaient pay\u00e9. Une alerte aux consommateurs \u00e9labor\u00e9e pour les \u00e9glises par Bertolini discute des faits sur ce qu&#039;il faut savoir avant d&#039;acheter des chaises d&#039;\u00e9glise import\u00e9es et des entreprises qui les vendent.<\/p>\n\n\n\n<p>Voici les risques typiques associ\u00e9s \u00e0 l\u2019achat d\u2019une chaise d\u2019\u00e9glise import\u00e9e aupr\u00e8s d\u2019un d\u00e9taillant en ligne\u00a0:<\/p>\n\n\n\n<ul class=\"wp-block-list\">\n<li>Ils peuvent avoir des finitions contenant du plomb<\/li>\n\n\n\n<li>Ils sont souvent fabriqu\u00e9s avec des mat\u00e9riaux douteux<\/li>\n\n\n\n<li>Ils manquent d\u2019attention aux d\u00e9tails qui cr\u00e9ent une qualit\u00e9 esth\u00e9tique<\/li>\n\n\n\n<li>Ils peuvent contenir de la mousse qui ne r\u00e9pond pas aux codes de pr\u00e9vention des incendies locaux.<\/li>\n\n\n\n<li>Ils ne sont pas r\u00e9glement\u00e9s en mati\u00e8re de sant\u00e9 et de s\u00e9curit\u00e9<\/li>\n\n\n\n<li>Ils peuvent contenir du formald\u00e9hyde et cr\u00e9er des d\u00e9gagements gazeux malsains<\/li>\n\n\n\n<li>Ils peuvent \u00eatre difficiles \u00e0 assortir, \u00e0 remplacer ou \u00e0 obtenir un service pour<\/li>\n<\/ul>\n\n\n\n<p>L\u2019impact environnemental n\u00e9gatif des chaises import\u00e9es est \u00e9pouvantable. La Chine reste le plus grand \u00e9metteur de gaz \u00e0 effet de serre au monde. Les usines chinoises ont un bilan \u00e9pouvantable en mati\u00e8re de s\u00e9curit\u00e9 de leurs employ\u00e9s, et ce n\u2019est pas tout. Le risque que prend le consommateur avec les produits fabriqu\u00e9s en Chine est le manque de r\u00e9glementation (formald\u00e9hyde, plomb, etc.) et le manque de qualit\u00e9 constante. La question de savoir si ces risques constituent un probl\u00e8me d\u00e9pend r\u00e9ellement de l\u2019entreprise qui importe le produit. Ont-ils l\u2019int\u00e9grit\u00e9 n\u00e9cessaire pour veiller au bien-\u00eatre de leurs clients, ou s\u2019agit-il uniquement de maximiser les profits en minimisant les co\u00fbts aux d\u00e9pens du client ? Y a-t-il une r\u00e9elle diff\u00e9rence entre les chaises fabriqu\u00e9es aux \u00c9tats-Unis et celles import\u00e9es d\u2019ailleurs ? Oui, il y a un risque pour la sant\u00e9, la qualit\u00e9, la fiert\u00e9 du travail et la garantie du produit.<\/p>\n\n\n\n<p>\u00ab Chez Bertolini Inc., nous sugg\u00e9rons fortement au consommateur de faire des recherches approfondies et de poser des questions avant d&#039;acheter des chaises pour son \u00e9tablissement \u00bb, d\u00e9clare Chuck Horn, pr\u00e9sident de Bertolini Inc.<\/p>","protected":false},"excerpt":{"rendered":"<p>Chino, CA\u2014September 10, 2013 The church chair market today is flooded with low-quality import chairs sold via the internet from poorly regulated factories in Asia. The most popular of the low-cost chairs arrive unassembled. A consumer has to install the backs prior to use. Most church chairs sold today that are less than $40 and [&hellip;]<\/p>\n","protected":false},"author":1,"featured_media":0,"parent":762,"menu_order":0,"comment_status":"closed","ping_status":"closed","template":"content-page.php","meta":{"_acf_changed":false,"footnotes":""},"class_list":["post-856","page","type-page","status-publish","hentry"],"acf":[],"yoast_head":"<!-- This site is optimized with the Yoast SEO Premium plugin v24.2 (Yoast SEO v27.4) - https:\/\/yoast.com\/product\/yoast-seo-premium-wordpress\/ -->\n<title>What to Know Before Purchasing Imported Church Chair<\/title>\n<meta name=\"description\" content=\"Chino, CA\u2014September 10, 2013 The church chair market today is flooded with low-quality import chairs sold via the internet from poorly regulated factories\" \/>\n<meta name=\"robots\" content=\"index, follow, max-snippet:-1, max-image-preview:large, max-video-preview:-1\" \/>\n<link rel=\"canonical\" href=\"https:\/\/bertolinidirect.com\/fr\/press\/new-consumer-alert\/\" \/>\n<meta property=\"og:locale\" content=\"fr_CA\" \/>\n<meta property=\"og:type\" content=\"article\" \/>\n<meta property=\"og:title\" content=\"Bertolini Announced a New Consumer Alert on What to Know Before Purchasing Imported Church Chair\" \/>\n<meta property=\"og:description\" content=\"Chino, CA\u2014September 10, 2013 The church chair market today is flooded with low-quality import chairs sold via the internet from poorly regulated factories\" \/>\n<meta property=\"og:url\" content=\"https:\/\/bertolinidirect.com\/fr\/press\/new-consumer-alert\/\" \/>\n<meta property=\"og:site_name\" content=\"Bertolini Direct\" \/>\n<meta property=\"article:modified_time\" content=\"2024-05-16T20:36:14+00:00\" \/>\n<meta name=\"twitter:card\" content=\"summary_large_image\" \/>\n<script type=\"application\/ld+json\" class=\"yoast-schema-graph\">{\"@context\":\"https:\\\/\\\/schema.org\",\"@graph\":[{\"@type\":\"WebPage\",\"@id\":\"https:\\\/\\\/bertolinidirect.com\\\/fr\\\/press\\\/new-consumer-alert\",\"url\":\"https:\\\/\\\/bertolinidirect.com\\\/fr\\\/press\\\/new-consumer-alert\",\"name\":\"What to Know Before Purchasing Imported Church Chair\",\"isPartOf\":{\"@id\":\"https:\\\/\\\/bertolinidirect.com\\\/fr\\\/#website\"},\"datePublished\":\"2013-09-10T21:13:00+00:00\",\"dateModified\":\"2024-05-16T20:36:14+00:00\",\"description\":\"Chino, CA\u2014September 10, 2013 The church chair market today is flooded with low-quality import chairs sold via the internet from poorly regulated factories\",\"breadcrumb\":{\"@id\":\"https:\\\/\\\/bertolinidirect.com\\\/fr\\\/press\\\/new-consumer-alert#breadcrumb\"},\"inLanguage\":\"fr-CA\",\"potentialAction\":[{\"@type\":\"ReadAction\",\"target\":[\"https:\\\/\\\/bertolinidirect.com\\\/fr\\\/press\\\/new-consumer-alert\"]}]},{\"@type\":\"BreadcrumbList\",\"@id\":\"https:\\\/\\\/bertolinidirect.com\\\/fr\\\/press\\\/new-consumer-alert#breadcrumb\",\"itemListElement\":[{\"@type\":\"ListItem\",\"position\":1,\"name\":\"Home\",\"item\":\"https:\\\/\\\/bertolinidirect.com\\\/\"},{\"@type\":\"ListItem\",\"position\":2,\"name\":\"Press &amp; News\",\"item\":\"https:\\\/\\\/bertolinidirect.com\\\/press\"},{\"@type\":\"ListItem\",\"position\":3,\"name\":\"Bertolini Announced a New Consumer Alert on What to Know Before Purchasing Imported Church Chair\"}]},{\"@type\":\"WebSite\",\"@id\":\"https:\\\/\\\/bertolinidirect.com\\\/fr\\\/#website\",\"url\":\"https:\\\/\\\/bertolinidirect.com\\\/fr\\\/\",\"name\":\"Bertolini\",\"description\":\"\",\"potentialAction\":[{\"@type\":\"SearchAction\",\"target\":{\"@type\":\"EntryPoint\",\"urlTemplate\":\"https:\\\/\\\/bertolinidirect.com\\\/fr\\\/?s={search_term_string}\"},\"query-input\":{\"@type\":\"PropertyValueSpecification\",\"valueRequired\":true,\"valueName\":\"search_term_string\"}}],\"inLanguage\":\"fr-CA\"}]}<\/script>\n<!-- \/ Yoast SEO Premium plugin. -->","yoast_head_json":{"title":"Ce qu&#039;il faut savoir avant d&#039;acheter une chaise d&#039;\u00e9glise import\u00e9e","description":"Chino, Californie \u2014 10 septembre 2013 Le march\u00e9 des chaises d&#039;\u00e9glise est aujourd&#039;hui inond\u00e9 de chaises import\u00e9es de mauvaise qualit\u00e9 vendues via Internet provenant d&#039;usines mal r\u00e9glement\u00e9es.","robots":{"index":"index","follow":"follow","max-snippet":"max-snippet:-1","max-image-preview":"max-image-preview:large","max-video-preview":"max-video-preview:-1"},"canonical":"https:\/\/bertolinidirect.com\/fr\/press\/new-consumer-alert\/","og_locale":"fr_CA","og_type":"article","og_title":"Bertolini Announced a New Consumer Alert on What to Know Before Purchasing Imported Church Chair","og_description":"Chino, CA\u2014September 10, 2013 The church chair market today is flooded with low-quality import chairs sold via the internet from poorly regulated factories","og_url":"https:\/\/bertolinidirect.com\/fr\/press\/new-consumer-alert\/","og_site_name":"Bertolini Direct","article_modified_time":"2024-05-16T20:36:14+00:00","twitter_card":"summary_large_image","schema":{"@context":"https:\/\/schema.org","@graph":[{"@type":"WebPage","@id":"https:\/\/bertolinidirect.com\/fr\/press\/new-consumer-alert","url":"https:\/\/bertolinidirect.com\/fr\/press\/new-consumer-alert","name":"Ce qu&#039;il faut savoir avant d&#039;acheter une chaise d&#039;\u00e9glise import\u00e9e","isPartOf":{"@id":"https:\/\/bertolinidirect.com\/fr\/#website"},"datePublished":"2013-09-10T21:13:00+00:00","dateModified":"2024-05-16T20:36:14+00:00","description":"Chino, Californie \u2014 10 septembre 2013 Le march\u00e9 des chaises d&#039;\u00e9glise est aujourd&#039;hui inond\u00e9 de chaises import\u00e9es de mauvaise qualit\u00e9 vendues via Internet provenant d&#039;usines mal r\u00e9glement\u00e9es.","breadcrumb":{"@id":"https:\/\/bertolinidirect.com\/fr\/press\/new-consumer-alert#breadcrumb"},"inLanguage":"fr-CA","potentialAction":[{"@type":"ReadAction","target":["https:\/\/bertolinidirect.com\/fr\/press\/new-consumer-alert"]}]},{"@type":"BreadcrumbList","@id":"https:\/\/bertolinidirect.com\/fr\/press\/new-consumer-alert#breadcrumb","itemListElement":[{"@type":"ListItem","position":1,"name":"Home","item":"https:\/\/bertolinidirect.com\/"},{"@type":"ListItem","position":2,"name":"Press &amp; News","item":"https:\/\/bertolinidirect.com\/press"},{"@type":"ListItem","position":3,"name":"Bertolini Announced a New Consumer Alert on What to Know Before Purchasing Imported Church Chair"}]},{"@type":"WebSite","@id":"https:\/\/bertolinidirect.com\/fr\/#website","url":"https:\/\/bertolinidirect.com\/fr\/","name":"Bertolini","description":"","potentialAction":[{"@type":"SearchAction","target":{"@type":"EntryPoint","urlTemplate":"https:\/\/bertolinidirect.com\/fr\/?s={search_term_string}"},"query-input":{"@type":"PropertyValueSpecification","valueRequired":true,"valueName":"search_term_string"}}],"inLanguage":"fr-CA"}]}},"_links":{"self":[{"href":"https:\/\/bertolinidirect.com\/fr\/wp-json\/wp\/v2\/pages\/856","targetHints":{"allow":["GET"]}}],"collection":[{"href":"https:\/\/bertolinidirect.com\/fr\/wp-json\/wp\/v2\/pages"}],"about":[{"href":"https:\/\/bertolinidirect.com\/fr\/wp-json\/wp\/v2\/types\/page"}],"author":[{"embeddable":true,"href":"https:\/\/bertolinidirect.com\/fr\/wp-json\/wp\/v2\/users\/1"}],"replies":[{"embeddable":true,"href":"https:\/\/bertolinidirect.com\/fr\/wp-json\/wp\/v2\/comments?post=856"}],"version-history":[{"count":1,"href":"https:\/\/bertolinidirect.com\/fr\/wp-json\/wp\/v2\/pages\/856\/revisions"}],"predecessor-version":[{"id":857,"href":"https:\/\/bertolinidirect.com\/fr\/wp-json\/wp\/v2\/pages\/856\/revisions\/857"}],"up":[{"embeddable":true,"href":"https:\/\/bertolinidirect.com\/fr\/wp-json\/wp\/v2\/pages\/762"}],"wp:attachment":[{"href":"https:\/\/bertolinidirect.com\/fr\/wp-json\/wp\/v2\/media?parent=856"}],"curies":[{"name":"wp","href":"https:\/\/api.w.org\/{rel}","templated":true}]}}