{"id":852,"date":"2013-07-01T21:09:00","date_gmt":"2013-07-01T21:09:00","guid":{"rendered":"https:\/\/bertolinidirect.com\/?page_id=852"},"modified":"2024-05-16T20:34:54","modified_gmt":"2024-05-16T20:34:54","slug":"new-education-initiative","status":"publish","type":"page","link":"https:\/\/bertolinidirect.com\/fr\/press\/new-education-initiative","title":{"rendered":"Bertolini a annonc\u00e9 une nouvelle initiative d&#039;\u00e9ducation des consommateurs sur la qualit\u00e9 et les chaises d&#039;\u00e9glise"},"content":{"rendered":"<p><strong>Chino, Californie \u2013 31 juillet 2013<\/strong><\/p>\n\n\n\n<p>\u00ab Il suffit d&#039;une minute en ligne pour d\u00e9couvrir que le march\u00e9 des chaises d&#039;\u00e9glise a explos\u00e9 avec des options \u00e0 faible co\u00fbt pour le consommateur \u00bb, a d\u00e9clar\u00e9 Ray Wheeler, directeur des ventes mondiales chez Bertolini. \u00ab Nous comprenons cette tendance, surtout \u00e0 la lumi\u00e8re des contraintes financi\u00e8res que de nombreuses \u00e9glises ont connues lors de la derni\u00e8re r\u00e9cession. Cependant, nous voulons que les \u00e9glises soient conscientes des pi\u00e8ges inh\u00e9rents \u00e0 l\u2019achat de chaises \u00e0 bas prix. \u00bb<\/p>\n\n\n\n<p>Les vid\u00e9os et les \u00e9tudes imprim\u00e9es r\u00e9alis\u00e9es par Bertolini pour les \u00e9glises discutent des dangers du formald\u00e9hyde et du co\u00fbt de la mauvaise qualit\u00e9. Le mat\u00e9riel d&#039;\u00e9ducation des consommateurs de Bertolini est gratuit et v\u00e9rifiable.<\/p>\n\n\n\n<p>Le march\u00e9 des chaises d\u2019\u00e9glise est aujourd\u2019hui inond\u00e9 de chaises import\u00e9es de mauvaise qualit\u00e9 vendues via Internet depuis des usines mal r\u00e9glement\u00e9es en Asie. Les chaises les plus populaires \u00e0 bas prix arrivent d\u00e9mont\u00e9es. Un consommateur doit installer les dossiers avant utilisation.<\/p>\n\n\n\n<p>Sur la base des commentaires non sollicit\u00e9s des consommateurs, Bertolini a \u00e9tabli que la dur\u00e9e de vie utile de ces chaises \u00e0 faible co\u00fbt est inf\u00e9rieure \u00e0 quatre ans. Sur les photos envoy\u00e9es par des consommateurs ayant achet\u00e9 en ligne des chaises import\u00e9es \u00e0 bas prix, le tissu d&#039;ameublement semble s&#039;\u00eatre litt\u00e9ralement d\u00e9sint\u00e9gr\u00e9 du si\u00e8ge de la chaise, exposant ainsi la mousse brute.<\/p>\n\n\n\n<p>\u00ab La dur\u00e9e de vie utile d&#039;un produit est un facteur essentiel \u00e0 prendre en compte lors du calcul du co\u00fbt r\u00e9el d&#039;achat d&#039;un fauteuil \u00bb, a d\u00e9clar\u00e9 le Dr Wheeler. \u00ab Cela ne veut rien dire d\u2019\u00e9conomiser cinq \u00e0 quinze dollars par chaise si ces chaises doivent \u00eatre remplac\u00e9es tous les trois ou quatre ans. \u00bb<\/p>\n\n\n\n<p>Bertolini \u00e9coute les commentaires des consommateurs, mais la base de son mat\u00e9riel p\u00e9dagogique d\u00e9coule en r\u00e9alit\u00e9 de ses propres tests rigoureux de produits. Bertolini a \u00e9tabli son propre ensemble de normes de test qu&#039;ils appellent tests Bertolini Internal Standards and Compliance (BISC). Les normes de test du BISC d\u00e9passent de loin les normes volontaires minimales de la Business and Institutional Furniture Manufacturer&#039;s Association (BIFMA) pour des environnements et des produits s\u00fbrs, sains et durables.<\/p>\n\n\n\n<p>Bertolini soumet ses chaises concurrentes aux m\u00eames tests BISC que ceux qu&#039;elle utilise pour son propre produit. Les chaises import\u00e9es test\u00e9es par Bertolini \u00e9chouent aux tests BISC.<\/p>\n\n\n\n<p>Toute congr\u00e9gation envisageant l&#039;achat de chaises d&#039;\u00e9glise devrait se rendre service en permettant \u00e0 l&#039;\u00e9quipe de Bertolini de la renseigner sur les chaises avant un achat.<\/p>\n\n\n\n<p>Bertolini est un leader en mati\u00e8re de conception dans l&#039;utilisation de chaises ergonomiques et de sa technologie de conception de si\u00e8ges Flex Fit pour les \u00e9glises. Leurs chaises sont l\u00e9g\u00e8res et solides. Leur expertise dans la fabrication de si\u00e8ges empilables de qualit\u00e9 et leur engagement envers un service client de qualit\u00e9 sup\u00e9rieure leur valent l&#039;appr\u00e9ciation des congr\u00e9gations du monde entier.<\/p>","protected":false},"excerpt":{"rendered":"<p>Chino, CA\u2014July 31, 2013 \u201cIt only takes a minute online to discover that the market for church chairs has exploded with low-cost options for the consumer,\u201d said Ray Wheeler, Director of Global Sales at Bertolini. \u201cWe understand the trend especially in light of the financial constraints many churches experienced in the last recession. However, we [&hellip;]<\/p>\n","protected":false},"author":1,"featured_media":0,"parent":762,"menu_order":0,"comment_status":"closed","ping_status":"closed","template":"content-page.php","meta":{"_acf_changed":false,"footnotes":""},"class_list":["post-852","page","type-page","status-publish","hentry"],"acf":[],"yoast_head":"<!-- This site is optimized with the Yoast SEO Premium plugin v24.2 (Yoast SEO v27.4) - https:\/\/yoast.com\/product\/yoast-seo-premium-wordpress\/ -->\n<title>Bertolini Announced a New Consumer Education Initiative<\/title>\n<meta name=\"description\" content=\"Chino, CA\u2014July 31, 2013 \u201cIt only takes a minute online to discover that the market for church chairs has exploded with low-cost options for the consumer,\u201d\" \/>\n<meta name=\"robots\" content=\"index, follow, max-snippet:-1, max-image-preview:large, max-video-preview:-1\" \/>\n<link rel=\"canonical\" href=\"https:\/\/bertolinidirect.com\/fr\/press\/new-education-initiative\/\" \/>\n<meta property=\"og:locale\" content=\"fr_CA\" \/>\n<meta property=\"og:type\" content=\"article\" \/>\n<meta property=\"og:title\" content=\"Bertolini Announced a New Consumer Education Initiative on Quality and Church Chairs\" \/>\n<meta property=\"og:description\" content=\"Chino, CA\u2014July 31, 2013 \u201cIt only takes a minute online to discover that the market for church chairs has exploded with low-cost options for the consumer,\u201d\" \/>\n<meta property=\"og:url\" content=\"https:\/\/bertolinidirect.com\/fr\/press\/new-education-initiative\/\" \/>\n<meta property=\"og:site_name\" content=\"Bertolini Direct\" \/>\n<meta property=\"article:modified_time\" content=\"2024-05-16T20:34:54+00:00\" \/>\n<meta name=\"twitter:card\" content=\"summary_large_image\" \/>\n<script type=\"application\/ld+json\" class=\"yoast-schema-graph\">{\"@context\":\"https:\\\/\\\/schema.org\",\"@graph\":[{\"@type\":\"WebPage\",\"@id\":\"https:\\\/\\\/bertolinidirect.com\\\/fr\\\/press\\\/new-education-initiative\",\"url\":\"https:\\\/\\\/bertolinidirect.com\\\/fr\\\/press\\\/new-education-initiative\",\"name\":\"Bertolini Announced a New Consumer Education Initiative\",\"isPartOf\":{\"@id\":\"https:\\\/\\\/bertolinidirect.com\\\/fr\\\/#website\"},\"datePublished\":\"2013-07-01T21:09:00+00:00\",\"dateModified\":\"2024-05-16T20:34:54+00:00\",\"description\":\"Chino, CA\u2014July 31, 2013 \u201cIt only takes a minute online to discover that the market for church chairs has exploded with low-cost options for the consumer,\u201d\",\"breadcrumb\":{\"@id\":\"https:\\\/\\\/bertolinidirect.com\\\/fr\\\/press\\\/new-education-initiative#breadcrumb\"},\"inLanguage\":\"fr-CA\",\"potentialAction\":[{\"@type\":\"ReadAction\",\"target\":[\"https:\\\/\\\/bertolinidirect.com\\\/fr\\\/press\\\/new-education-initiative\"]}]},{\"@type\":\"BreadcrumbList\",\"@id\":\"https:\\\/\\\/bertolinidirect.com\\\/fr\\\/press\\\/new-education-initiative#breadcrumb\",\"itemListElement\":[{\"@type\":\"ListItem\",\"position\":1,\"name\":\"Home\",\"item\":\"https:\\\/\\\/bertolinidirect.com\\\/\"},{\"@type\":\"ListItem\",\"position\":2,\"name\":\"Press &amp; News\",\"item\":\"https:\\\/\\\/bertolinidirect.com\\\/press\"},{\"@type\":\"ListItem\",\"position\":3,\"name\":\"Bertolini Announced a New Consumer Education Initiative on Quality and Church Chairs\"}]},{\"@type\":\"WebSite\",\"@id\":\"https:\\\/\\\/bertolinidirect.com\\\/fr\\\/#website\",\"url\":\"https:\\\/\\\/bertolinidirect.com\\\/fr\\\/\",\"name\":\"Bertolini\",\"description\":\"\",\"potentialAction\":[{\"@type\":\"SearchAction\",\"target\":{\"@type\":\"EntryPoint\",\"urlTemplate\":\"https:\\\/\\\/bertolinidirect.com\\\/fr\\\/?s={search_term_string}\"},\"query-input\":{\"@type\":\"PropertyValueSpecification\",\"valueRequired\":true,\"valueName\":\"search_term_string\"}}],\"inLanguage\":\"fr-CA\"}]}<\/script>\n<!-- \/ Yoast SEO Premium plugin. -->","yoast_head_json":{"title":"Bertolini a annonc\u00e9 une nouvelle initiative d&#039;\u00e9ducation des consommateurs","description":"Chino, Californie \u2014 31 juillet 2013 \u00ab\u00a0Il suffit d&#039;une minute en ligne pour d\u00e9couvrir que le march\u00e9 des chaises d&#039;\u00e9glise a explos\u00e9 avec des options \u00e0 faible co\u00fbt pour le consommateur\u00a0\u00bb","robots":{"index":"index","follow":"follow","max-snippet":"max-snippet:-1","max-image-preview":"max-image-preview:large","max-video-preview":"max-video-preview:-1"},"canonical":"https:\/\/bertolinidirect.com\/fr\/press\/new-education-initiative\/","og_locale":"fr_CA","og_type":"article","og_title":"Bertolini Announced a New Consumer Education Initiative on Quality and Church Chairs","og_description":"Chino, CA\u2014July 31, 2013 \u201cIt only takes a minute online to discover that the market for church chairs has exploded with low-cost options for the consumer,\u201d","og_url":"https:\/\/bertolinidirect.com\/fr\/press\/new-education-initiative\/","og_site_name":"Bertolini Direct","article_modified_time":"2024-05-16T20:34:54+00:00","twitter_card":"summary_large_image","schema":{"@context":"https:\/\/schema.org","@graph":[{"@type":"WebPage","@id":"https:\/\/bertolinidirect.com\/fr\/press\/new-education-initiative","url":"https:\/\/bertolinidirect.com\/fr\/press\/new-education-initiative","name":"Bertolini a annonc\u00e9 une nouvelle initiative d&#039;\u00e9ducation des consommateurs","isPartOf":{"@id":"https:\/\/bertolinidirect.com\/fr\/#website"},"datePublished":"2013-07-01T21:09:00+00:00","dateModified":"2024-05-16T20:34:54+00:00","description":"Chino, Californie \u2014 31 juillet 2013 \u00ab\u00a0Il suffit d&#039;une minute en ligne pour d\u00e9couvrir que le march\u00e9 des chaises d&#039;\u00e9glise a explos\u00e9 avec des options \u00e0 faible co\u00fbt pour le consommateur\u00a0\u00bb","breadcrumb":{"@id":"https:\/\/bertolinidirect.com\/fr\/press\/new-education-initiative#breadcrumb"},"inLanguage":"fr-CA","potentialAction":[{"@type":"ReadAction","target":["https:\/\/bertolinidirect.com\/fr\/press\/new-education-initiative"]}]},{"@type":"BreadcrumbList","@id":"https:\/\/bertolinidirect.com\/fr\/press\/new-education-initiative#breadcrumb","itemListElement":[{"@type":"ListItem","position":1,"name":"Home","item":"https:\/\/bertolinidirect.com\/"},{"@type":"ListItem","position":2,"name":"Press &amp; News","item":"https:\/\/bertolinidirect.com\/press"},{"@type":"ListItem","position":3,"name":"Bertolini Announced a New Consumer Education Initiative on Quality and Church Chairs"}]},{"@type":"WebSite","@id":"https:\/\/bertolinidirect.com\/fr\/#website","url":"https:\/\/bertolinidirect.com\/fr\/","name":"Bertolini","description":"","potentialAction":[{"@type":"SearchAction","target":{"@type":"EntryPoint","urlTemplate":"https:\/\/bertolinidirect.com\/fr\/?s={search_term_string}"},"query-input":{"@type":"PropertyValueSpecification","valueRequired":true,"valueName":"search_term_string"}}],"inLanguage":"fr-CA"}]}},"_links":{"self":[{"href":"https:\/\/bertolinidirect.com\/fr\/wp-json\/wp\/v2\/pages\/852","targetHints":{"allow":["GET"]}}],"collection":[{"href":"https:\/\/bertolinidirect.com\/fr\/wp-json\/wp\/v2\/pages"}],"about":[{"href":"https:\/\/bertolinidirect.com\/fr\/wp-json\/wp\/v2\/types\/page"}],"author":[{"embeddable":true,"href":"https:\/\/bertolinidirect.com\/fr\/wp-json\/wp\/v2\/users\/1"}],"replies":[{"embeddable":true,"href":"https:\/\/bertolinidirect.com\/fr\/wp-json\/wp\/v2\/comments?post=852"}],"version-history":[{"count":1,"href":"https:\/\/bertolinidirect.com\/fr\/wp-json\/wp\/v2\/pages\/852\/revisions"}],"predecessor-version":[{"id":853,"href":"https:\/\/bertolinidirect.com\/fr\/wp-json\/wp\/v2\/pages\/852\/revisions\/853"}],"up":[{"embeddable":true,"href":"https:\/\/bertolinidirect.com\/fr\/wp-json\/wp\/v2\/pages\/762"}],"wp:attachment":[{"href":"https:\/\/bertolinidirect.com\/fr\/wp-json\/wp\/v2\/media?parent=852"}],"curies":[{"name":"wp","href":"https:\/\/api.w.org\/{rel}","templated":true}]}}