{"id":847,"date":"2013-06-24T21:05:00","date_gmt":"2013-06-24T21:05:00","guid":{"rendered":"https:\/\/bertolinidirect.com\/?page_id=847"},"modified":"2025-10-03T21:25:59","modified_gmt":"2025-10-03T21:25:59","slug":"60-year-anniversary","status":"publish","type":"page","link":"https:\/\/bertolinidirect.com\/fr\/press\/60-year-anniversary","title":{"rendered":"La famille Bertolini c\u00e9l\u00e8bre son 60e anniversaire dans la fabrication de chaises empilables"},"content":{"rendered":"<p><strong>Chino, Californie \u2014 24 juin 2013<\/strong><\/p>\n\n\n\n<p>C\u00e9l\u00e9brant 60 ans d&#039;exp\u00e9rience, la motivation de la famille Bertolini est de continuer \u00e0 proposer des chaises empilables de la meilleure qualit\u00e9 avec \u00e9l\u00e9gance, confort et durabilit\u00e9.<\/p>\n\n\n\n<p>Bertolini est l&#039;un des principaux fabricants de chaises d&#039;\u00e9glise proposant des chaises sur mesure fabriqu\u00e9es aux \u00c9tats-Unis, \u00e0 Lawrenceburg, Tennessee. Ils croient fermement qu&#039;il est important de fabriquer des produits de haute qualit\u00e9 qui soient \u00e9galement durables. Ils sont \u00e9galement motiv\u00e9s par la volont\u00e9 de faire b\u00e9n\u00e9ficier la client\u00e8le locale, en \u00e9tant au c\u0153ur du quartier. De cette fa\u00e7on, ils peuvent exp\u00e9dier plus rapidement sans avoir \u00e0 limiter les choix et s&#039;assurer qu&#039;il n&#039;y a que 110% de satisfaction avec les chaises re\u00e7ues et donner l&#039;assurance que le client n&#039;aura jamais \u00e0 se soucier de ses chaises, jamais. Bertolini soutiendra ses produits dans les d\u00e9cennies \u00e0 venir, tout comme il l&#039;a fait au cours des d\u00e9cennies pass\u00e9es. C&#039;est ce \u00e0 quoi on s&#039;attend lorsque les chaises sont \u00ab construites sur mesure par Bertolini \u00bb. C&#039;est la diff\u00e9rence Bertolini.<\/p>\n\n\n\n<p>En 1953, Charles Bertolini Sr. a ouvert une installation de 5 000 pieds carr\u00e9s \u00e0 l&#039;est de Los Angeles, en Californie. Il a \u00e9t\u00e9 inspir\u00e9 pour r\u00e9pondre aux besoins en mati\u00e8re de si\u00e8ges dans les bureaux du sud de la Californie. Le travail acharn\u00e9 et le d\u00e9vouement ont commenc\u00e9 \u00e0 porter leurs fruits dans les petites et grandes entreprises. Il a gagn\u00e9 des clients tels que McDonald&#039;s, Burger King, Taco Bell, Denny&#039;s Restaurants et m\u00eame l&#039;endroit le plus heureux de la plan\u00e8te : Disneyland. Dans les ann\u00e9es 80, les besoins en si\u00e8ges se sont \u00e9tendus aux \u00e9glises. C\u2019\u00e9tait un privil\u00e8ge et un bon endroit pour servir le royaume. Aujourd&#039;hui, Bertolini sert des \u00e9glises dans tout le pays et \u00e0 l&#039;\u00e9tranger.<\/p>\n\n\n\n<p>Forte de 60 ans d&#039;exp\u00e9rience, cette entreprise familiale propose au public des si\u00e8ges haut de gamme de qualit\u00e9. R\u00e9cemment, la famille Bertolini a annonc\u00e9 l&#039;arriv\u00e9e d&#039;un membre de la quatri\u00e8me g\u00e9n\u00e9ration. Des valeurs familiales fortes et une \u00e9thique de travail sont le moteur de notre engagement \u00e0 fournir \u00e0 nos clients le meilleur service possible et \u00e0 l&#039;am\u00e9liorer chaque jour. Ils sont d\u00e9termin\u00e9s \u00e0 maintenir le r\u00f4le de leader croissant de Bertolini dans l&#039;industrie en proposant les chaises empilables les plus \u00e9l\u00e9gantes, confortables et durables disponibles aujourd&#039;hui. Jim Bertolini d\u00e9clare avec force : \u00ab Je suis derri\u00e8re chaque chaise \u00bb, et avec cet esprit, ils continuent de cro\u00eetre et de r\u00e9pondre avec succ\u00e8s aux besoins de leurs clients en mati\u00e8re de si\u00e8ges.<\/p>","protected":false},"excerpt":{"rendered":"<p>Chino, CA\u2014June 24, 2013 Celebrating 60 years of experience, the Bertolini family\u2019s motivation is to continue to deliver the best high-quality stackable chairs with elegance, comfort and durability. Bertolini is a leading church chair manufacturer offering custom built USA made chairs, in Lawrenceburg, Tennessee. They strongly believe that it\u2019s important to produce high-quality products that [&hellip;]<\/p>\n","protected":false},"author":1,"featured_media":0,"parent":762,"menu_order":0,"comment_status":"closed","ping_status":"closed","template":"content-page.php","meta":{"_acf_changed":false,"footnotes":""},"class_list":["post-847","page","type-page","status-publish","hentry"],"acf":[],"yoast_head":"<!-- This site is optimized with the Yoast SEO Premium plugin v24.2 (Yoast SEO v27.1.1) - https:\/\/yoast.com\/product\/yoast-seo-premium-wordpress\/ -->\n<title>Bertolini Family Celebrates Their 60 Year Anniversary<\/title>\n<meta name=\"description\" content=\"Chino, CA\u2014June 24, 2013 Celebrating 60 years of experience, the Bertolini family\u2019s motivation is to continue to deliver the best high-quality stackable\" \/>\n<meta name=\"robots\" content=\"index, follow, max-snippet:-1, max-image-preview:large, max-video-preview:-1\" \/>\n<link rel=\"canonical\" href=\"https:\/\/bertolinidirect.com\/fr\/press\/60-year-anniversary\/\" \/>\n<meta property=\"og:locale\" content=\"fr_CA\" \/>\n<meta property=\"og:type\" content=\"article\" \/>\n<meta property=\"og:title\" content=\"Bertolini Family Celebrates Their 60 Year Anniversary of Building Stackable Chairs\" \/>\n<meta property=\"og:description\" content=\"Chino, CA\u2014June 24, 2013 Celebrating 60 years of experience, the Bertolini family\u2019s motivation is to continue to deliver the best high-quality stackable\" \/>\n<meta property=\"og:url\" content=\"https:\/\/bertolinidirect.com\/fr\/press\/60-year-anniversary\/\" \/>\n<meta property=\"og:site_name\" content=\"Bertolini Direct\" \/>\n<meta property=\"article:modified_time\" content=\"2025-10-03T21:25:59+00:00\" \/>\n<meta name=\"twitter:card\" content=\"summary_large_image\" \/>\n<script type=\"application\/ld+json\" class=\"yoast-schema-graph\">{\"@context\":\"https:\/\/schema.org\",\"@graph\":[{\"@type\":\"WebPage\",\"@id\":\"https:\/\/bertolinidirect.com\/fr\/press\/60-year-anniversary\",\"url\":\"https:\/\/bertolinidirect.com\/fr\/press\/60-year-anniversary\",\"name\":\"Bertolini Family Celebrates Their 60 Year Anniversary\",\"isPartOf\":{\"@id\":\"https:\/\/bertolinidirect.com\/fr\/#website\"},\"datePublished\":\"2013-06-24T21:05:00+00:00\",\"dateModified\":\"2025-10-03T21:25:59+00:00\",\"description\":\"Chino, CA\u2014June 24, 2013 Celebrating 60 years of experience, the Bertolini family\u2019s motivation is to continue to deliver the best high-quality stackable\",\"breadcrumb\":{\"@id\":\"https:\/\/bertolinidirect.com\/fr\/press\/60-year-anniversary#breadcrumb\"},\"inLanguage\":\"fr-CA\",\"potentialAction\":[{\"@type\":\"ReadAction\",\"target\":[\"https:\/\/bertolinidirect.com\/fr\/press\/60-year-anniversary\"]}]},{\"@type\":\"BreadcrumbList\",\"@id\":\"https:\/\/bertolinidirect.com\/fr\/press\/60-year-anniversary#breadcrumb\",\"itemListElement\":[{\"@type\":\"ListItem\",\"position\":1,\"name\":\"Home\",\"item\":\"https:\/\/bertolinidirect.com\/\"},{\"@type\":\"ListItem\",\"position\":2,\"name\":\"Press &amp; News\",\"item\":\"https:\/\/bertolinidirect.com\/press\"},{\"@type\":\"ListItem\",\"position\":3,\"name\":\"Bertolini Family Celebrates Their 60 Year Anniversary of Building Stackable Chairs\"}]},{\"@type\":\"WebSite\",\"@id\":\"https:\/\/bertolinidirect.com\/fr\/#website\",\"url\":\"https:\/\/bertolinidirect.com\/fr\/\",\"name\":\"Bertolini\",\"description\":\"\",\"potentialAction\":[{\"@type\":\"SearchAction\",\"target\":{\"@type\":\"EntryPoint\",\"urlTemplate\":\"https:\/\/bertolinidirect.com\/fr\/?s={search_term_string}\"},\"query-input\":{\"@type\":\"PropertyValueSpecification\",\"valueRequired\":true,\"valueName\":\"search_term_string\"}}],\"inLanguage\":\"fr-CA\"}]}<\/script>\n<!-- \/ Yoast SEO Premium plugin. -->","yoast_head_json":{"title":"La famille Bertolini c\u00e9l\u00e8bre son 60e anniversaire","description":"Chino, Californie \u2014 24 juin 2013 C\u00e9l\u00e9brant 60 ans d&#039;exp\u00e9rience, la motivation de la famille Bertolini est de continuer \u00e0 offrir les meilleurs produits empilables de haute qualit\u00e9.","robots":{"index":"index","follow":"follow","max-snippet":"max-snippet:-1","max-image-preview":"max-image-preview:large","max-video-preview":"max-video-preview:-1"},"canonical":"https:\/\/bertolinidirect.com\/fr\/press\/60-year-anniversary\/","og_locale":"fr_CA","og_type":"article","og_title":"Bertolini Family Celebrates Their 60 Year Anniversary of Building Stackable Chairs","og_description":"Chino, CA\u2014June 24, 2013 Celebrating 60 years of experience, the Bertolini family\u2019s motivation is to continue to deliver the best high-quality stackable","og_url":"https:\/\/bertolinidirect.com\/fr\/press\/60-year-anniversary\/","og_site_name":"Bertolini Direct","article_modified_time":"2025-10-03T21:25:59+00:00","twitter_card":"summary_large_image","schema":{"@context":"https:\/\/schema.org","@graph":[{"@type":"WebPage","@id":"https:\/\/bertolinidirect.com\/fr\/press\/60-year-anniversary","url":"https:\/\/bertolinidirect.com\/fr\/press\/60-year-anniversary","name":"La famille Bertolini c\u00e9l\u00e8bre son 60e anniversaire","isPartOf":{"@id":"https:\/\/bertolinidirect.com\/fr\/#website"},"datePublished":"2013-06-24T21:05:00+00:00","dateModified":"2025-10-03T21:25:59+00:00","description":"Chino, Californie \u2014 24 juin 2013 C\u00e9l\u00e9brant 60 ans d&#039;exp\u00e9rience, la motivation de la famille Bertolini est de continuer \u00e0 offrir les meilleurs produits empilables de haute qualit\u00e9.","breadcrumb":{"@id":"https:\/\/bertolinidirect.com\/fr\/press\/60-year-anniversary#breadcrumb"},"inLanguage":"fr-CA","potentialAction":[{"@type":"ReadAction","target":["https:\/\/bertolinidirect.com\/fr\/press\/60-year-anniversary"]}]},{"@type":"BreadcrumbList","@id":"https:\/\/bertolinidirect.com\/fr\/press\/60-year-anniversary#breadcrumb","itemListElement":[{"@type":"ListItem","position":1,"name":"Home","item":"https:\/\/bertolinidirect.com\/"},{"@type":"ListItem","position":2,"name":"Press &amp; News","item":"https:\/\/bertolinidirect.com\/press"},{"@type":"ListItem","position":3,"name":"Bertolini Family Celebrates Their 60 Year Anniversary of Building Stackable Chairs"}]},{"@type":"WebSite","@id":"https:\/\/bertolinidirect.com\/fr\/#website","url":"https:\/\/bertolinidirect.com\/fr\/","name":"Bertolini","description":"","potentialAction":[{"@type":"SearchAction","target":{"@type":"EntryPoint","urlTemplate":"https:\/\/bertolinidirect.com\/fr\/?s={search_term_string}"},"query-input":{"@type":"PropertyValueSpecification","valueRequired":true,"valueName":"search_term_string"}}],"inLanguage":"fr-CA"}]}},"_links":{"self":[{"href":"https:\/\/bertolinidirect.com\/fr\/wp-json\/wp\/v2\/pages\/847","targetHints":{"allow":["GET"]}}],"collection":[{"href":"https:\/\/bertolinidirect.com\/fr\/wp-json\/wp\/v2\/pages"}],"about":[{"href":"https:\/\/bertolinidirect.com\/fr\/wp-json\/wp\/v2\/types\/page"}],"author":[{"embeddable":true,"href":"https:\/\/bertolinidirect.com\/fr\/wp-json\/wp\/v2\/users\/1"}],"replies":[{"embeddable":true,"href":"https:\/\/bertolinidirect.com\/fr\/wp-json\/wp\/v2\/comments?post=847"}],"version-history":[{"count":1,"href":"https:\/\/bertolinidirect.com\/fr\/wp-json\/wp\/v2\/pages\/847\/revisions"}],"predecessor-version":[{"id":848,"href":"https:\/\/bertolinidirect.com\/fr\/wp-json\/wp\/v2\/pages\/847\/revisions\/848"}],"up":[{"embeddable":true,"href":"https:\/\/bertolinidirect.com\/fr\/wp-json\/wp\/v2\/pages\/762"}],"wp:attachment":[{"href":"https:\/\/bertolinidirect.com\/fr\/wp-json\/wp\/v2\/media?parent=847"}],"curies":[{"name":"wp","href":"https:\/\/api.w.org\/{rel}","templated":true}]}}