{"id":780,"date":"2024-04-19T18:52:45","date_gmt":"2024-04-19T18:52:45","guid":{"rendered":"https:\/\/bertolinidirect.com\/?page_id=780"},"modified":"2025-11-21T23:54:07","modified_gmt":"2025-11-21T23:54:07","slug":"delivery-instructions","status":"publish","type":"page","link":"https:\/\/bertolinidirect.com\/fr\/delivery-instructions","title":{"rendered":"8 conseils pour une livraison de meubles sans stress"},"content":{"rendered":"<p>Obtenir de nouvelles chaises et tables d&#039;\u00e9glise est l&#039;un des meilleurs moyens de montrer \u00e0 quel point vous appr\u00e9ciez et appr\u00e9ciez votre congr\u00e9gation. Mais la livraison et l&#039;installation des meubles peuvent \u00eatre stressantes pour les lieux de culte, car la plupart ne sont pas \u00e9quip\u00e9s de quais de chargement ni de personnel \u00e0 temps plein. De nombreuses \u00e9glises comptent sur des b\u00e9n\u00e9voles pour installer le nouveau mobilier, ce qui peut tr\u00e8s bien fonctionner si vous suivez ces conseils ci-dessous pour une exp\u00e9rience sans stress.<\/p>\n\n\n\n<figure class=\"wp-block-image size-full\"><a href=\"https:\/\/bertolinidirect.com\/wp-content\/uploads\/2024\/04\/BertoliniDelivery_Expectations.pdf\"><img loading=\"lazy\" decoding=\"async\" width=\"1511\" height=\"2560\" src=\"https:\/\/bertolinidirect.com\/wp-content\/uploads\/2024\/04\/Bertolin_Delivery_Expectations-min-scaled.jpg\" alt=\"Infographie sur la livraison et les modalit\u00e9s de commande de mobilier commercial\" class=\"wp-image-914\" srcset=\"https:\/\/bertolinidirect.com\/wp-content\/uploads\/2024\/04\/Bertolin_Delivery_Expectations-min-scaled.jpg 1511w, https:\/\/bertolinidirect.com\/wp-content\/uploads\/2024\/04\/Bertolin_Delivery_Expectations-min-177x300.jpg 177w, https:\/\/bertolinidirect.com\/wp-content\/uploads\/2024\/04\/Bertolin_Delivery_Expectations-min-400x678.jpg 400w, https:\/\/bertolinidirect.com\/wp-content\/uploads\/2024\/04\/Bertolin_Delivery_Expectations-min-768x1302.jpg 768w, https:\/\/bertolinidirect.com\/wp-content\/uploads\/2024\/04\/Bertolin_Delivery_Expectations-min-906x1536.jpg 906w, https:\/\/bertolinidirect.com\/wp-content\/uploads\/2024\/04\/Bertolin_Delivery_Expectations-min-1208x2048.jpg 1208w, https:\/\/bertolinidirect.com\/wp-content\/uploads\/2024\/04\/Bertolin_Delivery_Expectations-min-600x1017.jpg 600w\" sizes=\"auto, (max-width: 1511px) 100vw, 1511px\" \/><\/a><\/figure>\n\n\n\n<h2 class=\"wp-block-heading\" id=\"h-delivery-day-checklist\">Liste de contr\u00f4le du jour de livraison<\/h2>\n\n\n\n<p>Apr\u00e8s des semaines d&#039;attente, votre mobilier de culte est en route et le jour de livraison est presque arriv\u00e9. Utilisez cette liste de contr\u00f4le pour pr\u00e9parer votre propri\u00e9t\u00e9 \u00e0 accueillir de nouvelles chaises et tables, et pour pr\u00e9parer les b\u00e9n\u00e9voles qui vous aideront le jour de la livraison.&nbsp;<\/p>\n\n\n\n<figure class=\"wp-block-image size-full\"><img loading=\"lazy\" decoding=\"async\" width=\"2408\" height=\"3311\" src=\"https:\/\/bertolinidirect.com\/wp-content\/uploads\/2024\/11\/MITY_Delivery-Day_Checklist-min.png\" alt=\"Liste de contr\u00f4le du jour de livraison MITY\" class=\"wp-image-23250\" srcset=\"https:\/\/bertolinidirect.com\/wp-content\/uploads\/2024\/11\/MITY_Delivery-Day_Checklist-min.png 2408w, https:\/\/bertolinidirect.com\/wp-content\/uploads\/2024\/11\/MITY_Delivery-Day_Checklist-min-600x825.png 600w, https:\/\/bertolinidirect.com\/wp-content\/uploads\/2024\/11\/MITY_Delivery-Day_Checklist-min-218x300.png 218w, https:\/\/bertolinidirect.com\/wp-content\/uploads\/2024\/11\/MITY_Delivery-Day_Checklist-min-493x678.png 493w, https:\/\/bertolinidirect.com\/wp-content\/uploads\/2024\/11\/MITY_Delivery-Day_Checklist-min-768x1056.png 768w, https:\/\/bertolinidirect.com\/wp-content\/uploads\/2024\/11\/MITY_Delivery-Day_Checklist-min-1117x1536.png 1117w, https:\/\/bertolinidirect.com\/wp-content\/uploads\/2024\/11\/MITY_Delivery-Day_Checklist-min-1489x2048.png 1489w, https:\/\/bertolinidirect.com\/wp-content\/uploads\/2024\/11\/MITY_Delivery-Day_Checklist-min-9x12.png 9w\" sizes=\"auto, (max-width: 2408px) 100vw, 2408px\" \/><\/figure>","protected":false},"excerpt":{"rendered":"<p>Getting new church chairs and tables is on one of the top ways to show how much you value and appreciate your congregation. But furniture delivery and installation can be stressful for worship facilities, since most aren\u2019t equipped with loading docks or a full-time staff. Many churches rely on volunteers to install the new furniture, [&hellip;]<\/p>\n","protected":false},"author":1,"featured_media":0,"parent":0,"menu_order":0,"comment_status":"closed","ping_status":"closed","template":"content-page.php","meta":{"_acf_changed":false,"footnotes":""},"class_list":["post-780","page","type-page","status-publish","hentry"],"acf":[],"yoast_head":"<!-- This site is optimized with the Yoast SEO Premium plugin v24.2 (Yoast SEO v27.1.1) - https:\/\/yoast.com\/product\/yoast-seo-premium-wordpress\/ -->\n<title>8 Tips for Stress-Free Furniture Delivery | Bertolini Direct<\/title>\n<meta name=\"description\" content=\"Getting new church chairs and tables is on one of the top ways to show how much you value and appreciate your congregation. But furniture delivery and\" \/>\n<meta name=\"robots\" content=\"index, follow, max-snippet:-1, max-image-preview:large, max-video-preview:-1\" \/>\n<link rel=\"canonical\" href=\"https:\/\/bertolinidirect.com\/fr\/delivery-instructions\/\" \/>\n<meta property=\"og:locale\" content=\"fr_CA\" \/>\n<meta property=\"og:type\" content=\"article\" \/>\n<meta property=\"og:title\" content=\"8 Tips for Stress-Free Furniture Delivery\" \/>\n<meta property=\"og:description\" content=\"Getting new church chairs and tables is on one of the top ways to show how much you value and appreciate your congregation. But furniture delivery and\" \/>\n<meta property=\"og:url\" content=\"https:\/\/bertolinidirect.com\/fr\/delivery-instructions\/\" \/>\n<meta property=\"og:site_name\" content=\"Bertolini Direct\" \/>\n<meta property=\"article:modified_time\" content=\"2025-11-21T23:54:07+00:00\" \/>\n<meta property=\"og:image\" content=\"https:\/\/bertolinidirect.com\/wp-content\/uploads\/2024\/04\/Bertolin_Delivery_Expectations-min-scaled.jpg\" \/>\n\t<meta property=\"og:image:width\" content=\"1511\" \/>\n\t<meta property=\"og:image:height\" content=\"2560\" \/>\n\t<meta property=\"og:image:type\" content=\"image\/jpeg\" \/>\n<meta name=\"twitter:card\" content=\"summary_large_image\" \/>\n<script type=\"application\/ld+json\" class=\"yoast-schema-graph\">{\"@context\":\"https:\/\/schema.org\",\"@graph\":[{\"@type\":\"WebPage\",\"@id\":\"https:\/\/bertolinidirect.com\/fr\/delivery-instructions\",\"url\":\"https:\/\/bertolinidirect.com\/fr\/delivery-instructions\",\"name\":\"8 Tips for Stress-Free Furniture Delivery | Bertolini Direct\",\"isPartOf\":{\"@id\":\"https:\/\/bertolinidirect.com\/fr\/#website\"},\"primaryImageOfPage\":{\"@id\":\"https:\/\/bertolinidirect.com\/fr\/delivery-instructions#primaryimage\"},\"image\":{\"@id\":\"https:\/\/bertolinidirect.com\/fr\/delivery-instructions#primaryimage\"},\"thumbnailUrl\":\"https:\/\/bertolinidirect.com\/wp-content\/uploads\/2024\/04\/Bertolin_Delivery_Expectations-min-scaled.jpg\",\"datePublished\":\"2024-04-19T18:52:45+00:00\",\"dateModified\":\"2025-11-21T23:54:07+00:00\",\"description\":\"Getting new church chairs and tables is on one of the top ways to show how much you value and appreciate your congregation. But furniture delivery and\",\"breadcrumb\":{\"@id\":\"https:\/\/bertolinidirect.com\/fr\/delivery-instructions#breadcrumb\"},\"inLanguage\":\"fr-CA\",\"potentialAction\":[{\"@type\":\"ReadAction\",\"target\":[\"https:\/\/bertolinidirect.com\/fr\/delivery-instructions\"]}]},{\"@type\":\"ImageObject\",\"inLanguage\":\"fr-CA\",\"@id\":\"https:\/\/bertolinidirect.com\/fr\/delivery-instructions#primaryimage\",\"url\":\"https:\/\/bertolinidirect.com\/wp-content\/uploads\/2024\/04\/Bertolin_Delivery_Expectations-min-scaled.jpg\",\"contentUrl\":\"https:\/\/bertolinidirect.com\/wp-content\/uploads\/2024\/04\/Bertolin_Delivery_Expectations-min-scaled.jpg\"},{\"@type\":\"BreadcrumbList\",\"@id\":\"https:\/\/bertolinidirect.com\/fr\/delivery-instructions#breadcrumb\",\"itemListElement\":[{\"@type\":\"ListItem\",\"position\":1,\"name\":\"Home\",\"item\":\"https:\/\/bertolinidirect.com\/\"},{\"@type\":\"ListItem\",\"position\":2,\"name\":\"8 Tips for Stress-Free Furniture Delivery\"}]},{\"@type\":\"WebSite\",\"@id\":\"https:\/\/bertolinidirect.com\/fr\/#website\",\"url\":\"https:\/\/bertolinidirect.com\/fr\/\",\"name\":\"Bertolini\",\"description\":\"\",\"potentialAction\":[{\"@type\":\"SearchAction\",\"target\":{\"@type\":\"EntryPoint\",\"urlTemplate\":\"https:\/\/bertolinidirect.com\/fr\/?s={search_term_string}\"},\"query-input\":{\"@type\":\"PropertyValueSpecification\",\"valueRequired\":true,\"valueName\":\"search_term_string\"}}],\"inLanguage\":\"fr-CA\"}]}<\/script>\n<!-- \/ Yoast SEO Premium plugin. -->","yoast_head_json":{"title":"8 conseils pour une livraison de meubles sans stress | Bertolini Direct","description":"Obtenir de nouvelles chaises et tables d&#039;\u00e9glise est l&#039;un des meilleurs moyens de montrer \u00e0 quel point vous appr\u00e9ciez et appr\u00e9ciez votre congr\u00e9gation. Mais la livraison de meubles et","robots":{"index":"index","follow":"follow","max-snippet":"max-snippet:-1","max-image-preview":"max-image-preview:large","max-video-preview":"max-video-preview:-1"},"canonical":"https:\/\/bertolinidirect.com\/fr\/delivery-instructions\/","og_locale":"fr_CA","og_type":"article","og_title":"8 Tips for Stress-Free Furniture Delivery","og_description":"Getting new church chairs and tables is on one of the top ways to show how much you value and appreciate your congregation. But furniture delivery and","og_url":"https:\/\/bertolinidirect.com\/fr\/delivery-instructions\/","og_site_name":"Bertolini Direct","article_modified_time":"2025-11-21T23:54:07+00:00","og_image":[{"width":1511,"height":2560,"url":"https:\/\/bertolinidirect.com\/wp-content\/uploads\/2024\/04\/Bertolin_Delivery_Expectations-min-scaled.jpg","type":"image\/jpeg"}],"twitter_card":"summary_large_image","schema":{"@context":"https:\/\/schema.org","@graph":[{"@type":"WebPage","@id":"https:\/\/bertolinidirect.com\/fr\/delivery-instructions","url":"https:\/\/bertolinidirect.com\/fr\/delivery-instructions","name":"8 conseils pour une livraison de meubles sans stress | Bertolini Direct","isPartOf":{"@id":"https:\/\/bertolinidirect.com\/fr\/#website"},"primaryImageOfPage":{"@id":"https:\/\/bertolinidirect.com\/fr\/delivery-instructions#primaryimage"},"image":{"@id":"https:\/\/bertolinidirect.com\/fr\/delivery-instructions#primaryimage"},"thumbnailUrl":"https:\/\/bertolinidirect.com\/wp-content\/uploads\/2024\/04\/Bertolin_Delivery_Expectations-min-scaled.jpg","datePublished":"2024-04-19T18:52:45+00:00","dateModified":"2025-11-21T23:54:07+00:00","description":"Obtenir de nouvelles chaises et tables d&#039;\u00e9glise est l&#039;un des meilleurs moyens de montrer \u00e0 quel point vous appr\u00e9ciez et appr\u00e9ciez votre congr\u00e9gation. Mais la livraison de meubles et","breadcrumb":{"@id":"https:\/\/bertolinidirect.com\/fr\/delivery-instructions#breadcrumb"},"inLanguage":"fr-CA","potentialAction":[{"@type":"ReadAction","target":["https:\/\/bertolinidirect.com\/fr\/delivery-instructions"]}]},{"@type":"ImageObject","inLanguage":"fr-CA","@id":"https:\/\/bertolinidirect.com\/fr\/delivery-instructions#primaryimage","url":"https:\/\/bertolinidirect.com\/wp-content\/uploads\/2024\/04\/Bertolin_Delivery_Expectations-min-scaled.jpg","contentUrl":"https:\/\/bertolinidirect.com\/wp-content\/uploads\/2024\/04\/Bertolin_Delivery_Expectations-min-scaled.jpg"},{"@type":"BreadcrumbList","@id":"https:\/\/bertolinidirect.com\/fr\/delivery-instructions#breadcrumb","itemListElement":[{"@type":"ListItem","position":1,"name":"Home","item":"https:\/\/bertolinidirect.com\/"},{"@type":"ListItem","position":2,"name":"8 Tips for Stress-Free Furniture Delivery"}]},{"@type":"WebSite","@id":"https:\/\/bertolinidirect.com\/fr\/#website","url":"https:\/\/bertolinidirect.com\/fr\/","name":"Bertolini","description":"","potentialAction":[{"@type":"SearchAction","target":{"@type":"EntryPoint","urlTemplate":"https:\/\/bertolinidirect.com\/fr\/?s={search_term_string}"},"query-input":{"@type":"PropertyValueSpecification","valueRequired":true,"valueName":"search_term_string"}}],"inLanguage":"fr-CA"}]}},"_links":{"self":[{"href":"https:\/\/bertolinidirect.com\/fr\/wp-json\/wp\/v2\/pages\/780","targetHints":{"allow":["GET"]}}],"collection":[{"href":"https:\/\/bertolinidirect.com\/fr\/wp-json\/wp\/v2\/pages"}],"about":[{"href":"https:\/\/bertolinidirect.com\/fr\/wp-json\/wp\/v2\/types\/page"}],"author":[{"embeddable":true,"href":"https:\/\/bertolinidirect.com\/fr\/wp-json\/wp\/v2\/users\/1"}],"replies":[{"embeddable":true,"href":"https:\/\/bertolinidirect.com\/fr\/wp-json\/wp\/v2\/comments?post=780"}],"version-history":[{"count":4,"href":"https:\/\/bertolinidirect.com\/fr\/wp-json\/wp\/v2\/pages\/780\/revisions"}],"predecessor-version":[{"id":24605,"href":"https:\/\/bertolinidirect.com\/fr\/wp-json\/wp\/v2\/pages\/780\/revisions\/24605"}],"wp:attachment":[{"href":"https:\/\/bertolinidirect.com\/fr\/wp-json\/wp\/v2\/media?parent=780"}],"curies":[{"name":"wp","href":"https:\/\/api.w.org\/{rel}","templated":true}]}}