{"id":762,"date":"2024-04-19T18:40:16","date_gmt":"2024-04-19T18:40:16","guid":{"rendered":"https:\/\/bertolinidirect.com\/?page_id=762"},"modified":"2025-10-21T16:37:31","modified_gmt":"2025-10-21T16:37:31","slug":"press","status":"publish","type":"page","link":"https:\/\/bertolinidirect.com\/fr\/press","title":{"rendered":"Presse et Actualit\u00e9s"},"content":{"rendered":"<p><a href=\"\/fr\/press\/affordable-new-line\/\">Bertolini lance une nouvelle gamme abordable de chaises et de tables pliantes<\/a> \u2013 16 octobre 2025<\/p>\n\n\n\n<p><a href=\"https:\/\/bertolinidirect.com\/fr\/press\/new-high-density-stacking-line\/\">Bertolini lance une nouvelle gamme de chaises empilables haute densit\u00e9<\/a> \u2013 1er octobre 2025<\/p>\n\n\n\n<p><a href=\"https:\/\/bertolinidirect.com\/fr\/press\/new-coo-cfo\/\">MITY Inc annonce un nouveau COO et CFO<\/a> \u2013 5 d\u00e9cembre 2023<\/p>\n\n\n\n<p><a href=\"https:\/\/bertolinidirect.com\/fr\/press\/new-ceo\/\">MITY Inc accueille un nouveau PDG<\/a> \u2013 16 novembre 2023<\/p>\n\n\n\n<p><a href=\"https:\/\/bertolinidirect.com\/fr\/press\/launches-new-website\/\">Bertolini lance un nouveau site Web et met \u00e0 jour les chaises d&#039;\u00e9glise<\/a> \u2013 28 ao\u00fbt 2019<\/p>\n\n\n\n<p><a href=\"https:\/\/bertolinidirect.com\/fr\/press\/donates-chairs-to-inmate-programs\/\">Bertolini fait don de chaises aux programmes destin\u00e9s aux d\u00e9tenus dans les \u00e9tablissements correctionnels du Tennessee<\/a> \u2013 18 mars 2019<\/p>\n\n\n\n<p><a href=\"https:\/\/bertolinidirect.com\/fr\/press\/mity-inc-aquires-bertolini\/\">MITY Inc. acquiert Bertolini<\/a> \u2013 2 janvier 2018<\/p>\n\n\n\n<p><a href=\"https:\/\/bertolinidirect.com\/fr\/press\/north-point-community\/\">Bertolini a construit sur mesure 4 500 chaises d&#039;\u00e9glise pour l&#039;\u00e9glise communautaire de North Point<\/a> \u2013 9 novembre 2015<\/p>\n\n\n\n<p><a href=\"https:\/\/bertolinidirect.com\/fr\/press\/customer-centric-delivery\/\">Bertolini Incorporated pr\u00e9sente un programme de livraison centr\u00e9 sur le client<\/a> \u2013 05 juin 2015<\/p>\n\n\n\n<p><a href=\"https:\/\/bertolinidirect.com\/fr\/press\/millennia-chairs\/\">Bertolini fabrique des chaises Millennia sur mesure pour l&#039;\u00e9glise New Hope<\/a> \u2013 15 mai 2015<\/p>\n\n\n\n<p><a href=\"https:\/\/bertolinidirect.com\/fr\/press\/2-million-impressions\/\">Bertolini c\u00e9l\u00e8bre plus de 2 millions de chaises d&#039;\u00e9glise de la s\u00e9rie Impressions\u2122 vendues<\/a> \u2013 06 novembre 2014<\/p>\n\n\n\n<p><a href=\"https:\/\/bertolinidirect.com\/fr\/press\/postureflex-chairs\/\">Bertolini fabrique des chaises Postureflex sur mesure pour Chabad de North Hollywood<\/a> \u2013 5 septembre 2014<\/p>\n\n\n\n<p><a href=\"https:\/\/bertolinidirect.com\/fr\/press\/high-density-stacker\/\">Bertolini pr\u00e9sente le gerbeur haute densit\u00e9<\/a> \u2013 20 juin 2014<\/p>\n\n\n\n<p><a href=\"https:\/\/bertolinidirect.com\/fr\/press\/card-pencil-holder\/\">Bertolini lance un porte-crayon pour cartes en attente de brevet<\/a> \u2013 12 juin 2014<\/p>\n\n\n\n<p><a href=\"https:\/\/bertolinidirect.com\/fr\/press\/sustainability-training\/\">Bertolini lance un programme de formation au d\u00e9veloppement durable pour ses employ\u00e9s<\/a> \u2013 22 mars 2014<\/p>\n\n\n\n<p><a href=\"https:\/\/bertolinidirect.com\/fr\/press\/university-of-tennessee\/\">Le Centre des services industriels de l&#039;Universit\u00e9 du Tennessee rend hommage aux fabricants du Tennessee<\/a> \u2013 10 octobre 2013<\/p>\n\n\n\n<p><a href=\"https:\/\/bertolinidirect.com\/fr\/press\/new-consumer-alert\/\">Bertolini a annonc\u00e9 une nouvelle alerte aux consommateurs sur ce qu&#039;il faut savoir avant d&#039;acheter une chaise d&#039;\u00e9glise import\u00e9e<\/a> \u2013 10 septembre 2013<\/p>\n\n\n\n<p><a href=\"https:\/\/bertolinidirect.com\/fr\/press\/new-education-initiative\/\">Bertolini a annonc\u00e9 une nouvelle initiative d&#039;\u00e9ducation des consommateurs sur la qualit\u00e9 et les chaises d&#039;\u00e9glise<\/a> \u2013 31 juillet 2013<\/p>\n\n\n\n<p><a href=\"https:\/\/bertolinidirect.com\/fr\/press\/60-year-anniversary\/\">La famille Bertolini c\u00e9l\u00e8bre son 60e anniversaire dans la fabrication de chaises empilables<\/a> \u2013<strong> <\/strong>24 juin 2013<\/p>","protected":false},"excerpt":{"rendered":"<p>Bertolini Launches Affordable New Line of Folding Chairs and Tables &#8211; October 16, 2025 Bertolini Launches New High-Density Stacking Chair Line &#8211; October 1, 2025 MITY Inc Announces a New COO &amp; CFO &#8211; December 5, 2023 MITY Inc Welcomes a New CEO &#8211; November 16, 2023 Bertolini Launches New Website and Updates Church Chairs [&hellip;]<\/p>\n","protected":false},"author":1,"featured_media":0,"parent":0,"menu_order":0,"comment_status":"closed","ping_status":"closed","template":"content-page.php","meta":{"_acf_changed":false,"footnotes":""},"class_list":["post-762","page","type-page","status-publish","hentry"],"acf":[],"yoast_head":"<!-- This site is optimized with the Yoast SEO Premium plugin v24.2 (Yoast SEO v27.1.1) - https:\/\/yoast.com\/product\/yoast-seo-premium-wordpress\/ -->\n<title>Press &amp; News | Bertolini Direct<\/title>\n<meta name=\"description\" content=\"Bertolini Launches Affordable New Line of Folding Chairs and Tables - October 16, 2025 Bertolini Launches New High-Density Stacking Chair Line - October\" \/>\n<meta name=\"robots\" content=\"index, follow, max-snippet:-1, max-image-preview:large, max-video-preview:-1\" \/>\n<link rel=\"canonical\" href=\"https:\/\/bertolinidirect.com\/fr\/press\/\" \/>\n<meta property=\"og:locale\" content=\"fr_CA\" \/>\n<meta property=\"og:type\" content=\"article\" \/>\n<meta property=\"og:title\" content=\"Press &amp; News\" \/>\n<meta property=\"og:description\" content=\"Bertolini Launches Affordable New Line of Folding Chairs and Tables - October 16, 2025 Bertolini Launches New High-Density Stacking Chair Line - October\" \/>\n<meta property=\"og:url\" content=\"https:\/\/bertolinidirect.com\/fr\/press\/\" \/>\n<meta property=\"og:site_name\" content=\"Bertolini Direct\" \/>\n<meta property=\"article:modified_time\" content=\"2025-10-21T16:37:31+00:00\" \/>\n<meta name=\"twitter:card\" content=\"summary_large_image\" \/>\n<script type=\"application\/ld+json\" class=\"yoast-schema-graph\">{\"@context\":\"https:\/\/schema.org\",\"@graph\":[{\"@type\":\"WebPage\",\"@id\":\"https:\/\/bertolinidirect.com\/fr\/press\",\"url\":\"https:\/\/bertolinidirect.com\/fr\/press\",\"name\":\"Press &amp; News | Bertolini Direct\",\"isPartOf\":{\"@id\":\"https:\/\/bertolinidirect.com\/fr\/#website\"},\"datePublished\":\"2024-04-19T18:40:16+00:00\",\"dateModified\":\"2025-10-21T16:37:31+00:00\",\"description\":\"Bertolini Launches Affordable New Line of Folding Chairs and Tables - October 16, 2025 Bertolini Launches New High-Density Stacking Chair Line - October\",\"breadcrumb\":{\"@id\":\"https:\/\/bertolinidirect.com\/fr\/press#breadcrumb\"},\"inLanguage\":\"fr-CA\",\"potentialAction\":[{\"@type\":\"ReadAction\",\"target\":[\"https:\/\/bertolinidirect.com\/fr\/press\"]}]},{\"@type\":\"BreadcrumbList\",\"@id\":\"https:\/\/bertolinidirect.com\/fr\/press#breadcrumb\",\"itemListElement\":[{\"@type\":\"ListItem\",\"position\":1,\"name\":\"Home\",\"item\":\"https:\/\/bertolinidirect.com\/\"},{\"@type\":\"ListItem\",\"position\":2,\"name\":\"Press &amp; News\"}]},{\"@type\":\"WebSite\",\"@id\":\"https:\/\/bertolinidirect.com\/fr\/#website\",\"url\":\"https:\/\/bertolinidirect.com\/fr\/\",\"name\":\"Bertolini\",\"description\":\"\",\"potentialAction\":[{\"@type\":\"SearchAction\",\"target\":{\"@type\":\"EntryPoint\",\"urlTemplate\":\"https:\/\/bertolinidirect.com\/fr\/?s={search_term_string}\"},\"query-input\":{\"@type\":\"PropertyValueSpecification\",\"valueRequired\":true,\"valueName\":\"search_term_string\"}}],\"inLanguage\":\"fr-CA\"}]}<\/script>\n<!-- \/ Yoast SEO Premium plugin. -->","yoast_head_json":{"title":"Presse et Actualit\u00e9s | Bertolini Direct","description":"Bertolini lance une nouvelle gamme abordable de chaises et de tables pliantes - 16 octobre 2025 Bertolini lance une nouvelle gamme de chaises empilables haute densit\u00e9 - octobre","robots":{"index":"index","follow":"follow","max-snippet":"max-snippet:-1","max-image-preview":"max-image-preview:large","max-video-preview":"max-video-preview:-1"},"canonical":"https:\/\/bertolinidirect.com\/fr\/press\/","og_locale":"fr_CA","og_type":"article","og_title":"Press &amp; News","og_description":"Bertolini Launches Affordable New Line of Folding Chairs and Tables - October 16, 2025 Bertolini Launches New High-Density Stacking Chair Line - October","og_url":"https:\/\/bertolinidirect.com\/fr\/press\/","og_site_name":"Bertolini Direct","article_modified_time":"2025-10-21T16:37:31+00:00","twitter_card":"summary_large_image","schema":{"@context":"https:\/\/schema.org","@graph":[{"@type":"WebPage","@id":"https:\/\/bertolinidirect.com\/fr\/press","url":"https:\/\/bertolinidirect.com\/fr\/press","name":"Presse et Actualit\u00e9s | Bertolini Direct","isPartOf":{"@id":"https:\/\/bertolinidirect.com\/fr\/#website"},"datePublished":"2024-04-19T18:40:16+00:00","dateModified":"2025-10-21T16:37:31+00:00","description":"Bertolini lance une nouvelle gamme abordable de chaises et de tables pliantes - 16 octobre 2025 Bertolini lance une nouvelle gamme de chaises empilables haute densit\u00e9 - octobre","breadcrumb":{"@id":"https:\/\/bertolinidirect.com\/fr\/press#breadcrumb"},"inLanguage":"fr-CA","potentialAction":[{"@type":"ReadAction","target":["https:\/\/bertolinidirect.com\/fr\/press"]}]},{"@type":"BreadcrumbList","@id":"https:\/\/bertolinidirect.com\/fr\/press#breadcrumb","itemListElement":[{"@type":"ListItem","position":1,"name":"Home","item":"https:\/\/bertolinidirect.com\/"},{"@type":"ListItem","position":2,"name":"Press &amp; News"}]},{"@type":"WebSite","@id":"https:\/\/bertolinidirect.com\/fr\/#website","url":"https:\/\/bertolinidirect.com\/fr\/","name":"Bertolini","description":"","potentialAction":[{"@type":"SearchAction","target":{"@type":"EntryPoint","urlTemplate":"https:\/\/bertolinidirect.com\/fr\/?s={search_term_string}"},"query-input":{"@type":"PropertyValueSpecification","valueRequired":true,"valueName":"search_term_string"}}],"inLanguage":"fr-CA"}]}},"_links":{"self":[{"href":"https:\/\/bertolinidirect.com\/fr\/wp-json\/wp\/v2\/pages\/762","targetHints":{"allow":["GET"]}}],"collection":[{"href":"https:\/\/bertolinidirect.com\/fr\/wp-json\/wp\/v2\/pages"}],"about":[{"href":"https:\/\/bertolinidirect.com\/fr\/wp-json\/wp\/v2\/types\/page"}],"author":[{"embeddable":true,"href":"https:\/\/bertolinidirect.com\/fr\/wp-json\/wp\/v2\/users\/1"}],"replies":[{"embeddable":true,"href":"https:\/\/bertolinidirect.com\/fr\/wp-json\/wp\/v2\/comments?post=762"}],"version-history":[{"count":21,"href":"https:\/\/bertolinidirect.com\/fr\/wp-json\/wp\/v2\/pages\/762\/revisions"}],"predecessor-version":[{"id":24402,"href":"https:\/\/bertolinidirect.com\/fr\/wp-json\/wp\/v2\/pages\/762\/revisions\/24402"}],"wp:attachment":[{"href":"https:\/\/bertolinidirect.com\/fr\/wp-json\/wp\/v2\/media?parent=762"}],"curies":[{"name":"wp","href":"https:\/\/api.w.org\/{rel}","templated":true}]}}