{"id":759,"date":"2024-04-19T18:39:03","date_gmt":"2024-04-19T18:39:03","guid":{"rendered":"https:\/\/bertolinidirect.com\/?page_id=759"},"modified":"2026-04-20T22:36:05","modified_gmt":"2026-04-20T22:36:05","slug":"testimonials","status":"publish","type":"page","link":"https:\/\/bertolinidirect.com\/fr\/testimonials","title":{"rendered":"T\u00e9moignages"},"content":{"rendered":"<p>D\u00e9couvrez les histoires de congr\u00e9gations qui ont essay\u00e9 le mobilier d&#039;\u00e9glise Bertolini dans leurs lieux de culte. D\u00e9couvrez ce que les gens aiment dans les chaises et dans quelle mesure elles durent au fil des ann\u00e9es.<\/p>","protected":false},"excerpt":{"rendered":"<p>D\u00e9couvrez les histoires de congr\u00e9gations qui ont essay\u00e9 le mobilier d&#039;\u00e9glise Bertolini dans leurs lieux de culte. D\u00e9couvrez ce que les gens aiment dans les chaises et dans quelle mesure elles durent au fil des ann\u00e9es.<\/p>","protected":false},"author":1,"featured_media":0,"parent":0,"menu_order":0,"comment_status":"closed","ping_status":"closed","template":"testimonials.php","meta":{"_acf_changed":false,"footnotes":""},"class_list":["post-759","page","type-page","status-publish","hentry"],"acf":[],"yoast_head":"<!-- This site is optimized with the Yoast SEO Premium plugin v24.2 (Yoast SEO v27.4) - https:\/\/yoast.com\/product\/yoast-seo-premium-wordpress\/ -->\n<title>Testimonials | Bertolini Direct<\/title>\n<meta name=\"description\" content=\"Real stories from churches using Bertolini chairs. Discover why pastors and teams trust the comfort, durability, and service.\" \/>\n<meta name=\"robots\" content=\"index, follow, max-snippet:-1, max-image-preview:large, max-video-preview:-1\" \/>\n<link rel=\"canonical\" href=\"https:\/\/bertolinidirect.com\/fr\/testimonials\/\" \/>\n<meta property=\"og:locale\" content=\"fr_CA\" \/>\n<meta property=\"og:type\" content=\"article\" \/>\n<meta property=\"og:title\" content=\"Testimonials\" \/>\n<meta property=\"og:description\" content=\"Real stories from churches using Bertolini chairs. Discover why pastors and teams trust the comfort, durability, and service.\" \/>\n<meta property=\"og:url\" content=\"https:\/\/bertolinidirect.com\/fr\/testimonials\/\" \/>\n<meta property=\"og:site_name\" content=\"Bertolini Direct\" \/>\n<meta property=\"article:modified_time\" content=\"2026-04-20T22:36:05+00:00\" \/>\n<meta name=\"twitter:card\" content=\"summary_large_image\" \/>\n<script type=\"application\/ld+json\" class=\"yoast-schema-graph\">{\"@context\":\"https:\\\/\\\/schema.org\",\"@graph\":[{\"@type\":\"WebPage\",\"@id\":\"https:\\\/\\\/bertolinidirect.com\\\/fr\\\/testimonials\",\"url\":\"https:\\\/\\\/bertolinidirect.com\\\/fr\\\/testimonials\",\"name\":\"Testimonials | Bertolini Direct\",\"isPartOf\":{\"@id\":\"https:\\\/\\\/bertolinidirect.com\\\/fr\\\/#website\"},\"datePublished\":\"2024-04-19T18:39:03+00:00\",\"dateModified\":\"2026-04-20T22:36:05+00:00\",\"description\":\"Real stories from churches using Bertolini chairs. Discover why pastors and teams trust the comfort, durability, and service.\",\"breadcrumb\":{\"@id\":\"https:\\\/\\\/bertolinidirect.com\\\/fr\\\/testimonials#breadcrumb\"},\"inLanguage\":\"fr-CA\",\"potentialAction\":[{\"@type\":\"ReadAction\",\"target\":[\"https:\\\/\\\/bertolinidirect.com\\\/fr\\\/testimonials\"]}]},{\"@type\":\"BreadcrumbList\",\"@id\":\"https:\\\/\\\/bertolinidirect.com\\\/fr\\\/testimonials#breadcrumb\",\"itemListElement\":[{\"@type\":\"ListItem\",\"position\":1,\"name\":\"Home\",\"item\":\"https:\\\/\\\/bertolinidirect.com\\\/\"},{\"@type\":\"ListItem\",\"position\":2,\"name\":\"Testimonials\"}]},{\"@type\":\"WebSite\",\"@id\":\"https:\\\/\\\/bertolinidirect.com\\\/fr\\\/#website\",\"url\":\"https:\\\/\\\/bertolinidirect.com\\\/fr\\\/\",\"name\":\"Bertolini\",\"description\":\"\",\"potentialAction\":[{\"@type\":\"SearchAction\",\"target\":{\"@type\":\"EntryPoint\",\"urlTemplate\":\"https:\\\/\\\/bertolinidirect.com\\\/fr\\\/?s={search_term_string}\"},\"query-input\":{\"@type\":\"PropertyValueSpecification\",\"valueRequired\":true,\"valueName\":\"search_term_string\"}}],\"inLanguage\":\"fr-CA\"}]}<\/script>\n<!-- \/ Yoast SEO Premium plugin. -->","yoast_head_json":{"title":"T\u00e9moignages | Bertolini Direct","description":"T\u00e9moignages d&#039;\u00e9glises utilisant les chaises Bertolini. D\u00e9couvrez pourquoi les pasteurs et leurs \u00e9quipes font confiance \u00e0 leur confort, leur durabilit\u00e9 et leur fiabilit\u00e9.","robots":{"index":"index","follow":"follow","max-snippet":"max-snippet:-1","max-image-preview":"max-image-preview:large","max-video-preview":"max-video-preview:-1"},"canonical":"https:\/\/bertolinidirect.com\/fr\/testimonials\/","og_locale":"fr_CA","og_type":"article","og_title":"Testimonials","og_description":"Real stories from churches using Bertolini chairs. Discover why pastors and teams trust the comfort, durability, and service.","og_url":"https:\/\/bertolinidirect.com\/fr\/testimonials\/","og_site_name":"Bertolini Direct","article_modified_time":"2026-04-20T22:36:05+00:00","twitter_card":"summary_large_image","schema":{"@context":"https:\/\/schema.org","@graph":[{"@type":"WebPage","@id":"https:\/\/bertolinidirect.com\/fr\/testimonials","url":"https:\/\/bertolinidirect.com\/fr\/testimonials","name":"T\u00e9moignages | Bertolini Direct","isPartOf":{"@id":"https:\/\/bertolinidirect.com\/fr\/#website"},"datePublished":"2024-04-19T18:39:03+00:00","dateModified":"2026-04-20T22:36:05+00:00","description":"T\u00e9moignages d&#039;\u00e9glises utilisant les chaises Bertolini. D\u00e9couvrez pourquoi les pasteurs et leurs \u00e9quipes font confiance \u00e0 leur confort, leur durabilit\u00e9 et leur fiabilit\u00e9.","breadcrumb":{"@id":"https:\/\/bertolinidirect.com\/fr\/testimonials#breadcrumb"},"inLanguage":"fr-CA","potentialAction":[{"@type":"ReadAction","target":["https:\/\/bertolinidirect.com\/fr\/testimonials"]}]},{"@type":"BreadcrumbList","@id":"https:\/\/bertolinidirect.com\/fr\/testimonials#breadcrumb","itemListElement":[{"@type":"ListItem","position":1,"name":"Home","item":"https:\/\/bertolinidirect.com\/"},{"@type":"ListItem","position":2,"name":"Testimonials"}]},{"@type":"WebSite","@id":"https:\/\/bertolinidirect.com\/fr\/#website","url":"https:\/\/bertolinidirect.com\/fr\/","name":"Bertolini","description":"","potentialAction":[{"@type":"SearchAction","target":{"@type":"EntryPoint","urlTemplate":"https:\/\/bertolinidirect.com\/fr\/?s={search_term_string}"},"query-input":{"@type":"PropertyValueSpecification","valueRequired":true,"valueName":"search_term_string"}}],"inLanguage":"fr-CA"}]}},"_links":{"self":[{"href":"https:\/\/bertolinidirect.com\/fr\/wp-json\/wp\/v2\/pages\/759","targetHints":{"allow":["GET"]}}],"collection":[{"href":"https:\/\/bertolinidirect.com\/fr\/wp-json\/wp\/v2\/pages"}],"about":[{"href":"https:\/\/bertolinidirect.com\/fr\/wp-json\/wp\/v2\/types\/page"}],"author":[{"embeddable":true,"href":"https:\/\/bertolinidirect.com\/fr\/wp-json\/wp\/v2\/users\/1"}],"replies":[{"embeddable":true,"href":"https:\/\/bertolinidirect.com\/fr\/wp-json\/wp\/v2\/comments?post=759"}],"version-history":[{"count":2,"href":"https:\/\/bertolinidirect.com\/fr\/wp-json\/wp\/v2\/pages\/759\/revisions"}],"predecessor-version":[{"id":1447,"href":"https:\/\/bertolinidirect.com\/fr\/wp-json\/wp\/v2\/pages\/759\/revisions\/1447"}],"wp:attachment":[{"href":"https:\/\/bertolinidirect.com\/fr\/wp-json\/wp\/v2\/media?parent=759"}],"curies":[{"name":"wp","href":"https:\/\/api.w.org\/{rel}","templated":true}]}}