{"id":569,"date":"2024-04-16T23:03:16","date_gmt":"2024-04-16T23:03:16","guid":{"rendered":"https:\/\/bertolinidirect.com\/?page_id=569"},"modified":"2024-05-14T17:15:24","modified_gmt":"2024-05-14T17:15:24","slug":"privacy-policy","status":"publish","type":"page","link":"https:\/\/bertolinidirect.com\/fr\/privacy-policy","title":{"rendered":"politique de confidentialit\u00e9"},"content":{"rendered":"<p>Bertolini, qui fait partie de la famille de marques MITY Incorporated, s&#039;engage \u00e0 prot\u00e9ger votre vie priv\u00e9e. Vous pouvez visiter la plupart des pages de nos sites sans nous fournir aucune information sur vous-m\u00eame ou votre organisation. Mais parfois, nous avons besoin d&#039;informations pour fournir les informations ou les services que vous demandez, et cette d\u00e9claration de confidentialit\u00e9 explique la collecte et l&#039;utilisation des donn\u00e9es dans ces situations. Veuillez lire la d\u00e9claration de confidentialit\u00e9 compl\u00e8te de Bertolini\/MITY Inc.<\/p>\n\n\n\n<h2 class=\"wp-block-heading\">Collecte de vos informations personnelles ou organisationnelles<\/h2>\n\n\n\n<p>Les informations personnelles ou organisationnelles collect\u00e9es par Bertolini\/MITY Inc se limitent souvent au num\u00e9ro de t\u00e9l\u00e9phone, \u00e0 l&#039;adresse postale, \u00e0 l&#039;adresse e-mail, \u00e0 la langue, au pays ou \u00e0 l&#039;emplacement, mais peuvent inclure d&#039;autres informations lorsque cela est n\u00e9cessaire pour fournir un service ou pour r\u00e9pondre avec les informations que vous avez demand\u00e9es.<\/p>\n\n\n\n<p>Bertolini collecte \u00e9galement certaines informations sur le mat\u00e9riel informatique et les logiciels utilis\u00e9s pour consulter nos sites Internet. Ces informations peuvent inclure\u00a0: votre adresse IP, votre type de navigateur, votre syst\u00e8me d&#039;exploitation, votre nom de domaine, vos heures d&#039;acc\u00e8s et les adresses des sites Web de r\u00e9f\u00e9rence. Ces informations sont utilis\u00e9es pour fournir des statistiques g\u00e9n\u00e9rales concernant l&#039;utilisation de nos sites Web. Bertolini collecte \u00e9galement des informations sur les pages que nos clients visitent sur Bertolinidirect.com.<\/p>\n\n\n\n<p>Nous engageons occasionnellement d&#039;autres soci\u00e9t\u00e9s pour fournir des services limit\u00e9s en notre nom, notamment l&#039;emballage, l&#039;envoi et la livraison des achats, la r\u00e9ponse aux questions des clients sur les produits ou services, l&#039;envoi de courrier postal et le traitement des inscriptions \u00e0 des \u00e9v\u00e9nements. Nous fournirons \u00e0 ces soci\u00e9t\u00e9s uniquement les informations dont elles ont besoin pour fournir le service, et il leur est interdit d&#039;utiliser ces informations \u00e0 d&#039;autres fins.<\/p>\n\n\n\n<p>Bertolini peut divulguer vos informations personnelles ou organisationnelles si la loi l&#039;exige ou si elle croit de bonne foi qu&#039;une telle action est n\u00e9cessaire pour\u00a0: (a) se conformer aux d\u00e9crets de la loi ou se conformer \u00e0 une proc\u00e9dure judiciaire engag\u00e9e contre Bertolini ou le site. ; (b) prot\u00e9ger et d\u00e9fendre les droits ou la propri\u00e9t\u00e9 de Bertolini et de sa famille de sites Web, ou (c) agir dans des circonstances urgentes pour prot\u00e9ger la s\u00e9curit\u00e9 personnelle des employ\u00e9s de Bertolini, des utilisateurs des produits ou services Bertolini ou des membres du public.<\/p>\n\n\n\n<h2 class=\"wp-block-heading\">Contr\u00f4le de vos informations personnelles ou organisationnelles<\/h2>\n\n\n\n<p>Lorsque vous vous inscrivez ou nous fournissez des informations personnelles ou organisationnelles, Bertolini ne partagera pas ces informations avec des tiers sans votre autorisation, sauf pour les exceptions limit\u00e9es d\u00e9j\u00e0 \u00e9num\u00e9r\u00e9es. Il ne sera utilis\u00e9 qu\u2019aux fins indiqu\u00e9es ci-dessus.<\/p>\n\n\n\n<h2 class=\"wp-block-heading\">CCPA<\/h2>\n\n\n\n<p>Bertolini respecte votre vie priv\u00e9e. Votre confiance est importante pour nous et nous nous engageons \u00e0 vous fournir les informations que nous collectons aupr\u00e8s de vous ou \u00e0 votre sujet. Depuis le 1er janvier 2020, la California Consumer Privacy Act de 2018 (la \u00ab CCPA \u00bb) accorde aux r\u00e9sidents californiens certains droits concernant leurs informations personnelles, y compris le droit de refuser certaines divulgations d&#039;informations personnelles.<\/p>\n\n\n\n<p>Les informations personnelles ou organisationnelles collect\u00e9es par Bertolini se limitent souvent \u00e0 un num\u00e9ro de t\u00e9l\u00e9phone, une adresse postale, une adresse e-mail, une langue, un pays ou un emplacement, mais peuvent inclure d&#039;autres informations lorsque cela est n\u00e9cessaire pour fournir un service ou pour r\u00e9pondre avec les informations que vous avez demand\u00e9es. Nous ne vendrons pas vos informations \u00e0 des entreprises ou \u00e0 des annonceurs tiers.<\/p>\n\n\n\n<p>Nous utilisons les informations que nous collectons pour le support client, les efforts de marketing, les enqu\u00eates, les analyses et les recherches, ainsi que d&#039;autres activit\u00e9s promotionnelles.<\/p>\n\n\n\n<p>Pour vous d\u00e9sinscrire et\/ou supprimer les donn\u00e9es qui ont \u00e9t\u00e9 collect\u00e9es, veuillez visiter notre <a href=\"\/fr\/contact\/\">Page Contactez-nous<\/a> et soumettez une demande ou envoyez-nous un e-mail \u00e0 support@bertolinidirect.com.<\/p>\n\n\n\n<h2 class=\"wp-block-heading\">Utilisation des cookies<\/h2>\n\n\n\n<p>Lorsqu&#039;une personne visite le site, un cookie est d\u00e9pos\u00e9 sur la machine du client (si le client accepte les cookies) ou est lu si le client a d\u00e9j\u00e0 visit\u00e9 le site. Une utilisation des cookies consiste \u00e0 aider \u00e0 la collecte des statistiques de visite du site d\u00e9crites ci-dessus.<\/p>\n\n\n\n<p>Nous utilisons \u00e9galement des cookies pour collecter des informations sur les liens sur lesquels les utilisateurs cliquent. Ces informations sont utilis\u00e9es pour garantir que nous fournissons les informations souhait\u00e9es par les clients. Ils sont collect\u00e9s sous forme agr\u00e9g\u00e9e et ne sont jamais li\u00e9s \u00e0 vos informations personnelles ou organisationnelles.<\/p>\n\n\n\n<p>Si vous choisissez de ne pas laisser votre navigateur accepter les cookies des sites Web Bertolini ou MITY Inc, vous pourrez visualiser le texte sur les \u00e9crans et faire des demandes ; cependant vous ne b\u00e9n\u00e9ficierez pas d&#039;une visite personnalis\u00e9e.<\/p>\n\n\n\n<h2 class=\"wp-block-heading\">Politique et proc\u00e9dure de d\u00e9sinscription<\/h2>\n\n\n\n<p>Bertolini propose trois m\u00e9thodes pour se d\u00e9sinscrire des contacts non sollicit\u00e9s. 1) Envoyez un e-mail \u00e0 Bertolini \u00e0 support@bertolinidirect.com avec votre demande. 2) Appelez le 1-800-647-7755 et demandez \u00e0 parler \u00e0 votre repr\u00e9sentant du service client. 3) Envoyez votre demande \u00e0 Bertolini comme d\u00e9crit au bas de cette d\u00e9claration.<\/p>\n\n\n\n<p>La mise \u00e0 jour de nos syst\u00e8mes n\u00e9cessite du temps et les envois promotionnels utilisant vos informations avant votre d\u00e9sinscription peuvent d\u00e9j\u00e0 \u00eatre en cours. Ainsi, vous pouvez continuer \u00e0 recevoir du mat\u00e9riel promotionnel de Bertolini sur la base des informations que vous avez fournies dans le cadre de la pr\u00e9sente politique de confidentialit\u00e9 pendant une dur\u00e9e maximale de quatre-vingt-dix (90) jours. Pour des raisons similaires, vos informations personnelles peuvent continuer \u00e0 \u00eatre partag\u00e9es avec des tiers \u00e0 des fins promotionnelles pendant une dur\u00e9e maximale de quatre-vingt-dix (90) jours.<\/p>\n\n\n\n<h2 class=\"wp-block-heading\">Modifications apport\u00e9es \u00e0 cette d\u00e9claration<\/h2>\n\n\n\n<p>Bertolini, qui rel\u00e8ve des marques MITY Inc, mettra occasionnellement \u00e0 jour cette d\u00e9claration de confidentialit\u00e9. Lorsque nous le ferons, nous r\u00e9viserons \u00e9galement la date de \u00ab derni\u00e8re mise \u00e0 jour \u00bb au bas de la d\u00e9claration de confidentialit\u00e9.<\/p>\n\n\n\n<h2 class=\"wp-block-heading\">Coordonn\u00e9es<\/h2>\n\n\n\n<p>Bertolini (une division de MITY Incorporated) accueille vos commentaires concernant cette d\u00e9claration de confidentialit\u00e9\u00a0; veuillez nous contacter par email ou par courrier postal.<\/p>\n\n\n\n<p>D\u00e9partement Marketing de MITY Inc.<br>1301 Ouest 400 Nord Orem, UT 84057<\/p>\n\n\n\n<p>Ce document a \u00e9t\u00e9 r\u00e9vis\u00e9 pour la derni\u00e8re fois le 17 avril 2024.<\/p>","protected":false},"excerpt":{"rendered":"<p>Bertolini, which is part of the MITY Incorporated family of brands, is committed to protecting your privacy. You can visit most pages on our sites without giving us any information about yourself or your organization. But sometimes we do need information to provide information or services that you request, and this privacy statement explains data [&hellip;]<\/p>\n","protected":false},"author":2,"featured_media":0,"parent":0,"menu_order":0,"comment_status":"closed","ping_status":"closed","template":"content-page.php","meta":{"_acf_changed":false,"footnotes":""},"class_list":["post-569","page","type-page","status-publish","hentry"],"acf":[],"yoast_head":"<!-- This site is optimized with the Yoast SEO Premium plugin v24.2 (Yoast SEO v27.1.1) - https:\/\/yoast.com\/product\/yoast-seo-premium-wordpress\/ -->\n<title>Privacy Policy | Bertolini Direct<\/title>\n<meta name=\"description\" content=\"Bertolini, which is part of the MITY Incorporated family of brands, is committed to protecting your privacy. You can visit most pages on our sites without\" \/>\n<meta name=\"robots\" content=\"index, follow, max-snippet:-1, max-image-preview:large, max-video-preview:-1\" \/>\n<link rel=\"canonical\" href=\"https:\/\/bertolinidirect.com\/fr\/privacy-policy\/\" \/>\n<meta property=\"og:locale\" content=\"fr_CA\" \/>\n<meta property=\"og:type\" content=\"article\" \/>\n<meta property=\"og:title\" content=\"Privacy Policy\" \/>\n<meta property=\"og:description\" content=\"Bertolini, which is part of the MITY Incorporated family of brands, is committed to protecting your privacy. You can visit most pages on our sites without\" \/>\n<meta property=\"og:url\" content=\"https:\/\/bertolinidirect.com\/fr\/privacy-policy\/\" \/>\n<meta property=\"og:site_name\" content=\"Bertolini Direct\" \/>\n<meta property=\"article:modified_time\" content=\"2024-05-14T17:15:24+00:00\" \/>\n<meta name=\"twitter:card\" content=\"summary_large_image\" \/>\n<script type=\"application\/ld+json\" class=\"yoast-schema-graph\">{\"@context\":\"https:\/\/schema.org\",\"@graph\":[{\"@type\":\"WebPage\",\"@id\":\"https:\/\/bertolinidirect.com\/fr\/privacy-policy\",\"url\":\"https:\/\/bertolinidirect.com\/fr\/privacy-policy\",\"name\":\"Privacy Policy | Bertolini Direct\",\"isPartOf\":{\"@id\":\"https:\/\/bertolinidirect.com\/fr\/#website\"},\"datePublished\":\"2024-04-16T23:03:16+00:00\",\"dateModified\":\"2024-05-14T17:15:24+00:00\",\"description\":\"Bertolini, which is part of the MITY Incorporated family of brands, is committed to protecting your privacy. You can visit most pages on our sites without\",\"breadcrumb\":{\"@id\":\"https:\/\/bertolinidirect.com\/fr\/privacy-policy#breadcrumb\"},\"inLanguage\":\"fr-CA\",\"potentialAction\":[{\"@type\":\"ReadAction\",\"target\":[\"https:\/\/bertolinidirect.com\/fr\/privacy-policy\"]}]},{\"@type\":\"BreadcrumbList\",\"@id\":\"https:\/\/bertolinidirect.com\/fr\/privacy-policy#breadcrumb\",\"itemListElement\":[{\"@type\":\"ListItem\",\"position\":1,\"name\":\"Home\",\"item\":\"https:\/\/bertolinidirect.com\/\"},{\"@type\":\"ListItem\",\"position\":2,\"name\":\"Privacy Policy\"}]},{\"@type\":\"WebSite\",\"@id\":\"https:\/\/bertolinidirect.com\/fr\/#website\",\"url\":\"https:\/\/bertolinidirect.com\/fr\/\",\"name\":\"Bertolini\",\"description\":\"\",\"potentialAction\":[{\"@type\":\"SearchAction\",\"target\":{\"@type\":\"EntryPoint\",\"urlTemplate\":\"https:\/\/bertolinidirect.com\/fr\/?s={search_term_string}\"},\"query-input\":{\"@type\":\"PropertyValueSpecification\",\"valueRequired\":true,\"valueName\":\"search_term_string\"}}],\"inLanguage\":\"fr-CA\"}]}<\/script>\n<!-- \/ Yoast SEO Premium plugin. -->","yoast_head_json":{"title":"Politique de confidentialit\u00e9 | Bertolini Direct","description":"Bertolini, qui fait partie de la famille de marques MITY Incorporated, s&#039;engage \u00e0 prot\u00e9ger votre vie priv\u00e9e. Vous pouvez visiter la plupart des pages de nos sites sans","robots":{"index":"index","follow":"follow","max-snippet":"max-snippet:-1","max-image-preview":"max-image-preview:large","max-video-preview":"max-video-preview:-1"},"canonical":"https:\/\/bertolinidirect.com\/fr\/privacy-policy\/","og_locale":"fr_CA","og_type":"article","og_title":"Privacy Policy","og_description":"Bertolini, which is part of the MITY Incorporated family of brands, is committed to protecting your privacy. You can visit most pages on our sites without","og_url":"https:\/\/bertolinidirect.com\/fr\/privacy-policy\/","og_site_name":"Bertolini Direct","article_modified_time":"2024-05-14T17:15:24+00:00","twitter_card":"summary_large_image","schema":{"@context":"https:\/\/schema.org","@graph":[{"@type":"WebPage","@id":"https:\/\/bertolinidirect.com\/fr\/privacy-policy","url":"https:\/\/bertolinidirect.com\/fr\/privacy-policy","name":"Politique de confidentialit\u00e9 | Bertolini Direct","isPartOf":{"@id":"https:\/\/bertolinidirect.com\/fr\/#website"},"datePublished":"2024-04-16T23:03:16+00:00","dateModified":"2024-05-14T17:15:24+00:00","description":"Bertolini, qui fait partie de la famille de marques MITY Incorporated, s&#039;engage \u00e0 prot\u00e9ger votre vie priv\u00e9e. Vous pouvez visiter la plupart des pages de nos sites sans","breadcrumb":{"@id":"https:\/\/bertolinidirect.com\/fr\/privacy-policy#breadcrumb"},"inLanguage":"fr-CA","potentialAction":[{"@type":"ReadAction","target":["https:\/\/bertolinidirect.com\/fr\/privacy-policy"]}]},{"@type":"BreadcrumbList","@id":"https:\/\/bertolinidirect.com\/fr\/privacy-policy#breadcrumb","itemListElement":[{"@type":"ListItem","position":1,"name":"Home","item":"https:\/\/bertolinidirect.com\/"},{"@type":"ListItem","position":2,"name":"Privacy Policy"}]},{"@type":"WebSite","@id":"https:\/\/bertolinidirect.com\/fr\/#website","url":"https:\/\/bertolinidirect.com\/fr\/","name":"Bertolini","description":"","potentialAction":[{"@type":"SearchAction","target":{"@type":"EntryPoint","urlTemplate":"https:\/\/bertolinidirect.com\/fr\/?s={search_term_string}"},"query-input":{"@type":"PropertyValueSpecification","valueRequired":true,"valueName":"search_term_string"}}],"inLanguage":"fr-CA"}]}},"_links":{"self":[{"href":"https:\/\/bertolinidirect.com\/fr\/wp-json\/wp\/v2\/pages\/569","targetHints":{"allow":["GET"]}}],"collection":[{"href":"https:\/\/bertolinidirect.com\/fr\/wp-json\/wp\/v2\/pages"}],"about":[{"href":"https:\/\/bertolinidirect.com\/fr\/wp-json\/wp\/v2\/types\/page"}],"author":[{"embeddable":true,"href":"https:\/\/bertolinidirect.com\/fr\/wp-json\/wp\/v2\/users\/2"}],"replies":[{"embeddable":true,"href":"https:\/\/bertolinidirect.com\/fr\/wp-json\/wp\/v2\/comments?post=569"}],"version-history":[{"count":2,"href":"https:\/\/bertolinidirect.com\/fr\/wp-json\/wp\/v2\/pages\/569\/revisions"}],"predecessor-version":[{"id":745,"href":"https:\/\/bertolinidirect.com\/fr\/wp-json\/wp\/v2\/pages\/569\/revisions\/745"}],"wp:attachment":[{"href":"https:\/\/bertolinidirect.com\/fr\/wp-json\/wp\/v2\/media?parent=569"}],"curies":[{"name":"wp","href":"https:\/\/api.w.org\/{rel}","templated":true}]}}