{"id":558,"date":"2024-04-16T23:00:24","date_gmt":"2024-04-16T23:00:24","guid":{"rendered":"https:\/\/bertolinidirect.com\/?page_id=558"},"modified":"2024-05-14T17:19:01","modified_gmt":"2024-05-14T17:19:01","slug":"prop-65","status":"publish","type":"page","link":"https:\/\/bertolinidirect.com\/fr\/prop-65","title":{"rendered":"Prop 65"},"content":{"rendered":"<p>Voir un autocollant d&#039;avertissement de la Proposition 65 sur ce nouveau produit MITY brillant que vous venez de d\u00e9baller peut \u00eatre un peu d\u00e9concertant, surtout lorsque vous ne savez pas pourquoi il est l\u00e0 et ce que cela signifie pour votre nouvel achat. Nous avons donc pens\u00e9 vous donner un peu plus d&#039;informations sur les raisons pour lesquelles nous incluons des autocollants Prop 65 sur certains de nos produits.<\/p>\n\n\n\n<h2 class=\"wp-block-heading\">Qu\u2019est-ce que la Prop 65 ?<\/h2>\n\n\n\n<p>La proposition 65 de Californie est une loi qui oblige les entreprises et les d\u00e9taillants qui exp\u00e9dient ou vendent des produits en Californie \u00e0 inclure un avertissement sur tout produit susceptible de contenir des quantit\u00e9s quantifiables de produits chimiques que l&#039;\u00c9tat a r\u00e9pertori\u00e9s comme \u00ab connus dans l&#039;\u00c9tat de Californie comme pouvant provoquer le cancer ou une toxicit\u00e9 pour la reproduction \u00bb. .\u00bb Il est important de noter que certains de ces produits chimiques sont naturellement pr\u00e9sents dans le sol, l\u2019eau et l\u2019air. Vous trouverez des autocollants d&#039;avertissement Prop 65 sur les produits m\u00e9nagers quotidiens tels que les produits de beaut\u00e9, l&#039;aspirine, les bijoux et la vaisselle. En Californie, vous pouvez \u00e9galement voir des avertissements Prop 65 dans les parcs publics, les restaurants, les a\u00e9roports, les h\u00f4tels et les stations-service.<\/p>\n\n\n\n<h2 class=\"wp-block-heading\">D&#039;o\u00f9 vient la Prop 65 ?<\/h2>\n\n\n\n<p>La proposition 65 de Californie a \u00e9t\u00e9 adopt\u00e9e en 1986 pour aider les r\u00e9sidents californiens \u00e0 prendre des d\u00e9cisions \u00e9clair\u00e9es. \u00c9galement appel\u00e9e Safe Drinking Water and Toxic Enforcement Act, la loi oblige la Californie \u00e0 publier une liste de produits chimiques que les scientifiques classent comme canc\u00e9rig\u00e8nes probables et \u00e0 la mettre \u00e0 jour au moins une fois par an. Actuellement, environ 900 produits chimiques sont inscrits sur la liste.<\/p>\n\n\n\n<p>La liste compl\u00e8te est disponible sur<a href=\"https:\/\/oehha.ca.gov\/proposition-65\/general-info\/proposition-65-plain-language\">Site Web du Bureau californien d&#039;\u00e9valuation des risques pour la sant\u00e9 environnementale (OEHHA)<\/a>.<\/p>\n\n\n\n<h2 class=\"wp-block-heading\">Qu\u2019est-ce qu\u2019un canc\u00e9rig\u00e8ne probable ? Cela semble effrayant.<\/h2>\n\n\n\n<p>Lorsque la Prop 65 classe un produit chimique comme \u00ab canc\u00e9rig\u00e8ne probable \u00bb, cela signifie que les scientifiques de l\u2019\u00c9tat de Californie pensent qu\u2019il pourrait provoquer le cancer chez certaines personnes. Cependant, ni la communaut\u00e9 scientifique mondiale ni les experts ext\u00e9rieurs \u00e0 l&#039;\u00c9tat de Californie ne sont convenus que tous ces produits chimiques provoquent le cancer.<\/p>\n\n\n\n<h2 class=\"wp-block-heading\">Mais je ne suis pas en Californie. Pourquoi est-ce que je vois une \u00e9tiquette d\u2019avertissement impos\u00e9e par la Californie\u00a0?<\/h2>\n\n\n\n<p>MITY vend des produits \u00e0 des entreprises et des distributeurs qui op\u00e8rent dans divers \u00c9tats du pays, dont la Californie. Parce que nous ne vendons pas toujours nos produits \u00e0 l&#039;utilisateur final, ni ne savons o\u00f9 notre produit pourrait finir, nous avons d\u00e9cid\u00e9 d&#039;apposer l&#039;\u00e9tiquette d&#039;avertissement Prop 65 sur tous nos produits. Comme nous ne sommes pas les plus grands fans du risque de sanctions ou d&#039;amendes, nous sommes heureux de nous conformer aux exigences d&#039;\u00e9tiquetage Prop 65 de la Californie.<\/p>\n\n\n\n<h2 class=\"wp-block-heading\">Alors\u2026 dois-je m&#039;inqui\u00e9ter\u00a0?<\/h2>\n\n\n\n<p>Une grande partie des pr\u00e9occupations concernant les produits chimiques figurant sur la liste Prop 65 se concentre sur l\u2019exposition \u00e0 des produits chimiques qui peuvent \u00ab d\u00e9gager des gaz \u00bb et cr\u00e9er un environnement d\u2019air int\u00e9rieur malsain. MITY s&#039;engage \u00e0 fabriquer des produits qui r\u00e9duisent les \u00e9missions dans les environnements int\u00e9rieurs. En fait, la majorit\u00e9 des produits d&#039;ameublement de MITY r\u00e9pondent aux crit\u00e8res stricts de la certification de qualit\u00e9 de l&#039;air int\u00e9rieur d&#039;UL GreenGuard, une certification qui permet aux installations de se qualifier pour des cr\u00e9dits via LEED et d&#039;autres programmes de construction durable.<\/p>\n\n\n\n<p>La Californie prend toutes les pr\u00e9cautions possibles pour donner \u00e0 ses r\u00e9sidents le \u00ab droit de savoir \u00bb et les \u00e9tiquettes d&#039;avertissement de la Prop 65 sont la mani\u00e8re dont l&#039;\u00c9tat s&#039;assure de faire passer le message.<\/p>\n\n\n\n<p>Nous voulons que vous sachiez que tout le monde chez MITY Inc. prend tr\u00e8s au s\u00e9rieux la s\u00e9curit\u00e9 de nos produits et de nos clients. Apr\u00e8s tout, nous utilisons nos propres produits tous les jours ! Nous sommes fiers de ce que nous fabriquons et nous voulons que vous vous sentiez en s\u00e9curit\u00e9 en utilisant et en appr\u00e9ciant nos produits MITY.<\/p>\n\n\n\n<p>Merci,<\/p>\n\n\n\n<p>MITY Inc., les filiales comprennent\u00a0: MityLite, Bertolini et Holsag<\/p>\n\n\n\n<p>Pour plus d&#039;informations, rendez-vous sur<a href=\"https:\/\/www.p65warnings.ca.gov\/\">www.p65warnings.ca.gov<\/a>.<\/p>","protected":false},"excerpt":{"rendered":"<p>Seeing a Proposition 65 warning sticker on that shiny new MITY product you just unpacked can be a little disconcerting\u2014especially when you\u2019re not sure why it\u2019s there and what it means about your new purchase. So, we thought we\u2019d give you a little more info on why we include Prop 65 stickers on some of [&hellip;]<\/p>\n","protected":false},"author":2,"featured_media":0,"parent":0,"menu_order":0,"comment_status":"closed","ping_status":"closed","template":"content-page.php","meta":{"_acf_changed":false,"footnotes":""},"class_list":["post-558","page","type-page","status-publish","hentry"],"acf":[],"yoast_head":"<!-- This site is optimized with the Yoast SEO Premium plugin v24.2 (Yoast SEO v27.1.1) - https:\/\/yoast.com\/product\/yoast-seo-premium-wordpress\/ -->\n<title>Prop 65 | Bertolini Direct<\/title>\n<meta name=\"description\" content=\"Seeing a Proposition 65 warning sticker on that shiny new MITY product you just unpacked can be a little disconcerting\u2014especially when you\u2019re not sure why\" \/>\n<meta name=\"robots\" content=\"index, follow, max-snippet:-1, max-image-preview:large, max-video-preview:-1\" \/>\n<link rel=\"canonical\" href=\"https:\/\/bertolinidirect.com\/fr\/prop-65\/\" \/>\n<meta property=\"og:locale\" content=\"fr_CA\" \/>\n<meta property=\"og:type\" content=\"article\" \/>\n<meta property=\"og:title\" content=\"Prop 65\" \/>\n<meta property=\"og:description\" content=\"Seeing a Proposition 65 warning sticker on that shiny new MITY product you just unpacked can be a little disconcerting\u2014especially when you\u2019re not sure why\" \/>\n<meta property=\"og:url\" content=\"https:\/\/bertolinidirect.com\/fr\/prop-65\/\" \/>\n<meta property=\"og:site_name\" content=\"Bertolini Direct\" \/>\n<meta property=\"article:modified_time\" content=\"2024-05-14T17:19:01+00:00\" \/>\n<meta name=\"twitter:card\" content=\"summary_large_image\" \/>\n<script type=\"application\/ld+json\" class=\"yoast-schema-graph\">{\"@context\":\"https:\/\/schema.org\",\"@graph\":[{\"@type\":\"WebPage\",\"@id\":\"https:\/\/bertolinidirect.com\/fr\/prop-65\",\"url\":\"https:\/\/bertolinidirect.com\/fr\/prop-65\",\"name\":\"Prop 65 | Bertolini Direct\",\"isPartOf\":{\"@id\":\"https:\/\/bertolinidirect.com\/fr\/#website\"},\"datePublished\":\"2024-04-16T23:00:24+00:00\",\"dateModified\":\"2024-05-14T17:19:01+00:00\",\"description\":\"Seeing a Proposition 65 warning sticker on that shiny new MITY product you just unpacked can be a little disconcerting\u2014especially when you\u2019re not sure why\",\"breadcrumb\":{\"@id\":\"https:\/\/bertolinidirect.com\/fr\/prop-65#breadcrumb\"},\"inLanguage\":\"fr-CA\",\"potentialAction\":[{\"@type\":\"ReadAction\",\"target\":[\"https:\/\/bertolinidirect.com\/fr\/prop-65\"]}]},{\"@type\":\"BreadcrumbList\",\"@id\":\"https:\/\/bertolinidirect.com\/fr\/prop-65#breadcrumb\",\"itemListElement\":[{\"@type\":\"ListItem\",\"position\":1,\"name\":\"Home\",\"item\":\"https:\/\/bertolinidirect.com\/\"},{\"@type\":\"ListItem\",\"position\":2,\"name\":\"Prop 65\"}]},{\"@type\":\"WebSite\",\"@id\":\"https:\/\/bertolinidirect.com\/fr\/#website\",\"url\":\"https:\/\/bertolinidirect.com\/fr\/\",\"name\":\"Bertolini\",\"description\":\"\",\"potentialAction\":[{\"@type\":\"SearchAction\",\"target\":{\"@type\":\"EntryPoint\",\"urlTemplate\":\"https:\/\/bertolinidirect.com\/fr\/?s={search_term_string}\"},\"query-input\":{\"@type\":\"PropertyValueSpecification\",\"valueRequired\":true,\"valueName\":\"search_term_string\"}}],\"inLanguage\":\"fr-CA\"}]}<\/script>\n<!-- \/ Yoast SEO Premium plugin. -->","yoast_head_json":{"title":"Accessoire 65 | Bertolini Direct","description":"Voir un autocollant d&#039;avertissement de la Proposition 65 sur ce nouveau produit MITY brillant que vous venez de d\u00e9baller peut \u00eatre un peu d\u00e9concertant, surtout lorsque vous ne savez pas pourquoi.","robots":{"index":"index","follow":"follow","max-snippet":"max-snippet:-1","max-image-preview":"max-image-preview:large","max-video-preview":"max-video-preview:-1"},"canonical":"https:\/\/bertolinidirect.com\/fr\/prop-65\/","og_locale":"fr_CA","og_type":"article","og_title":"Prop 65","og_description":"Seeing a Proposition 65 warning sticker on that shiny new MITY product you just unpacked can be a little disconcerting\u2014especially when you\u2019re not sure why","og_url":"https:\/\/bertolinidirect.com\/fr\/prop-65\/","og_site_name":"Bertolini Direct","article_modified_time":"2024-05-14T17:19:01+00:00","twitter_card":"summary_large_image","schema":{"@context":"https:\/\/schema.org","@graph":[{"@type":"WebPage","@id":"https:\/\/bertolinidirect.com\/fr\/prop-65","url":"https:\/\/bertolinidirect.com\/fr\/prop-65","name":"Accessoire 65 | Bertolini Direct","isPartOf":{"@id":"https:\/\/bertolinidirect.com\/fr\/#website"},"datePublished":"2024-04-16T23:00:24+00:00","dateModified":"2024-05-14T17:19:01+00:00","description":"Voir un autocollant d&#039;avertissement de la Proposition 65 sur ce nouveau produit MITY brillant que vous venez de d\u00e9baller peut \u00eatre un peu d\u00e9concertant, surtout lorsque vous ne savez pas pourquoi.","breadcrumb":{"@id":"https:\/\/bertolinidirect.com\/fr\/prop-65#breadcrumb"},"inLanguage":"fr-CA","potentialAction":[{"@type":"ReadAction","target":["https:\/\/bertolinidirect.com\/fr\/prop-65"]}]},{"@type":"BreadcrumbList","@id":"https:\/\/bertolinidirect.com\/fr\/prop-65#breadcrumb","itemListElement":[{"@type":"ListItem","position":1,"name":"Home","item":"https:\/\/bertolinidirect.com\/"},{"@type":"ListItem","position":2,"name":"Prop 65"}]},{"@type":"WebSite","@id":"https:\/\/bertolinidirect.com\/fr\/#website","url":"https:\/\/bertolinidirect.com\/fr\/","name":"Bertolini","description":"","potentialAction":[{"@type":"SearchAction","target":{"@type":"EntryPoint","urlTemplate":"https:\/\/bertolinidirect.com\/fr\/?s={search_term_string}"},"query-input":{"@type":"PropertyValueSpecification","valueRequired":true,"valueName":"search_term_string"}}],"inLanguage":"fr-CA"}]}},"_links":{"self":[{"href":"https:\/\/bertolinidirect.com\/fr\/wp-json\/wp\/v2\/pages\/558","targetHints":{"allow":["GET"]}}],"collection":[{"href":"https:\/\/bertolinidirect.com\/fr\/wp-json\/wp\/v2\/pages"}],"about":[{"href":"https:\/\/bertolinidirect.com\/fr\/wp-json\/wp\/v2\/types\/page"}],"author":[{"embeddable":true,"href":"https:\/\/bertolinidirect.com\/fr\/wp-json\/wp\/v2\/users\/2"}],"replies":[{"embeddable":true,"href":"https:\/\/bertolinidirect.com\/fr\/wp-json\/wp\/v2\/comments?post=558"}],"version-history":[{"count":3,"href":"https:\/\/bertolinidirect.com\/fr\/wp-json\/wp\/v2\/pages\/558\/revisions"}],"predecessor-version":[{"id":1556,"href":"https:\/\/bertolinidirect.com\/fr\/wp-json\/wp\/v2\/pages\/558\/revisions\/1556"}],"wp:attachment":[{"href":"https:\/\/bertolinidirect.com\/fr\/wp-json\/wp\/v2\/media?parent=558"}],"curies":[{"name":"wp","href":"https:\/\/api.w.org\/{rel}","templated":true}]}}