{"id":547,"date":"2024-04-16T22:58:13","date_gmt":"2024-04-16T22:58:13","guid":{"rendered":"https:\/\/bertolinidirect.com\/?page_id=547"},"modified":"2026-04-20T22:38:31","modified_gmt":"2026-04-20T22:38:31","slug":"about","status":"publish","type":"page","link":"https:\/\/bertolinidirect.com\/fr\/about","title":{"rendered":"\u00c0 propos"},"content":{"rendered":"<h2 class=\"wp-block-heading\" id=\"h-industry-leading-warranty\">Garantie leader du secteur<\/h2>\n\n\n\n<p>Chez Bertolini, nous fabriquons des chaises \u00e0 partir de mat\u00e9riaux de la plus haute qualit\u00e9 : tissus, mousse et cadres qui dureront vraiment des ann\u00e9es et des ann\u00e9es. Cela nous permet de nous tenir facilement derri\u00e8re chaque chaise que nous construisons. Nous adh\u00e9rons \u00e9galement \u00e0 des normes strictes de fabrication et de conception, ce qui nous permet d\u2019offrir en toute confiance l\u2019une des meilleures garanties de produits de l\u2019industrie.<\/p>\n\n\n\n<h2 class=\"wp-block-heading\" id=\"h-commitment-to-excellence\">Engagement envers l&#039;excellence<\/h2>\n\n\n\n<p>Notre engagement envers l&#039;excellence se refl\u00e8te dans la qualit\u00e9 des mat\u00e9riaux que nous utilisons, nos techniques d&#039;assemblage innovantes et le processus de test et d&#039;inspection rigoureux que subissent nos chaises. Nous veillons \u00e0 ce que les meilleurs si\u00e8ges de culte soient exp\u00e9di\u00e9s de notre usine, de nous \u00e0 vous. Chez Bertolini, nous sommes fiers de fabriquer des chaises d&#039;\u00e9glise qui dureront plus longtemps que tous les autres produits sur le march\u00e9.<\/p>\n\n\n\n<figure class=\"wp-block-embed is-type-video is-provider-youtube wp-block-embed-youtube wp-embed-aspect-16-9 wp-has-aspect-ratio\"><div class=\"wp-block-embed__wrapper\">\n<iframe loading=\"lazy\" title=\"Pr\u00e9sentation de la nouvelle chaise d&#039;\u00e9glise Bertolini Impressions am\u00e9lior\u00e9e\" width=\"500\" height=\"281\" src=\"https:\/\/www.youtube.com\/embed\/J277Sg5FBZI?feature=oembed\" frameborder=\"0\" allow=\"accelerometer; autoplay; clipboard-write; encrypted-media; gyroscope; picture-in-picture; web-share\" referrerpolicy=\"strict-origin-when-cross-origin\" allowfullscreen><\/iframe>\n<\/div><\/figure>\n\n\n\n<h2 class=\"wp-block-heading\" id=\"h-commitment-to-sustainability\">Engagement envers la durabilit\u00e9<\/h2>\n\n\n\n<p>En tant que fabricant de meubles, notre premier engagement en faveur du d\u00e9veloppement durable est de r\u00e9duire les d\u00e9chets et, \u00e0 cette fin, nous nous engageons \u00e0 fournir des chaises qui dureront des ann\u00e9es d&#039;utilisation intensive. De plus, nous prenons des dizaines d\u2019autres mesures pour construire des chaises d\u2019\u00e9glise et autres si\u00e8ges durables. Les chaises Bertolini sont fabriqu\u00e9es avec des cadres en acier recyclable 100%, de la mousse biosourc\u00e9e et un processus de rev\u00eatement sans \u00e9mission.<\/p>\n\n\n\n<h2 class=\"wp-block-heading\" id=\"h-unrivaled-service\">Service in\u00e9gal\u00e9<\/h2>\n\n\n\n<p>Non seulement nos clients appr\u00e9cient les produits exceptionnels que nous proposons, mais ils appr\u00e9cient \u00e9galement la valeur du service client que nous offrons. C&#039;est le genre d&#039;excellent service qui incite nos clients \u00e0 recommander leurs amis et \u00e0 revenir.<\/p>\n\n\n\n<h2 class=\"wp-block-heading\" id=\"h-factory-direct-sales\">Ventes directes d&#039;usine<\/h2>\n\n\n\n<p>Travailler avec nos repr\u00e9sentants des ventes directes d\u2019usine met fin aux tracas li\u00e9s aux relations avec un interm\u00e9diaire. Notre \u00e9quipe s&#039;engage \u00e0 vous assurer d&#039;obtenir les chaises parfaites pour r\u00e9pondre \u00e0 vos besoins. Ils sont ravis de faire connaissance avec vous et votre congr\u00e9gation.<\/p>\n\n\n\n<h2 class=\"wp-block-heading\" id=\"h-about-our-parent-company\">\u00c0 propos de notre soci\u00e9t\u00e9 m\u00e8re<\/h2>\n\n\n\n<p>MITY Inc. est la soci\u00e9t\u00e9 m\u00e8re de ces marques de mobilier durable, leaders dans leur secteur\u00a0: MityLite, Bertolini et Broda\u00ae Seating.<\/p>\n\n\n\n<ul class=\"wp-block-list\">\n<li><a href=\"https:\/\/mitylite.com\">MityLite<\/a> fabrique des meubles prim\u00e9s destin\u00e9s au march\u00e9 commercial mondial.<\/li>\n\n\n\n<li><a href=\"https:\/\/bertolinidirect.com\/fr\/\">Bertolini<\/a> fabrique des si\u00e8ges confortables et durables pour le march\u00e9 du culte.<\/li>\n\n\n\n<li><a href=\"https:\/\/brodaseating.com\">Si\u00e8ges Broda<\/a> propose une gamme unique de fauteuils roulants \u00e0 positionnement inclinable pour une grande vari\u00e9t\u00e9 d&#039;environnements de soins de sant\u00e9.<\/li>\n<\/ul>\n\n\n\n<p>MITY Inc. est bas\u00e9e \u00e0 Orem, dans l&#039;Utah, et poss\u00e8de des sites de production suppl\u00e9mentaires \u00e0 Kitchener, en Ontario. Visitez le site web. <a href=\"https:\/\/mityinc.com\">mityinc.com<\/a> pour plus d&#039;informations.<\/p>","protected":false},"excerpt":{"rendered":"<p>Industry-Leading Warranty At Bertolini, we craft chairs from the highest quality materials\u2014fabrics, foam, and frames that will truly last for years and years. Doing so makes it easy for us to stand behind every chair we build.\u202fWe also adhere to strict manufacturing and design standards, which allows us to confidently offer one of the best [&hellip;]<\/p>\n","protected":false},"author":2,"featured_media":0,"parent":0,"menu_order":0,"comment_status":"closed","ping_status":"closed","template":"about.php","meta":{"_acf_changed":false,"footnotes":""},"class_list":["post-547","page","type-page","status-publish","hentry"],"acf":[],"yoast_head":"<!-- This site is optimized with the Yoast SEO Premium plugin v24.2 (Yoast SEO v27.4) - https:\/\/yoast.com\/product\/yoast-seo-premium-wordpress\/ -->\n<title>About | Bertolini Direct<\/title>\n<meta name=\"description\" content=\"Learn more about Bertolini\u2019s 60+ years of crafting durable, elegant church chairs. They build quality worship furniture to last. Explore now.\" \/>\n<meta name=\"robots\" content=\"index, follow, max-snippet:-1, max-image-preview:large, max-video-preview:-1\" \/>\n<link rel=\"canonical\" href=\"https:\/\/bertolinidirect.com\/fr\/about\/\" \/>\n<meta property=\"og:locale\" content=\"fr_CA\" \/>\n<meta property=\"og:type\" content=\"article\" \/>\n<meta property=\"og:title\" content=\"About\" \/>\n<meta property=\"og:description\" content=\"Learn more about Bertolini\u2019s 60+ years of crafting durable, elegant church chairs. They build quality worship furniture to last. Explore now.\" \/>\n<meta property=\"og:url\" content=\"https:\/\/bertolinidirect.com\/fr\/about\/\" \/>\n<meta property=\"og:site_name\" content=\"Bertolini Direct\" \/>\n<meta property=\"article:modified_time\" content=\"2026-04-20T22:38:31+00:00\" \/>\n<meta name=\"twitter:card\" content=\"summary_large_image\" \/>\n<script type=\"application\/ld+json\" class=\"yoast-schema-graph\">{\"@context\":\"https:\\\/\\\/schema.org\",\"@graph\":[{\"@type\":\"WebPage\",\"@id\":\"https:\\\/\\\/bertolinidirect.com\\\/fr\\\/about\",\"url\":\"https:\\\/\\\/bertolinidirect.com\\\/fr\\\/about\",\"name\":\"About | Bertolini Direct\",\"isPartOf\":{\"@id\":\"https:\\\/\\\/bertolinidirect.com\\\/fr\\\/#website\"},\"datePublished\":\"2024-04-16T22:58:13+00:00\",\"dateModified\":\"2026-04-20T22:38:31+00:00\",\"description\":\"Learn more about Bertolini\u2019s 60+ years of crafting durable, elegant church chairs. They build quality worship furniture to last. Explore now.\",\"breadcrumb\":{\"@id\":\"https:\\\/\\\/bertolinidirect.com\\\/fr\\\/about#breadcrumb\"},\"inLanguage\":\"fr-CA\",\"potentialAction\":[{\"@type\":\"ReadAction\",\"target\":[\"https:\\\/\\\/bertolinidirect.com\\\/fr\\\/about\"]}]},{\"@type\":\"BreadcrumbList\",\"@id\":\"https:\\\/\\\/bertolinidirect.com\\\/fr\\\/about#breadcrumb\",\"itemListElement\":[{\"@type\":\"ListItem\",\"position\":1,\"name\":\"Home\",\"item\":\"https:\\\/\\\/bertolinidirect.com\\\/\"},{\"@type\":\"ListItem\",\"position\":2,\"name\":\"About\"}]},{\"@type\":\"WebSite\",\"@id\":\"https:\\\/\\\/bertolinidirect.com\\\/fr\\\/#website\",\"url\":\"https:\\\/\\\/bertolinidirect.com\\\/fr\\\/\",\"name\":\"Bertolini\",\"description\":\"\",\"potentialAction\":[{\"@type\":\"SearchAction\",\"target\":{\"@type\":\"EntryPoint\",\"urlTemplate\":\"https:\\\/\\\/bertolinidirect.com\\\/fr\\\/?s={search_term_string}\"},\"query-input\":{\"@type\":\"PropertyValueSpecification\",\"valueRequired\":true,\"valueName\":\"search_term_string\"}}],\"inLanguage\":\"fr-CA\"}]}<\/script>\n<!-- \/ Yoast SEO Premium plugin. -->","yoast_head_json":{"title":"\u00c0 propos | Bertolini Direct","description":"D\u00e9couvrez le savoir-faire de Bertolini, fabricant de chaises d&#039;\u00e9glise \u00e9l\u00e9gantes et durables depuis plus de 60 ans. Leur mobilier de culte de qualit\u00e9 est con\u00e7u pour durer. Explorez notre s\u00e9lection.","robots":{"index":"index","follow":"follow","max-snippet":"max-snippet:-1","max-image-preview":"max-image-preview:large","max-video-preview":"max-video-preview:-1"},"canonical":"https:\/\/bertolinidirect.com\/fr\/about\/","og_locale":"fr_CA","og_type":"article","og_title":"About","og_description":"Learn more about Bertolini\u2019s 60+ years of crafting durable, elegant church chairs. They build quality worship furniture to last. Explore now.","og_url":"https:\/\/bertolinidirect.com\/fr\/about\/","og_site_name":"Bertolini Direct","article_modified_time":"2026-04-20T22:38:31+00:00","twitter_card":"summary_large_image","schema":{"@context":"https:\/\/schema.org","@graph":[{"@type":"WebPage","@id":"https:\/\/bertolinidirect.com\/fr\/about","url":"https:\/\/bertolinidirect.com\/fr\/about","name":"\u00c0 propos | Bertolini Direct","isPartOf":{"@id":"https:\/\/bertolinidirect.com\/fr\/#website"},"datePublished":"2024-04-16T22:58:13+00:00","dateModified":"2026-04-20T22:38:31+00:00","description":"D\u00e9couvrez le savoir-faire de Bertolini, fabricant de chaises d&#039;\u00e9glise \u00e9l\u00e9gantes et durables depuis plus de 60 ans. Leur mobilier de culte de qualit\u00e9 est con\u00e7u pour durer. Explorez notre s\u00e9lection.","breadcrumb":{"@id":"https:\/\/bertolinidirect.com\/fr\/about#breadcrumb"},"inLanguage":"fr-CA","potentialAction":[{"@type":"ReadAction","target":["https:\/\/bertolinidirect.com\/fr\/about"]}]},{"@type":"BreadcrumbList","@id":"https:\/\/bertolinidirect.com\/fr\/about#breadcrumb","itemListElement":[{"@type":"ListItem","position":1,"name":"Home","item":"https:\/\/bertolinidirect.com\/"},{"@type":"ListItem","position":2,"name":"About"}]},{"@type":"WebSite","@id":"https:\/\/bertolinidirect.com\/fr\/#website","url":"https:\/\/bertolinidirect.com\/fr\/","name":"Bertolini","description":"","potentialAction":[{"@type":"SearchAction","target":{"@type":"EntryPoint","urlTemplate":"https:\/\/bertolinidirect.com\/fr\/?s={search_term_string}"},"query-input":{"@type":"PropertyValueSpecification","valueRequired":true,"valueName":"search_term_string"}}],"inLanguage":"fr-CA"}]}},"_links":{"self":[{"href":"https:\/\/bertolinidirect.com\/fr\/wp-json\/wp\/v2\/pages\/547","targetHints":{"allow":["GET"]}}],"collection":[{"href":"https:\/\/bertolinidirect.com\/fr\/wp-json\/wp\/v2\/pages"}],"about":[{"href":"https:\/\/bertolinidirect.com\/fr\/wp-json\/wp\/v2\/types\/page"}],"author":[{"embeddable":true,"href":"https:\/\/bertolinidirect.com\/fr\/wp-json\/wp\/v2\/users\/2"}],"replies":[{"embeddable":true,"href":"https:\/\/bertolinidirect.com\/fr\/wp-json\/wp\/v2\/comments?post=547"}],"version-history":[{"count":5,"href":"https:\/\/bertolinidirect.com\/fr\/wp-json\/wp\/v2\/pages\/547\/revisions"}],"predecessor-version":[{"id":24818,"href":"https:\/\/bertolinidirect.com\/fr\/wp-json\/wp\/v2\/pages\/547\/revisions\/24818"}],"wp:attachment":[{"href":"https:\/\/bertolinidirect.com\/fr\/wp-json\/wp\/v2\/media?parent=547"}],"curies":[{"name":"wp","href":"https:\/\/api.w.org\/{rel}","templated":true}]}}