{"id":41,"date":"2024-01-04T21:53:34","date_gmt":"2024-01-04T21:53:34","guid":{"rendered":"https:\/\/bertolinidirect.com\/?page_id=41"},"modified":"2025-02-26T00:17:14","modified_gmt":"2025-02-26T00:17:14","slug":"fabrics","status":"publish","type":"page","link":"https:\/\/bertolinidirect.com\/fr\/fabrics","title":{"rendered":"Tissus"},"content":{"rendered":"<p>Vous pouvez laisser cette page telle quelle. Elle doit simplement exister pour que l&#039;URL \/fabrics existe et que le mod\u00e8le fabric-page.php puisse y \u00eatre li\u00e9.<\/p>\n\n\n\n<p>Recherchez le fichier fabric-page.php o\u00f9 se trouve l&#039;\u00e9l\u00e9ment<main id=\"\u201dfabric-app\u201d\" class=\"\u201dsite-main\"><\/main> est situ\u00e9. C&#039;est l\u00e0 que le plugin Fabric Center se connecte lorsque le fichier index.php des plugins met l&#039;application Fabric Center en file d&#039;attente.<\/p>\n\n\n\n<p>Il y a \u00e9galement un peu de code dans le fichier functions.php des dossiers de th\u00e8me pour ins\u00e9rer une feuille de style afin de remplacer les styles et \u00e9galement pour ajouter des r\u00e8gles de r\u00e9\u00e9criture pour g\u00e9rer la navigation\/le routage.<\/p>","protected":false},"excerpt":{"rendered":"<p>You can leave this page alone. This page just needs to exist so that \/fabrics exists as a URL and the fabric-page.php template can be tied to this. Look for the file fabric-page.php where the element &lt;main id=&#8221;fabric-app&#8221; class=&#8221;site-main content-page&#8221;&gt;&lt;\/main&gt; is located. That is where the fabric-center plugin latches onto when the plugins index.php file [&hellip;]<\/p>\n","protected":false},"author":1,"featured_media":0,"parent":0,"menu_order":0,"comment_status":"closed","ping_status":"closed","template":"fabric-page.php","meta":{"_acf_changed":false,"footnotes":""},"class_list":["post-41","page","type-page","status-publish","hentry"],"acf":[],"yoast_head":"<!-- This site is optimized with the Yoast SEO Premium plugin v24.2 (Yoast SEO v27.1.1) - https:\/\/yoast.com\/product\/yoast-seo-premium-wordpress\/ -->\n<title>View Our Large Selection Of Chair Upholstery &amp; Fabrics<\/title>\n<meta name=\"description\" content=\"Customize your church chairs with our various options of fabrics. Choose from over 300+ different fabric types with different grades, rubs, and features.\" \/>\n<meta name=\"robots\" content=\"index, follow, max-snippet:-1, max-image-preview:large, max-video-preview:-1\" \/>\n<link rel=\"canonical\" href=\"https:\/\/bertolinidirect.com\/fr\/fabrics\/\" \/>\n<meta property=\"og:locale\" content=\"fr_CA\" \/>\n<meta property=\"og:type\" content=\"article\" \/>\n<meta property=\"og:title\" content=\"Fabrics\" \/>\n<meta property=\"og:description\" content=\"Customize your church chairs with our various options of fabrics. Choose from over 300+ different fabric types with different grades, rubs, and features.\" \/>\n<meta property=\"og:url\" content=\"https:\/\/bertolinidirect.com\/fr\/fabrics\/\" \/>\n<meta property=\"og:site_name\" content=\"Bertolini Direct\" \/>\n<meta property=\"article:modified_time\" content=\"2025-02-26T00:17:14+00:00\" \/>\n<meta name=\"twitter:card\" content=\"summary_large_image\" \/>\n<script type=\"application\/ld+json\" class=\"yoast-schema-graph\">{\"@context\":\"https:\/\/schema.org\",\"@graph\":[{\"@type\":\"WebPage\",\"@id\":\"https:\/\/bertolinidirect.com\/fr\/fabrics\",\"url\":\"https:\/\/bertolinidirect.com\/fr\/fabrics\",\"name\":\"View Our Large Selection Of Chair Upholstery & Fabrics\",\"isPartOf\":{\"@id\":\"https:\/\/bertolinidirect.com\/fr\/#website\"},\"datePublished\":\"2024-01-04T21:53:34+00:00\",\"dateModified\":\"2025-02-26T00:17:14+00:00\",\"description\":\"Customize your church chairs with our various options of fabrics. Choose from over 300+ different fabric types with different grades, rubs, and features.\",\"breadcrumb\":{\"@id\":\"https:\/\/bertolinidirect.com\/fr\/fabrics#breadcrumb\"},\"inLanguage\":\"fr-CA\",\"potentialAction\":[{\"@type\":\"ReadAction\",\"target\":[\"https:\/\/bertolinidirect.com\/fr\/fabrics\"]}]},{\"@type\":\"BreadcrumbList\",\"@id\":\"https:\/\/bertolinidirect.com\/fr\/fabrics#breadcrumb\",\"itemListElement\":[{\"@type\":\"ListItem\",\"position\":1,\"name\":\"Home\",\"item\":\"https:\/\/bertolinidirect.com\/\"},{\"@type\":\"ListItem\",\"position\":2,\"name\":\"Fabrics\"}]},{\"@type\":\"WebSite\",\"@id\":\"https:\/\/bertolinidirect.com\/fr\/#website\",\"url\":\"https:\/\/bertolinidirect.com\/fr\/\",\"name\":\"Bertolini\",\"description\":\"\",\"potentialAction\":[{\"@type\":\"SearchAction\",\"target\":{\"@type\":\"EntryPoint\",\"urlTemplate\":\"https:\/\/bertolinidirect.com\/fr\/?s={search_term_string}\"},\"query-input\":{\"@type\":\"PropertyValueSpecification\",\"valueRequired\":true,\"valueName\":\"search_term_string\"}}],\"inLanguage\":\"fr-CA\"}]}<\/script>\n<!-- \/ Yoast SEO Premium plugin. -->","yoast_head_json":{"title":"Consultez notre large s\u00e9lection de tissus d&#039;ameublement et de tissus pour chaises","description":"Personnalisez vos chaises d&#039;\u00e9glise avec nos diff\u00e9rentes options de tissus. Choisissez parmi plus de 300 types de tissus diff\u00e9rents avec diff\u00e9rentes qualit\u00e9s, frottements et caract\u00e9ristiques.","robots":{"index":"index","follow":"follow","max-snippet":"max-snippet:-1","max-image-preview":"max-image-preview:large","max-video-preview":"max-video-preview:-1"},"canonical":"https:\/\/bertolinidirect.com\/fr\/fabrics\/","og_locale":"fr_CA","og_type":"article","og_title":"Fabrics","og_description":"Customize your church chairs with our various options of fabrics. Choose from over 300+ different fabric types with different grades, rubs, and features.","og_url":"https:\/\/bertolinidirect.com\/fr\/fabrics\/","og_site_name":"Bertolini Direct","article_modified_time":"2025-02-26T00:17:14+00:00","twitter_card":"summary_large_image","schema":{"@context":"https:\/\/schema.org","@graph":[{"@type":"WebPage","@id":"https:\/\/bertolinidirect.com\/fr\/fabrics","url":"https:\/\/bertolinidirect.com\/fr\/fabrics","name":"Consultez notre large s\u00e9lection de tissus d&#039;ameublement et de tissus pour chaises","isPartOf":{"@id":"https:\/\/bertolinidirect.com\/fr\/#website"},"datePublished":"2024-01-04T21:53:34+00:00","dateModified":"2025-02-26T00:17:14+00:00","description":"Personnalisez vos chaises d&#039;\u00e9glise avec nos diff\u00e9rentes options de tissus. Choisissez parmi plus de 300 types de tissus diff\u00e9rents avec diff\u00e9rentes qualit\u00e9s, frottements et caract\u00e9ristiques.","breadcrumb":{"@id":"https:\/\/bertolinidirect.com\/fr\/fabrics#breadcrumb"},"inLanguage":"fr-CA","potentialAction":[{"@type":"ReadAction","target":["https:\/\/bertolinidirect.com\/fr\/fabrics"]}]},{"@type":"BreadcrumbList","@id":"https:\/\/bertolinidirect.com\/fr\/fabrics#breadcrumb","itemListElement":[{"@type":"ListItem","position":1,"name":"Home","item":"https:\/\/bertolinidirect.com\/"},{"@type":"ListItem","position":2,"name":"Fabrics"}]},{"@type":"WebSite","@id":"https:\/\/bertolinidirect.com\/fr\/#website","url":"https:\/\/bertolinidirect.com\/fr\/","name":"Bertolini","description":"","potentialAction":[{"@type":"SearchAction","target":{"@type":"EntryPoint","urlTemplate":"https:\/\/bertolinidirect.com\/fr\/?s={search_term_string}"},"query-input":{"@type":"PropertyValueSpecification","valueRequired":true,"valueName":"search_term_string"}}],"inLanguage":"fr-CA"}]}},"_links":{"self":[{"href":"https:\/\/bertolinidirect.com\/fr\/wp-json\/wp\/v2\/pages\/41","targetHints":{"allow":["GET"]}}],"collection":[{"href":"https:\/\/bertolinidirect.com\/fr\/wp-json\/wp\/v2\/pages"}],"about":[{"href":"https:\/\/bertolinidirect.com\/fr\/wp-json\/wp\/v2\/types\/page"}],"author":[{"embeddable":true,"href":"https:\/\/bertolinidirect.com\/fr\/wp-json\/wp\/v2\/users\/1"}],"replies":[{"embeddable":true,"href":"https:\/\/bertolinidirect.com\/fr\/wp-json\/wp\/v2\/comments?post=41"}],"version-history":[{"count":6,"href":"https:\/\/bertolinidirect.com\/fr\/wp-json\/wp\/v2\/pages\/41\/revisions"}],"predecessor-version":[{"id":23452,"href":"https:\/\/bertolinidirect.com\/fr\/wp-json\/wp\/v2\/pages\/41\/revisions\/23452"}],"wp:attachment":[{"href":"https:\/\/bertolinidirect.com\/fr\/wp-json\/wp\/v2\/media?parent=41"}],"curies":[{"name":"wp","href":"https:\/\/api.w.org\/{rel}","templated":true}]}}