{"id":361,"date":"2024-03-27T22:24:11","date_gmt":"2024-03-27T22:24:11","guid":{"rendered":"https:\/\/bertolinidirect.com\/?page_id=361"},"modified":"2024-10-31T17:32:17","modified_gmt":"2024-10-31T17:32:17","slug":"order-status","status":"publish","type":"page","link":"https:\/\/bertolinidirect.com\/fr\/order-status","title":{"rendered":"Statut de la commande"},"content":{"rendered":"<p>Si vous avez une commande en cours aupr\u00e8s de Bertolini, vous pouvez suivre l&#039;\u00e9tat de cette commande en saisissant votre num\u00e9ro de client et votre num\u00e9ro de commande dans les cases appropri\u00e9es ci-dessous. Ces num\u00e9ros doivent figurer sur votre confirmation de commande.<\/p>\n\n\n\n<p>Si vous ne disposez pas de ces num\u00e9ros ou si vous devez mettre \u00e0 jour la date de livraison de votre commande, <a href=\"\/fr\/sales-rep\/\" target=\"_blank\" rel=\"noreferrer noopener\">contactez votre repr\u00e9sentant commercial<\/a>, <a href=\"#\" class=\"hs-chat-widget\">chat<\/a> avec un repr\u00e9sentant du service client ou appelez Bertolini au 800-647-7755.<\/p>\n\n<form id=\"order_status\" action=\"\">\n<fieldset>\n<label>Num\u00e9ro de commande :<\/label><input type=\"text\" id=\"orderNumber\" value=\"SO152421\" placeholder=\"Entrez le num\u00e9ro de commande\"><\/fieldset>\n<fieldset><label>Num\u00e9ro de client :<\/label><input type=\"text\" id=\"customerNumber\" value=\"C1062500\" placeholder=\"Entrez le num\u00e9ro de client\"><\/fieldset>\n<button type=\"button\">Soumettre<\/button>\n<input type=\"hidden\" name=\"trp-form-language\" value=\"fr\"\/><\/form>\n\n<div id=\"orderTracking\">\n<table>\n<tr>\n<td class=\"table-lables\">Statut<\/td>\n<td class=\"table-status-value\">\u2026<\/td>\n<\/tr>\n<tr>\n<td class=\"table-lables\">Suivi<\/td>\n<td class=\"table-tracking-value\">\u2026<\/td>\n<\/tr>\n<\/table>\n<\/div>","protected":false},"excerpt":{"rendered":"<p>If you have a current order with Bertolini, you can track the status of that order by entering your customer number and order number in the appropriate boxes below. These numbers should be located on your order confirmation. If you do not have these numbers or if you need to update the delivery date on [&hellip;]<\/p>\n","protected":false},"author":2,"featured_media":0,"parent":0,"menu_order":0,"comment_status":"closed","ping_status":"closed","template":"content-page.php","meta":{"_acf_changed":false,"footnotes":""},"class_list":["post-361","page","type-page","status-publish","hentry"],"acf":[],"yoast_head":"<!-- This site is optimized with the Yoast SEO Premium plugin v24.2 (Yoast SEO v27.1.1) - https:\/\/yoast.com\/product\/yoast-seo-premium-wordpress\/ -->\n<title>Order Status | Bertolini Direct<\/title>\n<meta name=\"description\" content=\"If you have a current order with Bertolini, you can track the status of that order by entering your customer number and order number in the appropriate\" \/>\n<meta name=\"robots\" content=\"index, follow, max-snippet:-1, max-image-preview:large, max-video-preview:-1\" \/>\n<link rel=\"canonical\" href=\"https:\/\/bertolinidirect.com\/fr\/order-status\/\" \/>\n<meta property=\"og:locale\" content=\"fr_CA\" \/>\n<meta property=\"og:type\" content=\"article\" \/>\n<meta property=\"og:title\" content=\"Order Status\" \/>\n<meta property=\"og:description\" content=\"If you have a current order with Bertolini, you can track the status of that order by entering your customer number and order number in the appropriate\" \/>\n<meta property=\"og:url\" content=\"https:\/\/bertolinidirect.com\/fr\/order-status\/\" \/>\n<meta property=\"og:site_name\" content=\"Bertolini Direct\" \/>\n<meta property=\"article:modified_time\" content=\"2024-10-31T17:32:17+00:00\" \/>\n<meta name=\"twitter:card\" content=\"summary_large_image\" \/>\n<script type=\"application\/ld+json\" class=\"yoast-schema-graph\">{\"@context\":\"https:\/\/schema.org\",\"@graph\":[{\"@type\":\"WebPage\",\"@id\":\"https:\/\/bertolinidirect.com\/fr\/order-status\",\"url\":\"https:\/\/bertolinidirect.com\/fr\/order-status\",\"name\":\"Order Status | Bertolini Direct\",\"isPartOf\":{\"@id\":\"https:\/\/bertolinidirect.com\/fr\/#website\"},\"datePublished\":\"2024-03-27T22:24:11+00:00\",\"dateModified\":\"2024-10-31T17:32:17+00:00\",\"description\":\"If you have a current order with Bertolini, you can track the status of that order by entering your customer number and order number in the appropriate\",\"breadcrumb\":{\"@id\":\"https:\/\/bertolinidirect.com\/fr\/order-status#breadcrumb\"},\"inLanguage\":\"fr-CA\",\"potentialAction\":[{\"@type\":\"ReadAction\",\"target\":[\"https:\/\/bertolinidirect.com\/fr\/order-status\"]}]},{\"@type\":\"BreadcrumbList\",\"@id\":\"https:\/\/bertolinidirect.com\/fr\/order-status#breadcrumb\",\"itemListElement\":[{\"@type\":\"ListItem\",\"position\":1,\"name\":\"Home\",\"item\":\"https:\/\/bertolinidirect.com\/\"},{\"@type\":\"ListItem\",\"position\":2,\"name\":\"Order Status\"}]},{\"@type\":\"WebSite\",\"@id\":\"https:\/\/bertolinidirect.com\/fr\/#website\",\"url\":\"https:\/\/bertolinidirect.com\/fr\/\",\"name\":\"Bertolini\",\"description\":\"\",\"potentialAction\":[{\"@type\":\"SearchAction\",\"target\":{\"@type\":\"EntryPoint\",\"urlTemplate\":\"https:\/\/bertolinidirect.com\/fr\/?s={search_term_string}\"},\"query-input\":{\"@type\":\"PropertyValueSpecification\",\"valueRequired\":true,\"valueName\":\"search_term_string\"}}],\"inLanguage\":\"fr-CA\"}]}<\/script>\n<!-- \/ Yoast SEO Premium plugin. -->","yoast_head_json":{"title":"Statut de la commande | Bertolini Direct","description":"Si vous avez une commande en cours avec Bertolini, vous pouvez suivre l&#039;\u00e9tat de cette commande en saisissant votre num\u00e9ro de client et votre num\u00e9ro de commande dans le champ appropri\u00e9.","robots":{"index":"index","follow":"follow","max-snippet":"max-snippet:-1","max-image-preview":"max-image-preview:large","max-video-preview":"max-video-preview:-1"},"canonical":"https:\/\/bertolinidirect.com\/fr\/order-status\/","og_locale":"fr_CA","og_type":"article","og_title":"Order Status","og_description":"If you have a current order with Bertolini, you can track the status of that order by entering your customer number and order number in the appropriate","og_url":"https:\/\/bertolinidirect.com\/fr\/order-status\/","og_site_name":"Bertolini Direct","article_modified_time":"2024-10-31T17:32:17+00:00","twitter_card":"summary_large_image","schema":{"@context":"https:\/\/schema.org","@graph":[{"@type":"WebPage","@id":"https:\/\/bertolinidirect.com\/fr\/order-status","url":"https:\/\/bertolinidirect.com\/fr\/order-status","name":"Statut de la commande | Bertolini Direct","isPartOf":{"@id":"https:\/\/bertolinidirect.com\/fr\/#website"},"datePublished":"2024-03-27T22:24:11+00:00","dateModified":"2024-10-31T17:32:17+00:00","description":"Si vous avez une commande en cours avec Bertolini, vous pouvez suivre l&#039;\u00e9tat de cette commande en saisissant votre num\u00e9ro de client et votre num\u00e9ro de commande dans le champ appropri\u00e9.","breadcrumb":{"@id":"https:\/\/bertolinidirect.com\/fr\/order-status#breadcrumb"},"inLanguage":"fr-CA","potentialAction":[{"@type":"ReadAction","target":["https:\/\/bertolinidirect.com\/fr\/order-status"]}]},{"@type":"BreadcrumbList","@id":"https:\/\/bertolinidirect.com\/fr\/order-status#breadcrumb","itemListElement":[{"@type":"ListItem","position":1,"name":"Home","item":"https:\/\/bertolinidirect.com\/"},{"@type":"ListItem","position":2,"name":"Order Status"}]},{"@type":"WebSite","@id":"https:\/\/bertolinidirect.com\/fr\/#website","url":"https:\/\/bertolinidirect.com\/fr\/","name":"Bertolini","description":"","potentialAction":[{"@type":"SearchAction","target":{"@type":"EntryPoint","urlTemplate":"https:\/\/bertolinidirect.com\/fr\/?s={search_term_string}"},"query-input":{"@type":"PropertyValueSpecification","valueRequired":true,"valueName":"search_term_string"}}],"inLanguage":"fr-CA"}]}},"_links":{"self":[{"href":"https:\/\/bertolinidirect.com\/fr\/wp-json\/wp\/v2\/pages\/361","targetHints":{"allow":["GET"]}}],"collection":[{"href":"https:\/\/bertolinidirect.com\/fr\/wp-json\/wp\/v2\/pages"}],"about":[{"href":"https:\/\/bertolinidirect.com\/fr\/wp-json\/wp\/v2\/types\/page"}],"author":[{"embeddable":true,"href":"https:\/\/bertolinidirect.com\/fr\/wp-json\/wp\/v2\/users\/2"}],"replies":[{"embeddable":true,"href":"https:\/\/bertolinidirect.com\/fr\/wp-json\/wp\/v2\/comments?post=361"}],"version-history":[{"count":8,"href":"https:\/\/bertolinidirect.com\/fr\/wp-json\/wp\/v2\/pages\/361\/revisions"}],"predecessor-version":[{"id":23151,"href":"https:\/\/bertolinidirect.com\/fr\/wp-json\/wp\/v2\/pages\/361\/revisions\/23151"}],"wp:attachment":[{"href":"https:\/\/bertolinidirect.com\/fr\/wp-json\/wp\/v2\/media?parent=361"}],"curies":[{"name":"wp","href":"https:\/\/api.w.org\/{rel}","templated":true}]}}