{"id":24742,"date":"2026-03-19T20:44:09","date_gmt":"2026-03-19T20:44:09","guid":{"rendered":"https:\/\/bertolinidirect.com\/?page_id=24742"},"modified":"2026-03-19T20:44:13","modified_gmt":"2026-03-19T20:44:13","slug":"fundraising-guide","status":"publish","type":"page","link":"https:\/\/bertolinidirect.com\/fr\/literature\/fundraising-guide","title":{"rendered":"Guide de collecte de fonds"},"content":{"rendered":"<div class=\"ebook-viewer\" style=\"position: relative; padding-top: 0; width: 100%; height: 800px;\"><iframe style=\"position: absolute; border: none; width: 100%; height: 100%; left: 0; top: 0;\" src=\"https:\/\/online.fliphtml5.com\/atmee\/vkoq\/\" frameborder=\"0\" scrolling=\"no\" seamless=\"seamless\" allowfullscreen=\"allowfullscreen\"><\/iframe><\/div>","protected":false},"excerpt":{"rendered":"","protected":false},"author":3,"featured_media":0,"parent":45,"menu_order":0,"comment_status":"closed","ping_status":"closed","template":"","meta":{"_acf_changed":false,"footnotes":""},"class_list":["post-24742","page","type-page","status-publish","hentry"],"acf":[],"yoast_head":"<!-- This site is optimized with the Yoast SEO Premium plugin v24.2 (Yoast SEO v27.1.1) - https:\/\/yoast.com\/product\/yoast-seo-premium-wordpress\/ -->\n<title>Download Your Free Fundraising Guide from Bertolini<\/title>\n<meta name=\"description\" content=\"Get your free fundraising guide today! Learn how to plan, promote, and execute a successful church fundraiser that boosts donations.\" \/>\n<meta name=\"robots\" content=\"index, follow, max-snippet:-1, max-image-preview:large, max-video-preview:-1\" \/>\n<link rel=\"canonical\" href=\"https:\/\/bertolinidirect.com\/fr\/literature\/fundraising-guide\/\" \/>\n<meta property=\"og:locale\" content=\"fr_CA\" \/>\n<meta property=\"og:type\" content=\"article\" \/>\n<meta property=\"og:title\" content=\"Fundraising Guide\" \/>\n<meta property=\"og:description\" content=\"Get your free fundraising guide today! Learn how to plan, promote, and execute a successful church fundraiser that boosts donations.\" \/>\n<meta property=\"og:url\" content=\"https:\/\/bertolinidirect.com\/fr\/literature\/fundraising-guide\/\" \/>\n<meta property=\"og:site_name\" content=\"Bertolini Direct\" \/>\n<meta property=\"article:modified_time\" content=\"2026-03-19T20:44:13+00:00\" \/>\n<meta name=\"twitter:card\" content=\"summary_large_image\" \/>\n<script type=\"application\/ld+json\" class=\"yoast-schema-graph\">{\"@context\":\"https:\/\/schema.org\",\"@graph\":[{\"@type\":\"WebPage\",\"@id\":\"https:\/\/bertolinidirect.com\/fr\/literature\/fundraising-guide\",\"url\":\"https:\/\/bertolinidirect.com\/fr\/literature\/fundraising-guide\",\"name\":\"Download Your Free Fundraising Guide from Bertolini\",\"isPartOf\":{\"@id\":\"https:\/\/bertolinidirect.com\/fr\/#website\"},\"datePublished\":\"2026-03-19T20:44:09+00:00\",\"dateModified\":\"2026-03-19T20:44:13+00:00\",\"description\":\"Get your free fundraising guide today! Learn how to plan, promote, and execute a successful church fundraiser that boosts donations.\",\"breadcrumb\":{\"@id\":\"https:\/\/bertolinidirect.com\/fr\/literature\/fundraising-guide#breadcrumb\"},\"inLanguage\":\"fr-CA\",\"potentialAction\":[{\"@type\":\"ReadAction\",\"target\":[\"https:\/\/bertolinidirect.com\/fr\/literature\/fundraising-guide\"]}]},{\"@type\":\"BreadcrumbList\",\"@id\":\"https:\/\/bertolinidirect.com\/fr\/literature\/fundraising-guide#breadcrumb\",\"itemListElement\":[{\"@type\":\"ListItem\",\"position\":1,\"name\":\"Home\",\"item\":\"https:\/\/bertolinidirect.com\/\"},{\"@type\":\"ListItem\",\"position\":2,\"name\":\"Lookbooks &amp; Guides\",\"item\":\"https:\/\/bertolinidirect.com\/literature\"},{\"@type\":\"ListItem\",\"position\":3,\"name\":\"Fundraising Guide\"}]},{\"@type\":\"WebSite\",\"@id\":\"https:\/\/bertolinidirect.com\/fr\/#website\",\"url\":\"https:\/\/bertolinidirect.com\/fr\/\",\"name\":\"Bertolini\",\"description\":\"\",\"potentialAction\":[{\"@type\":\"SearchAction\",\"target\":{\"@type\":\"EntryPoint\",\"urlTemplate\":\"https:\/\/bertolinidirect.com\/fr\/?s={search_term_string}\"},\"query-input\":{\"@type\":\"PropertyValueSpecification\",\"valueRequired\":true,\"valueName\":\"search_term_string\"}}],\"inLanguage\":\"fr-CA\"}]}<\/script>\n<!-- \/ Yoast SEO Premium plugin. -->","yoast_head_json":{"title":"T\u00e9l\u00e9chargez gratuitement votre guide de collecte de fonds de Bertolini","description":"Obtenez gratuitement votre guide de collecte de fonds d\u00e8s aujourd&#039;hui\u00a0! Apprenez \u00e0 planifier, promouvoir et mener \u00e0 bien une collecte de fonds r\u00e9ussie pour votre \u00e9glise et ainsi augmenter les dons.","robots":{"index":"index","follow":"follow","max-snippet":"max-snippet:-1","max-image-preview":"max-image-preview:large","max-video-preview":"max-video-preview:-1"},"canonical":"https:\/\/bertolinidirect.com\/fr\/literature\/fundraising-guide\/","og_locale":"fr_CA","og_type":"article","og_title":"Fundraising Guide","og_description":"Get your free fundraising guide today! Learn how to plan, promote, and execute a successful church fundraiser that boosts donations.","og_url":"https:\/\/bertolinidirect.com\/fr\/literature\/fundraising-guide\/","og_site_name":"Bertolini Direct","article_modified_time":"2026-03-19T20:44:13+00:00","twitter_card":"summary_large_image","schema":{"@context":"https:\/\/schema.org","@graph":[{"@type":"WebPage","@id":"https:\/\/bertolinidirect.com\/fr\/literature\/fundraising-guide","url":"https:\/\/bertolinidirect.com\/fr\/literature\/fundraising-guide","name":"T\u00e9l\u00e9chargez gratuitement votre guide de collecte de fonds de Bertolini","isPartOf":{"@id":"https:\/\/bertolinidirect.com\/fr\/#website"},"datePublished":"2026-03-19T20:44:09+00:00","dateModified":"2026-03-19T20:44:13+00:00","description":"Obtenez gratuitement votre guide de collecte de fonds d\u00e8s aujourd&#039;hui\u00a0! Apprenez \u00e0 planifier, promouvoir et mener \u00e0 bien une collecte de fonds r\u00e9ussie pour votre \u00e9glise et ainsi augmenter les dons.","breadcrumb":{"@id":"https:\/\/bertolinidirect.com\/fr\/literature\/fundraising-guide#breadcrumb"},"inLanguage":"fr-CA","potentialAction":[{"@type":"ReadAction","target":["https:\/\/bertolinidirect.com\/fr\/literature\/fundraising-guide"]}]},{"@type":"BreadcrumbList","@id":"https:\/\/bertolinidirect.com\/fr\/literature\/fundraising-guide#breadcrumb","itemListElement":[{"@type":"ListItem","position":1,"name":"Home","item":"https:\/\/bertolinidirect.com\/"},{"@type":"ListItem","position":2,"name":"Lookbooks &amp; Guides","item":"https:\/\/bertolinidirect.com\/literature"},{"@type":"ListItem","position":3,"name":"Fundraising Guide"}]},{"@type":"WebSite","@id":"https:\/\/bertolinidirect.com\/fr\/#website","url":"https:\/\/bertolinidirect.com\/fr\/","name":"Bertolini","description":"","potentialAction":[{"@type":"SearchAction","target":{"@type":"EntryPoint","urlTemplate":"https:\/\/bertolinidirect.com\/fr\/?s={search_term_string}"},"query-input":{"@type":"PropertyValueSpecification","valueRequired":true,"valueName":"search_term_string"}}],"inLanguage":"fr-CA"}]}},"_links":{"self":[{"href":"https:\/\/bertolinidirect.com\/fr\/wp-json\/wp\/v2\/pages\/24742","targetHints":{"allow":["GET"]}}],"collection":[{"href":"https:\/\/bertolinidirect.com\/fr\/wp-json\/wp\/v2\/pages"}],"about":[{"href":"https:\/\/bertolinidirect.com\/fr\/wp-json\/wp\/v2\/types\/page"}],"author":[{"embeddable":true,"href":"https:\/\/bertolinidirect.com\/fr\/wp-json\/wp\/v2\/users\/3"}],"replies":[{"embeddable":true,"href":"https:\/\/bertolinidirect.com\/fr\/wp-json\/wp\/v2\/comments?post=24742"}],"version-history":[{"count":2,"href":"https:\/\/bertolinidirect.com\/fr\/wp-json\/wp\/v2\/pages\/24742\/revisions"}],"predecessor-version":[{"id":24744,"href":"https:\/\/bertolinidirect.com\/fr\/wp-json\/wp\/v2\/pages\/24742\/revisions\/24744"}],"up":[{"embeddable":true,"href":"https:\/\/bertolinidirect.com\/fr\/wp-json\/wp\/v2\/pages\/45"}],"wp:attachment":[{"href":"https:\/\/bertolinidirect.com\/fr\/wp-json\/wp\/v2\/media?parent=24742"}],"curies":[{"name":"wp","href":"https:\/\/api.w.org\/{rel}","templated":true}]}}