{"id":24398,"date":"2025-10-16T17:00:00","date_gmt":"2025-10-16T17:00:00","guid":{"rendered":"https:\/\/bertolinidirect.com\/?page_id=24398"},"modified":"2025-11-14T15:41:53","modified_gmt":"2025-11-14T15:41:53","slug":"affordable-new-line","status":"publish","type":"page","link":"https:\/\/bertolinidirect.com\/fr\/press\/affordable-new-line","title":{"rendered":"Bertolini lance une nouvelle gamme abordable de chaises et de tables pliantes"},"content":{"rendered":"<p><strong>OREM, Utah, 16 octobre 2025<\/strong><\/p>\n\n\n\n<p>Bertolini, fabricant leader de si\u00e8ges pour \u00e9glises et espaces polyvalents, a annonc\u00e9 le lancement d&#039;une nouvelle gamme de <a href=\"\/fr\/produit\/chairs\/brisa-plastic-folding-chairs\/\">chaises pliantes en plastique<\/a> Bertolini propose \u00e9galement des tables moul\u00e9es par soufflage, con\u00e7ues pour offrir un mobilier \u00e9conomique, durable et polyvalent aux \u00e9glises, centres communautaires et espaces \u00e9v\u00e9nementiels. Sa nouvelle collection de mobilier pliant s&#039;appelle Brisa, qui signifie \u00ab brise \u00bb en espagnol.<\/p>\n\n\n\n<p>La nouvelle gamme comprend des chaises pliantes l\u00e9g\u00e8res et une vari\u00e9t\u00e9 de <a href=\"\/fr\/produit\/tables\/\">tables moul\u00e9es par soufflage<\/a> Disponibles en diff\u00e9rentes tailles et formes \u2014 y compris rondes, rectangulaires et cocktail \u2014 pour r\u00e9pondre aux besoins des \u00e9glises et des centres communautaires.<\/p>\n\n\n\n<p>\u00ab Les \u00e9glises ont des besoins sp\u00e9cifiques en mobilier pour leurs espaces polyvalents \u00bb, explique Kevin McCoy, PDG de MITY, Inc., la soci\u00e9t\u00e9 m\u00e8re de Bertolini. \u00ab Les \u00e9glises servent de lieux de rassemblement pour la communaut\u00e9 et accueillent toutes sortes d&#039;\u00e9v\u00e9nements, des concerts et mariages aux groupes de soutien et c\u00e9l\u00e9brations culturelles. Leurs budgets sont parfois limit\u00e9s, car elles privil\u00e9gient les dons caritatifs. Bien souvent, elles font appel \u00e0 des b\u00e9n\u00e9voles pour am\u00e9nager ces espaces avec des tables et des chaises, plut\u00f4t que de recourir \u00e0 des \u00e9quipes professionnelles. \u00bb <a href=\"\/fr\/brand\/brisa\/\">nouvelle gamme Brisa<\/a> r\u00e9pond aux besoins de flexibilit\u00e9, d&#039;accessibilit\u00e9 et de facilit\u00e9 d&#039;utilisation.<\/p>\n\n\n\n<p>Con\u00e7ues pour les espaces polyvalents, les chaises pliantes sont dot\u00e9es d&#039;une structure robuste en acier et d&#039;assises et dossiers en plastique faciles \u00e0 nettoyer, alliant praticit\u00e9 et confort. Les tables assorties sont l\u00e9g\u00e8res, r\u00e9sistantes aux taches et faciles \u00e0 installer, ce qui les rend id\u00e9ales pour les salles de r\u00e9union, les salles de classe, les banquets et autres espaces.<\/p>\n\n\n\n<p>\u00ab Notre objectif \u00e9tait d&#039;offrir aux \u00e9glises et aux minist\u00e8res un acc\u00e8s \u00e0 des meubles fiables et faciles \u00e0 ranger \u00e0 un prix abordable \u00bb, a d\u00e9clar\u00e9 Stephen Jorgensen, vice-pr\u00e9sident du marketing et du d\u00e9veloppement de produits chez MITY, Inc. \u00ab Cette nouvelle collection aide les clients \u00e0 optimiser leur budget tout en conservant la qualit\u00e9 et la fiabilit\u00e9 qui font la renomm\u00e9e de Bertolini. \u00bb<\/p>\n\n\n\n<p>L&#039;ensemble de la gamme est con\u00e7u pour offrir aux \u00e9glises une solution pratique adapt\u00e9e aux espaces \u00e0 forte fr\u00e9quentation et aux besoins de reconfiguration fr\u00e9quents. Ce lancement \u00e9largit l&#039;offre de produits Bertolini, qui se limite d\u00e9sormais aux chaises de culte rembourr\u00e9es qu&#039;elle fabrique depuis plus de 60 ans. Les nouvelles chaises et tables pliantes Brisa sont disponibles chez <a href=\"https:\/\/bertolinidirect.com\/fr\/\">bertolinidirect.com<\/a> ou par l&#039;interm\u00e9diaire des repr\u00e9sentants commerciaux de Bertolini.<\/p>\n\n\n\n<p><strong>\u00c0 propos de MITY, Inc.<\/strong><\/p>\n\n\n\n<p>La gamme de produits MITY, Inc. comprend les marques Bertolini, MityLite, Holsag by MityLite et Broda. Bertolini fabrique des si\u00e8ges confortables et r\u00e9sistants pour les lieux de culte. Depuis plus de 60 ans, Bertolini accompagne les \u00e9glises et les organisations dans la cr\u00e9ation d&#039;espaces accueillants pour le culte, les rencontres et les rassemblements communautaires. MITY, Inc. est bas\u00e9e \u00e0 Orem, dans l&#039;Utah, et poss\u00e8de des sites de production et de vente \u00e0 Lindsay et Kitchener, en Ontario, ainsi qu&#039;\u00e0 Chesterfield, dans le Missouri, et \u00e0 Orem, dans l&#039;Utah. Pour plus d&#039;informations, consultez le site mityinc.com.<\/p>\n\n\n\n<p>Contact m\u00e9dias :<br>Kristin Cooke<br>Relations publiques, MITY Inc.<br>kristin.cooke@mityinc.com<\/p>","protected":false},"excerpt":{"rendered":"<p>OREM, Utah, October 16, 2025 Bertolini, a leading manufacturer of church and multipurpose seating, has announced the launch of a new line of plastic folding chairs and blow-molded tables, designed to provide cost-effective, durable, and versatile furniture for churches, community centers, and event spaces. Bertolini\u2019s new folding furniture collection is called Brisa, which is Spanish [&hellip;]<\/p>\n","protected":false},"author":3,"featured_media":0,"parent":762,"menu_order":0,"comment_status":"closed","ping_status":"closed","template":"content-page.php","meta":{"_acf_changed":false,"footnotes":""},"class_list":["post-24398","page","type-page","status-publish","hentry"],"acf":[],"yoast_head":"<!-- This site is optimized with the Yoast SEO Premium plugin v24.2 (Yoast SEO v27.1.1) - https:\/\/yoast.com\/product\/yoast-seo-premium-wordpress\/ -->\n<title>Bertolini Launches Brisa Folding Chairs and Tables for Churches<\/title>\n<meta name=\"description\" content=\"Discover Brisa by Bertolini: affordable, durable folding chairs and tables made for churches and multipurpose spaces.\" \/>\n<meta name=\"robots\" content=\"index, follow, max-snippet:-1, max-image-preview:large, max-video-preview:-1\" \/>\n<link rel=\"canonical\" href=\"https:\/\/bertolinidirect.com\/fr\/press\/affordable-new-line\/\" \/>\n<meta property=\"og:locale\" content=\"fr_CA\" \/>\n<meta property=\"og:type\" content=\"article\" \/>\n<meta property=\"og:title\" content=\"Bertolini Launches Affordable New Line of Folding Chairs and Tables\" \/>\n<meta property=\"og:description\" content=\"Discover Brisa by Bertolini: affordable, durable folding chairs and tables made for churches and multipurpose spaces.\" \/>\n<meta property=\"og:url\" content=\"https:\/\/bertolinidirect.com\/fr\/press\/affordable-new-line\/\" \/>\n<meta property=\"og:site_name\" content=\"Bertolini Direct\" \/>\n<meta property=\"article:modified_time\" content=\"2025-11-14T15:41:53+00:00\" \/>\n<meta name=\"twitter:card\" content=\"summary_large_image\" \/>\n<script type=\"application\/ld+json\" class=\"yoast-schema-graph\">{\"@context\":\"https:\/\/schema.org\",\"@graph\":[{\"@type\":\"WebPage\",\"@id\":\"https:\/\/bertolinidirect.com\/fr\/press\/affordable-new-line\",\"url\":\"https:\/\/bertolinidirect.com\/fr\/press\/affordable-new-line\",\"name\":\"Bertolini Launches Brisa Folding Chairs and Tables for Churches\",\"isPartOf\":{\"@id\":\"https:\/\/bertolinidirect.com\/fr\/#website\"},\"datePublished\":\"2025-10-16T17:00:00+00:00\",\"dateModified\":\"2025-11-14T15:41:53+00:00\",\"description\":\"Discover Brisa by Bertolini: affordable, durable folding chairs and tables made for churches and multipurpose spaces.\",\"breadcrumb\":{\"@id\":\"https:\/\/bertolinidirect.com\/fr\/press\/affordable-new-line#breadcrumb\"},\"inLanguage\":\"fr-CA\",\"potentialAction\":[{\"@type\":\"ReadAction\",\"target\":[\"https:\/\/bertolinidirect.com\/fr\/press\/affordable-new-line\"]}]},{\"@type\":\"BreadcrumbList\",\"@id\":\"https:\/\/bertolinidirect.com\/fr\/press\/affordable-new-line#breadcrumb\",\"itemListElement\":[{\"@type\":\"ListItem\",\"position\":1,\"name\":\"Home\",\"item\":\"https:\/\/bertolinidirect.com\/\"},{\"@type\":\"ListItem\",\"position\":2,\"name\":\"Press &amp; News\",\"item\":\"https:\/\/bertolinidirect.com\/press\"},{\"@type\":\"ListItem\",\"position\":3,\"name\":\"Bertolini Launches Affordable New Line of Folding Chairs and Tables\"}]},{\"@type\":\"WebSite\",\"@id\":\"https:\/\/bertolinidirect.com\/fr\/#website\",\"url\":\"https:\/\/bertolinidirect.com\/fr\/\",\"name\":\"Bertolini\",\"description\":\"\",\"potentialAction\":[{\"@type\":\"SearchAction\",\"target\":{\"@type\":\"EntryPoint\",\"urlTemplate\":\"https:\/\/bertolinidirect.com\/fr\/?s={search_term_string}\"},\"query-input\":{\"@type\":\"PropertyValueSpecification\",\"valueRequired\":true,\"valueName\":\"search_term_string\"}}],\"inLanguage\":\"fr-CA\"}]}<\/script>\n<!-- \/ Yoast SEO Premium plugin. -->","yoast_head_json":{"title":"Bertolini lance Brisa, des chaises et des tables pliantes pour les \u00e9glises","description":"D\u00e9couvrez Brisa de Bertolini\u00a0: des chaises et des tables pliantes abordables et durables, con\u00e7ues pour les \u00e9glises et les espaces polyvalents.","robots":{"index":"index","follow":"follow","max-snippet":"max-snippet:-1","max-image-preview":"max-image-preview:large","max-video-preview":"max-video-preview:-1"},"canonical":"https:\/\/bertolinidirect.com\/fr\/press\/affordable-new-line\/","og_locale":"fr_CA","og_type":"article","og_title":"Bertolini Launches Affordable New Line of Folding Chairs and Tables","og_description":"Discover Brisa by Bertolini: affordable, durable folding chairs and tables made for churches and multipurpose spaces.","og_url":"https:\/\/bertolinidirect.com\/fr\/press\/affordable-new-line\/","og_site_name":"Bertolini Direct","article_modified_time":"2025-11-14T15:41:53+00:00","twitter_card":"summary_large_image","schema":{"@context":"https:\/\/schema.org","@graph":[{"@type":"WebPage","@id":"https:\/\/bertolinidirect.com\/fr\/press\/affordable-new-line","url":"https:\/\/bertolinidirect.com\/fr\/press\/affordable-new-line","name":"Bertolini lance Brisa, des chaises et des tables pliantes pour les \u00e9glises","isPartOf":{"@id":"https:\/\/bertolinidirect.com\/fr\/#website"},"datePublished":"2025-10-16T17:00:00+00:00","dateModified":"2025-11-14T15:41:53+00:00","description":"D\u00e9couvrez Brisa de Bertolini\u00a0: des chaises et des tables pliantes abordables et durables, con\u00e7ues pour les \u00e9glises et les espaces polyvalents.","breadcrumb":{"@id":"https:\/\/bertolinidirect.com\/fr\/press\/affordable-new-line#breadcrumb"},"inLanguage":"fr-CA","potentialAction":[{"@type":"ReadAction","target":["https:\/\/bertolinidirect.com\/fr\/press\/affordable-new-line"]}]},{"@type":"BreadcrumbList","@id":"https:\/\/bertolinidirect.com\/fr\/press\/affordable-new-line#breadcrumb","itemListElement":[{"@type":"ListItem","position":1,"name":"Home","item":"https:\/\/bertolinidirect.com\/"},{"@type":"ListItem","position":2,"name":"Press &amp; News","item":"https:\/\/bertolinidirect.com\/press"},{"@type":"ListItem","position":3,"name":"Bertolini Launches Affordable New Line of Folding Chairs and Tables"}]},{"@type":"WebSite","@id":"https:\/\/bertolinidirect.com\/fr\/#website","url":"https:\/\/bertolinidirect.com\/fr\/","name":"Bertolini","description":"","potentialAction":[{"@type":"SearchAction","target":{"@type":"EntryPoint","urlTemplate":"https:\/\/bertolinidirect.com\/fr\/?s={search_term_string}"},"query-input":{"@type":"PropertyValueSpecification","valueRequired":true,"valueName":"search_term_string"}}],"inLanguage":"fr-CA"}]}},"_links":{"self":[{"href":"https:\/\/bertolinidirect.com\/fr\/wp-json\/wp\/v2\/pages\/24398","targetHints":{"allow":["GET"]}}],"collection":[{"href":"https:\/\/bertolinidirect.com\/fr\/wp-json\/wp\/v2\/pages"}],"about":[{"href":"https:\/\/bertolinidirect.com\/fr\/wp-json\/wp\/v2\/types\/page"}],"author":[{"embeddable":true,"href":"https:\/\/bertolinidirect.com\/fr\/wp-json\/wp\/v2\/users\/3"}],"replies":[{"embeddable":true,"href":"https:\/\/bertolinidirect.com\/fr\/wp-json\/wp\/v2\/comments?post=24398"}],"version-history":[{"count":5,"href":"https:\/\/bertolinidirect.com\/fr\/wp-json\/wp\/v2\/pages\/24398\/revisions"}],"predecessor-version":[{"id":24529,"href":"https:\/\/bertolinidirect.com\/fr\/wp-json\/wp\/v2\/pages\/24398\/revisions\/24529"}],"up":[{"embeddable":true,"href":"https:\/\/bertolinidirect.com\/fr\/wp-json\/wp\/v2\/pages\/762"}],"wp:attachment":[{"href":"https:\/\/bertolinidirect.com\/fr\/wp-json\/wp\/v2\/media?parent=24398"}],"curies":[{"name":"wp","href":"https:\/\/api.w.org\/{rel}","templated":true}]}}