{"id":353,"date":"2024-03-26T20:33:20","date_gmt":"2024-03-26T20:33:20","guid":{"rendered":"https:\/\/bertolinidirect.com\/?post_type=product&#038;p=353"},"modified":"2025-12-01T22:04:48","modified_gmt":"2025-12-01T22:04:48","slug":"glides","status":"publish","type":"product","link":"https:\/\/bertolinidirect.com\/es\/products\/accessories\/glides","title":{"rendered":"Se desliza"},"content":{"rendered":"<p>Estos deslizadores negros de repuesto son los mismos deslizadores de polipropileno (pl\u00e1stico) que se instalan de f\u00e1brica en las sillas Bertolini. Pueden da\u00f1arse si se arrastran sobre superficies rugosas. Si necesita deslizadores de repuesto, puede adquirir deslizadores nuevos a trav\u00e9s de su representante de ventas.<\/p>\n<p><em>Nota: Este accesorio est\u00e1 dise\u00f1ado para funcionar con sillas fabricadas por Bertolini. No podemos garantizar que funcione con sillas de otros fabricantes. El uso con sillas no especificadas se realiza bajo responsabilidad del comprador. Los clientes que tengan sillas Bertolini existentes deben llamar al servicio de atenci\u00f3n al cliente para confirmar que encajar\u00e1n. <\/em><\/p>","protected":false},"excerpt":{"rendered":"<p>These black replacement glides are the same polypropylene (plastic) glides that are factory installed on Bertolini chairs. Glides can be damaged if they\u2019re dragged across rough surfaces. If you need replacement glides, you can purchase new Chair Glides through your sales representative. Note:\u202fThis accessory is designed to work with chairs manufactured by Bertolini. We cannot [&hellip;]<\/p>\n","protected":false},"featured_media":24613,"template":"","meta":{"_acf_changed":false},"product_brand":[],"product_cat":[52],"product_tag":[],"class_list":{"0":"post-353","1":"product","2":"type-product","3":"status-publish","4":"has-post-thumbnail","6":"product_cat-accessories","8":"first","9":"instock","10":"shipping-taxable","11":"purchasable","12":"product-type-simple"},"acf":[],"yoast_head":"<!-- This site is optimized with the Yoast SEO Premium plugin v24.2 (Yoast SEO v27.1.1) - https:\/\/yoast.com\/product\/yoast-seo-premium-wordpress\/ -->\n<title>Anti-Scratch Glides | Bertolini Church Chair Accessories<\/title>\n<meta name=\"description\" content=\"Standard glides are available for the bottom of Bertolini church chair legs to help avoid scratching or scuffing the flooring. Available in black.\" \/>\n<meta name=\"robots\" content=\"index, follow, max-snippet:-1, max-image-preview:large, max-video-preview:-1\" \/>\n<link rel=\"canonical\" href=\"https:\/\/bertolinidirect.com\/es\/products\/accessories\/glides\/\" \/>\n<meta property=\"og:locale\" content=\"es_MX\" \/>\n<meta property=\"og:type\" content=\"article\" \/>\n<meta property=\"og:title\" content=\"Glides\" \/>\n<meta property=\"og:description\" content=\"Standard glides are available for the bottom of Bertolini church chair legs to help avoid scratching or scuffing the flooring. Available in black.\" \/>\n<meta property=\"og:url\" content=\"https:\/\/bertolinidirect.com\/es\/products\/accessories\/glides\/\" \/>\n<meta property=\"og:site_name\" content=\"Bertolini Direct\" \/>\n<meta property=\"article:modified_time\" content=\"2025-12-01T22:04:48+00:00\" \/>\n<meta property=\"og:image\" content=\"https:\/\/bertolinidirect.com\/wp-content\/uploads\/2024\/03\/BERT_Black_Glides-678x678-min.jpg\" \/>\n\t<meta property=\"og:image:width\" content=\"678\" \/>\n\t<meta property=\"og:image:height\" content=\"678\" \/>\n\t<meta property=\"og:image:type\" content=\"image\/jpeg\" \/>\n<meta name=\"twitter:card\" content=\"summary_large_image\" \/>\n<script type=\"application\/ld+json\" class=\"yoast-schema-graph\">{\"@context\":\"https:\/\/schema.org\",\"@graph\":[{\"@type\":\"WebPage\",\"@id\":\"https:\/\/bertolinidirect.com\/es\/products\/accessories\/glides\",\"url\":\"https:\/\/bertolinidirect.com\/es\/products\/accessories\/glides\",\"name\":\"Anti-Scratch Glides | Bertolini Church Chair Accessories\",\"isPartOf\":{\"@id\":\"https:\/\/bertolinidirect.com\/es\/#website\"},\"primaryImageOfPage\":{\"@id\":\"https:\/\/bertolinidirect.com\/es\/products\/accessories\/glides#primaryimage\"},\"image\":{\"@id\":\"https:\/\/bertolinidirect.com\/es\/products\/accessories\/glides#primaryimage\"},\"thumbnailUrl\":\"https:\/\/bertolinidirect.com\/wp-content\/uploads\/2024\/03\/BERT_Black_Glides-678x678-min.jpg\",\"datePublished\":\"2024-03-26T20:33:20+00:00\",\"dateModified\":\"2025-12-01T22:04:48+00:00\",\"description\":\"Standard glides are available for the bottom of Bertolini church chair legs to help avoid scratching or scuffing the flooring. Available in black.\",\"breadcrumb\":{\"@id\":\"https:\/\/bertolinidirect.com\/es\/products\/accessories\/glides#breadcrumb\"},\"inLanguage\":\"es\",\"potentialAction\":[{\"@type\":\"ReadAction\",\"target\":[\"https:\/\/bertolinidirect.com\/es\/products\/accessories\/glides\"]}]},{\"@type\":\"ImageObject\",\"inLanguage\":\"es\",\"@id\":\"https:\/\/bertolinidirect.com\/es\/products\/accessories\/glides#primaryimage\",\"url\":\"https:\/\/bertolinidirect.com\/wp-content\/uploads\/2024\/03\/BERT_Black_Glides-678x678-min.jpg\",\"contentUrl\":\"https:\/\/bertolinidirect.com\/wp-content\/uploads\/2024\/03\/BERT_Black_Glides-678x678-min.jpg\",\"width\":678,\"height\":678,\"caption\":\"Close up of Black glides\"},{\"@type\":\"BreadcrumbList\",\"@id\":\"https:\/\/bertolinidirect.com\/es\/products\/accessories\/glides#breadcrumb\",\"itemListElement\":[{\"@type\":\"ListItem\",\"position\":1,\"name\":\"Home\",\"item\":\"https:\/\/bertolinidirect.com\/\"},{\"@type\":\"ListItem\",\"position\":2,\"name\":\"Products\",\"item\":\"https:\/\/bertolinidirect.com\/products\"},{\"@type\":\"ListItem\",\"position\":3,\"name\":\"Accessories\",\"item\":\"https:\/\/bertolinidirect.com\/products\/accessories\"},{\"@type\":\"ListItem\",\"position\":4,\"name\":\"Glides\"}]},{\"@type\":\"WebSite\",\"@id\":\"https:\/\/bertolinidirect.com\/es\/#website\",\"url\":\"https:\/\/bertolinidirect.com\/es\/\",\"name\":\"Bertolini\",\"description\":\"\",\"potentialAction\":[{\"@type\":\"SearchAction\",\"target\":{\"@type\":\"EntryPoint\",\"urlTemplate\":\"https:\/\/bertolinidirect.com\/es\/?s={search_term_string}\"},\"query-input\":{\"@type\":\"PropertyValueSpecification\",\"valueRequired\":true,\"valueName\":\"search_term_string\"}}],\"inLanguage\":\"es\"}]}<\/script>\n<!-- \/ Yoast SEO Premium plugin. -->","yoast_head_json":{"title":"Deslizamientos antirrayas | Accesorios para sillas de iglesia Bertolini","description":"Disponemos de deslizadores est\u00e1ndar para la parte inferior de las patas de las sillas de iglesia Bertolini para evitar rayar el suelo. Disponibles en negro.","robots":{"index":"index","follow":"follow","max-snippet":"max-snippet:-1","max-image-preview":"max-image-preview:large","max-video-preview":"max-video-preview:-1"},"canonical":"https:\/\/bertolinidirect.com\/es\/products\/accessories\/glides\/","og_locale":"es_MX","og_type":"article","og_title":"Glides","og_description":"Standard glides are available for the bottom of Bertolini church chair legs to help avoid scratching or scuffing the flooring. Available in black.","og_url":"https:\/\/bertolinidirect.com\/es\/products\/accessories\/glides\/","og_site_name":"Bertolini Direct","article_modified_time":"2025-12-01T22:04:48+00:00","og_image":[{"width":678,"height":678,"url":"https:\/\/bertolinidirect.com\/wp-content\/uploads\/2024\/03\/BERT_Black_Glides-678x678-min.jpg","type":"image\/jpeg"}],"twitter_card":"summary_large_image","schema":{"@context":"https:\/\/schema.org","@graph":[{"@type":"WebPage","@id":"https:\/\/bertolinidirect.com\/es\/products\/accessories\/glides","url":"https:\/\/bertolinidirect.com\/es\/products\/accessories\/glides","name":"Deslizamientos antirrayas | Accesorios para sillas de iglesia Bertolini","isPartOf":{"@id":"https:\/\/bertolinidirect.com\/es\/#website"},"primaryImageOfPage":{"@id":"https:\/\/bertolinidirect.com\/es\/products\/accessories\/glides#primaryimage"},"image":{"@id":"https:\/\/bertolinidirect.com\/es\/products\/accessories\/glides#primaryimage"},"thumbnailUrl":"https:\/\/bertolinidirect.com\/wp-content\/uploads\/2024\/03\/BERT_Black_Glides-678x678-min.jpg","datePublished":"2024-03-26T20:33:20+00:00","dateModified":"2025-12-01T22:04:48+00:00","description":"Disponemos de deslizadores est\u00e1ndar para la parte inferior de las patas de las sillas de iglesia Bertolini para evitar rayar el suelo. Disponibles en negro.","breadcrumb":{"@id":"https:\/\/bertolinidirect.com\/es\/products\/accessories\/glides#breadcrumb"},"inLanguage":"es","potentialAction":[{"@type":"ReadAction","target":["https:\/\/bertolinidirect.com\/es\/products\/accessories\/glides"]}]},{"@type":"ImageObject","inLanguage":"es","@id":"https:\/\/bertolinidirect.com\/es\/products\/accessories\/glides#primaryimage","url":"https:\/\/bertolinidirect.com\/wp-content\/uploads\/2024\/03\/BERT_Black_Glides-678x678-min.jpg","contentUrl":"https:\/\/bertolinidirect.com\/wp-content\/uploads\/2024\/03\/BERT_Black_Glides-678x678-min.jpg","width":678,"height":678,"caption":"Close up of Black glides"},{"@type":"BreadcrumbList","@id":"https:\/\/bertolinidirect.com\/es\/products\/accessories\/glides#breadcrumb","itemListElement":[{"@type":"ListItem","position":1,"name":"Home","item":"https:\/\/bertolinidirect.com\/"},{"@type":"ListItem","position":2,"name":"Products","item":"https:\/\/bertolinidirect.com\/products"},{"@type":"ListItem","position":3,"name":"Accessories","item":"https:\/\/bertolinidirect.com\/products\/accessories"},{"@type":"ListItem","position":4,"name":"Glides"}]},{"@type":"WebSite","@id":"https:\/\/bertolinidirect.com\/es\/#website","url":"https:\/\/bertolinidirect.com\/es\/","name":"Bertolini","description":"","potentialAction":[{"@type":"SearchAction","target":{"@type":"EntryPoint","urlTemplate":"https:\/\/bertolinidirect.com\/es\/?s={search_term_string}"},"query-input":{"@type":"PropertyValueSpecification","valueRequired":true,"valueName":"search_term_string"}}],"inLanguage":"es"}]}},"_links":{"self":[{"href":"https:\/\/bertolinidirect.com\/es\/wp-json\/wp\/v2\/product\/353","targetHints":{"allow":["GET"]}}],"collection":[{"href":"https:\/\/bertolinidirect.com\/es\/wp-json\/wp\/v2\/product"}],"about":[{"href":"https:\/\/bertolinidirect.com\/es\/wp-json\/wp\/v2\/types\/product"}],"wp:featuredmedia":[{"embeddable":true,"href":"https:\/\/bertolinidirect.com\/es\/wp-json\/wp\/v2\/media\/24613"}],"wp:attachment":[{"href":"https:\/\/bertolinidirect.com\/es\/wp-json\/wp\/v2\/media?parent=353"}],"wp:term":[{"taxonomy":"product_brand","embeddable":true,"href":"https:\/\/bertolinidirect.com\/es\/wp-json\/wp\/v2\/product_brand?post=353"},{"taxonomy":"product_cat","embeddable":true,"href":"https:\/\/bertolinidirect.com\/es\/wp-json\/wp\/v2\/product_cat?post=353"},{"taxonomy":"product_tag","embeddable":true,"href":"https:\/\/bertolinidirect.com\/es\/wp-json\/wp\/v2\/product_tag?post=353"}],"curies":[{"name":"gracias","href":"https:\/\/api.w.org\/{rel}","templated":true}]}}