{"id":344,"date":"2024-03-26T20:15:52","date_gmt":"2024-03-26T20:15:52","guid":{"rendered":"https:\/\/bertolinidirect.com\/?post_type=product&#038;p=344"},"modified":"2024-10-30T16:22:17","modified_gmt":"2024-10-30T16:22:17","slug":"pencil-and-card-holder","status":"publish","type":"product","link":"https:\/\/bertolinidirect.com\/es\/products\/accessories\/pencil-and-card-holder","title":{"rendered":"Porta l\u00e1pices y tarjetas"},"content":{"rendered":"<p>Este portal\u00e1pices y tarjeteros ofrece espacio para dos bol\u00edgrafos\/l\u00e1pices, tarjetas de visita, folletos, un tel\u00e9fono inteligente delgado (Samsung, iPhone, etc.) u otros materiales de hasta 6,25 pulgadas de ancho (15,8 cm). Hemos dise\u00f1ado este accesorio \u00fanico para adaptarse a respaldos de sillas tapizadas que son a la vez rectos y contorneados.<\/p>\n<p>El portal\u00e1pices y el tarjetero se pueden agregar a cualquier silla de adoraci\u00f3n Bertolini.<\/p>\n<h2 data-pm-slice=\"1 1 []\">Instrucciones de instalaci\u00f3n<\/h2>\n<p data-pm-slice=\"1 1 []\">Mire el v\u00eddeo a continuaci\u00f3n para obtener instrucciones paso a paso sobre c\u00f3mo instalar el l\u00e1piz y el tarjetero. <a href=\"https:\/\/bertolinidirect.com\/wp-content\/uploads\/2024\/07\/Pencil-and-Card-Holder-Install-Template-4x9-1.pdf\">Descargue las plantillas de instalaci\u00f3n aqu\u00ed<\/a>.<\/p>\n<p><em>Nota: Este accesorio est\u00e1 dise\u00f1ado para funcionar con sillas fabricadas por Bertolini. No podemos garantizar que funcione con sillas de otros fabricantes. El uso con sillas no especificadas se realiza bajo responsabilidad del comprador. Los clientes que tengan sillas Bertolini existentes deben llamar al servicio de atenci\u00f3n al cliente para confirmar que encajar\u00e1n. <\/em><\/p>\n<p class=\"youtube-video\"><iframe loading=\"lazy\" title=\"reproductor de v\u00eddeos de youtube\" src=\"https:\/\/www.youtube.com\/embed\/Bbzk2keuHig?si=XuOL-ShfbjSfjerl\" width=\"1162\" height=\"653\" frameborder=\"0\" allowfullscreen=\"allowfullscreen\"><\/iframe><\/p>","protected":false},"excerpt":{"rendered":"<p>This Pencil and Card Holder provides room for two pens\/pencils, business cards, handouts, a slim smartphone (Samsung, iPhones, etc.), or other materials up to 6.25 inches wide (15.8 cm). We\u2019ve designed this unique accessory to fit upholstered chairs backs that are both straight and contoured The Pencil and Card Holder can be added to any [&hellip;]<\/p>\n","protected":false},"featured_media":343,"template":"","meta":{"_acf_changed":false},"product_brand":[],"product_cat":[52],"product_tag":[],"class_list":{"0":"post-344","1":"product","2":"type-product","3":"status-publish","4":"has-post-thumbnail","6":"product_cat-accessories","8":"first","9":"instock","10":"shipping-taxable","11":"purchasable","12":"product-type-simple"},"acf":[],"yoast_head":"<!-- This site is optimized with the Yoast SEO Premium plugin v24.2 (Yoast SEO v27.1.1) - https:\/\/yoast.com\/product\/yoast-seo-premium-wordpress\/ -->\n<title>Pencil and Card Holder | Bertolini Direct<\/title>\n<meta name=\"description\" content=\"This Pencil and Card Holder provides room for two pens\/pencils, business cards, handouts, a slim smartphone (Samsung, iPhones, etc.), or other materials\" \/>\n<meta name=\"robots\" content=\"index, follow, max-snippet:-1, max-image-preview:large, max-video-preview:-1\" \/>\n<link rel=\"canonical\" href=\"https:\/\/bertolinidirect.com\/es\/products\/accessories\/pencil-and-card-holder\/\" \/>\n<meta property=\"og:locale\" content=\"es_MX\" \/>\n<meta property=\"og:type\" content=\"article\" \/>\n<meta property=\"og:title\" content=\"Pencil and Card Holder\" \/>\n<meta property=\"og:description\" content=\"This Pencil and Card Holder provides room for two pens\/pencils, business cards, handouts, a slim smartphone (Samsung, iPhones, etc.), or other materials\" \/>\n<meta property=\"og:url\" content=\"https:\/\/bertolinidirect.com\/es\/products\/accessories\/pencil-and-card-holder\/\" \/>\n<meta property=\"og:site_name\" content=\"Bertolini Direct\" \/>\n<meta property=\"article:modified_time\" content=\"2024-10-30T16:22:17+00:00\" \/>\n<meta property=\"og:image\" content=\"https:\/\/bertolinidirect.com\/wp-content\/uploads\/2024\/03\/2022_Pencil-Card_Holder.jpg\" \/>\n\t<meta property=\"og:image:width\" content=\"680\" \/>\n\t<meta property=\"og:image:height\" content=\"680\" \/>\n\t<meta property=\"og:image:type\" content=\"image\/jpeg\" \/>\n<meta name=\"twitter:card\" content=\"summary_large_image\" \/>\n<script type=\"application\/ld+json\" class=\"yoast-schema-graph\">{\"@context\":\"https:\/\/schema.org\",\"@graph\":[{\"@type\":\"WebPage\",\"@id\":\"https:\/\/bertolinidirect.com\/es\/products\/accessories\/pencil-and-card-holder\",\"url\":\"https:\/\/bertolinidirect.com\/es\/products\/accessories\/pencil-and-card-holder\",\"name\":\"Pencil and Card Holder | Bertolini Direct\",\"isPartOf\":{\"@id\":\"https:\/\/bertolinidirect.com\/es\/#website\"},\"primaryImageOfPage\":{\"@id\":\"https:\/\/bertolinidirect.com\/es\/products\/accessories\/pencil-and-card-holder#primaryimage\"},\"image\":{\"@id\":\"https:\/\/bertolinidirect.com\/es\/products\/accessories\/pencil-and-card-holder#primaryimage\"},\"thumbnailUrl\":\"https:\/\/bertolinidirect.com\/wp-content\/uploads\/2024\/03\/2022_Pencil-Card_Holder.jpg\",\"datePublished\":\"2024-03-26T20:15:52+00:00\",\"dateModified\":\"2024-10-30T16:22:17+00:00\",\"description\":\"This Pencil and Card Holder provides room for two pens\/pencils, business cards, handouts, a slim smartphone (Samsung, iPhones, etc.), or other materials\",\"breadcrumb\":{\"@id\":\"https:\/\/bertolinidirect.com\/es\/products\/accessories\/pencil-and-card-holder#breadcrumb\"},\"inLanguage\":\"es\",\"potentialAction\":[{\"@type\":\"ReadAction\",\"target\":[\"https:\/\/bertolinidirect.com\/es\/products\/accessories\/pencil-and-card-holder\"]}]},{\"@type\":\"ImageObject\",\"inLanguage\":\"es\",\"@id\":\"https:\/\/bertolinidirect.com\/es\/products\/accessories\/pencil-and-card-holder#primaryimage\",\"url\":\"https:\/\/bertolinidirect.com\/wp-content\/uploads\/2024\/03\/2022_Pencil-Card_Holder.jpg\",\"contentUrl\":\"https:\/\/bertolinidirect.com\/wp-content\/uploads\/2024\/03\/2022_Pencil-Card_Holder.jpg\",\"width\":680,\"height\":680,\"caption\":\"Card and Cup Holder\"},{\"@type\":\"BreadcrumbList\",\"@id\":\"https:\/\/bertolinidirect.com\/es\/products\/accessories\/pencil-and-card-holder#breadcrumb\",\"itemListElement\":[{\"@type\":\"ListItem\",\"position\":1,\"name\":\"Home\",\"item\":\"https:\/\/bertolinidirect.com\/\"},{\"@type\":\"ListItem\",\"position\":2,\"name\":\"Products\",\"item\":\"https:\/\/bertolinidirect.com\/products\"},{\"@type\":\"ListItem\",\"position\":3,\"name\":\"Accessories\",\"item\":\"https:\/\/bertolinidirect.com\/products\/accessories\"},{\"@type\":\"ListItem\",\"position\":4,\"name\":\"Pencil and Card Holder\"}]},{\"@type\":\"WebSite\",\"@id\":\"https:\/\/bertolinidirect.com\/es\/#website\",\"url\":\"https:\/\/bertolinidirect.com\/es\/\",\"name\":\"Bertolini\",\"description\":\"\",\"potentialAction\":[{\"@type\":\"SearchAction\",\"target\":{\"@type\":\"EntryPoint\",\"urlTemplate\":\"https:\/\/bertolinidirect.com\/es\/?s={search_term_string}\"},\"query-input\":{\"@type\":\"PropertyValueSpecification\",\"valueRequired\":true,\"valueName\":\"search_term_string\"}}],\"inLanguage\":\"es\"}]}<\/script>\n<!-- \/ Yoast SEO Premium plugin. -->","yoast_head_json":{"title":"Porta l\u00e1pices y tarjetas | Bertolini Directo","description":"Este portal\u00e1pices y tarjeteros ofrece espacio para dos bol\u00edgrafos\/l\u00e1pices, tarjetas de visita, folletos, un tel\u00e9fono inteligente delgado (Samsung, iPhone, etc.) u otros materiales.","robots":{"index":"index","follow":"follow","max-snippet":"max-snippet:-1","max-image-preview":"max-image-preview:large","max-video-preview":"max-video-preview:-1"},"canonical":"https:\/\/bertolinidirect.com\/es\/products\/accessories\/pencil-and-card-holder\/","og_locale":"es_MX","og_type":"article","og_title":"Pencil and Card Holder","og_description":"This Pencil and Card Holder provides room for two pens\/pencils, business cards, handouts, a slim smartphone (Samsung, iPhones, etc.), or other materials","og_url":"https:\/\/bertolinidirect.com\/es\/products\/accessories\/pencil-and-card-holder\/","og_site_name":"Bertolini Direct","article_modified_time":"2024-10-30T16:22:17+00:00","og_image":[{"width":680,"height":680,"url":"https:\/\/bertolinidirect.com\/wp-content\/uploads\/2024\/03\/2022_Pencil-Card_Holder.jpg","type":"image\/jpeg"}],"twitter_card":"summary_large_image","schema":{"@context":"https:\/\/schema.org","@graph":[{"@type":"WebPage","@id":"https:\/\/bertolinidirect.com\/es\/products\/accessories\/pencil-and-card-holder","url":"https:\/\/bertolinidirect.com\/es\/products\/accessories\/pencil-and-card-holder","name":"Porta l\u00e1pices y tarjetas | Bertolini Directo","isPartOf":{"@id":"https:\/\/bertolinidirect.com\/es\/#website"},"primaryImageOfPage":{"@id":"https:\/\/bertolinidirect.com\/es\/products\/accessories\/pencil-and-card-holder#primaryimage"},"image":{"@id":"https:\/\/bertolinidirect.com\/es\/products\/accessories\/pencil-and-card-holder#primaryimage"},"thumbnailUrl":"https:\/\/bertolinidirect.com\/wp-content\/uploads\/2024\/03\/2022_Pencil-Card_Holder.jpg","datePublished":"2024-03-26T20:15:52+00:00","dateModified":"2024-10-30T16:22:17+00:00","description":"Este portal\u00e1pices y tarjeteros ofrece espacio para dos bol\u00edgrafos\/l\u00e1pices, tarjetas de visita, folletos, un tel\u00e9fono inteligente delgado (Samsung, iPhone, etc.) u otros materiales.","breadcrumb":{"@id":"https:\/\/bertolinidirect.com\/es\/products\/accessories\/pencil-and-card-holder#breadcrumb"},"inLanguage":"es","potentialAction":[{"@type":"ReadAction","target":["https:\/\/bertolinidirect.com\/es\/products\/accessories\/pencil-and-card-holder"]}]},{"@type":"ImageObject","inLanguage":"es","@id":"https:\/\/bertolinidirect.com\/es\/products\/accessories\/pencil-and-card-holder#primaryimage","url":"https:\/\/bertolinidirect.com\/wp-content\/uploads\/2024\/03\/2022_Pencil-Card_Holder.jpg","contentUrl":"https:\/\/bertolinidirect.com\/wp-content\/uploads\/2024\/03\/2022_Pencil-Card_Holder.jpg","width":680,"height":680,"caption":"Card and Cup Holder"},{"@type":"BreadcrumbList","@id":"https:\/\/bertolinidirect.com\/es\/products\/accessories\/pencil-and-card-holder#breadcrumb","itemListElement":[{"@type":"ListItem","position":1,"name":"Home","item":"https:\/\/bertolinidirect.com\/"},{"@type":"ListItem","position":2,"name":"Products","item":"https:\/\/bertolinidirect.com\/products"},{"@type":"ListItem","position":3,"name":"Accessories","item":"https:\/\/bertolinidirect.com\/products\/accessories"},{"@type":"ListItem","position":4,"name":"Pencil and Card Holder"}]},{"@type":"WebSite","@id":"https:\/\/bertolinidirect.com\/es\/#website","url":"https:\/\/bertolinidirect.com\/es\/","name":"Bertolini","description":"","potentialAction":[{"@type":"SearchAction","target":{"@type":"EntryPoint","urlTemplate":"https:\/\/bertolinidirect.com\/es\/?s={search_term_string}"},"query-input":{"@type":"PropertyValueSpecification","valueRequired":true,"valueName":"search_term_string"}}],"inLanguage":"es"}]}},"_links":{"self":[{"href":"https:\/\/bertolinidirect.com\/es\/wp-json\/wp\/v2\/product\/344","targetHints":{"allow":["GET"]}}],"collection":[{"href":"https:\/\/bertolinidirect.com\/es\/wp-json\/wp\/v2\/product"}],"about":[{"href":"https:\/\/bertolinidirect.com\/es\/wp-json\/wp\/v2\/types\/product"}],"wp:featuredmedia":[{"embeddable":true,"href":"https:\/\/bertolinidirect.com\/es\/wp-json\/wp\/v2\/media\/343"}],"wp:attachment":[{"href":"https:\/\/bertolinidirect.com\/es\/wp-json\/wp\/v2\/media?parent=344"}],"wp:term":[{"taxonomy":"product_brand","embeddable":true,"href":"https:\/\/bertolinidirect.com\/es\/wp-json\/wp\/v2\/product_brand?post=344"},{"taxonomy":"product_cat","embeddable":true,"href":"https:\/\/bertolinidirect.com\/es\/wp-json\/wp\/v2\/product_cat?post=344"},{"taxonomy":"product_tag","embeddable":true,"href":"https:\/\/bertolinidirect.com\/es\/wp-json\/wp\/v2\/product_tag?post=344"}],"curies":[{"name":"gracias","href":"https:\/\/api.w.org\/{rel}","templated":true}]}}