{"id":342,"date":"2024-03-26T20:03:18","date_gmt":"2024-03-26T20:03:18","guid":{"rendered":"https:\/\/bertolinidirect.com\/?post_type=product&#038;p=342"},"modified":"2024-07-30T17:19:41","modified_gmt":"2024-07-30T17:19:41","slug":"card-and-cup-holder","status":"publish","type":"product","link":"https:\/\/bertolinidirect.com\/es\/products\/accessories\/card-and-cup-holder","title":{"rendered":"Portatarjetas y vasos"},"content":{"rendered":"<p>Este portatarjetas y vasos agrega funcionalidad a las sillas de la iglesia. Ofrece espacio para dos bol\u00edgrafos\/l\u00e1pices, seis (6) tarjetas de presentaci\u00f3n, sobres para donaciones, una copa de comuni\u00f3n y otros materiales de hasta 8,75 pulgadas (22,2 cm) de ancho. El bucle abatible para vasos de comuni\u00f3n ayudar\u00e1 a evitar que los vasos de pl\u00e1stico aplastados ensucien su santuario o auditorio.<\/p>\n<p>Hemos dise\u00f1ado este accesorio \u00fanico para adaptarse a respaldos de sillas tapizados que son rectos y contorneados. El portatarjetas y portavasos se puede agregar a cualquier silla de iglesia Bertolini.<\/p>\n<h2>Instrucciones de instalaci\u00f3n<\/h2>\n<p>Utilice la pr\u00e1ctica gu\u00eda de Bertolini para instalar con \u00e9xito el accesorio Portatarjetas y portavasos. <a href=\"https:\/\/bertolinidirect.com\/wp-content\/uploads\/2024\/07\/Card-Cup_Holder_Instructions.pdf\">Descargue las plantillas de instalaci\u00f3n aqu\u00ed<\/a>.<\/p>\n<p><em>Nota: Este accesorio est\u00e1 dise\u00f1ado para funcionar con sillas fabricadas por Bertolini. No podemos garantizar que funcione con sillas de otros fabricantes. El uso con sillas no especificadas se realiza bajo responsabilidad del comprador. Los clientes que tengan sillas Bertolini existentes deben llamar al servicio de atenci\u00f3n al cliente para confirmar que el portatarjetas y el portavasos encajar\u00e1n. <\/em><\/p>","protected":false},"excerpt":{"rendered":"<p>This Card and Cup Holder adds functionality to church chairs. It provides room for two pens\/pencils, six (6) business cards, donation envelopes, a communion cup, and other materials up to 8.75 inches (22.2 cm) wide. The flip-down loop for communion cups will help prevent crushed plastic cups from littering your sanctuary or auditorium. We\u2019ve designed [&hellip;]<\/p>\n","protected":false},"featured_media":346,"template":"","meta":{"_acf_changed":false},"product_brand":[],"product_cat":[52],"product_tag":[],"class_list":{"0":"post-342","1":"product","2":"type-product","3":"status-publish","4":"has-post-thumbnail","6":"product_cat-accessories","8":"first","9":"instock","10":"shipping-taxable","11":"purchasable","12":"product-type-simple"},"acf":[],"yoast_head":"<!-- This site is optimized with the Yoast SEO Premium plugin v24.2 (Yoast SEO v27.1.1) - https:\/\/yoast.com\/product\/yoast-seo-premium-wordpress\/ -->\n<title>Card and Cup Holder | Bertolini Church Chair Accessories<\/title>\n<meta name=\"description\" content=\"The Card and Cup Holder is designed to hold your cards and communion cup. It fits snuggly on the back of the church chairs so it can easily stack and store.\" \/>\n<meta name=\"robots\" content=\"index, follow, max-snippet:-1, max-image-preview:large, max-video-preview:-1\" \/>\n<link rel=\"canonical\" href=\"https:\/\/bertolinidirect.com\/es\/products\/accessories\/card-and-cup-holder\/\" \/>\n<meta property=\"og:locale\" content=\"es_MX\" \/>\n<meta property=\"og:type\" content=\"article\" \/>\n<meta property=\"og:title\" content=\"Card and Cup Holder\" \/>\n<meta property=\"og:description\" content=\"The Card and Cup Holder is designed to hold your cards and communion cup. It fits snuggly on the back of the church chairs so it can easily stack and store.\" \/>\n<meta property=\"og:url\" content=\"https:\/\/bertolinidirect.com\/es\/products\/accessories\/card-and-cup-holder\/\" \/>\n<meta property=\"og:site_name\" content=\"Bertolini Direct\" \/>\n<meta property=\"article:modified_time\" content=\"2024-07-30T17:19:41+00:00\" \/>\n<meta property=\"og:image\" content=\"https:\/\/bertolinidirect.com\/wp-content\/uploads\/2024\/03\/Card-Pencil-Communion-Cup-Holder-1.jpg\" \/>\n\t<meta property=\"og:image:width\" content=\"680\" \/>\n\t<meta property=\"og:image:height\" content=\"680\" \/>\n\t<meta property=\"og:image:type\" content=\"image\/jpeg\" \/>\n<meta name=\"twitter:card\" content=\"summary_large_image\" \/>\n<script type=\"application\/ld+json\" class=\"yoast-schema-graph\">{\"@context\":\"https:\/\/schema.org\",\"@graph\":[{\"@type\":\"WebPage\",\"@id\":\"https:\/\/bertolinidirect.com\/es\/products\/accessories\/card-and-cup-holder\",\"url\":\"https:\/\/bertolinidirect.com\/es\/products\/accessories\/card-and-cup-holder\",\"name\":\"Card and Cup Holder | Bertolini Church Chair Accessories\",\"isPartOf\":{\"@id\":\"https:\/\/bertolinidirect.com\/es\/#website\"},\"primaryImageOfPage\":{\"@id\":\"https:\/\/bertolinidirect.com\/es\/products\/accessories\/card-and-cup-holder#primaryimage\"},\"image\":{\"@id\":\"https:\/\/bertolinidirect.com\/es\/products\/accessories\/card-and-cup-holder#primaryimage\"},\"thumbnailUrl\":\"https:\/\/bertolinidirect.com\/wp-content\/uploads\/2024\/03\/Card-Pencil-Communion-Cup-Holder-1.jpg\",\"datePublished\":\"2024-03-26T20:03:18+00:00\",\"dateModified\":\"2024-07-30T17:19:41+00:00\",\"description\":\"The Card and Cup Holder is designed to hold your cards and communion cup. It fits snuggly on the back of the church chairs so it can easily stack and store.\",\"breadcrumb\":{\"@id\":\"https:\/\/bertolinidirect.com\/es\/products\/accessories\/card-and-cup-holder#breadcrumb\"},\"inLanguage\":\"es\",\"potentialAction\":[{\"@type\":\"ReadAction\",\"target\":[\"https:\/\/bertolinidirect.com\/es\/products\/accessories\/card-and-cup-holder\"]}]},{\"@type\":\"ImageObject\",\"inLanguage\":\"es\",\"@id\":\"https:\/\/bertolinidirect.com\/es\/products\/accessories\/card-and-cup-holder#primaryimage\",\"url\":\"https:\/\/bertolinidirect.com\/wp-content\/uploads\/2024\/03\/Card-Pencil-Communion-Cup-Holder-1.jpg\",\"contentUrl\":\"https:\/\/bertolinidirect.com\/wp-content\/uploads\/2024\/03\/Card-Pencil-Communion-Cup-Holder-1.jpg\",\"width\":680,\"height\":680,\"caption\":\"Card and Cup Holder\"},{\"@type\":\"BreadcrumbList\",\"@id\":\"https:\/\/bertolinidirect.com\/es\/products\/accessories\/card-and-cup-holder#breadcrumb\",\"itemListElement\":[{\"@type\":\"ListItem\",\"position\":1,\"name\":\"Home\",\"item\":\"https:\/\/bertolinidirect.com\/\"},{\"@type\":\"ListItem\",\"position\":2,\"name\":\"Products\",\"item\":\"https:\/\/bertolinidirect.com\/products\"},{\"@type\":\"ListItem\",\"position\":3,\"name\":\"Accessories\",\"item\":\"https:\/\/bertolinidirect.com\/products\/accessories\"},{\"@type\":\"ListItem\",\"position\":4,\"name\":\"Card and Cup Holder\"}]},{\"@type\":\"WebSite\",\"@id\":\"https:\/\/bertolinidirect.com\/es\/#website\",\"url\":\"https:\/\/bertolinidirect.com\/es\/\",\"name\":\"Bertolini\",\"description\":\"\",\"potentialAction\":[{\"@type\":\"SearchAction\",\"target\":{\"@type\":\"EntryPoint\",\"urlTemplate\":\"https:\/\/bertolinidirect.com\/es\/?s={search_term_string}\"},\"query-input\":{\"@type\":\"PropertyValueSpecification\",\"valueRequired\":true,\"valueName\":\"search_term_string\"}}],\"inLanguage\":\"es\"}]}<\/script>\n<!-- \/ Yoast SEO Premium plugin. -->","yoast_head_json":{"title":"Portatarjetas y vasos | Accesorios para sillas de iglesia Bertolini","description":"El portatarjetas y vasos est\u00e1 dise\u00f1ado para guardar sus tarjetas y su vaso de comuni\u00f3n. Se ajusta perfectamente al respaldo de las sillas de la iglesia para que pueda apilarse y almacenarse f\u00e1cilmente.","robots":{"index":"index","follow":"follow","max-snippet":"max-snippet:-1","max-image-preview":"max-image-preview:large","max-video-preview":"max-video-preview:-1"},"canonical":"https:\/\/bertolinidirect.com\/es\/products\/accessories\/card-and-cup-holder\/","og_locale":"es_MX","og_type":"article","og_title":"Card and Cup Holder","og_description":"The Card and Cup Holder is designed to hold your cards and communion cup. It fits snuggly on the back of the church chairs so it can easily stack and store.","og_url":"https:\/\/bertolinidirect.com\/es\/products\/accessories\/card-and-cup-holder\/","og_site_name":"Bertolini Direct","article_modified_time":"2024-07-30T17:19:41+00:00","og_image":[{"width":680,"height":680,"url":"https:\/\/bertolinidirect.com\/wp-content\/uploads\/2024\/03\/Card-Pencil-Communion-Cup-Holder-1.jpg","type":"image\/jpeg"}],"twitter_card":"summary_large_image","schema":{"@context":"https:\/\/schema.org","@graph":[{"@type":"WebPage","@id":"https:\/\/bertolinidirect.com\/es\/products\/accessories\/card-and-cup-holder","url":"https:\/\/bertolinidirect.com\/es\/products\/accessories\/card-and-cup-holder","name":"Portatarjetas y vasos | Accesorios para sillas de iglesia Bertolini","isPartOf":{"@id":"https:\/\/bertolinidirect.com\/es\/#website"},"primaryImageOfPage":{"@id":"https:\/\/bertolinidirect.com\/es\/products\/accessories\/card-and-cup-holder#primaryimage"},"image":{"@id":"https:\/\/bertolinidirect.com\/es\/products\/accessories\/card-and-cup-holder#primaryimage"},"thumbnailUrl":"https:\/\/bertolinidirect.com\/wp-content\/uploads\/2024\/03\/Card-Pencil-Communion-Cup-Holder-1.jpg","datePublished":"2024-03-26T20:03:18+00:00","dateModified":"2024-07-30T17:19:41+00:00","description":"El portatarjetas y vasos est\u00e1 dise\u00f1ado para guardar sus tarjetas y su vaso de comuni\u00f3n. Se ajusta perfectamente al respaldo de las sillas de la iglesia para que pueda apilarse y almacenarse f\u00e1cilmente.","breadcrumb":{"@id":"https:\/\/bertolinidirect.com\/es\/products\/accessories\/card-and-cup-holder#breadcrumb"},"inLanguage":"es","potentialAction":[{"@type":"ReadAction","target":["https:\/\/bertolinidirect.com\/es\/products\/accessories\/card-and-cup-holder"]}]},{"@type":"ImageObject","inLanguage":"es","@id":"https:\/\/bertolinidirect.com\/es\/products\/accessories\/card-and-cup-holder#primaryimage","url":"https:\/\/bertolinidirect.com\/wp-content\/uploads\/2024\/03\/Card-Pencil-Communion-Cup-Holder-1.jpg","contentUrl":"https:\/\/bertolinidirect.com\/wp-content\/uploads\/2024\/03\/Card-Pencil-Communion-Cup-Holder-1.jpg","width":680,"height":680,"caption":"Card and Cup Holder"},{"@type":"BreadcrumbList","@id":"https:\/\/bertolinidirect.com\/es\/products\/accessories\/card-and-cup-holder#breadcrumb","itemListElement":[{"@type":"ListItem","position":1,"name":"Home","item":"https:\/\/bertolinidirect.com\/"},{"@type":"ListItem","position":2,"name":"Products","item":"https:\/\/bertolinidirect.com\/products"},{"@type":"ListItem","position":3,"name":"Accessories","item":"https:\/\/bertolinidirect.com\/products\/accessories"},{"@type":"ListItem","position":4,"name":"Card and Cup Holder"}]},{"@type":"WebSite","@id":"https:\/\/bertolinidirect.com\/es\/#website","url":"https:\/\/bertolinidirect.com\/es\/","name":"Bertolini","description":"","potentialAction":[{"@type":"SearchAction","target":{"@type":"EntryPoint","urlTemplate":"https:\/\/bertolinidirect.com\/es\/?s={search_term_string}"},"query-input":{"@type":"PropertyValueSpecification","valueRequired":true,"valueName":"search_term_string"}}],"inLanguage":"es"}]}},"_links":{"self":[{"href":"https:\/\/bertolinidirect.com\/es\/wp-json\/wp\/v2\/product\/342","targetHints":{"allow":["GET"]}}],"collection":[{"href":"https:\/\/bertolinidirect.com\/es\/wp-json\/wp\/v2\/product"}],"about":[{"href":"https:\/\/bertolinidirect.com\/es\/wp-json\/wp\/v2\/types\/product"}],"wp:featuredmedia":[{"embeddable":true,"href":"https:\/\/bertolinidirect.com\/es\/wp-json\/wp\/v2\/media\/346"}],"wp:attachment":[{"href":"https:\/\/bertolinidirect.com\/es\/wp-json\/wp\/v2\/media?parent=342"}],"wp:term":[{"taxonomy":"product_brand","embeddable":true,"href":"https:\/\/bertolinidirect.com\/es\/wp-json\/wp\/v2\/product_brand?post=342"},{"taxonomy":"product_cat","embeddable":true,"href":"https:\/\/bertolinidirect.com\/es\/wp-json\/wp\/v2\/product_cat?post=342"},{"taxonomy":"product_tag","embeddable":true,"href":"https:\/\/bertolinidirect.com\/es\/wp-json\/wp\/v2\/product_tag?post=342"}],"curies":[{"name":"gracias","href":"https:\/\/api.w.org\/{rel}","templated":true}]}}