{"id":24295,"date":"2025-10-13T10:32:04","date_gmt":"2025-10-13T10:32:04","guid":{"rendered":"https:\/\/bertolinidirect.com\/?post_type=product&#038;p=24295"},"modified":"2026-02-09T19:44:25","modified_gmt":"2026-02-09T19:44:25","slug":"brisa-cocktail-folding-table","status":"publish","type":"product","link":"https:\/\/bertolinidirect.com\/es\/products\/tables\/brisa-cocktail-folding-table","title":{"rendered":"Mesa plegable de c\u00f3ctel Brisa"},"content":{"rendered":"<p>Compacta y f\u00e1cil de usar, la mesa plegable para c\u00f3cteles Brisa est\u00e1 lista para usar en segundos. Es ligera (9 kg) y port\u00e1til, lo que la hace ideal para reuniones sociales en la iglesia, eventos comunitarios, seminarios, \u00e1reas de exhibici\u00f3n, ministerios juveniles, oficinas y m\u00e1s. La Brisa est\u00e1 dise\u00f1ada con un moderno tablero blanco de pl\u00e1stico grueso moldeado por soplado. La estructura de acero est\u00e1 recubierta de pintura en polvo gris.<\/p>\n\n\n\n<p>Pr\u00e1ctica y econ\u00f3mica, esta mesa de c\u00f3ctel plegable es ideal para uso en interiores o en exteriores ocasionales.* Tiene la altura de un bar (110,4 cm). Es indispensable en reuniones sociales y buf\u00e9s de iglesias, seminarios, \u00e1reas de exhibici\u00f3n, ministerios juveniles, oficinas y m\u00e1s.<br><br>Capacidad de asientos:<\/p>\n\n\n\n<ul class=\"wp-block-list\">\n<li>Mesa de c\u00f3ctel de 31,5\u2032\u2032 (mesa de 2,6 pies): 3 personas<\/li>\n<\/ul>","protected":false},"excerpt":{"rendered":"<p>Compact and easy to use, the Brisa Cocktail Folding Table is ready for use in seconds. It is lightweight (20 lbs.\/9 kg) and portable, making it ideal for church socials, community events, seminars, display areas, youth ministries, offices, and more. The Brisa is designed with a modern white tabletop made of thick, blow-molded plastic. The [&hellip;]<\/p>\n","protected":false},"featured_media":24302,"template":"","meta":{"_acf_changed":true},"product_brand":[90],"product_cat":[115,99],"product_tag":[],"class_list":{"0":"post-24295","1":"product","2":"type-product","3":"status-publish","4":"has-post-thumbnail","6":"product_brand-brisa","7":"product_cat-sale","8":"product_cat-tables","10":"first","11":"instock","12":"shipping-taxable","13":"purchasable","14":"product-type-simple"},"acf":[],"yoast_head":"<!-- This site is optimized with the Yoast SEO Premium plugin v24.2 (Yoast SEO v27.4) - https:\/\/yoast.com\/product\/yoast-seo-premium-wordpress\/ -->\n<title>Brisa Cocktail Folding Table | Bertolini Direct<\/title>\n<meta name=\"description\" content=\"The Brisa Cocktail Table is a small, bar-height table that\u2019s easy to set up and carry from room to room. ANSI\/BIFMA compliant.\" \/>\n<meta name=\"robots\" content=\"index, follow, max-snippet:-1, max-image-preview:large, max-video-preview:-1\" \/>\n<link rel=\"canonical\" href=\"https:\/\/bertolinidirect.com\/es\/products\/tables\/brisa-cocktail-folding-table\/\" \/>\n<meta property=\"og:locale\" content=\"es_MX\" \/>\n<meta property=\"og:type\" content=\"article\" \/>\n<meta property=\"og:title\" content=\"Brisa Cocktail Folding Table\" \/>\n<meta property=\"og:description\" content=\"The Brisa Cocktail Table is a small, bar-height table that\u2019s easy to set up and carry from room to room. ANSI\/BIFMA compliant.\" \/>\n<meta property=\"og:url\" content=\"https:\/\/bertolinidirect.com\/es\/products\/tables\/brisa-cocktail-folding-table\/\" \/>\n<meta property=\"og:site_name\" content=\"Bertolini Direct\" \/>\n<meta property=\"article:modified_time\" content=\"2026-02-09T19:44:25+00:00\" \/>\n<meta property=\"og:image\" content=\"https:\/\/bertolinidirect.com\/wp-content\/uploads\/2025\/10\/Brisa_RT-31.5_Round-Cocktail_Front45.jpg\" \/>\n\t<meta property=\"og:image:width\" content=\"678\" \/>\n\t<meta property=\"og:image:height\" content=\"678\" \/>\n\t<meta property=\"og:image:type\" content=\"image\/jpeg\" \/>\n<meta name=\"twitter:card\" content=\"summary_large_image\" \/>\n<script type=\"application\/ld+json\" class=\"yoast-schema-graph\">{\"@context\":\"https:\\\/\\\/schema.org\",\"@graph\":[{\"@type\":\"WebPage\",\"@id\":\"https:\\\/\\\/bertolinidirect.com\\\/es\\\/products\\\/tables\\\/brisa-cocktail-folding-table\",\"url\":\"https:\\\/\\\/bertolinidirect.com\\\/es\\\/products\\\/tables\\\/brisa-cocktail-folding-table\",\"name\":\"Brisa Cocktail Folding Table | Bertolini Direct\",\"isPartOf\":{\"@id\":\"https:\\\/\\\/bertolinidirect.com\\\/es\\\/#website\"},\"primaryImageOfPage\":{\"@id\":\"https:\\\/\\\/bertolinidirect.com\\\/es\\\/products\\\/tables\\\/brisa-cocktail-folding-table#primaryimage\"},\"image\":{\"@id\":\"https:\\\/\\\/bertolinidirect.com\\\/es\\\/products\\\/tables\\\/brisa-cocktail-folding-table#primaryimage\"},\"thumbnailUrl\":\"https:\\\/\\\/bertolinidirect.com\\\/wp-content\\\/uploads\\\/2025\\\/10\\\/Brisa_RT-31.5_Round-Cocktail_Front45.jpg\",\"datePublished\":\"2025-10-13T10:32:04+00:00\",\"dateModified\":\"2026-02-09T19:44:25+00:00\",\"description\":\"The Brisa Cocktail Table is a small, bar-height table that\u2019s easy to set up and carry from room to room. ANSI\\\/BIFMA compliant.\",\"breadcrumb\":{\"@id\":\"https:\\\/\\\/bertolinidirect.com\\\/es\\\/products\\\/tables\\\/brisa-cocktail-folding-table#breadcrumb\"},\"inLanguage\":\"es\",\"potentialAction\":[{\"@type\":\"ReadAction\",\"target\":[\"https:\\\/\\\/bertolinidirect.com\\\/es\\\/products\\\/tables\\\/brisa-cocktail-folding-table\"]}]},{\"@type\":\"ImageObject\",\"inLanguage\":\"es\",\"@id\":\"https:\\\/\\\/bertolinidirect.com\\\/es\\\/products\\\/tables\\\/brisa-cocktail-folding-table#primaryimage\",\"url\":\"https:\\\/\\\/bertolinidirect.com\\\/wp-content\\\/uploads\\\/2025\\\/10\\\/Brisa_RT-31.5_Round-Cocktail_Front45.jpg\",\"contentUrl\":\"https:\\\/\\\/bertolinidirect.com\\\/wp-content\\\/uploads\\\/2025\\\/10\\\/Brisa_RT-31.5_Round-Cocktail_Front45.jpg\",\"width\":678,\"height\":678,\"caption\":\"Brisa cocktail table front 45 view\"},{\"@type\":\"BreadcrumbList\",\"@id\":\"https:\\\/\\\/bertolinidirect.com\\\/es\\\/products\\\/tables\\\/brisa-cocktail-folding-table#breadcrumb\",\"itemListElement\":[{\"@type\":\"ListItem\",\"position\":1,\"name\":\"Home\",\"item\":\"https:\\\/\\\/bertolinidirect.com\\\/\"},{\"@type\":\"ListItem\",\"position\":2,\"name\":\"Products\",\"item\":\"https:\\\/\\\/bertolinidirect.com\\\/products\"},{\"@type\":\"ListItem\",\"position\":3,\"name\":\"Tables\",\"item\":\"https:\\\/\\\/bertolinidirect.com\\\/products\\\/tables\"},{\"@type\":\"ListItem\",\"position\":4,\"name\":\"Brisa Cocktail Folding Table\"}]},{\"@type\":\"WebSite\",\"@id\":\"https:\\\/\\\/bertolinidirect.com\\\/es\\\/#website\",\"url\":\"https:\\\/\\\/bertolinidirect.com\\\/es\\\/\",\"name\":\"Bertolini\",\"description\":\"\",\"potentialAction\":[{\"@type\":\"SearchAction\",\"target\":{\"@type\":\"EntryPoint\",\"urlTemplate\":\"https:\\\/\\\/bertolinidirect.com\\\/es\\\/?s={search_term_string}\"},\"query-input\":{\"@type\":\"PropertyValueSpecification\",\"valueRequired\":true,\"valueName\":\"search_term_string\"}}],\"inLanguage\":\"es\"}]}<\/script>\n<!-- \/ Yoast SEO Premium plugin. -->","yoast_head_json":{"title":"Mesa de c\u00f3ctel plegable Brisa | Bertolini Direct","description":"La mesa de c\u00f3ctel Brisa es una mesa peque\u00f1a, a la altura de un bar, f\u00e1cil de montar y transportar de una habitaci\u00f3n a otra. Cumple con las normas ANSI\/BIFMA.","robots":{"index":"index","follow":"follow","max-snippet":"max-snippet:-1","max-image-preview":"max-image-preview:large","max-video-preview":"max-video-preview:-1"},"canonical":"https:\/\/bertolinidirect.com\/es\/products\/tables\/brisa-cocktail-folding-table\/","og_locale":"es_MX","og_type":"article","og_title":"Brisa Cocktail Folding Table","og_description":"The Brisa Cocktail Table is a small, bar-height table that\u2019s easy to set up and carry from room to room. ANSI\/BIFMA compliant.","og_url":"https:\/\/bertolinidirect.com\/es\/products\/tables\/brisa-cocktail-folding-table\/","og_site_name":"Bertolini Direct","article_modified_time":"2026-02-09T19:44:25+00:00","og_image":[{"width":678,"height":678,"url":"https:\/\/bertolinidirect.com\/wp-content\/uploads\/2025\/10\/Brisa_RT-31.5_Round-Cocktail_Front45.jpg","type":"image\/jpeg"}],"twitter_card":"summary_large_image","schema":{"@context":"https:\/\/schema.org","@graph":[{"@type":"WebPage","@id":"https:\/\/bertolinidirect.com\/es\/products\/tables\/brisa-cocktail-folding-table","url":"https:\/\/bertolinidirect.com\/es\/products\/tables\/brisa-cocktail-folding-table","name":"Mesa de c\u00f3ctel plegable Brisa | Bertolini Direct","isPartOf":{"@id":"https:\/\/bertolinidirect.com\/es\/#website"},"primaryImageOfPage":{"@id":"https:\/\/bertolinidirect.com\/es\/products\/tables\/brisa-cocktail-folding-table#primaryimage"},"image":{"@id":"https:\/\/bertolinidirect.com\/es\/products\/tables\/brisa-cocktail-folding-table#primaryimage"},"thumbnailUrl":"https:\/\/bertolinidirect.com\/wp-content\/uploads\/2025\/10\/Brisa_RT-31.5_Round-Cocktail_Front45.jpg","datePublished":"2025-10-13T10:32:04+00:00","dateModified":"2026-02-09T19:44:25+00:00","description":"La mesa de c\u00f3ctel Brisa es una mesa peque\u00f1a, a la altura de un bar, f\u00e1cil de montar y transportar de una habitaci\u00f3n a otra. Cumple con las normas ANSI\/BIFMA.","breadcrumb":{"@id":"https:\/\/bertolinidirect.com\/es\/products\/tables\/brisa-cocktail-folding-table#breadcrumb"},"inLanguage":"es","potentialAction":[{"@type":"ReadAction","target":["https:\/\/bertolinidirect.com\/es\/products\/tables\/brisa-cocktail-folding-table"]}]},{"@type":"ImageObject","inLanguage":"es","@id":"https:\/\/bertolinidirect.com\/es\/products\/tables\/brisa-cocktail-folding-table#primaryimage","url":"https:\/\/bertolinidirect.com\/wp-content\/uploads\/2025\/10\/Brisa_RT-31.5_Round-Cocktail_Front45.jpg","contentUrl":"https:\/\/bertolinidirect.com\/wp-content\/uploads\/2025\/10\/Brisa_RT-31.5_Round-Cocktail_Front45.jpg","width":678,"height":678,"caption":"Brisa cocktail table front 45 view"},{"@type":"BreadcrumbList","@id":"https:\/\/bertolinidirect.com\/es\/products\/tables\/brisa-cocktail-folding-table#breadcrumb","itemListElement":[{"@type":"ListItem","position":1,"name":"Home","item":"https:\/\/bertolinidirect.com\/"},{"@type":"ListItem","position":2,"name":"Products","item":"https:\/\/bertolinidirect.com\/products"},{"@type":"ListItem","position":3,"name":"Tables","item":"https:\/\/bertolinidirect.com\/products\/tables"},{"@type":"ListItem","position":4,"name":"Brisa Cocktail Folding Table"}]},{"@type":"WebSite","@id":"https:\/\/bertolinidirect.com\/es\/#website","url":"https:\/\/bertolinidirect.com\/es\/","name":"Bertolini","description":"","potentialAction":[{"@type":"SearchAction","target":{"@type":"EntryPoint","urlTemplate":"https:\/\/bertolinidirect.com\/es\/?s={search_term_string}"},"query-input":{"@type":"PropertyValueSpecification","valueRequired":true,"valueName":"search_term_string"}}],"inLanguage":"es"}]}},"_links":{"self":[{"href":"https:\/\/bertolinidirect.com\/es\/wp-json\/wp\/v2\/product\/24295","targetHints":{"allow":["GET"]}}],"collection":[{"href":"https:\/\/bertolinidirect.com\/es\/wp-json\/wp\/v2\/product"}],"about":[{"href":"https:\/\/bertolinidirect.com\/es\/wp-json\/wp\/v2\/types\/product"}],"wp:featuredmedia":[{"embeddable":true,"href":"https:\/\/bertolinidirect.com\/es\/wp-json\/wp\/v2\/media\/24302"}],"wp:attachment":[{"href":"https:\/\/bertolinidirect.com\/es\/wp-json\/wp\/v2\/media?parent=24295"}],"wp:term":[{"taxonomy":"product_brand","embeddable":true,"href":"https:\/\/bertolinidirect.com\/es\/wp-json\/wp\/v2\/product_brand?post=24295"},{"taxonomy":"product_cat","embeddable":true,"href":"https:\/\/bertolinidirect.com\/es\/wp-json\/wp\/v2\/product_cat?post=24295"},{"taxonomy":"product_tag","embeddable":true,"href":"https:\/\/bertolinidirect.com\/es\/wp-json\/wp\/v2\/product_tag?post=24295"}],"curies":[{"name":"gracias","href":"https:\/\/api.w.org\/{rel}","templated":true}]}}