{"id":24202,"date":"2025-10-13T22:30:04","date_gmt":"2025-10-13T22:30:04","guid":{"rendered":"https:\/\/bertolinidirect.com\/?post_type=product&#038;p=24202"},"modified":"2026-02-09T19:44:06","modified_gmt":"2026-02-09T19:44:06","slug":"brisa-plastic-folding-chairs","status":"publish","type":"product","link":"https:\/\/bertolinidirect.com\/es\/products\/chairs\/brisa-plastic-folding-chairs","title":{"rendered":"Sillas plegables de pl\u00e1stico Brisa"},"content":{"rendered":"<p>La silla plegable Brisa, cuyo nombre deriva de la palabra espa\u00f1ola &quot;brisa&quot;, est\u00e1 dise\u00f1ada para optimizar el montaje de eventos. Est\u00e1 fabricada con una estructura de acero gris con recubrimiento en polvo, y un asiento y respaldo de pl\u00e1stico grueso moldeado. Incorpora barras de soporte de acero debajo del asiento, que le proporcionan mayor resistencia y estabilidad.<\/p>\n\n\n\n<p>El asiento y el respaldo est\u00e1n hechos de polietileno (pl\u00e1stico) blanco resistente a las manchas. Su textura evita resbalones. La forma ligeramente curvada del respaldo proporciona un ajuste m\u00e1s natural. Los herrajes duraderos y de deslizamiento suave garantizan durabilidad y facilidad de uso.<\/p>\n\n\n\n<p>La silla plegable Brisa es pr\u00e1ctica y resistente, lista para ofrecer asientos adicionales en un instante. Resistente al agua y compacta, esta robusta silla plegable es perfecta para cenas de iglesia, eventos comunitarios, cafeter\u00edas, seminarios, ministerios juveniles e infantiles, oficinas y m\u00e1s. La silla plegable Brisa es apta para uso en interiores o exteriores por periodos cortos (solo en clima seco).*<\/p>","protected":false},"excerpt":{"rendered":"<p>Named after the Spanish word for \u201cbreeze,\u201d the Brisa Folding Chair is designed to streamline event setup. It\u2019s built with a gray, powder-coated steel frame and a seat and backrest made of thick, molded plastic. It\u2019s engineered with steel support bars underneath the seat, which provide additional strength and stability. The seat and backrest are [&hellip;]<\/p>\n","protected":false},"featured_media":24210,"template":"","meta":{"_acf_changed":true},"product_brand":[90],"product_cat":[22,115],"product_tag":[],"class_list":{"0":"post-24202","1":"product","2":"type-product","3":"status-publish","4":"has-post-thumbnail","6":"product_brand-brisa","7":"product_cat-chairs","8":"product_cat-sale","10":"first","11":"instock","12":"shipping-taxable","13":"purchasable","14":"product-type-simple"},"acf":[],"yoast_head":"<!-- This site is optimized with the Yoast SEO Premium plugin v24.2 (Yoast SEO v27.1.1) - https:\/\/yoast.com\/product\/yoast-seo-premium-wordpress\/ -->\n<title>Brisa Plastic Folding Chairs | Bertolini Direct<\/title>\n<meta name=\"description\" content=\"Affordable and lightweight, the Brisa Plastic Folding Chair from Bertolini offers flexible extra seating for church events.\" \/>\n<meta name=\"robots\" content=\"index, follow, max-snippet:-1, max-image-preview:large, max-video-preview:-1\" \/>\n<link rel=\"canonical\" href=\"https:\/\/bertolinidirect.com\/es\/products\/chairs\/brisa-plastic-folding-chairs\/\" \/>\n<meta property=\"og:locale\" content=\"es_MX\" \/>\n<meta property=\"og:type\" content=\"article\" \/>\n<meta property=\"og:title\" content=\"Brisa Plastic Folding Chairs\" \/>\n<meta property=\"og:description\" content=\"Affordable and lightweight, the Brisa Plastic Folding Chair from Bertolini offers flexible extra seating for church events.\" \/>\n<meta property=\"og:url\" content=\"https:\/\/bertolinidirect.com\/es\/products\/chairs\/brisa-plastic-folding-chairs\/\" \/>\n<meta property=\"og:site_name\" content=\"Bertolini Direct\" \/>\n<meta property=\"article:modified_time\" content=\"2026-02-09T19:44:06+00:00\" \/>\n<meta property=\"og:image\" content=\"https:\/\/bertolinidirect.com\/wp-content\/uploads\/2025\/10\/Brisa_Folding-Chair_featured.jpg\" \/>\n\t<meta property=\"og:image:width\" content=\"1024\" \/>\n\t<meta property=\"og:image:height\" content=\"1024\" \/>\n\t<meta property=\"og:image:type\" content=\"image\/jpeg\" \/>\n<meta name=\"twitter:card\" content=\"summary_large_image\" \/>\n<script type=\"application\/ld+json\" class=\"yoast-schema-graph\">{\"@context\":\"https:\/\/schema.org\",\"@graph\":[{\"@type\":\"WebPage\",\"@id\":\"https:\/\/bertolinidirect.com\/es\/products\/chairs\/brisa-plastic-folding-chairs\",\"url\":\"https:\/\/bertolinidirect.com\/es\/products\/chairs\/brisa-plastic-folding-chairs\",\"name\":\"Brisa Plastic Folding Chairs | Bertolini Direct\",\"isPartOf\":{\"@id\":\"https:\/\/bertolinidirect.com\/es\/#website\"},\"primaryImageOfPage\":{\"@id\":\"https:\/\/bertolinidirect.com\/es\/products\/chairs\/brisa-plastic-folding-chairs#primaryimage\"},\"image\":{\"@id\":\"https:\/\/bertolinidirect.com\/es\/products\/chairs\/brisa-plastic-folding-chairs#primaryimage\"},\"thumbnailUrl\":\"https:\/\/bertolinidirect.com\/wp-content\/uploads\/2025\/10\/Brisa_Folding-Chair_featured.jpg\",\"datePublished\":\"2025-10-13T22:30:04+00:00\",\"dateModified\":\"2026-02-09T19:44:06+00:00\",\"description\":\"Affordable and lightweight, the Brisa Plastic Folding Chair from Bertolini offers flexible extra seating for church events.\",\"breadcrumb\":{\"@id\":\"https:\/\/bertolinidirect.com\/es\/products\/chairs\/brisa-plastic-folding-chairs#breadcrumb\"},\"inLanguage\":\"es\",\"potentialAction\":[{\"@type\":\"ReadAction\",\"target\":[\"https:\/\/bertolinidirect.com\/es\/products\/chairs\/brisa-plastic-folding-chairs\"]}]},{\"@type\":\"ImageObject\",\"inLanguage\":\"es\",\"@id\":\"https:\/\/bertolinidirect.com\/es\/products\/chairs\/brisa-plastic-folding-chairs#primaryimage\",\"url\":\"https:\/\/bertolinidirect.com\/wp-content\/uploads\/2025\/10\/Brisa_Folding-Chair_featured.jpg\",\"contentUrl\":\"https:\/\/bertolinidirect.com\/wp-content\/uploads\/2025\/10\/Brisa_Folding-Chair_featured.jpg\",\"width\":1024,\"height\":1024,\"caption\":\"Front and back of the Brisa Folding Chair\"},{\"@type\":\"BreadcrumbList\",\"@id\":\"https:\/\/bertolinidirect.com\/es\/products\/chairs\/brisa-plastic-folding-chairs#breadcrumb\",\"itemListElement\":[{\"@type\":\"ListItem\",\"position\":1,\"name\":\"Home\",\"item\":\"https:\/\/bertolinidirect.com\/\"},{\"@type\":\"ListItem\",\"position\":2,\"name\":\"Products\",\"item\":\"https:\/\/bertolinidirect.com\/products\"},{\"@type\":\"ListItem\",\"position\":3,\"name\":\"Chairs\",\"item\":\"https:\/\/bertolinidirect.com\/products\/chairs\"},{\"@type\":\"ListItem\",\"position\":4,\"name\":\"Brisa Plastic Folding Chairs\"}]},{\"@type\":\"WebSite\",\"@id\":\"https:\/\/bertolinidirect.com\/es\/#website\",\"url\":\"https:\/\/bertolinidirect.com\/es\/\",\"name\":\"Bertolini\",\"description\":\"\",\"potentialAction\":[{\"@type\":\"SearchAction\",\"target\":{\"@type\":\"EntryPoint\",\"urlTemplate\":\"https:\/\/bertolinidirect.com\/es\/?s={search_term_string}\"},\"query-input\":{\"@type\":\"PropertyValueSpecification\",\"valueRequired\":true,\"valueName\":\"search_term_string\"}}],\"inLanguage\":\"es\"}]}<\/script>\n<!-- \/ Yoast SEO Premium plugin. -->","yoast_head_json":{"title":"Sillas plegables de pl\u00e1stico Brisa | Bertolini Direct","description":"Asequible y liviana, la silla plegable de pl\u00e1stico Brisa de Bertolini ofrece asientos adicionales flexibles para eventos de la iglesia.","robots":{"index":"index","follow":"follow","max-snippet":"max-snippet:-1","max-image-preview":"max-image-preview:large","max-video-preview":"max-video-preview:-1"},"canonical":"https:\/\/bertolinidirect.com\/es\/products\/chairs\/brisa-plastic-folding-chairs\/","og_locale":"es_MX","og_type":"article","og_title":"Brisa Plastic Folding Chairs","og_description":"Affordable and lightweight, the Brisa Plastic Folding Chair from Bertolini offers flexible extra seating for church events.","og_url":"https:\/\/bertolinidirect.com\/es\/products\/chairs\/brisa-plastic-folding-chairs\/","og_site_name":"Bertolini Direct","article_modified_time":"2026-02-09T19:44:06+00:00","og_image":[{"width":1024,"height":1024,"url":"https:\/\/bertolinidirect.com\/wp-content\/uploads\/2025\/10\/Brisa_Folding-Chair_featured.jpg","type":"image\/jpeg"}],"twitter_card":"summary_large_image","schema":{"@context":"https:\/\/schema.org","@graph":[{"@type":"WebPage","@id":"https:\/\/bertolinidirect.com\/es\/products\/chairs\/brisa-plastic-folding-chairs","url":"https:\/\/bertolinidirect.com\/es\/products\/chairs\/brisa-plastic-folding-chairs","name":"Sillas plegables de pl\u00e1stico Brisa | Bertolini Direct","isPartOf":{"@id":"https:\/\/bertolinidirect.com\/es\/#website"},"primaryImageOfPage":{"@id":"https:\/\/bertolinidirect.com\/es\/products\/chairs\/brisa-plastic-folding-chairs#primaryimage"},"image":{"@id":"https:\/\/bertolinidirect.com\/es\/products\/chairs\/brisa-plastic-folding-chairs#primaryimage"},"thumbnailUrl":"https:\/\/bertolinidirect.com\/wp-content\/uploads\/2025\/10\/Brisa_Folding-Chair_featured.jpg","datePublished":"2025-10-13T22:30:04+00:00","dateModified":"2026-02-09T19:44:06+00:00","description":"Asequible y liviana, la silla plegable de pl\u00e1stico Brisa de Bertolini ofrece asientos adicionales flexibles para eventos de la iglesia.","breadcrumb":{"@id":"https:\/\/bertolinidirect.com\/es\/products\/chairs\/brisa-plastic-folding-chairs#breadcrumb"},"inLanguage":"es","potentialAction":[{"@type":"ReadAction","target":["https:\/\/bertolinidirect.com\/es\/products\/chairs\/brisa-plastic-folding-chairs"]}]},{"@type":"ImageObject","inLanguage":"es","@id":"https:\/\/bertolinidirect.com\/es\/products\/chairs\/brisa-plastic-folding-chairs#primaryimage","url":"https:\/\/bertolinidirect.com\/wp-content\/uploads\/2025\/10\/Brisa_Folding-Chair_featured.jpg","contentUrl":"https:\/\/bertolinidirect.com\/wp-content\/uploads\/2025\/10\/Brisa_Folding-Chair_featured.jpg","width":1024,"height":1024,"caption":"Front and back of the Brisa Folding Chair"},{"@type":"BreadcrumbList","@id":"https:\/\/bertolinidirect.com\/es\/products\/chairs\/brisa-plastic-folding-chairs#breadcrumb","itemListElement":[{"@type":"ListItem","position":1,"name":"Home","item":"https:\/\/bertolinidirect.com\/"},{"@type":"ListItem","position":2,"name":"Products","item":"https:\/\/bertolinidirect.com\/products"},{"@type":"ListItem","position":3,"name":"Chairs","item":"https:\/\/bertolinidirect.com\/products\/chairs"},{"@type":"ListItem","position":4,"name":"Brisa Plastic Folding Chairs"}]},{"@type":"WebSite","@id":"https:\/\/bertolinidirect.com\/es\/#website","url":"https:\/\/bertolinidirect.com\/es\/","name":"Bertolini","description":"","potentialAction":[{"@type":"SearchAction","target":{"@type":"EntryPoint","urlTemplate":"https:\/\/bertolinidirect.com\/es\/?s={search_term_string}"},"query-input":{"@type":"PropertyValueSpecification","valueRequired":true,"valueName":"search_term_string"}}],"inLanguage":"es"}]}},"_links":{"self":[{"href":"https:\/\/bertolinidirect.com\/es\/wp-json\/wp\/v2\/product\/24202","targetHints":{"allow":["GET"]}}],"collection":[{"href":"https:\/\/bertolinidirect.com\/es\/wp-json\/wp\/v2\/product"}],"about":[{"href":"https:\/\/bertolinidirect.com\/es\/wp-json\/wp\/v2\/types\/product"}],"wp:featuredmedia":[{"embeddable":true,"href":"https:\/\/bertolinidirect.com\/es\/wp-json\/wp\/v2\/media\/24210"}],"wp:attachment":[{"href":"https:\/\/bertolinidirect.com\/es\/wp-json\/wp\/v2\/media?parent=24202"}],"wp:term":[{"taxonomy":"product_brand","embeddable":true,"href":"https:\/\/bertolinidirect.com\/es\/wp-json\/wp\/v2\/product_brand?post=24202"},{"taxonomy":"product_cat","embeddable":true,"href":"https:\/\/bertolinidirect.com\/es\/wp-json\/wp\/v2\/product_cat?post=24202"},{"taxonomy":"product_tag","embeddable":true,"href":"https:\/\/bertolinidirect.com\/es\/wp-json\/wp\/v2\/product_tag?post=24202"}],"curies":[{"name":"gracias","href":"https:\/\/api.w.org\/{rel}","templated":true}]}}