{"id":24069,"date":"2025-09-22T19:55:20","date_gmt":"2025-09-22T19:55:20","guid":{"rendered":"https:\/\/bertolinidirect.com\/?post_type=product&#038;p=24069"},"modified":"2026-05-01T14:06:25","modified_gmt":"2026-05-01T14:06:25","slug":"hd-premier-stacking-chair","status":"publish","type":"product","link":"https:\/\/bertolinidirect.com\/es\/products\/chairs\/hd-premier-stacking-chair","title":{"rendered":"Silla apilable HD Premier"},"content":{"rendered":"<p>\u00bfQu\u00e9 otra silla apilable para iglesia ofrece un estilo moderno, una comodidad superior y una durabilidad excepcional como la silla apilable HD Premier? Su elegante dise\u00f1o minimalista en negro sobre negro cuenta con una robusta base tipo trineo fabricada con varilla de acero macizo, que le da a su espacio un aspecto limpio y contempor\u00e1neo.<\/p>\n\n\n\n<p>El tejido de malla flexible conforma el asiento y el respaldo, adapt\u00e1ndose al cuerpo para una comodidad excepcional. La malla transpirable, con certificaci\u00f3n OEKO-TEX\u00ae 100 de grado 2, cumple con los est\u00e1ndares de la industria para materiales no irritantes, mientras que el respaldo curvado proporciona un soporte ergon\u00f3mico adicional.<\/p>\n\n\n\n<p>Puedes apilar las sillas apilables HD Premier para mantener tu espacio organizado y adaptable. Sus deslizadores de suelo 2 en 1 integrados protegen tus pisos e incluyen clips de uni\u00f3n que te permiten conectar las sillas de forma segura en filas para eventos o reuniones.<\/p>\n\n\n\n<p>Esta silla es ideal para entornos multifuncionales como salas de espect\u00e1culos, salas de formaci\u00f3n, cafeter\u00edas, bibliotecas, centros sanitarios y otros espacios p\u00fablicos. Para mayor comodidad, recibir\u00e1 un carrito de almacenamiento GRATIS con la compra de 30 sillas.<\/p>","protected":false},"excerpt":{"rendered":"<p>What other stackable church chair delivers modern style, premium comfort, and long-lasting durability like the HD Premier Stacking Chair? Its sleek, minimal black-on-black design features a sturdy sled base frame built from solid steel rod, giving your space a clean, contemporary look. Flexible mesh fabric forms the seat and backrest, conforming to the body for [&hellip;]<\/p>\n","protected":false},"featured_media":24097,"template":"","meta":{"_acf_changed":true},"product_brand":[89],"product_cat":[22],"product_tag":[],"class_list":{"0":"post-24069","1":"product","2":"type-product","3":"status-publish","4":"has-post-thumbnail","6":"product_brand-hd-series","7":"product_cat-chairs","9":"first","10":"instock","11":"shipping-taxable","12":"purchasable","13":"product-type-simple"},"acf":[],"yoast_head":"<!-- This site is optimized with the Yoast SEO Premium plugin v24.2 (Yoast SEO v27.4) - https:\/\/yoast.com\/product\/yoast-seo-premium-wordpress\/ -->\n<title>HD Premier Stacking Chairs | Stackable Church Chairs | Bertolini Direct<\/title>\n<meta name=\"description\" content=\"Give yourself flexibility! Upgrade your space with a modern stackable church chair that features breathable mesh, a sleek steel frame, and a free cart.\" \/>\n<meta name=\"robots\" content=\"index, follow, max-snippet:-1, max-image-preview:large, max-video-preview:-1\" \/>\n<link rel=\"canonical\" href=\"https:\/\/bertolinidirect.com\/es\/products\/chairs\/hd-premier-stacking-chair\/\" \/>\n<meta property=\"og:locale\" content=\"es_MX\" \/>\n<meta property=\"og:type\" content=\"article\" \/>\n<meta property=\"og:title\" content=\"HD Premier Stacking Chair\" \/>\n<meta property=\"og:description\" content=\"Give yourself flexibility! Upgrade your space with a modern stackable church chair that features breathable mesh, a sleek steel frame, and a free cart.\" \/>\n<meta property=\"og:url\" content=\"https:\/\/bertolinidirect.com\/es\/products\/chairs\/hd-premier-stacking-chair\/\" \/>\n<meta property=\"og:site_name\" content=\"Bertolini Direct\" \/>\n<meta property=\"article:modified_time\" content=\"2026-05-01T14:06:25+00:00\" \/>\n<meta property=\"og:image\" content=\"https:\/\/staging.bertolinidirect.com\/wp-content\/uploads\/2025\/09\/BERT_HD-Premier_SHADOWS.jpg\" \/>\n\t<meta property=\"og:image:width\" content=\"1024\" \/>\n\t<meta property=\"og:image:height\" content=\"1024\" \/>\n\t<meta property=\"og:image:type\" content=\"image\/jpeg\" \/>\n<meta name=\"twitter:card\" content=\"summary_large_image\" \/>\n<script type=\"application\/ld+json\" class=\"yoast-schema-graph\">{\"@context\":\"https:\\\/\\\/schema.org\",\"@graph\":[{\"@type\":\"WebPage\",\"@id\":\"https:\\\/\\\/bertolinidirect.com\\\/es\\\/products\\\/chairs\\\/hd-premier-stacking-chair\",\"url\":\"https:\\\/\\\/bertolinidirect.com\\\/es\\\/products\\\/chairs\\\/hd-premier-stacking-chair\",\"name\":\"HD Premier Stacking Chairs | Stackable Church Chairs | Bertolini Direct\",\"isPartOf\":{\"@id\":\"https:\\\/\\\/bertolinidirect.com\\\/es\\\/#website\"},\"primaryImageOfPage\":{\"@id\":\"https:\\\/\\\/bertolinidirect.com\\\/es\\\/products\\\/chairs\\\/hd-premier-stacking-chair#primaryimage\"},\"image\":{\"@id\":\"https:\\\/\\\/bertolinidirect.com\\\/es\\\/products\\\/chairs\\\/hd-premier-stacking-chair#primaryimage\"},\"thumbnailUrl\":\"https:\\\/\\\/bertolinidirect.com\\\/wp-content\\\/uploads\\\/2025\\\/09\\\/BERT_HD-Premier_SHADOWS.jpg\",\"datePublished\":\"2025-09-22T19:55:20+00:00\",\"dateModified\":\"2026-05-01T14:06:25+00:00\",\"description\":\"Give yourself flexibility! Upgrade your space with a modern stackable church chair that features breathable mesh, a sleek steel frame, and a free cart.\",\"breadcrumb\":{\"@id\":\"https:\\\/\\\/bertolinidirect.com\\\/es\\\/products\\\/chairs\\\/hd-premier-stacking-chair#breadcrumb\"},\"inLanguage\":\"es\",\"potentialAction\":[{\"@type\":\"ReadAction\",\"target\":[\"https:\\\/\\\/bertolinidirect.com\\\/es\\\/products\\\/chairs\\\/hd-premier-stacking-chair\"]}]},{\"@type\":\"ImageObject\",\"inLanguage\":\"es\",\"@id\":\"https:\\\/\\\/bertolinidirect.com\\\/es\\\/products\\\/chairs\\\/hd-premier-stacking-chair#primaryimage\",\"url\":\"https:\\\/\\\/bertolinidirect.com\\\/wp-content\\\/uploads\\\/2025\\\/09\\\/BERT_HD-Premier_SHADOWS.jpg\",\"contentUrl\":\"https:\\\/\\\/bertolinidirect.com\\\/wp-content\\\/uploads\\\/2025\\\/09\\\/BERT_HD-Premier_SHADOWS.jpg\",\"width\":1024,\"height\":1024,\"caption\":\"HD Premiere front and back studio image\"},{\"@type\":\"BreadcrumbList\",\"@id\":\"https:\\\/\\\/bertolinidirect.com\\\/es\\\/products\\\/chairs\\\/hd-premier-stacking-chair#breadcrumb\",\"itemListElement\":[{\"@type\":\"ListItem\",\"position\":1,\"name\":\"Home\",\"item\":\"https:\\\/\\\/bertolinidirect.com\\\/\"},{\"@type\":\"ListItem\",\"position\":2,\"name\":\"Products\",\"item\":\"https:\\\/\\\/bertolinidirect.com\\\/products\"},{\"@type\":\"ListItem\",\"position\":3,\"name\":\"Chairs\",\"item\":\"https:\\\/\\\/bertolinidirect.com\\\/products\\\/chairs\"},{\"@type\":\"ListItem\",\"position\":4,\"name\":\"HD Premier Stacking Chair\"}]},{\"@type\":\"WebSite\",\"@id\":\"https:\\\/\\\/bertolinidirect.com\\\/es\\\/#website\",\"url\":\"https:\\\/\\\/bertolinidirect.com\\\/es\\\/\",\"name\":\"Bertolini\",\"description\":\"\",\"potentialAction\":[{\"@type\":\"SearchAction\",\"target\":{\"@type\":\"EntryPoint\",\"urlTemplate\":\"https:\\\/\\\/bertolinidirect.com\\\/es\\\/?s={search_term_string}\"},\"query-input\":{\"@type\":\"PropertyValueSpecification\",\"valueRequired\":true,\"valueName\":\"search_term_string\"}}],\"inLanguage\":\"es\"}]}<\/script>\n<!-- \/ Yoast SEO Premium plugin. -->","yoast_head_json":{"title":"Sillas apilables HD Premier | Sillas apilables para iglesias | Bertolini Direct","description":"\u00a1Date flexibilidad! Renueva tu espacio con una moderna silla apilable para iglesia que cuenta con malla transpirable, una elegante estructura de acero y un carrito gratuito.","robots":{"index":"index","follow":"follow","max-snippet":"max-snippet:-1","max-image-preview":"max-image-preview:large","max-video-preview":"max-video-preview:-1"},"canonical":"https:\/\/bertolinidirect.com\/es\/products\/chairs\/hd-premier-stacking-chair\/","og_locale":"es_MX","og_type":"article","og_title":"HD Premier Stacking Chair","og_description":"Give yourself flexibility! Upgrade your space with a modern stackable church chair that features breathable mesh, a sleek steel frame, and a free cart.","og_url":"https:\/\/bertolinidirect.com\/es\/products\/chairs\/hd-premier-stacking-chair\/","og_site_name":"Bertolini Direct","article_modified_time":"2026-05-01T14:06:25+00:00","og_image":[{"width":1024,"height":1024,"url":"https:\/\/staging.bertolinidirect.com\/wp-content\/uploads\/2025\/09\/BERT_HD-Premier_SHADOWS.jpg","type":"image\/jpeg"}],"twitter_card":"summary_large_image","schema":{"@context":"https:\/\/schema.org","@graph":[{"@type":"WebPage","@id":"https:\/\/bertolinidirect.com\/es\/products\/chairs\/hd-premier-stacking-chair","url":"https:\/\/bertolinidirect.com\/es\/products\/chairs\/hd-premier-stacking-chair","name":"Sillas apilables HD Premier | Sillas apilables para iglesias | Bertolini Direct","isPartOf":{"@id":"https:\/\/bertolinidirect.com\/es\/#website"},"primaryImageOfPage":{"@id":"https:\/\/bertolinidirect.com\/es\/products\/chairs\/hd-premier-stacking-chair#primaryimage"},"image":{"@id":"https:\/\/bertolinidirect.com\/es\/products\/chairs\/hd-premier-stacking-chair#primaryimage"},"thumbnailUrl":"https:\/\/bertolinidirect.com\/wp-content\/uploads\/2025\/09\/BERT_HD-Premier_SHADOWS.jpg","datePublished":"2025-09-22T19:55:20+00:00","dateModified":"2026-05-01T14:06:25+00:00","description":"\u00a1Date flexibilidad! Renueva tu espacio con una moderna silla apilable para iglesia que cuenta con malla transpirable, una elegante estructura de acero y un carrito gratuito.","breadcrumb":{"@id":"https:\/\/bertolinidirect.com\/es\/products\/chairs\/hd-premier-stacking-chair#breadcrumb"},"inLanguage":"es","potentialAction":[{"@type":"ReadAction","target":["https:\/\/bertolinidirect.com\/es\/products\/chairs\/hd-premier-stacking-chair"]}]},{"@type":"ImageObject","inLanguage":"es","@id":"https:\/\/bertolinidirect.com\/es\/products\/chairs\/hd-premier-stacking-chair#primaryimage","url":"https:\/\/bertolinidirect.com\/wp-content\/uploads\/2025\/09\/BERT_HD-Premier_SHADOWS.jpg","contentUrl":"https:\/\/bertolinidirect.com\/wp-content\/uploads\/2025\/09\/BERT_HD-Premier_SHADOWS.jpg","width":1024,"height":1024,"caption":"HD Premiere front and back studio image"},{"@type":"BreadcrumbList","@id":"https:\/\/bertolinidirect.com\/es\/products\/chairs\/hd-premier-stacking-chair#breadcrumb","itemListElement":[{"@type":"ListItem","position":1,"name":"Home","item":"https:\/\/bertolinidirect.com\/"},{"@type":"ListItem","position":2,"name":"Products","item":"https:\/\/bertolinidirect.com\/products"},{"@type":"ListItem","position":3,"name":"Chairs","item":"https:\/\/bertolinidirect.com\/products\/chairs"},{"@type":"ListItem","position":4,"name":"HD Premier Stacking Chair"}]},{"@type":"WebSite","@id":"https:\/\/bertolinidirect.com\/es\/#website","url":"https:\/\/bertolinidirect.com\/es\/","name":"Bertolini","description":"","potentialAction":[{"@type":"SearchAction","target":{"@type":"EntryPoint","urlTemplate":"https:\/\/bertolinidirect.com\/es\/?s={search_term_string}"},"query-input":{"@type":"PropertyValueSpecification","valueRequired":true,"valueName":"search_term_string"}}],"inLanguage":"es"}]}},"_links":{"self":[{"href":"https:\/\/bertolinidirect.com\/es\/wp-json\/wp\/v2\/product\/24069","targetHints":{"allow":["GET"]}}],"collection":[{"href":"https:\/\/bertolinidirect.com\/es\/wp-json\/wp\/v2\/product"}],"about":[{"href":"https:\/\/bertolinidirect.com\/es\/wp-json\/wp\/v2\/types\/product"}],"wp:featuredmedia":[{"embeddable":true,"href":"https:\/\/bertolinidirect.com\/es\/wp-json\/wp\/v2\/media\/24097"}],"wp:attachment":[{"href":"https:\/\/bertolinidirect.com\/es\/wp-json\/wp\/v2\/media?parent=24069"}],"wp:term":[{"taxonomy":"product_brand","embeddable":true,"href":"https:\/\/bertolinidirect.com\/es\/wp-json\/wp\/v2\/product_brand?post=24069"},{"taxonomy":"product_cat","embeddable":true,"href":"https:\/\/bertolinidirect.com\/es\/wp-json\/wp\/v2\/product_cat?post=24069"},{"taxonomy":"product_tag","embeddable":true,"href":"https:\/\/bertolinidirect.com\/es\/wp-json\/wp\/v2\/product_tag?post=24069"}],"curies":[{"name":"gracias","href":"https:\/\/api.w.org\/{rel}","templated":true}]}}